{"id":1168,"date":"2020-01-28T12:35:04","date_gmt":"2020-01-28T11:35:04","guid":{"rendered":"https:\/\/www.gourmetclassic.de\/home\/?page_id=1168"},"modified":"2026-02-05T15:09:59","modified_gmt":"2026-02-05T14:09:59","slug":"gewinnspiel-bei-gourmet-classic-agb","status":"publish","type":"page","link":"https:\/\/www.gourmetclassic.de\/home\/gewinnspiel-bei-gourmet-classic-agb\/","title":{"rendered":"Gewinnspiel bei Gourmet Classic &#8211; AGB"},"content":{"rendered":"<p><strong>Allgemeine Teilnahmebedingungen f\u00fcr Gewinnspiele, veranstaltet durch die CFG Fischer GmbH<\/strong><\/p>\n<p><strong>Gewinnspielbedingungen CFG Fischer GmbH \/ Datenschutz<\/strong><\/p>\n<p>Die CFG Fischer GmbH bietet anlassbezogen Gewinnspiele auf der Website \u201ewww.gourmet-classic.de\u201c an. Die Teilnahme an diesen Gewinnspielen und deren Durchf\u00fchrung richtet sich nach folgenden Bestimmungen.<\/p>\n<p><strong>\u00a7 1 Gewinnspiel<\/strong><\/p>\n<p>(1) Die Gewinnspiele werden von der CFG Fischer GmbH in Zusammenarbeit mit verschiedenen Kooperationspartnern durchgef\u00fchrt.<\/p>\n<p>(2) Mit der Beteiligung an einem Gewinnspiel erkennt der Teilnehmer diese Teilnahmebedingungen sowie die bei jedem Gewinnspiel besonders genannten Bedingungen und Fristen an.<\/p>\n<p><strong>\u00a7 2 Teilnehmer<\/strong><\/p>\n<p>(1) Zur Teilnahme berechtigt an einem Gewinnspiel ist jede nat\u00fcrliche Person, die das 18. Lebensjahr vollendet hat.<\/p>\n<p>(2) Jeder Teilnehmer darf an einem Gewinnspiel nur ein Mal teilnehmen, es sei denn, auf die M\u00f6glichkeit einer mehrfachen Teilnahme wird durch die CFG Fischer GmbH ausdr\u00fccklich hingewiesen.<\/p>\n<p>(3) Jeder Teilnehmer kann nur im eigenen Namen teilnehmen.<\/p>\n<p>(4) Die Teilnahme am Gewinnspiel erfordert die Angabe von pers\u00f6nlichen Daten, wie Name, Email- Adresse. Die Daten werden ausschlie\u00dflich von der CFG Fischer GmbH und\/oder ihren Vertriebspartnern gespeichert und verarbeitet. Sie werden nicht an Dritte, soweit diese nicht als Vertriebspartner oder als Dienstleister (im Sinne des Datenschutzgesetzes) f\u00fcr die CFG Fischer GmbH t\u00e4tig sind, weitergegeben. Die Einwilligung zur Speicherung und Auswertung der erhobenen Daten kann durch den Teilnehmer jederzeit widerrufen werden.<\/p>\n<p>(5) Erfordert die Teilnahme an einem Gewinnspiel die Zusendung von Materialien, versichert jeder Teilnehmer, dass er alleiniger Inhaber aller Nutzungs- und Verwertungsrechte an den von ihm geschaffenen und \u00fcbermittelten Materialien ist. Jeder Teilnehmer r\u00e4umt der CFG Fischer GmbH an diesen Materialien das zeitlich, r\u00e4umlich und inhaltlich unbeschr\u00e4nkte Nutzungsrecht ein. Die CFG Fischer GmbH kann diese Rechte auf Dritte \u00fcbertragen. Jeder Teilnehmer \u00fcbertr\u00e4gt zudem der CFG Fischer GmbH das Eigentum an den von ihm \u00fcbermittelten Materialien.<\/p>\n<p>(6) Die Teilnahme an einem Gewinnspiel steht nicht im Zusammenhang mit dem Erwerb einer Ware oder der Inanspruchnahme einer Dienstleistung. Weder der Erwerb einer Ware und\/oder Dienstleistung noch die Freigabe der Daten der Teilnehmer zu Marketingzwecken erh\u00f6hen die Gewinnchancen.<\/p>\n<p><strong>\u00a7 3 Ausschluss vom Gewinnspiel<\/strong><\/p>\n<p>(1) Mitarbeiter der CFG Fischer GmbH, ihrer Tochterunternehmen, der jeweiligen Vertriebs- und Kooperationspartner sind von der Teilnahme ausgeschlossen.<\/p>\n<p>\u00a7 4 Durchf\u00fchrung und Abwicklung<\/p>\n<p>(1) Die Durchf\u00fchrung des Gewinnspiels und die Auswahl der Preise obliegen der CFG Fischer GmbH bzw. deren jeweiligen Partnern.<\/p>\n<p>(2) Die Lieferbedingungen zur Auslieferung der Gewinne werden von der CFG Fischer GmbH sowie deren Partnern festgelegt. Ist eine \u00dcbergabe des Gewinns nicht oder unter nicht zumutbaren Umst\u00e4nden m\u00f6glich, erhalten die Gewinner einen gleichwertigen Gewinnersatz. Ein Anspruch auf Barauszahlung eines Sach- oder Reisegewinns besteht in keinem Fall.<\/p>\n<p>(3) Die Gewinner werden von der CFG Fischer GmbH schriftlich (insbesondere per Email) benachrichtigt, und eventuell auf www.gourmet-classic.de und\/oder den Seiten der Partner namentlich ver\u00f6ffentlicht. Mit dieser Form der Ver\u00f6ffentlichung erkl\u00e4rt sich der Gewinner ausdr\u00fccklich einverstanden. Die CFG Fischer GmbH ist berechtigt, die Daten des Gewinners an den Partner zu \u00fcbermitteln, um so eine Auslieferung des Gewinns zu erm\u00f6glichen. Falls der CFG Fischer GmbH nur die E-Mail-Anschrift des Gewinners bekannt ist, wird der Gewinner per E- Mail benachrichtigt, ansonsten auf dem normalen Postwege.<\/p>\n<p>(4) Meldet sich der Gewinner nicht innerhalb von vier Werktagen nach Zugang der Gewinnmitteilung (bei Ticketgewinnen 48 Stunden vor Veranstaltungsbeginn), so verf\u00e4llt der Anspruch auf den Gewinn. Die CFG Fischer GmbH ist berechtigt, einen neuen Gewinner zu ziehen und den Gewinn anderweitig zu vergeben. Ersatzanspr\u00fcche des zun\u00e4chst gezogenen Gewinners gegen\u00fcber der CFG Fischer GmbH sind ausgeschlossen. F\u00fcr die Richtigkeit der angegebenen E-Mail\/Post-Adresse ist der Teilnehmer verantwortlich.<\/p>\n<p>(5) Pro Teilnehmer ist bei einem Gewinnspiel nur ein Gewinn m\u00f6glich au\u00dfer es wird explizit anders gesagt. Haben mehrere Teilnehmer die richtige L\u00f6sung gefunden, entscheidet das Los.<\/p>\n<p>(6) Bei Reisegewinnen erfolgt die Abwicklung \u00fcber einen Reiseveranstalter. Der Reiseveranstalter setzt sich mit dem Gewinner in Verbindung, sobald er die Daten von der CFG Fischer GmbH erhalten hat. Die Reise muss zu den vom Reiseveranstalter festgesetzten Terminen durchgef\u00fchrt werden. Kommt es zur Durchf\u00fchrung der Reise zu dem festgesetzten Termin aus Gr\u00fcnden die weder die CFG Fischer GmbH noch ihr jeweiliger Kooperationspartner oder der Reiseveranstalter zu vertreten hat nicht ist der Gewinnanspruch erloschen. Mit Best\u00e4tigung der Reise unterliegt der Gewinner den Reisebedingungen des Veranstalters. Die An- und Abreise zum Ausgangspunkt der Reise( Flughafen, Bahnhof, etc.) hat der Gewinner zu tragen. Des Weiteren tr\u00e4gt er auch s\u00e4mtliche privaten Kosten ( Minibar, Telefon, etc.), die w\u00e4hrend der Reise entstehen. Die Gewinner und auch eventuelle Mitreisende m\u00fcssen nachweisen k\u00f6nnen, dass sie im Besitz eines g\u00fcltigen Personaldokuments und erforderlicher Visa sowie anderer unabdingbarer Reisedokumente sind.<\/p>\n<p>(7) Eine Barauszahlung von Sach- und Reisegewinnen ist nicht m\u00f6glich.<\/p>\n<p>(8) Beschwerden sind unter Angabe des Gewinnspiels innerhalb von 14 Tagen nach Bekanntwerden des Grundes schriftlich an die CFG Fischer GmbH zu richten. Fernm\u00fcndlich mitgeteilte oder versp\u00e4tete Beschwerden k\u00f6nnen nicht bearbeitet werden. Auf versp\u00e4tete Beschwerden kann sich der Teilnehmer nicht berufen; die CFG Fischer GmbH wird im Falle versp\u00e4teter Beschwerden von ihrer Leistungspflicht frei.<\/p>\n<p><strong>\u00a7 5 Haftung<\/strong><\/p>\n<p>(1) Die CFG Fischer GmbH wird mit Aush\u00e4ndigung des Gewinns von allen Verpflichtungen frei. F\u00fcr Rechts-und\/oder Sachm\u00e4ngel wird nicht gehaftet. Die CFG Fischer GmbH sichert keine Beschaffenheiten der Gewinne zu. Ausstattungen k\u00f6nnen von den jeweiligen Abbildungen abweichen.<\/p>\n<p>(2) Anspr\u00fcche, welche sich auf die erhaltenen Gewinne beziehen, sind unmittelbar an den Partner zu richten, die Gewinne herausgeben.<\/p>\n<p>(3) Die Bekanntgabe der Gewinner erfolgt ohne Gew\u00e4hr.<\/p>\n<p>(4) Die CFG Fischer GmbH haftet nicht f\u00fcr Sch\u00e4den, die durch Fehler, Verz\u00f6gerungen oder Unterbrechungen in der \u00dcbermittlung, bei St\u00f6rungen der technischen Anlagen und des Services, unrichtige Inhalte, Verlust oder L\u00f6schung von Daten, Viren oder in sonstiger Weise bei der Teilnahme an Gewinnspielen entstehen k\u00f6nnen, es sei denn dass solche Sch\u00e4den von der CFG Fischer GmbH (deren Organen, Mitarbeitern oder Erf\u00fcllungsgehilfen) vors\u00e4tzlich oder grob fahrl\u00e4ssig herbeigef\u00fchrt werden.<\/p>\n<p>(5) Bei Reisegewinnen haftet die CFG Fischer GmbH weiterhin nicht f\u00fcr die Folgen einer berechtigten \u00c4nderung des Reiseangebotes oder der begr\u00fcndeten Absage der Reise durch den Reiseveranstalter oder dessen Insolvenz. Die M\u00f6glichkeit der Auszahlung des Reisewertes ist ausgeschlossen.<\/p>\n<p><strong>\u00a7 6 Sonstiges<\/strong><\/p>\n<p>(1) Der Rechtsweg ist ausgeschlossen.Es gilt deutsches Recht. Gerichtsstand f\u00fcr alle sich im Zusammenhang mit dem Gewinnspiel ergebenen Streitigkeiten ist &#8211; soweit zul\u00e4ssig &#8211; Dresden.<\/p>\n<p>(2) Sollten einzelne Bestimmungen der Gewinnspielbedingungen ung\u00fcltig sein oder werden, bleibt die G\u00fcltigkeit der \u00fcbrigen Gewinnspielbedingungen unber\u00fchrt.<\/p>\n<p>(3) Diese Gewinnspielbedingungen k\u00f6nnen jederzeit von der CFG Fischer GmbH ohne gesonderte Benachrichtigung ge\u00e4ndert werden.<\/p>\n","protected":false},"excerpt":{"rendered":"<p>Allgemeine Teilnahmebedingungen f\u00fcr Gewinnspiele, veranstaltet durch die CFG Fischer GmbH Gewinnspielbedingungen CFG Fischer GmbH \/ Datenschutz Die CFG Fischer GmbH<\/p>\n","protected":false},"author":1,"featured_media":0,"parent":0,"menu_order":0,"comment_status":"closed","ping_status":"closed","template":"","meta":{"footnotes":""},"class_list":["post-1168","page","type-page","status-publish","hentry"],"yoast_head":"<!-- This site is optimized with the Yoast SEO plugin v25.6 - https:\/\/yoast.com\/wordpress\/plugins\/seo\/ -->\n<title>Gewinnspiel bei Gourmet Classic - AGB - Gourmet Classic<\/title>\n<meta name=\"robots\" content=\"index, follow, max-snippet:-1, max-image-preview:large, max-video-preview:-1\" \/>\n<link rel=\"canonical\" href=\"https:\/\/www.gourmetclassic.de\/home\/gewinnspiel-bei-gourmet-classic-agb\/\" \/>\n<meta property=\"og:locale\" content=\"de_DE\" \/>\n<meta property=\"og:type\" content=\"article\" \/>\n<meta property=\"og:title\" content=\"Gewinnspiel bei Gourmet Classic - AGB - Gourmet Classic\" \/>\n<meta property=\"og:description\" content=\"Allgemeine Teilnahmebedingungen f\u00fcr Gewinnspiele, veranstaltet durch die CFG Fischer GmbH Gewinnspielbedingungen CFG Fischer GmbH \/ Datenschutz Die CFG Fischer GmbH\" \/>\n<meta property=\"og:url\" content=\"https:\/\/www.gourmetclassic.de\/home\/gewinnspiel-bei-gourmet-classic-agb\/\" \/>\n<meta property=\"og:site_name\" content=\"Gourmet Classic\" \/>\n<meta property=\"article:modified_time\" content=\"2026-02-05T14:09:59+00:00\" \/>\n<meta name=\"twitter:card\" content=\"summary_large_image\" \/>\n<meta name=\"twitter:label1\" content=\"Gesch\u00e4tzte Lesezeit\" \/>\n\t<meta name=\"twitter:data1\" content=\"6\u00a0Minuten\" \/>\n<script type=\"application\/ld+json\" class=\"yoast-schema-graph\">{\"@context\":\"https:\/\/schema.org\",\"@graph\":[{\"@type\":\"WebPage\",\"@id\":\"https:\/\/www.gourmetclassic.de\/home\/gewinnspiel-bei-gourmet-classic-agb\/\",\"url\":\"https:\/\/www.gourmetclassic.de\/home\/gewinnspiel-bei-gourmet-classic-agb\/\",\"name\":\"Gewinnspiel bei Gourmet Classic - AGB - Gourmet Classic\",\"isPartOf\":{\"@id\":\"https:\/\/www.gourmetclassic.de\/home\/#website\"},\"datePublished\":\"2020-01-28T11:35:04+00:00\",\"dateModified\":\"2026-02-05T14:09:59+00:00\",\"breadcrumb\":{\"@id\":\"https:\/\/www.gourmetclassic.de\/home\/gewinnspiel-bei-gourmet-classic-agb\/#breadcrumb\"},\"inLanguage\":\"de\",\"potentialAction\":[{\"@type\":\"ReadAction\",\"target\":[\"https:\/\/www.gourmetclassic.de\/home\/gewinnspiel-bei-gourmet-classic-agb\/\"]}]},{\"@type\":\"BreadcrumbList\",\"@id\":\"https:\/\/www.gourmetclassic.de\/home\/gewinnspiel-bei-gourmet-classic-agb\/#breadcrumb\",\"itemListElement\":[{\"@type\":\"ListItem\",\"position\":1,\"name\":\"Startseite\",\"item\":\"https:\/\/www.gourmetclassic.de\/home\/\"},{\"@type\":\"ListItem\",\"position\":2,\"name\":\"Gewinnspiel bei Gourmet Classic &#8211; AGB\"}]},{\"@type\":\"WebSite\",\"@id\":\"https:\/\/www.gourmetclassic.de\/home\/#website\",\"url\":\"https:\/\/www.gourmetclassic.de\/home\/\",\"name\":\"Gourmet Classic\",\"description\":\"Portal der gehobenen Gastlichkeit\",\"publisher\":{\"@id\":\"https:\/\/www.gourmetclassic.de\/home\/#organization\"},\"potentialAction\":[{\"@type\":\"SearchAction\",\"target\":{\"@type\":\"EntryPoint\",\"urlTemplate\":\"https:\/\/www.gourmetclassic.de\/home\/?s={search_term_string}\"},\"query-input\":{\"@type\":\"PropertyValueSpecification\",\"valueRequired\":true,\"valueName\":\"search_term_string\"}}],\"inLanguage\":\"de\"},{\"@type\":\"Organization\",\"@id\":\"https:\/\/www.gourmetclassic.de\/home\/#organization\",\"name\":\"Gourmet Classic\",\"url\":\"https:\/\/www.gourmetclassic.de\/home\/\",\"logo\":{\"@type\":\"ImageObject\",\"inLanguage\":\"de\",\"@id\":\"https:\/\/www.gourmetclassic.de\/home\/#\/schema\/logo\/image\/\",\"url\":\"https:\/\/www.gourmetclassic.de\/wp-content\/uploads\/2019\/04\/gourmet-classic-logo.jpg\",\"contentUrl\":\"https:\/\/www.gourmetclassic.de\/wp-content\/uploads\/2019\/04\/gourmet-classic-logo.jpg\",\"width\":253,\"height\":123,\"caption\":\"Gourmet Classic\"},\"image\":{\"@id\":\"https:\/\/www.gourmetclassic.de\/home\/#\/schema\/logo\/image\/\"}}]}<\/script>\n<!-- \/ Yoast SEO plugin. -->","yoast_head_json":{"title":"Gewinnspiel bei Gourmet Classic - AGB - Gourmet Classic","robots":{"index":"index","follow":"follow","max-snippet":"max-snippet:-1","max-image-preview":"max-image-preview:large","max-video-preview":"max-video-preview:-1"},"canonical":"https:\/\/www.gourmetclassic.de\/home\/gewinnspiel-bei-gourmet-classic-agb\/","og_locale":"de_DE","og_type":"article","og_title":"Gewinnspiel bei Gourmet Classic - AGB - Gourmet Classic","og_description":"Allgemeine Teilnahmebedingungen f\u00fcr Gewinnspiele, veranstaltet durch die CFG Fischer GmbH Gewinnspielbedingungen CFG Fischer GmbH \/ Datenschutz Die CFG Fischer GmbH","og_url":"https:\/\/www.gourmetclassic.de\/home\/gewinnspiel-bei-gourmet-classic-agb\/","og_site_name":"Gourmet Classic","article_modified_time":"2026-02-05T14:09:59+00:00","twitter_card":"summary_large_image","twitter_misc":{"Gesch\u00e4tzte Lesezeit":"6\u00a0Minuten"},"schema":{"@context":"https:\/\/schema.org","@graph":[{"@type":"WebPage","@id":"https:\/\/www.gourmetclassic.de\/home\/gewinnspiel-bei-gourmet-classic-agb\/","url":"https:\/\/www.gourmetclassic.de\/home\/gewinnspiel-bei-gourmet-classic-agb\/","name":"Gewinnspiel bei Gourmet Classic - AGB - Gourmet Classic","isPartOf":{"@id":"https:\/\/www.gourmetclassic.de\/home\/#website"},"datePublished":"2020-01-28T11:35:04+00:00","dateModified":"2026-02-05T14:09:59+00:00","breadcrumb":{"@id":"https:\/\/www.gourmetclassic.de\/home\/gewinnspiel-bei-gourmet-classic-agb\/#breadcrumb"},"inLanguage":"de","potentialAction":[{"@type":"ReadAction","target":["https:\/\/www.gourmetclassic.de\/home\/gewinnspiel-bei-gourmet-classic-agb\/"]}]},{"@type":"BreadcrumbList","@id":"https:\/\/www.gourmetclassic.de\/home\/gewinnspiel-bei-gourmet-classic-agb\/#breadcrumb","itemListElement":[{"@type":"ListItem","position":1,"name":"Startseite","item":"https:\/\/www.gourmetclassic.de\/home\/"},{"@type":"ListItem","position":2,"name":"Gewinnspiel bei Gourmet Classic &#8211; AGB"}]},{"@type":"WebSite","@id":"https:\/\/www.gourmetclassic.de\/home\/#website","url":"https:\/\/www.gourmetclassic.de\/home\/","name":"Gourmet Classic","description":"Portal der gehobenen Gastlichkeit","publisher":{"@id":"https:\/\/www.gourmetclassic.de\/home\/#organization"},"potentialAction":[{"@type":"SearchAction","target":{"@type":"EntryPoint","urlTemplate":"https:\/\/www.gourmetclassic.de\/home\/?s={search_term_string}"},"query-input":{"@type":"PropertyValueSpecification","valueRequired":true,"valueName":"search_term_string"}}],"inLanguage":"de"},{"@type":"Organization","@id":"https:\/\/www.gourmetclassic.de\/home\/#organization","name":"Gourmet Classic","url":"https:\/\/www.gourmetclassic.de\/home\/","logo":{"@type":"ImageObject","inLanguage":"de","@id":"https:\/\/www.gourmetclassic.de\/home\/#\/schema\/logo\/image\/","url":"https:\/\/www.gourmetclassic.de\/wp-content\/uploads\/2019\/04\/gourmet-classic-logo.jpg","contentUrl":"https:\/\/www.gourmetclassic.de\/wp-content\/uploads\/2019\/04\/gourmet-classic-logo.jpg","width":253,"height":123,"caption":"Gourmet Classic"},"image":{"@id":"https:\/\/www.gourmetclassic.de\/home\/#\/schema\/logo\/image\/"}}]}},"_links":{"self":[{"href":"https:\/\/www.gourmetclassic.de\/home\/wp-json\/wp\/v2\/pages\/1168"}],"collection":[{"href":"https:\/\/www.gourmetclassic.de\/home\/wp-json\/wp\/v2\/pages"}],"about":[{"href":"https:\/\/www.gourmetclassic.de\/home\/wp-json\/wp\/v2\/types\/page"}],"author":[{"embeddable":true,"href":"https:\/\/www.gourmetclassic.de\/home\/wp-json\/wp\/v2\/users\/1"}],"replies":[{"embeddable":true,"href":"https:\/\/www.gourmetclassic.de\/home\/wp-json\/wp\/v2\/comments?post=1168"}],"version-history":[{"count":3,"href":"https:\/\/www.gourmetclassic.de\/home\/wp-json\/wp\/v2\/pages\/1168\/revisions"}],"predecessor-version":[{"id":5080,"href":"https:\/\/www.gourmetclassic.de\/home\/wp-json\/wp\/v2\/pages\/1168\/revisions\/5080"}],"wp:attachment":[{"href":"https:\/\/www.gourmetclassic.de\/home\/wp-json\/wp\/v2\/media?parent=1168"}],"curies":[{"name":"wp","href":"https:\/\/api.w.org\/{rel}","templated":true}]}}