{"id":1228,"date":"2020-02-03T12:48:43","date_gmt":"2020-02-03T11:48:43","guid":{"rendered":"https:\/\/www.gourmetclassic.de\/home\/?page_id=1228"},"modified":"2026-02-05T15:12:26","modified_gmt":"2026-02-05T14:12:26","slug":"impressum-gourmet-journal","status":"publish","type":"page","link":"https:\/\/www.gourmetclassic.de\/home\/gourmet-classic-journal\/impressum-gourmet-journal\/","title":{"rendered":"Impressum Gourmet Classic Journal"},"content":{"rendered":"<p>Das Gourmet Classic Journal ist eine Zeitung in der Digital Edition f\u00fcr die gehobene Hotellerie und Gastronomie, f\u00fcr Wellness und Events. Die Bezieher d\u00fcrfen Vervielf\u00e4ltigungen nur von der kompletten Zeitung mit Impressum herstellen. Alle Angaben sind mit journalistischer Sorgfalt gepr\u00fcft, f\u00fcr die Richtigkeit kann jedoch keine Gew\u00e4hr \u00fcbernommen werden.<\/p>\n<p><strong>Download Mediadaten 2024: <a href=\"https:\/\/www.gourmetclassic.de\/wp-content\/uploads\/2024\/08\/mediadaten-gcj-2024.pdf\" target=\"_blank\" rel=\"noopener noreferrer\"><img loading=\"lazy\" decoding=\"async\" src=\"https:\/\/www.gourmetclassic.de\/wp-content\/uploads\/2020\/01\/PDF_24.png\" alt=\"\" width=\"24\" height=\"24\" \/> 0,3 MB<\/a><\/strong><\/p>\n<p><strong>Herausgeber:<\/strong><br \/>\nCFG Fischer GmbH<br \/>\nGambrinusstr.16<br \/>\n01159 Dresden<br \/>\nDeutschland<\/p>\n<p>Gesch\u00e4ftsf\u00fchrung: Kristina Fischer<\/p>\n<p>Registergericht: Amtsgericht Dresden<br \/>\nRegisternummer: HRB 33501<br \/>\nSteuer-Nr.: 203\/107\/18115<br \/>\nUmsatzsteuer-Identifikationsnummer gem\u00e4\u00df \u00a727a Umsatzsteuergesetz: DE 295 720 954<\/p>\n<p>Verantwortlich f\u00fcr den Inhalt nach \u00a755 Abs. 2 RStV: CFG Fischer GmbH, vertreten durch Kristina Fischer (Anschrift s.o.)<\/p>\n<p>Telefon +49 351 49766390<br \/>\nTelefax +49 351 49766392<br \/>\ne-Mail: journal@gourmet-classic.de \/ info@gourmet-classic.de<\/p>\n","protected":false},"excerpt":{"rendered":"<p>Das Gourmet Classic Journal ist eine Zeitung in der Digital Edition f\u00fcr die gehobene Hotellerie und Gastronomie, f\u00fcr Wellness und<\/p>\n","protected":false},"author":1,"featured_media":0,"parent":60,"menu_order":0,"comment_status":"closed","ping_status":"closed","template":"","meta":{"footnotes":""},"class_list":["post-1228","page","type-page","status-publish","hentry"],"yoast_head":"<!-- This site is optimized with the Yoast SEO plugin v25.6 - https:\/\/yoast.com\/wordpress\/plugins\/seo\/ -->\n<title>Impressum Gourmet Classic Journal - Gourmet Classic<\/title>\n<meta name=\"robots\" content=\"index, follow, max-snippet:-1, max-image-preview:large, max-video-preview:-1\" \/>\n<link rel=\"canonical\" href=\"https:\/\/www.gourmetclassic.de\/home\/gourmet-classic-journal\/impressum-gourmet-journal\/\" \/>\n<meta property=\"og:locale\" content=\"de_DE\" \/>\n<meta property=\"og:type\" content=\"article\" \/>\n<meta property=\"og:title\" content=\"Impressum Gourmet Classic Journal - Gourmet Classic\" \/>\n<meta property=\"og:description\" content=\"Das Gourmet Classic Journal ist eine Zeitung in der Digital Edition f\u00fcr die gehobene Hotellerie und Gastronomie, f\u00fcr Wellness und\" \/>\n<meta property=\"og:url\" content=\"https:\/\/www.gourmetclassic.de\/home\/gourmet-classic-journal\/impressum-gourmet-journal\/\" \/>\n<meta property=\"og:site_name\" content=\"Gourmet Classic\" \/>\n<meta property=\"article:modified_time\" content=\"2026-02-05T14:12:26+00:00\" \/>\n<meta property=\"og:image\" content=\"https:\/\/www.gourmetclassic.de\/wp-content\/uploads\/2020\/01\/PDF_24.png\" \/>\n<meta name=\"twitter:card\" content=\"summary_large_image\" \/>\n<meta name=\"twitter:label1\" content=\"Gesch\u00e4tzte Lesezeit\" \/>\n\t<meta name=\"twitter:data1\" content=\"1\u00a0Minute\" \/>\n<script type=\"application\/ld+json\" class=\"yoast-schema-graph\">{\"@context\":\"https:\/\/schema.org\",\"@graph\":[{\"@type\":\"WebPage\",\"@id\":\"https:\/\/www.gourmetclassic.de\/home\/gourmet-classic-journal\/impressum-gourmet-journal\/\",\"url\":\"https:\/\/www.gourmetclassic.de\/home\/gourmet-classic-journal\/impressum-gourmet-journal\/\",\"name\":\"Impressum Gourmet Classic Journal - Gourmet Classic\",\"isPartOf\":{\"@id\":\"https:\/\/www.gourmetclassic.de\/home\/#website\"},\"primaryImageOfPage\":{\"@id\":\"https:\/\/www.gourmetclassic.de\/home\/gourmet-classic-journal\/impressum-gourmet-journal\/#primaryimage\"},\"image\":{\"@id\":\"https:\/\/www.gourmetclassic.de\/home\/gourmet-classic-journal\/impressum-gourmet-journal\/#primaryimage\"},\"thumbnailUrl\":\"https:\/\/www.gourmetclassic.de\/wp-content\/uploads\/2020\/01\/PDF_24.png\",\"datePublished\":\"2020-02-03T11:48:43+00:00\",\"dateModified\":\"2026-02-05T14:12:26+00:00\",\"breadcrumb\":{\"@id\":\"https:\/\/www.gourmetclassic.de\/home\/gourmet-classic-journal\/impressum-gourmet-journal\/#breadcrumb\"},\"inLanguage\":\"de\",\"potentialAction\":[{\"@type\":\"ReadAction\",\"target\":[\"https:\/\/www.gourmetclassic.de\/home\/gourmet-classic-journal\/impressum-gourmet-journal\/\"]}]},{\"@type\":\"ImageObject\",\"inLanguage\":\"de\",\"@id\":\"https:\/\/www.gourmetclassic.de\/home\/gourmet-classic-journal\/impressum-gourmet-journal\/#primaryimage\",\"url\":\"https:\/\/www.gourmetclassic.de\/wp-content\/uploads\/2020\/01\/PDF_24.png\",\"contentUrl\":\"https:\/\/www.gourmetclassic.de\/wp-content\/uploads\/2020\/01\/PDF_24.png\"},{\"@type\":\"BreadcrumbList\",\"@id\":\"https:\/\/www.gourmetclassic.de\/home\/gourmet-classic-journal\/impressum-gourmet-journal\/#breadcrumb\",\"itemListElement\":[{\"@type\":\"ListItem\",\"position\":1,\"name\":\"Startseite\",\"item\":\"https:\/\/www.gourmetclassic.de\/home\/\"},{\"@type\":\"ListItem\",\"position\":2,\"name\":\"Gourmet Classic Journal\",\"item\":\"https:\/\/www.gourmetclassic.de\/home\/gourmet-classic-journal\/\"},{\"@type\":\"ListItem\",\"position\":3,\"name\":\"Impressum Gourmet Classic Journal\"}]},{\"@type\":\"WebSite\",\"@id\":\"https:\/\/www.gourmetclassic.de\/home\/#website\",\"url\":\"https:\/\/www.gourmetclassic.de\/home\/\",\"name\":\"Gourmet Classic\",\"description\":\"Portal der gehobenen Gastlichkeit\",\"publisher\":{\"@id\":\"https:\/\/www.gourmetclassic.de\/home\/#organization\"},\"potentialAction\":[{\"@type\":\"SearchAction\",\"target\":{\"@type\":\"EntryPoint\",\"urlTemplate\":\"https:\/\/www.gourmetclassic.de\/home\/?s={search_term_string}\"},\"query-input\":{\"@type\":\"PropertyValueSpecification\",\"valueRequired\":true,\"valueName\":\"search_term_string\"}}],\"inLanguage\":\"de\"},{\"@type\":\"Organization\",\"@id\":\"https:\/\/www.gourmetclassic.de\/home\/#organization\",\"name\":\"Gourmet Classic\",\"url\":\"https:\/\/www.gourmetclassic.de\/home\/\",\"logo\":{\"@type\":\"ImageObject\",\"inLanguage\":\"de\",\"@id\":\"https:\/\/www.gourmetclassic.de\/home\/#\/schema\/logo\/image\/\",\"url\":\"https:\/\/www.gourmetclassic.de\/wp-content\/uploads\/2019\/04\/gourmet-classic-logo.jpg\",\"contentUrl\":\"https:\/\/www.gourmetclassic.de\/wp-content\/uploads\/2019\/04\/gourmet-classic-logo.jpg\",\"width\":253,\"height\":123,\"caption\":\"Gourmet Classic\"},\"image\":{\"@id\":\"https:\/\/www.gourmetclassic.de\/home\/#\/schema\/logo\/image\/\"}}]}<\/script>\n<!-- \/ Yoast SEO plugin. -->","yoast_head_json":{"title":"Impressum Gourmet Classic Journal - Gourmet Classic","robots":{"index":"index","follow":"follow","max-snippet":"max-snippet:-1","max-image-preview":"max-image-preview:large","max-video-preview":"max-video-preview:-1"},"canonical":"https:\/\/www.gourmetclassic.de\/home\/gourmet-classic-journal\/impressum-gourmet-journal\/","og_locale":"de_DE","og_type":"article","og_title":"Impressum Gourmet Classic Journal - Gourmet Classic","og_description":"Das Gourmet Classic Journal ist eine Zeitung in der Digital Edition f\u00fcr die gehobene Hotellerie und Gastronomie, f\u00fcr Wellness und","og_url":"https:\/\/www.gourmetclassic.de\/home\/gourmet-classic-journal\/impressum-gourmet-journal\/","og_site_name":"Gourmet Classic","article_modified_time":"2026-02-05T14:12:26+00:00","og_image":[{"url":"https:\/\/www.gourmetclassic.de\/wp-content\/uploads\/2020\/01\/PDF_24.png","type":"","width":"","height":""}],"twitter_card":"summary_large_image","twitter_misc":{"Gesch\u00e4tzte Lesezeit":"1\u00a0Minute"},"schema":{"@context":"https:\/\/schema.org","@graph":[{"@type":"WebPage","@id":"https:\/\/www.gourmetclassic.de\/home\/gourmet-classic-journal\/impressum-gourmet-journal\/","url":"https:\/\/www.gourmetclassic.de\/home\/gourmet-classic-journal\/impressum-gourmet-journal\/","name":"Impressum Gourmet Classic Journal - Gourmet Classic","isPartOf":{"@id":"https:\/\/www.gourmetclassic.de\/home\/#website"},"primaryImageOfPage":{"@id":"https:\/\/www.gourmetclassic.de\/home\/gourmet-classic-journal\/impressum-gourmet-journal\/#primaryimage"},"image":{"@id":"https:\/\/www.gourmetclassic.de\/home\/gourmet-classic-journal\/impressum-gourmet-journal\/#primaryimage"},"thumbnailUrl":"https:\/\/www.gourmetclassic.de\/wp-content\/uploads\/2020\/01\/PDF_24.png","datePublished":"2020-02-03T11:48:43+00:00","dateModified":"2026-02-05T14:12:26+00:00","breadcrumb":{"@id":"https:\/\/www.gourmetclassic.de\/home\/gourmet-classic-journal\/impressum-gourmet-journal\/#breadcrumb"},"inLanguage":"de","potentialAction":[{"@type":"ReadAction","target":["https:\/\/www.gourmetclassic.de\/home\/gourmet-classic-journal\/impressum-gourmet-journal\/"]}]},{"@type":"ImageObject","inLanguage":"de","@id":"https:\/\/www.gourmetclassic.de\/home\/gourmet-classic-journal\/impressum-gourmet-journal\/#primaryimage","url":"https:\/\/www.gourmetclassic.de\/wp-content\/uploads\/2020\/01\/PDF_24.png","contentUrl":"https:\/\/www.gourmetclassic.de\/wp-content\/uploads\/2020\/01\/PDF_24.png"},{"@type":"BreadcrumbList","@id":"https:\/\/www.gourmetclassic.de\/home\/gourmet-classic-journal\/impressum-gourmet-journal\/#breadcrumb","itemListElement":[{"@type":"ListItem","position":1,"name":"Startseite","item":"https:\/\/www.gourmetclassic.de\/home\/"},{"@type":"ListItem","position":2,"name":"Gourmet Classic Journal","item":"https:\/\/www.gourmetclassic.de\/home\/gourmet-classic-journal\/"},{"@type":"ListItem","position":3,"name":"Impressum Gourmet Classic Journal"}]},{"@type":"WebSite","@id":"https:\/\/www.gourmetclassic.de\/home\/#website","url":"https:\/\/www.gourmetclassic.de\/home\/","name":"Gourmet Classic","description":"Portal der gehobenen Gastlichkeit","publisher":{"@id":"https:\/\/www.gourmetclassic.de\/home\/#organization"},"potentialAction":[{"@type":"SearchAction","target":{"@type":"EntryPoint","urlTemplate":"https:\/\/www.gourmetclassic.de\/home\/?s={search_term_string}"},"query-input":{"@type":"PropertyValueSpecification","valueRequired":true,"valueName":"search_term_string"}}],"inLanguage":"de"},{"@type":"Organization","@id":"https:\/\/www.gourmetclassic.de\/home\/#organization","name":"Gourmet Classic","url":"https:\/\/www.gourmetclassic.de\/home\/","logo":{"@type":"ImageObject","inLanguage":"de","@id":"https:\/\/www.gourmetclassic.de\/home\/#\/schema\/logo\/image\/","url":"https:\/\/www.gourmetclassic.de\/wp-content\/uploads\/2019\/04\/gourmet-classic-logo.jpg","contentUrl":"https:\/\/www.gourmetclassic.de\/wp-content\/uploads\/2019\/04\/gourmet-classic-logo.jpg","width":253,"height":123,"caption":"Gourmet Classic"},"image":{"@id":"https:\/\/www.gourmetclassic.de\/home\/#\/schema\/logo\/image\/"}}]}},"_links":{"self":[{"href":"https:\/\/www.gourmetclassic.de\/home\/wp-json\/wp\/v2\/pages\/1228"}],"collection":[{"href":"https:\/\/www.gourmetclassic.de\/home\/wp-json\/wp\/v2\/pages"}],"about":[{"href":"https:\/\/www.gourmetclassic.de\/home\/wp-json\/wp\/v2\/types\/page"}],"author":[{"embeddable":true,"href":"https:\/\/www.gourmetclassic.de\/home\/wp-json\/wp\/v2\/users\/1"}],"replies":[{"embeddable":true,"href":"https:\/\/www.gourmetclassic.de\/home\/wp-json\/wp\/v2\/comments?post=1228"}],"version-history":[{"count":9,"href":"https:\/\/www.gourmetclassic.de\/home\/wp-json\/wp\/v2\/pages\/1228\/revisions"}],"predecessor-version":[{"id":5081,"href":"https:\/\/www.gourmetclassic.de\/home\/wp-json\/wp\/v2\/pages\/1228\/revisions\/5081"}],"up":[{"embeddable":true,"href":"https:\/\/www.gourmetclassic.de\/home\/wp-json\/wp\/v2\/pages\/60"}],"wp:attachment":[{"href":"https:\/\/www.gourmetclassic.de\/home\/wp-json\/wp\/v2\/media?parent=1228"}],"curies":[{"name":"wp","href":"https:\/\/api.w.org\/{rel}","templated":true}]}}