{"id":132,"date":"2019-04-10T16:28:32","date_gmt":"2019-04-10T14:28:32","guid":{"rendered":"https:\/\/www.gourmetclassic.de\/home\/?page_id=132"},"modified":"2020-06-29T11:26:23","modified_gmt":"2020-06-29T09:26:23","slug":"krimi-dinner","status":"publish","type":"page","link":"https:\/\/www.gourmetclassic.de\/home\/veranstaltungen\/krimi-dinner\/","title":{"rendered":"Krimi-Dinner"},"content":{"rendered":"<p><strong>Bei den Dinnershows aus der Welt der Krimis werden Sie von aufr\u00fcttelnden Geschichten voller Spannung gepackt. Sie selbst ermitteln, werden zu Zeugen oder Verd\u00e4chtigen. Lassen Sie sich von der Spannung anstecken, von faszinierenden Schurken und cleveren Ermittlern &#8211; verfolgen Sie die hei\u00dfe Spur, bis die Tat aufgekl\u00e4rt\u00a0 und der T\u00e4ter ermittelt ist.<\/strong><\/p>\n<p><strong>W\u00e4hrend Sie versuchen, den T\u00e4ter zu entlarven, werden Ihnen exquisite Men\u00fcs als Nervennahrung serviert und die Dinner in der Welt der Krimis zu einmaligen Erlebnissen.<\/strong><\/p>\n<h6>Krimi-Dinner &#8211; Veranstaltungen:<\/h6>\n<div class=\"em em-view-container\" id=\"em-view-472072788\" data-view=\"list\">\r\n\t<div class=\"em pixelbones em-list em-events-list\" id=\"em-events-list-472072788\" data-view-id=\"472072788\">\r\n\tKeine  Veranstaltungen eingetragen\t<\/div>\r\n<\/div>\n","protected":false},"excerpt":{"rendered":"<p>Bei den Dinnershows aus der Welt der Krimis werden Sie von aufr\u00fcttelnden Geschichten voller Spannung gepackt. Sie selbst ermitteln, werden<\/p>\n","protected":false},"author":1,"featured_media":0,"parent":47,"menu_order":0,"comment_status":"closed","ping_status":"closed","template":"","meta":{"footnotes":""},"class_list":["post-132","page","type-page","status-publish","hentry"],"yoast_head":"<!-- This site is optimized with the Yoast SEO plugin v25.6 - https:\/\/yoast.com\/wordpress\/plugins\/seo\/ -->\n<title>Krimi-Dinner - Gourmet Classic<\/title>\n<meta name=\"robots\" content=\"index, follow, max-snippet:-1, max-image-preview:large, max-video-preview:-1\" \/>\n<link rel=\"canonical\" href=\"https:\/\/www.gourmetclassic.de\/home\/veranstaltungen\/krimi-dinner\/\" \/>\n<meta property=\"og:locale\" content=\"de_DE\" \/>\n<meta property=\"og:type\" content=\"article\" \/>\n<meta property=\"og:title\" content=\"Krimi-Dinner - Gourmet Classic\" \/>\n<meta property=\"og:description\" content=\"Bei den Dinnershows aus der Welt der Krimis werden Sie von aufr\u00fcttelnden Geschichten voller Spannung gepackt. Sie selbst ermitteln, werden\" \/>\n<meta property=\"og:url\" content=\"https:\/\/www.gourmetclassic.de\/home\/veranstaltungen\/krimi-dinner\/\" \/>\n<meta property=\"og:site_name\" content=\"Gourmet Classic\" \/>\n<meta property=\"article:modified_time\" content=\"2020-06-29T09:26:23+00:00\" \/>\n<meta name=\"twitter:card\" content=\"summary_large_image\" \/>\n<script type=\"application\/ld+json\" class=\"yoast-schema-graph\">{\"@context\":\"https:\/\/schema.org\",\"@graph\":[{\"@type\":\"WebPage\",\"@id\":\"https:\/\/www.gourmetclassic.de\/home\/veranstaltungen\/krimi-dinner\/\",\"url\":\"https:\/\/www.gourmetclassic.de\/home\/veranstaltungen\/krimi-dinner\/\",\"name\":\"Krimi-Dinner - Gourmet Classic\",\"isPartOf\":{\"@id\":\"https:\/\/www.gourmetclassic.de\/home\/#website\"},\"datePublished\":\"2019-04-10T14:28:32+00:00\",\"dateModified\":\"2020-06-29T09:26:23+00:00\",\"breadcrumb\":{\"@id\":\"https:\/\/www.gourmetclassic.de\/home\/veranstaltungen\/krimi-dinner\/#breadcrumb\"},\"inLanguage\":\"de\",\"potentialAction\":[{\"@type\":\"ReadAction\",\"target\":[\"https:\/\/www.gourmetclassic.de\/home\/veranstaltungen\/krimi-dinner\/\"]}]},{\"@type\":\"BreadcrumbList\",\"@id\":\"https:\/\/www.gourmetclassic.de\/home\/veranstaltungen\/krimi-dinner\/#breadcrumb\",\"itemListElement\":[{\"@type\":\"ListItem\",\"position\":1,\"name\":\"Startseite\",\"item\":\"https:\/\/www.gourmetclassic.de\/home\/\"},{\"@type\":\"ListItem\",\"position\":2,\"name\":\"Events &#8211; Angebote &#8211; Veranstaltungen\",\"item\":\"https:\/\/www.gourmetclassic.de\/home\/veranstaltungen\/\"},{\"@type\":\"ListItem\",\"position\":3,\"name\":\"Krimi-Dinner\"}]},{\"@type\":\"WebSite\",\"@id\":\"https:\/\/www.gourmetclassic.de\/home\/#website\",\"url\":\"https:\/\/www.gourmetclassic.de\/home\/\",\"name\":\"Gourmet Classic\",\"description\":\"Portal der gehobenen Gastlichkeit\",\"publisher\":{\"@id\":\"https:\/\/www.gourmetclassic.de\/home\/#organization\"},\"potentialAction\":[{\"@type\":\"SearchAction\",\"target\":{\"@type\":\"EntryPoint\",\"urlTemplate\":\"https:\/\/www.gourmetclassic.de\/home\/?s={search_term_string}\"},\"query-input\":{\"@type\":\"PropertyValueSpecification\",\"valueRequired\":true,\"valueName\":\"search_term_string\"}}],\"inLanguage\":\"de\"},{\"@type\":\"Organization\",\"@id\":\"https:\/\/www.gourmetclassic.de\/home\/#organization\",\"name\":\"Gourmet Classic\",\"url\":\"https:\/\/www.gourmetclassic.de\/home\/\",\"logo\":{\"@type\":\"ImageObject\",\"inLanguage\":\"de\",\"@id\":\"https:\/\/www.gourmetclassic.de\/home\/#\/schema\/logo\/image\/\",\"url\":\"https:\/\/www.gourmetclassic.de\/wp-content\/uploads\/2019\/04\/gourmet-classic-logo.jpg\",\"contentUrl\":\"https:\/\/www.gourmetclassic.de\/wp-content\/uploads\/2019\/04\/gourmet-classic-logo.jpg\",\"width\":253,\"height\":123,\"caption\":\"Gourmet Classic\"},\"image\":{\"@id\":\"https:\/\/www.gourmetclassic.de\/home\/#\/schema\/logo\/image\/\"}}]}<\/script>\n<!-- \/ Yoast SEO plugin. -->","yoast_head_json":{"title":"Krimi-Dinner - Gourmet Classic","robots":{"index":"index","follow":"follow","max-snippet":"max-snippet:-1","max-image-preview":"max-image-preview:large","max-video-preview":"max-video-preview:-1"},"canonical":"https:\/\/www.gourmetclassic.de\/home\/veranstaltungen\/krimi-dinner\/","og_locale":"de_DE","og_type":"article","og_title":"Krimi-Dinner - Gourmet Classic","og_description":"Bei den Dinnershows aus der Welt der Krimis werden Sie von aufr\u00fcttelnden Geschichten voller Spannung gepackt. Sie selbst ermitteln, werden","og_url":"https:\/\/www.gourmetclassic.de\/home\/veranstaltungen\/krimi-dinner\/","og_site_name":"Gourmet Classic","article_modified_time":"2020-06-29T09:26:23+00:00","twitter_card":"summary_large_image","schema":{"@context":"https:\/\/schema.org","@graph":[{"@type":"WebPage","@id":"https:\/\/www.gourmetclassic.de\/home\/veranstaltungen\/krimi-dinner\/","url":"https:\/\/www.gourmetclassic.de\/home\/veranstaltungen\/krimi-dinner\/","name":"Krimi-Dinner - Gourmet Classic","isPartOf":{"@id":"https:\/\/www.gourmetclassic.de\/home\/#website"},"datePublished":"2019-04-10T14:28:32+00:00","dateModified":"2020-06-29T09:26:23+00:00","breadcrumb":{"@id":"https:\/\/www.gourmetclassic.de\/home\/veranstaltungen\/krimi-dinner\/#breadcrumb"},"inLanguage":"de","potentialAction":[{"@type":"ReadAction","target":["https:\/\/www.gourmetclassic.de\/home\/veranstaltungen\/krimi-dinner\/"]}]},{"@type":"BreadcrumbList","@id":"https:\/\/www.gourmetclassic.de\/home\/veranstaltungen\/krimi-dinner\/#breadcrumb","itemListElement":[{"@type":"ListItem","position":1,"name":"Startseite","item":"https:\/\/www.gourmetclassic.de\/home\/"},{"@type":"ListItem","position":2,"name":"Events &#8211; Angebote &#8211; Veranstaltungen","item":"https:\/\/www.gourmetclassic.de\/home\/veranstaltungen\/"},{"@type":"ListItem","position":3,"name":"Krimi-Dinner"}]},{"@type":"WebSite","@id":"https:\/\/www.gourmetclassic.de\/home\/#website","url":"https:\/\/www.gourmetclassic.de\/home\/","name":"Gourmet Classic","description":"Portal der gehobenen Gastlichkeit","publisher":{"@id":"https:\/\/www.gourmetclassic.de\/home\/#organization"},"potentialAction":[{"@type":"SearchAction","target":{"@type":"EntryPoint","urlTemplate":"https:\/\/www.gourmetclassic.de\/home\/?s={search_term_string}"},"query-input":{"@type":"PropertyValueSpecification","valueRequired":true,"valueName":"search_term_string"}}],"inLanguage":"de"},{"@type":"Organization","@id":"https:\/\/www.gourmetclassic.de\/home\/#organization","name":"Gourmet Classic","url":"https:\/\/www.gourmetclassic.de\/home\/","logo":{"@type":"ImageObject","inLanguage":"de","@id":"https:\/\/www.gourmetclassic.de\/home\/#\/schema\/logo\/image\/","url":"https:\/\/www.gourmetclassic.de\/wp-content\/uploads\/2019\/04\/gourmet-classic-logo.jpg","contentUrl":"https:\/\/www.gourmetclassic.de\/wp-content\/uploads\/2019\/04\/gourmet-classic-logo.jpg","width":253,"height":123,"caption":"Gourmet Classic"},"image":{"@id":"https:\/\/www.gourmetclassic.de\/home\/#\/schema\/logo\/image\/"}}]}},"_links":{"self":[{"href":"https:\/\/www.gourmetclassic.de\/home\/wp-json\/wp\/v2\/pages\/132"}],"collection":[{"href":"https:\/\/www.gourmetclassic.de\/home\/wp-json\/wp\/v2\/pages"}],"about":[{"href":"https:\/\/www.gourmetclassic.de\/home\/wp-json\/wp\/v2\/types\/page"}],"author":[{"embeddable":true,"href":"https:\/\/www.gourmetclassic.de\/home\/wp-json\/wp\/v2\/users\/1"}],"replies":[{"embeddable":true,"href":"https:\/\/www.gourmetclassic.de\/home\/wp-json\/wp\/v2\/comments?post=132"}],"version-history":[{"count":7,"href":"https:\/\/www.gourmetclassic.de\/home\/wp-json\/wp\/v2\/pages\/132\/revisions"}],"predecessor-version":[{"id":2817,"href":"https:\/\/www.gourmetclassic.de\/home\/wp-json\/wp\/v2\/pages\/132\/revisions\/2817"}],"up":[{"embeddable":true,"href":"https:\/\/www.gourmetclassic.de\/home\/wp-json\/wp\/v2\/pages\/47"}],"wp:attachment":[{"href":"https:\/\/www.gourmetclassic.de\/home\/wp-json\/wp\/v2\/media?parent=132"}],"curies":[{"name":"wp","href":"https:\/\/api.w.org\/{rel}","templated":true}]}}