{"id":151,"date":"2019-04-11T12:08:22","date_gmt":"2019-04-11T10:08:22","guid":{"rendered":"https:\/\/www.gourmetclassic.de\/home\/?page_id=151"},"modified":"2020-06-11T11:08:12","modified_gmt":"2020-06-11T09:08:12","slug":"regionen-in-deutschland","status":"publish","type":"page","link":"https:\/\/www.gourmetclassic.de\/home\/regionen\/regionen-in-deutschland\/","title":{"rendered":"Regionen in Deutschland"},"content":{"rendered":"<p>Hotels und Restaurants wurden f\u00fcr die schnelle Suche bekannten Regionen Deutschlands zugeordnet. Die \u00f6rtlichen Gastronomiebetriebe sind dort tabellarisch aufgef\u00fchrt.<\/p>\n<h6>Geografische \u00dcbersicht:<\/h6>\n<ul>\n<li>NORD: Bremen (HB), Hamburg (HH), Mecklenburg-Vorpommern (MV), Niedersachsen (NI), Schleswig-Holstein (SH)<\/li>\n<li>OST: Berlin (BE), Brandenburg (BB), Sachsen (SN), Sachsen-Anhalt (ST), Th\u00fcringen (TH)<\/li>\n<li>S\u00dcD: Bayern (BY), Baden-W\u00fcrttemberg (BW)<\/li>\n<li>WEST: Hessen (HE), Nordrhein-Westfalen (NW), Rheinland-Pfalz (RP), Saarland (SL)<\/li>\n<\/ul>\n<h6>Regionen in Norddeutschland<\/h6>\n<p><img loading=\"lazy\" decoding=\"async\" class=\"size-full wp-image-2262 alignright\" title=\"Deutschland-Nord\" src=\"https:\/\/www.gourmetclassic.de\/wp-content\/uploads\/2020\/06\/deutschland-nord.png\" alt=\"Deutschland-Nord\" width=\"320\" height=\"420\" \/><\/p>\n<ul>\n<li><a href=\"https:\/\/www.gourmetclassic.de\/home\/regionen\/regionen-in-deutschland\/bremen\/\">Bremen &#8211; Bremerhaven<\/a><\/li>\n<li><a href=\"https:\/\/www.gourmetclassic.de\/home\/regionen\/regionen-in-deutschland\/emsland\/\">Emsland<\/a><\/li>\n<li><a href=\"https:\/\/www.gourmetclassic.de\/home\/regionen\/regionen-in-deutschland\/fischland-darss-zingst\/\">Fischland-Dar\u00df-Zingst<\/a><\/li>\n<li><a href=\"https:\/\/www.gourmetclassic.de\/home\/regionen\/regionen-in-deutschland\/hamburg\/\">Hamburg und Umgebung<\/a><\/li>\n<li><a href=\"https:\/\/www.gourmetclassic.de\/home\/regionen\/regionen-in-deutschland\/hannover\/\">Hannover und Umgebung<\/a><\/li>\n<li><a href=\"https:\/\/www.gourmetclassic.de\/home\/regionen\/regionen-in-deutschland\/holsteinische-ostsee\/\">Holsteinische Ostsee<\/a><\/li>\n<li><a href=\"https:\/\/www.gourmetclassic.de\/home\/regionen\/regionen-in-deutschland\/lueneburger-heide\/\">L\u00fcneburger Heide<\/a><\/li>\n<li><a href=\"https:\/\/www.gourmetclassic.de\/home\/regionen\/regionen-in-deutschland\/mecklenburger-bucht\/\">Mecklenburger Bucht<\/a><\/li>\n<li><a href=\"https:\/\/www.gourmetclassic.de\/home\/regionen\/regionen-in-deutschland\/mecklenburgische-seenplatte\/\">Mecklenburgische Seenplatte<\/a><\/li>\n<li><a href=\"https:\/\/www.gourmetclassic.de\/home\/regionen\/regionen-in-deutschland\/nordfriesland\/\">Nordfriesland<\/a><\/li>\n<li><a href=\"https:\/\/www.gourmetclassic.de\/home\/regionen\/regionen-in-deutschland\/ostfriesland\/\">Ostfriesland &#8211; Ostfriesische Inseln<\/a><\/li>\n<li><a href=\"https:\/\/www.gourmetclassic.de\/home\/regionen\/regionen-in-deutschland\/insel-ruegen\/\">R\u00fcgen<\/a><\/li>\n<li><a href=\"https:\/\/www.gourmetclassic.de\/home\/regionen\/regionen-in-deutschland\/insel-sylt\/\">Sylt<\/a><\/li>\n<li><a href=\"https:\/\/www.gourmetclassic.de\/home\/regionen\/regionen-in-deutschland\/insel-usedom\/\">Usedom<\/a><\/li>\n<li><a href=\"https:\/\/www.gourmetclassic.de\/home\/regionen\/regionen-in-deutschland\/weserbergland\/\">Weserbergland<\/a><\/li>\n<\/ul>\n<div style=\"clear: both;\">\n<hr \/>\n<\/div>\n<h6>Regionen in Ostdeutschland<\/h6>\n<p><img loading=\"lazy\" decoding=\"async\" class=\"size-full wp-image-2263 alignright\" title=\"Deutschland-Ost\" src=\"https:\/\/www.gourmetclassic.de\/wp-content\/uploads\/2020\/06\/deutschland-ost.png\" alt=\"Deutschland-Ost\" width=\"320\" height=\"420\" \/><\/p>\n<ul>\n<li><a href=\"https:\/\/www.gourmetclassic.de\/home\/regionen\/regionen-in-deutschland\/berlin\/\">Berlin und Umgebung<\/a><\/li>\n<li><a href=\"https:\/\/www.gourmetclassic.de\/home\/regionen\/dresden-und-umgebung\/\">Dresden und Umgebung<\/a><\/li>\n<li><a href=\"https:\/\/www.gourmetclassic.de\/home\/regionen\/regionen-in-deutschland\/eichsfeld-hainich-werratal\/\">Eichsfeld-Hainich-Werratal<\/a><\/li>\n<li><a href=\"https:\/\/www.gourmetclassic.de\/home\/regionen\/regionen-in-deutschland\/harz\/\">Harz<\/a><\/li>\n<li><a href=\"https:\/\/www.gourmetclassic.de\/home\/regionen\/regionen-in-deutschland\/havelland\/\">Havelland<\/a><\/li>\n<li><a href=\"https:\/\/www.gourmetclassic.de\/home\/regionen\/regionen-in-deutschland\/leipzig\/\">Leipzig und Umgebung<\/a><\/li>\n<li><a href=\"https:\/\/www.gourmetclassic.de\/home\/regionen\/regionen-in-deutschland\/oberlausitz\/\">Oberlausitz<\/a><\/li>\n<li><a href=\"https:\/\/www.gourmetclassic.de\/home\/regionen\/regionen-in-deutschland\/pommersche-kueste\/\">Pommersche K\u00fcste &#8211; Vorpommern<\/a><\/li>\n<li><a href=\"https:\/\/www.gourmetclassic.de\/home\/regionen\/regionen-in-deutschland\/saechsische-schweiz\/\">S\u00e4chsische Schweiz<\/a><\/li>\n<li><a href=\"https:\/\/www.gourmetclassic.de\/home\/regionen\/regionen-in-deutschland\/spreewald\/\">Spreewald<\/a><\/li>\n<\/ul>\n<div style=\"clear: both;\">\n<hr \/>\n<\/div>\n<h6>Regionen in S\u00fcddeutschland<\/h6>\n<p><img loading=\"lazy\" decoding=\"async\" class=\"size-full wp-image-2264 alignright\" title=\"Deutschland-S\u00fcd\" src=\"https:\/\/www.gourmetclassic.de\/wp-content\/uploads\/2020\/06\/deutschland-sued.png\" alt=\"Deutschland-S\u00fcd\" width=\"320\" height=\"420\" \/><\/p>\n<ul>\n<li><a href=\"https:\/\/www.gourmetclassic.de\/home\/regionen\/allgaeu\/\">Allg\u00e4u<\/a><\/li>\n<li><a href=\"https:\/\/www.gourmetclassic.de\/home\/regionen\/regionen-in-deutschland\/altmuehltal\/\">Altm\u00fchltal Naturpark<\/a><\/li>\n<li><a href=\"https:\/\/www.gourmetclassic.de\/home\/regionen\/bayerische-alpen\/\">Bayerische Alpen<\/a><\/li>\n<li><a href=\"https:\/\/www.gourmetclassic.de\/home\/regionen\/regionen-in-deutschland\/bayerischer-wald\/\">Bayerischer Wald<\/a><\/li>\n<li><a href=\"https:\/\/www.gourmetclassic.de\/home\/regionen\/regionen-in-deutschland\/berchtesgadener-alpen\/\">Berchtesgadener Alpen<\/a><\/li>\n<li><a href=\"https:\/\/www.gourmetclassic.de\/home\/regionen\/regionen-in-deutschland\/bodensee\/\">Bodenseeregion<\/a><\/li>\n<li><a href=\"https:\/\/www.gourmetclassic.de\/home\/regionen\/regionen-in-deutschland\/breisgau\/\">Breisgau<\/a><\/li>\n<li><a href=\"https:\/\/www.gourmetclassic.de\/home\/regionen\/chiemgau\/\">Chiemgau<\/a><\/li>\n<li><a href=\"https:\/\/www.gourmetclassic.de\/home\/regionen\/regionen-in-deutschland\/frankenhoehe\/\">Frankenh\u00f6he<\/a><\/li>\n<li><a href=\"https:\/\/www.gourmetclassic.de\/home\/regionen\/regionen-in-deutschland\/frankenwald\/\">Frankenwald<\/a><\/li>\n<li><a href=\"https:\/\/www.gourmetclassic.de\/home\/regionen\/regionen-in-deutschland\/fraenkische-schweiz\/\">Fr\u00e4nkische Schweiz<\/a><\/li>\n<li><a href=\"https:\/\/www.gourmetclassic.de\/home\/regionen\/regionen-in-deutschland\/fraenkisches-weinland\/\">Fr\u00e4nkisches Weinland &#8211; Mainfranken<\/a><\/li>\n<li><a href=\"https:\/\/www.gourmetclassic.de\/home\/regionen\/regionen-in-deutschland\/fuenfseenland\/\">F\u00fcnfseenland (Ammersee &#8211; Starnberger See)<\/a><\/li>\n<li><a href=\"https:\/\/www.gourmetclassic.de\/home\/regionen\/regionen-in-deutschland\/hohenlohe\/\">Hohenlohe<\/a><\/li>\n<li><a href=\"https:\/\/www.gourmetclassic.de\/home\/regionen\/regionen-in-deutschland\/isar-inn-huegelland\/\">Isar-Inn-H\u00fcgelland<\/a><\/li>\n<li><a href=\"https:\/\/www.gourmetclassic.de\/home\/regionen\/regionen-in-deutschland\/karlsruhe\/\">Karlsruhe und Umgebung<\/a><\/li>\n<li><a href=\"https:\/\/www.gourmetclassic.de\/home\/regionen\/regionen-in-deutschland\/kleinwalsertal\/\">Kleinwalsertal<\/a><\/li>\n<li><a href=\"https:\/\/www.gourmetclassic.de\/home\/regionen\/regionen-in-deutschland\/mannheim\/\">Mannheim und Umgebung<\/a><\/li>\n<li><a href=\"https:\/\/www.gourmetclassic.de\/home\/regionen\/regionen-in-deutschland\/muenchen\/\">M\u00fcnchen und Umgebung<\/a><\/li>\n<li><a href=\"https:\/\/www.gourmetclassic.de\/home\/regionen\/regionen-in-deutschland\/oberpfaelzer-wald\/\">Oberpf\u00e4lzer Wald<\/a><\/li>\n<li><a href=\"https:\/\/www.gourmetclassic.de\/home\/regionen\/regionen-in-deutschland\/oberschwaben\/\">Oberschwaben<\/a><\/li>\n<li><a href=\"https:\/\/www.gourmetclassic.de\/home\/regionen\/regionen-in-deutschland\/odenwald\/\">Odenwald<\/a><\/li>\n<li><a href=\"https:\/\/www.gourmetclassic.de\/home\/regionen\/regionen-in-deutschland\/schwaebische-alb\/\">Schw\u00e4bische Alb<\/a><\/li>\n<li><a href=\"https:\/\/www.gourmetclassic.de\/home\/regionen\/regionen-in-deutschland\/schwaebisch-fraenkischer-wald\/\">Schw\u00e4bisch-Fr\u00e4nkischer Wald<\/a><\/li>\n<li><a href=\"https:\/\/www.gourmetclassic.de\/home\/regionen\/regionen-in-deutschland\/schwarzwald-nord\/\">Schwarzwald &#8211; Nordschwarzwald<\/a><\/li>\n<li><a href=\"https:\/\/www.gourmetclassic.de\/home\/regionen\/regionen-in-deutschland\/suedschwarzwald\/\">Schwarzwald &#8211; S\u00fcdschwarzwald<\/a><\/li>\n<li><a href=\"https:\/\/www.gourmetclassic.de\/home\/regionen\/regionen-in-deutschland\/steigerwald\/\">Steigerwald<\/a><\/li>\n<li><a href=\"https:\/\/www.gourmetclassic.de\/home\/regionen\/regionen-in-deutschland\/stuttgart\/\">Stuttgart und Umgebung<\/a><\/li>\n<\/ul>\n<div style=\"clear: both;\">\n<hr \/>\n<\/div>\n<h6>Regionen in Westdeutschland<\/h6>\n<p><img loading=\"lazy\" decoding=\"async\" class=\"size-full wp-image-2265 alignright\" title=\"Deutschland-West\" src=\"https:\/\/www.gourmetclassic.de\/wp-content\/uploads\/2020\/06\/deutschland-west.png\" alt=\"Deutschland-West\" width=\"320\" height=\"420\" \/><\/p>\n<ul>\n<li><a href=\"https:\/\/www.gourmetclassic.de\/home\/regionen\/regionen-in-deutschland\/aachen\/\">Aachen und Umgebung<\/a><\/li>\n<li><a href=\"https:\/\/www.gourmetclassic.de\/home\/regionen\/regionen-in-deutschland\/bergisches-land\/\">Bergisches Land<\/a><\/li>\n<li><a href=\"https:\/\/www.gourmetclassic.de\/home\/regionen\/regionen-in-deutschland\/deutsche-weinstrasse\/\">Deutsche Weinstra\u00dfe<\/a><\/li>\n<li><a href=\"https:\/\/www.gourmetclassic.de\/home\/regionen\/regionen-in-deutschland\/duesseldorf\/\">D\u00fcsseldorf und Umgebung<\/a><\/li>\n<li><a href=\"https:\/\/www.gourmetclassic.de\/home\/regionen\/eifel\/\">Eifel<\/a><\/li>\n<li><a href=\"https:\/\/www.gourmetclassic.de\/home\/regionen\/regionen-in-deutschland\/stadtregion-frankfurt-am-main\/\">Frankfurt am Main<\/a><\/li>\n<li><a href=\"https:\/\/www.gourmetclassic.de\/home\/regionen\/regionen-in-deutschland\/hessisches-bergland\/\">Hessisches Bergland<\/a><\/li>\n<li><a href=\"https:\/\/www.gourmetclassic.de\/home\/regionen\/regionen-in-deutschland\/hunsrueck\/\">Hunsr\u00fcck<\/a><\/li>\n<li><a href=\"https:\/\/www.gourmetclassic.de\/home\/regionen\/regionen-in-deutschland\/kellerwald-edersee\/\">Kellerwald-Edersee<\/a><\/li>\n<li><a href=\"https:\/\/www.gourmetclassic.de\/home\/regionen\/regionen-in-deutschland\/koeln\/\">K\u00f6ln und Umgebung<\/a><\/li>\n<li><a href=\"https:\/\/www.gourmetclassic.de\/home\/regionen\/regionen-in-deutschland\/lahntal\/\">Lahntal<\/a><\/li>\n<li><a href=\"https:\/\/www.gourmetclassic.de\/home\/regionen\/regionen-in-deutschland\/mittelrheintal\/\">Mittelrhein<\/a><\/li>\n<li><a href=\"https:\/\/www.gourmetclassic.de\/home\/regionen\/regionen-in-deutschland\/moseltal\/\">Moseltal<\/a><\/li>\n<li><a href=\"https:\/\/www.gourmetclassic.de\/home\/regionen\/regionen-in-deutschland\/muensterland\/\">M\u00fcnsterland<\/a><\/li>\n<li><a href=\"https:\/\/www.gourmetclassic.de\/home\/regionen\/regionen-in-deutschland\/niederrhein\/\">Niederrhein<\/a><\/li>\n<li><a href=\"https:\/\/www.gourmetclassic.de\/home\/regionen\/regionen-in-deutschland\/pfaelzer-wald\/\">Pf\u00e4lzer Wald<\/a><\/li>\n<li><a href=\"https:\/\/www.gourmetclassic.de\/home\/regionen\/regionen-in-deutschland\/rhoen\/\">Rh\u00f6n<\/a><\/li>\n<li><a href=\"https:\/\/www.gourmetclassic.de\/home\/regionen\/regionen-in-deutschland\/rheingau\/\">Rheingau<\/a><\/li>\n<li><a href=\"https:\/\/www.gourmetclassic.de\/home\/regionen\/regionen-in-deutschland\/rheinhessen\/\">Rheinhessen<\/a><\/li>\n<li><a href=\"https:\/\/www.gourmetclassic.de\/home\/regionen\/regionen-in-deutschland\/sauerland\/\">Sauerland<\/a><\/li>\n<li><a href=\"https:\/\/www.gourmetclassic.de\/home\/regionen\/regionen-in-deutschland\/saarbruecken\/\">Saarbr\u00fccken und Umgebung<\/a><\/li>\n<li><a href=\"https:\/\/www.gourmetclassic.de\/home\/regionen\/regionen-in-deutschland\/soonwald-nahe\/\">Soonwald-Nahe<\/a><\/li>\n<li><a href=\"https:\/\/www.gourmetclassic.de\/home\/regionen\/regionen-in-deutschland\/spessart\/\">Spessart<\/a><\/li>\n<li><a href=\"https:\/\/www.gourmetclassic.de\/home\/regionen\/regionen-in-deutschland\/taunus\/\">Taunus<\/a><\/li>\n<li><a href=\"https:\/\/www.gourmetclassic.de\/home\/regionen\/regionen-in-deutschland\/teutoburger-wald\/\">Teutoburger Wald<\/a><\/li>\n<li><a href=\"https:\/\/www.gourmetclassic.de\/home\/regionen\/regionen-in-deutschland\/westerwald\/\">Westerwald<\/a><\/li>\n<\/ul>\n<div style=\"clear: both;\">\n<hr \/>\n<\/div>\n","protected":false},"excerpt":{"rendered":"<p>Hotels und Restaurants wurden f\u00fcr die schnelle Suche bekannten Regionen Deutschlands zugeordnet. Die \u00f6rtlichen Gastronomiebetriebe sind dort tabellarisch aufgef\u00fchrt. Geografische<\/p>\n","protected":false},"author":1,"featured_media":0,"parent":68,"menu_order":0,"comment_status":"closed","ping_status":"closed","template":"","meta":{"footnotes":""},"class_list":["post-151","page","type-page","status-publish","hentry"],"yoast_head":"<!-- This site is optimized with the Yoast SEO plugin v25.6 - https:\/\/yoast.com\/wordpress\/plugins\/seo\/ -->\n<title>Regionen in Deutschland - Gourmet Classic<\/title>\n<meta name=\"robots\" content=\"index, follow, max-snippet:-1, max-image-preview:large, max-video-preview:-1\" \/>\n<link rel=\"canonical\" href=\"https:\/\/www.gourmetclassic.de\/home\/regionen\/regionen-in-deutschland\/\" \/>\n<meta property=\"og:locale\" content=\"de_DE\" \/>\n<meta property=\"og:type\" content=\"article\" \/>\n<meta property=\"og:title\" content=\"Regionen in Deutschland - Gourmet Classic\" \/>\n<meta property=\"og:description\" content=\"Hotels und Restaurants wurden f\u00fcr die schnelle Suche bekannten Regionen Deutschlands zugeordnet. Die \u00f6rtlichen Gastronomiebetriebe sind dort tabellarisch aufgef\u00fchrt. Geografische\" \/>\n<meta property=\"og:url\" content=\"https:\/\/www.gourmetclassic.de\/home\/regionen\/regionen-in-deutschland\/\" \/>\n<meta property=\"og:site_name\" content=\"Gourmet Classic\" \/>\n<meta property=\"article:modified_time\" content=\"2020-06-11T09:08:12+00:00\" \/>\n<meta property=\"og:image\" content=\"https:\/\/www.gourmetclassic.de\/wp-content\/uploads\/2020\/06\/deutschland-nord.png\" \/>\n<meta name=\"twitter:card\" content=\"summary_large_image\" \/>\n<meta name=\"twitter:label1\" content=\"Gesch\u00e4tzte Lesezeit\" \/>\n\t<meta name=\"twitter:data1\" content=\"1\u00a0Minute\" \/>\n<script type=\"application\/ld+json\" class=\"yoast-schema-graph\">{\"@context\":\"https:\/\/schema.org\",\"@graph\":[{\"@type\":\"WebPage\",\"@id\":\"https:\/\/www.gourmetclassic.de\/home\/regionen\/regionen-in-deutschland\/\",\"url\":\"https:\/\/www.gourmetclassic.de\/home\/regionen\/regionen-in-deutschland\/\",\"name\":\"Regionen in Deutschland - Gourmet Classic\",\"isPartOf\":{\"@id\":\"https:\/\/www.gourmetclassic.de\/home\/#website\"},\"primaryImageOfPage\":{\"@id\":\"https:\/\/www.gourmetclassic.de\/home\/regionen\/regionen-in-deutschland\/#primaryimage\"},\"image\":{\"@id\":\"https:\/\/www.gourmetclassic.de\/home\/regionen\/regionen-in-deutschland\/#primaryimage\"},\"thumbnailUrl\":\"https:\/\/www.gourmetclassic.de\/wp-content\/uploads\/2020\/06\/deutschland-nord.png\",\"datePublished\":\"2019-04-11T10:08:22+00:00\",\"dateModified\":\"2020-06-11T09:08:12+00:00\",\"breadcrumb\":{\"@id\":\"https:\/\/www.gourmetclassic.de\/home\/regionen\/regionen-in-deutschland\/#breadcrumb\"},\"inLanguage\":\"de\",\"potentialAction\":[{\"@type\":\"ReadAction\",\"target\":[\"https:\/\/www.gourmetclassic.de\/home\/regionen\/regionen-in-deutschland\/\"]}]},{\"@type\":\"ImageObject\",\"inLanguage\":\"de\",\"@id\":\"https:\/\/www.gourmetclassic.de\/home\/regionen\/regionen-in-deutschland\/#primaryimage\",\"url\":\"https:\/\/www.gourmetclassic.de\/wp-content\/uploads\/2020\/06\/deutschland-nord.png\",\"contentUrl\":\"https:\/\/www.gourmetclassic.de\/wp-content\/uploads\/2020\/06\/deutschland-nord.png\"},{\"@type\":\"BreadcrumbList\",\"@id\":\"https:\/\/www.gourmetclassic.de\/home\/regionen\/regionen-in-deutschland\/#breadcrumb\",\"itemListElement\":[{\"@type\":\"ListItem\",\"position\":1,\"name\":\"Startseite\",\"item\":\"https:\/\/www.gourmetclassic.de\/home\/\"},{\"@type\":\"ListItem\",\"position\":2,\"name\":\"Suche nach Restaurants\/Hotels in Regionen\",\"item\":\"https:\/\/www.gourmetclassic.de\/home\/regionen\/\"},{\"@type\":\"ListItem\",\"position\":3,\"name\":\"Regionen in Deutschland\"}]},{\"@type\":\"WebSite\",\"@id\":\"https:\/\/www.gourmetclassic.de\/home\/#website\",\"url\":\"https:\/\/www.gourmetclassic.de\/home\/\",\"name\":\"Gourmet Classic\",\"description\":\"Portal der gehobenen Gastlichkeit\",\"publisher\":{\"@id\":\"https:\/\/www.gourmetclassic.de\/home\/#organization\"},\"potentialAction\":[{\"@type\":\"SearchAction\",\"target\":{\"@type\":\"EntryPoint\",\"urlTemplate\":\"https:\/\/www.gourmetclassic.de\/home\/?s={search_term_string}\"},\"query-input\":{\"@type\":\"PropertyValueSpecification\",\"valueRequired\":true,\"valueName\":\"search_term_string\"}}],\"inLanguage\":\"de\"},{\"@type\":\"Organization\",\"@id\":\"https:\/\/www.gourmetclassic.de\/home\/#organization\",\"name\":\"Gourmet Classic\",\"url\":\"https:\/\/www.gourmetclassic.de\/home\/\",\"logo\":{\"@type\":\"ImageObject\",\"inLanguage\":\"de\",\"@id\":\"https:\/\/www.gourmetclassic.de\/home\/#\/schema\/logo\/image\/\",\"url\":\"https:\/\/www.gourmetclassic.de\/wp-content\/uploads\/2019\/04\/gourmet-classic-logo.jpg\",\"contentUrl\":\"https:\/\/www.gourmetclassic.de\/wp-content\/uploads\/2019\/04\/gourmet-classic-logo.jpg\",\"width\":253,\"height\":123,\"caption\":\"Gourmet Classic\"},\"image\":{\"@id\":\"https:\/\/www.gourmetclassic.de\/home\/#\/schema\/logo\/image\/\"}}]}<\/script>\n<!-- \/ Yoast SEO plugin. -->","yoast_head_json":{"title":"Regionen in Deutschland - Gourmet Classic","robots":{"index":"index","follow":"follow","max-snippet":"max-snippet:-1","max-image-preview":"max-image-preview:large","max-video-preview":"max-video-preview:-1"},"canonical":"https:\/\/www.gourmetclassic.de\/home\/regionen\/regionen-in-deutschland\/","og_locale":"de_DE","og_type":"article","og_title":"Regionen in Deutschland - Gourmet Classic","og_description":"Hotels und Restaurants wurden f\u00fcr die schnelle Suche bekannten Regionen Deutschlands zugeordnet. Die \u00f6rtlichen Gastronomiebetriebe sind dort tabellarisch aufgef\u00fchrt. Geografische","og_url":"https:\/\/www.gourmetclassic.de\/home\/regionen\/regionen-in-deutschland\/","og_site_name":"Gourmet Classic","article_modified_time":"2020-06-11T09:08:12+00:00","og_image":[{"url":"https:\/\/www.gourmetclassic.de\/wp-content\/uploads\/2020\/06\/deutschland-nord.png","type":"","width":"","height":""}],"twitter_card":"summary_large_image","twitter_misc":{"Gesch\u00e4tzte Lesezeit":"1\u00a0Minute"},"schema":{"@context":"https:\/\/schema.org","@graph":[{"@type":"WebPage","@id":"https:\/\/www.gourmetclassic.de\/home\/regionen\/regionen-in-deutschland\/","url":"https:\/\/www.gourmetclassic.de\/home\/regionen\/regionen-in-deutschland\/","name":"Regionen in Deutschland - Gourmet Classic","isPartOf":{"@id":"https:\/\/www.gourmetclassic.de\/home\/#website"},"primaryImageOfPage":{"@id":"https:\/\/www.gourmetclassic.de\/home\/regionen\/regionen-in-deutschland\/#primaryimage"},"image":{"@id":"https:\/\/www.gourmetclassic.de\/home\/regionen\/regionen-in-deutschland\/#primaryimage"},"thumbnailUrl":"https:\/\/www.gourmetclassic.de\/wp-content\/uploads\/2020\/06\/deutschland-nord.png","datePublished":"2019-04-11T10:08:22+00:00","dateModified":"2020-06-11T09:08:12+00:00","breadcrumb":{"@id":"https:\/\/www.gourmetclassic.de\/home\/regionen\/regionen-in-deutschland\/#breadcrumb"},"inLanguage":"de","potentialAction":[{"@type":"ReadAction","target":["https:\/\/www.gourmetclassic.de\/home\/regionen\/regionen-in-deutschland\/"]}]},{"@type":"ImageObject","inLanguage":"de","@id":"https:\/\/www.gourmetclassic.de\/home\/regionen\/regionen-in-deutschland\/#primaryimage","url":"https:\/\/www.gourmetclassic.de\/wp-content\/uploads\/2020\/06\/deutschland-nord.png","contentUrl":"https:\/\/www.gourmetclassic.de\/wp-content\/uploads\/2020\/06\/deutschland-nord.png"},{"@type":"BreadcrumbList","@id":"https:\/\/www.gourmetclassic.de\/home\/regionen\/regionen-in-deutschland\/#breadcrumb","itemListElement":[{"@type":"ListItem","position":1,"name":"Startseite","item":"https:\/\/www.gourmetclassic.de\/home\/"},{"@type":"ListItem","position":2,"name":"Suche nach Restaurants\/Hotels in Regionen","item":"https:\/\/www.gourmetclassic.de\/home\/regionen\/"},{"@type":"ListItem","position":3,"name":"Regionen in Deutschland"}]},{"@type":"WebSite","@id":"https:\/\/www.gourmetclassic.de\/home\/#website","url":"https:\/\/www.gourmetclassic.de\/home\/","name":"Gourmet Classic","description":"Portal der gehobenen Gastlichkeit","publisher":{"@id":"https:\/\/www.gourmetclassic.de\/home\/#organization"},"potentialAction":[{"@type":"SearchAction","target":{"@type":"EntryPoint","urlTemplate":"https:\/\/www.gourmetclassic.de\/home\/?s={search_term_string}"},"query-input":{"@type":"PropertyValueSpecification","valueRequired":true,"valueName":"search_term_string"}}],"inLanguage":"de"},{"@type":"Organization","@id":"https:\/\/www.gourmetclassic.de\/home\/#organization","name":"Gourmet Classic","url":"https:\/\/www.gourmetclassic.de\/home\/","logo":{"@type":"ImageObject","inLanguage":"de","@id":"https:\/\/www.gourmetclassic.de\/home\/#\/schema\/logo\/image\/","url":"https:\/\/www.gourmetclassic.de\/wp-content\/uploads\/2019\/04\/gourmet-classic-logo.jpg","contentUrl":"https:\/\/www.gourmetclassic.de\/wp-content\/uploads\/2019\/04\/gourmet-classic-logo.jpg","width":253,"height":123,"caption":"Gourmet Classic"},"image":{"@id":"https:\/\/www.gourmetclassic.de\/home\/#\/schema\/logo\/image\/"}}]}},"_links":{"self":[{"href":"https:\/\/www.gourmetclassic.de\/home\/wp-json\/wp\/v2\/pages\/151"}],"collection":[{"href":"https:\/\/www.gourmetclassic.de\/home\/wp-json\/wp\/v2\/pages"}],"about":[{"href":"https:\/\/www.gourmetclassic.de\/home\/wp-json\/wp\/v2\/types\/page"}],"author":[{"embeddable":true,"href":"https:\/\/www.gourmetclassic.de\/home\/wp-json\/wp\/v2\/users\/1"}],"replies":[{"embeddable":true,"href":"https:\/\/www.gourmetclassic.de\/home\/wp-json\/wp\/v2\/comments?post=151"}],"version-history":[{"count":115,"href":"https:\/\/www.gourmetclassic.de\/home\/wp-json\/wp\/v2\/pages\/151\/revisions"}],"predecessor-version":[{"id":2355,"href":"https:\/\/www.gourmetclassic.de\/home\/wp-json\/wp\/v2\/pages\/151\/revisions\/2355"}],"up":[{"embeddable":true,"href":"https:\/\/www.gourmetclassic.de\/home\/wp-json\/wp\/v2\/pages\/68"}],"wp:attachment":[{"href":"https:\/\/www.gourmetclassic.de\/home\/wp-json\/wp\/v2\/media?parent=151"}],"curies":[{"name":"wp","href":"https:\/\/api.w.org\/{rel}","templated":true}]}}