{"id":153,"date":"2019-04-11T12:09:23","date_gmt":"2019-04-11T10:09:23","guid":{"rendered":"https:\/\/www.gourmetclassic.de\/home\/?page_id=153"},"modified":"2020-06-09T10:02:19","modified_gmt":"2020-06-09T08:02:19","slug":"regionen-in-oesterreich","status":"publish","type":"page","link":"https:\/\/www.gourmetclassic.de\/home\/regionen\/regionen-in-oesterreich\/","title":{"rendered":"Regionen in \u00d6sterreich"},"content":{"rendered":"<h5>Regionale Suche nach Restaurants\/Hotels in \u00d6sterreich<\/h5>\n<p>Hotels und Restaurants wurden f\u00fcr die schnelle Suche den jeweiligen Bundesl\u00e4ndern \u00d6sterreichs zugeordnet. Die \u00f6rtlichen Gastronomiebetriebe sind dort tabellarisch aufgef\u00fchrt.<\/p>\n<h6>Bundesl\u00e4nder in \u00d6sterreich:<\/h6>\n<p><img loading=\"lazy\" decoding=\"async\" class=\"size-full wp-image-2260 alignright\" src=\"https:\/\/www.gourmetclassic.de\/wp-content\/uploads\/2020\/06\/austria-gesamt-500.png\" alt=\"Bundesl\u00e4nder \u00d6sterreich\" width=\"500\" height=\"279\" \/><\/p>\n<ul>\n<li><a href=\"https:\/\/www.gourmetclassic.de\/home\/regionen\/regionen-in-oesterreich\/burgenland\/\">Burgenland &#8211; Bgld.<\/a><\/li>\n<li><a href=\"https:\/\/www.gourmetclassic.de\/home\/regionen\/regionen-in-oesterreich\/kaernten\/\">K\u00e4rnten &#8211; Ktn.<\/a><\/li>\n<li><a href=\"https:\/\/www.gourmetclassic.de\/home\/regionen\/regionen-in-oesterreich\/niederoesterreich\/\">Nieder\u00f6sterreich &#8211; N\u00d6<\/a><\/li>\n<li><a href=\"https:\/\/www.gourmetclassic.de\/home\/regionen\/regionen-in-oesterreich\/oberoesterreich\/\">Ober\u00f6sterreich &#8211; O\u00d6<\/a><\/li>\n<li><a href=\"https:\/\/www.gourmetclassic.de\/home\/regionen\/regionen-in-oesterreich\/salzburg\/\">Salzburg &#8211; Sbg.<\/a><\/li>\n<li><a href=\"https:\/\/www.gourmetclassic.de\/home\/regionen\/regionen-in-oesterreich\/steiermark\/\">Steiermark &#8211; Stmk.<\/a><\/li>\n<li><a href=\"https:\/\/www.gourmetclassic.de\/home\/regionen\/regionen-in-oesterreich\/tirol\/\">Tirol &#8211; T<\/a><\/li>\n<li><a href=\"https:\/\/www.gourmetclassic.de\/home\/regionen\/regionen-in-oesterreich\/vorarlberg\/\">Vorarlberg &#8211; Vbg.<\/a><\/li>\n<li><a href=\"https:\/\/www.gourmetclassic.de\/home\/regionen\/regionen-in-oesterreich\/wien\/\">Wien &#8211; W<\/a><\/li>\n<\/ul>\n","protected":false},"excerpt":{"rendered":"<p>Regionale Suche nach Restaurants\/Hotels in \u00d6sterreich Hotels und Restaurants wurden f\u00fcr die schnelle Suche den jeweiligen Bundesl\u00e4ndern \u00d6sterreichs zugeordnet. Die<\/p>\n","protected":false},"author":1,"featured_media":0,"parent":68,"menu_order":0,"comment_status":"closed","ping_status":"closed","template":"","meta":{"footnotes":""},"class_list":["post-153","page","type-page","status-publish","hentry"],"yoast_head":"<!-- This site is optimized with the Yoast SEO plugin v25.6 - https:\/\/yoast.com\/wordpress\/plugins\/seo\/ -->\n<title>Regionen in \u00d6sterreich - Gourmet Classic<\/title>\n<meta name=\"robots\" content=\"index, follow, max-snippet:-1, max-image-preview:large, max-video-preview:-1\" \/>\n<link rel=\"canonical\" href=\"https:\/\/www.gourmetclassic.de\/home\/regionen\/regionen-in-oesterreich\/\" \/>\n<meta property=\"og:locale\" content=\"de_DE\" \/>\n<meta property=\"og:type\" content=\"article\" \/>\n<meta property=\"og:title\" content=\"Regionen in \u00d6sterreich - Gourmet Classic\" \/>\n<meta property=\"og:description\" content=\"Regionale Suche nach Restaurants\/Hotels in \u00d6sterreich Hotels und Restaurants wurden f\u00fcr die schnelle Suche den jeweiligen Bundesl\u00e4ndern \u00d6sterreichs zugeordnet. Die\" \/>\n<meta property=\"og:url\" content=\"https:\/\/www.gourmetclassic.de\/home\/regionen\/regionen-in-oesterreich\/\" \/>\n<meta property=\"og:site_name\" content=\"Gourmet Classic\" \/>\n<meta property=\"article:modified_time\" content=\"2020-06-09T08:02:19+00:00\" \/>\n<meta property=\"og:image\" content=\"https:\/\/www.gourmetclassic.de\/wp-content\/uploads\/2020\/06\/austria-gesamt-500.png\" \/>\n<meta name=\"twitter:card\" content=\"summary_large_image\" \/>\n<script type=\"application\/ld+json\" class=\"yoast-schema-graph\">{\"@context\":\"https:\/\/schema.org\",\"@graph\":[{\"@type\":\"WebPage\",\"@id\":\"https:\/\/www.gourmetclassic.de\/home\/regionen\/regionen-in-oesterreich\/\",\"url\":\"https:\/\/www.gourmetclassic.de\/home\/regionen\/regionen-in-oesterreich\/\",\"name\":\"Regionen in \u00d6sterreich - Gourmet Classic\",\"isPartOf\":{\"@id\":\"https:\/\/www.gourmetclassic.de\/home\/#website\"},\"primaryImageOfPage\":{\"@id\":\"https:\/\/www.gourmetclassic.de\/home\/regionen\/regionen-in-oesterreich\/#primaryimage\"},\"image\":{\"@id\":\"https:\/\/www.gourmetclassic.de\/home\/regionen\/regionen-in-oesterreich\/#primaryimage\"},\"thumbnailUrl\":\"https:\/\/www.gourmetclassic.de\/wp-content\/uploads\/2020\/06\/austria-gesamt-500.png\",\"datePublished\":\"2019-04-11T10:09:23+00:00\",\"dateModified\":\"2020-06-09T08:02:19+00:00\",\"breadcrumb\":{\"@id\":\"https:\/\/www.gourmetclassic.de\/home\/regionen\/regionen-in-oesterreich\/#breadcrumb\"},\"inLanguage\":\"de\",\"potentialAction\":[{\"@type\":\"ReadAction\",\"target\":[\"https:\/\/www.gourmetclassic.de\/home\/regionen\/regionen-in-oesterreich\/\"]}]},{\"@type\":\"ImageObject\",\"inLanguage\":\"de\",\"@id\":\"https:\/\/www.gourmetclassic.de\/home\/regionen\/regionen-in-oesterreich\/#primaryimage\",\"url\":\"https:\/\/www.gourmetclassic.de\/wp-content\/uploads\/2020\/06\/austria-gesamt-500.png\",\"contentUrl\":\"https:\/\/www.gourmetclassic.de\/wp-content\/uploads\/2020\/06\/austria-gesamt-500.png\"},{\"@type\":\"BreadcrumbList\",\"@id\":\"https:\/\/www.gourmetclassic.de\/home\/regionen\/regionen-in-oesterreich\/#breadcrumb\",\"itemListElement\":[{\"@type\":\"ListItem\",\"position\":1,\"name\":\"Startseite\",\"item\":\"https:\/\/www.gourmetclassic.de\/home\/\"},{\"@type\":\"ListItem\",\"position\":2,\"name\":\"Suche nach Restaurants\/Hotels in Regionen\",\"item\":\"https:\/\/www.gourmetclassic.de\/home\/regionen\/\"},{\"@type\":\"ListItem\",\"position\":3,\"name\":\"Regionen in \u00d6sterreich\"}]},{\"@type\":\"WebSite\",\"@id\":\"https:\/\/www.gourmetclassic.de\/home\/#website\",\"url\":\"https:\/\/www.gourmetclassic.de\/home\/\",\"name\":\"Gourmet Classic\",\"description\":\"Portal der gehobenen Gastlichkeit\",\"publisher\":{\"@id\":\"https:\/\/www.gourmetclassic.de\/home\/#organization\"},\"potentialAction\":[{\"@type\":\"SearchAction\",\"target\":{\"@type\":\"EntryPoint\",\"urlTemplate\":\"https:\/\/www.gourmetclassic.de\/home\/?s={search_term_string}\"},\"query-input\":{\"@type\":\"PropertyValueSpecification\",\"valueRequired\":true,\"valueName\":\"search_term_string\"}}],\"inLanguage\":\"de\"},{\"@type\":\"Organization\",\"@id\":\"https:\/\/www.gourmetclassic.de\/home\/#organization\",\"name\":\"Gourmet Classic\",\"url\":\"https:\/\/www.gourmetclassic.de\/home\/\",\"logo\":{\"@type\":\"ImageObject\",\"inLanguage\":\"de\",\"@id\":\"https:\/\/www.gourmetclassic.de\/home\/#\/schema\/logo\/image\/\",\"url\":\"https:\/\/www.gourmetclassic.de\/wp-content\/uploads\/2019\/04\/gourmet-classic-logo.jpg\",\"contentUrl\":\"https:\/\/www.gourmetclassic.de\/wp-content\/uploads\/2019\/04\/gourmet-classic-logo.jpg\",\"width\":253,\"height\":123,\"caption\":\"Gourmet Classic\"},\"image\":{\"@id\":\"https:\/\/www.gourmetclassic.de\/home\/#\/schema\/logo\/image\/\"}}]}<\/script>\n<!-- \/ Yoast SEO plugin. -->","yoast_head_json":{"title":"Regionen in \u00d6sterreich - Gourmet Classic","robots":{"index":"index","follow":"follow","max-snippet":"max-snippet:-1","max-image-preview":"max-image-preview:large","max-video-preview":"max-video-preview:-1"},"canonical":"https:\/\/www.gourmetclassic.de\/home\/regionen\/regionen-in-oesterreich\/","og_locale":"de_DE","og_type":"article","og_title":"Regionen in \u00d6sterreich - Gourmet Classic","og_description":"Regionale Suche nach Restaurants\/Hotels in \u00d6sterreich Hotels und Restaurants wurden f\u00fcr die schnelle Suche den jeweiligen Bundesl\u00e4ndern \u00d6sterreichs zugeordnet. Die","og_url":"https:\/\/www.gourmetclassic.de\/home\/regionen\/regionen-in-oesterreich\/","og_site_name":"Gourmet Classic","article_modified_time":"2020-06-09T08:02:19+00:00","og_image":[{"url":"https:\/\/www.gourmetclassic.de\/wp-content\/uploads\/2020\/06\/austria-gesamt-500.png","type":"","width":"","height":""}],"twitter_card":"summary_large_image","schema":{"@context":"https:\/\/schema.org","@graph":[{"@type":"WebPage","@id":"https:\/\/www.gourmetclassic.de\/home\/regionen\/regionen-in-oesterreich\/","url":"https:\/\/www.gourmetclassic.de\/home\/regionen\/regionen-in-oesterreich\/","name":"Regionen in \u00d6sterreich - Gourmet Classic","isPartOf":{"@id":"https:\/\/www.gourmetclassic.de\/home\/#website"},"primaryImageOfPage":{"@id":"https:\/\/www.gourmetclassic.de\/home\/regionen\/regionen-in-oesterreich\/#primaryimage"},"image":{"@id":"https:\/\/www.gourmetclassic.de\/home\/regionen\/regionen-in-oesterreich\/#primaryimage"},"thumbnailUrl":"https:\/\/www.gourmetclassic.de\/wp-content\/uploads\/2020\/06\/austria-gesamt-500.png","datePublished":"2019-04-11T10:09:23+00:00","dateModified":"2020-06-09T08:02:19+00:00","breadcrumb":{"@id":"https:\/\/www.gourmetclassic.de\/home\/regionen\/regionen-in-oesterreich\/#breadcrumb"},"inLanguage":"de","potentialAction":[{"@type":"ReadAction","target":["https:\/\/www.gourmetclassic.de\/home\/regionen\/regionen-in-oesterreich\/"]}]},{"@type":"ImageObject","inLanguage":"de","@id":"https:\/\/www.gourmetclassic.de\/home\/regionen\/regionen-in-oesterreich\/#primaryimage","url":"https:\/\/www.gourmetclassic.de\/wp-content\/uploads\/2020\/06\/austria-gesamt-500.png","contentUrl":"https:\/\/www.gourmetclassic.de\/wp-content\/uploads\/2020\/06\/austria-gesamt-500.png"},{"@type":"BreadcrumbList","@id":"https:\/\/www.gourmetclassic.de\/home\/regionen\/regionen-in-oesterreich\/#breadcrumb","itemListElement":[{"@type":"ListItem","position":1,"name":"Startseite","item":"https:\/\/www.gourmetclassic.de\/home\/"},{"@type":"ListItem","position":2,"name":"Suche nach Restaurants\/Hotels in Regionen","item":"https:\/\/www.gourmetclassic.de\/home\/regionen\/"},{"@type":"ListItem","position":3,"name":"Regionen in \u00d6sterreich"}]},{"@type":"WebSite","@id":"https:\/\/www.gourmetclassic.de\/home\/#website","url":"https:\/\/www.gourmetclassic.de\/home\/","name":"Gourmet Classic","description":"Portal der gehobenen Gastlichkeit","publisher":{"@id":"https:\/\/www.gourmetclassic.de\/home\/#organization"},"potentialAction":[{"@type":"SearchAction","target":{"@type":"EntryPoint","urlTemplate":"https:\/\/www.gourmetclassic.de\/home\/?s={search_term_string}"},"query-input":{"@type":"PropertyValueSpecification","valueRequired":true,"valueName":"search_term_string"}}],"inLanguage":"de"},{"@type":"Organization","@id":"https:\/\/www.gourmetclassic.de\/home\/#organization","name":"Gourmet Classic","url":"https:\/\/www.gourmetclassic.de\/home\/","logo":{"@type":"ImageObject","inLanguage":"de","@id":"https:\/\/www.gourmetclassic.de\/home\/#\/schema\/logo\/image\/","url":"https:\/\/www.gourmetclassic.de\/wp-content\/uploads\/2019\/04\/gourmet-classic-logo.jpg","contentUrl":"https:\/\/www.gourmetclassic.de\/wp-content\/uploads\/2019\/04\/gourmet-classic-logo.jpg","width":253,"height":123,"caption":"Gourmet Classic"},"image":{"@id":"https:\/\/www.gourmetclassic.de\/home\/#\/schema\/logo\/image\/"}}]}},"_links":{"self":[{"href":"https:\/\/www.gourmetclassic.de\/home\/wp-json\/wp\/v2\/pages\/153"}],"collection":[{"href":"https:\/\/www.gourmetclassic.de\/home\/wp-json\/wp\/v2\/pages"}],"about":[{"href":"https:\/\/www.gourmetclassic.de\/home\/wp-json\/wp\/v2\/types\/page"}],"author":[{"embeddable":true,"href":"https:\/\/www.gourmetclassic.de\/home\/wp-json\/wp\/v2\/users\/1"}],"replies":[{"embeddable":true,"href":"https:\/\/www.gourmetclassic.de\/home\/wp-json\/wp\/v2\/comments?post=153"}],"version-history":[{"count":14,"href":"https:\/\/www.gourmetclassic.de\/home\/wp-json\/wp\/v2\/pages\/153\/revisions"}],"predecessor-version":[{"id":2261,"href":"https:\/\/www.gourmetclassic.de\/home\/wp-json\/wp\/v2\/pages\/153\/revisions\/2261"}],"up":[{"embeddable":true,"href":"https:\/\/www.gourmetclassic.de\/home\/wp-json\/wp\/v2\/pages\/68"}],"wp:attachment":[{"href":"https:\/\/www.gourmetclassic.de\/home\/wp-json\/wp\/v2\/media?parent=153"}],"curies":[{"name":"wp","href":"https:\/\/api.w.org\/{rel}","templated":true}]}}