{"id":155,"date":"2019-04-11T12:10:03","date_gmt":"2019-04-11T10:10:03","guid":{"rendered":"https:\/\/www.gourmetclassic.de\/home\/?page_id=155"},"modified":"2020-06-09T00:30:55","modified_gmt":"2020-06-08T22:30:55","slug":"regionen-in-der-schweiz","status":"publish","type":"page","link":"https:\/\/www.gourmetclassic.de\/home\/regionen\/regionen-in-der-schweiz\/","title":{"rendered":"Regionen in der Schweiz"},"content":{"rendered":"<h5>Regionale Suche nach Restaurants\/Hotels in der Schweiz<\/h5>\n<p>Hotels und Restaurants wurden f\u00fcr die schnelle Suche dem jeweiligen Kanton der Schweiz zugeordnet. Die \u00f6rtlichen Gastronomiebetriebe sind dort tabellarisch aufgef\u00fchrt.<\/p>\n<hr \/>\n<h6>Genferseeregion<\/h6>\n<div style=\"float: right;\"><img loading=\"lazy\" decoding=\"async\" class=\"size-full wp-image-2237 alignright\" title=\"Genferseeregion\" src=\"https:\/\/www.gourmetclassic.de\/wp-content\/uploads\/2020\/06\/grossregion-genferseeregion.png\" alt=\"Genferseeregion\" width=\"400\" height=\"267\" \/><\/div>\n<ul>\n<li><a href=\"https:\/\/www.gourmetclassic.de\/home\/regionen\/regionen-in-der-schweiz\/genf\/\">Genf &#8211; Gen\u00e8ve (GE)<\/a><\/li>\n<li><a href=\"https:\/\/www.gourmetclassic.de\/home\/regionen\/regionen-in-der-schweiz\/waadt-vaud\/\">Waadt &#8211; Vaud (VD)<\/a><\/li>\n<li><a href=\"https:\/\/www.gourmetclassic.de\/home\/regionen\/regionen-in-der-schweiz\/wallis\/\">Wallis &#8211; Valais (VS)<\/a><\/li>\n<\/ul>\n<hr style=\"clear: both;\" \/>\n<h6>Espace Mittelland<\/h6>\n<p><img loading=\"lazy\" decoding=\"async\" class=\"size-full wp-image-2236 alignright\" title=\"Espace Mittelland\" src=\"https:\/\/www.gourmetclassic.de\/wp-content\/uploads\/2020\/06\/grossregion-espace-mittelland.png\" alt=\"Espace Mittelland\" width=\"400\" height=\"267\" \/><\/p>\n<ul>\n<li><a href=\"https:\/\/www.gourmetclassic.de\/home\/regionen\/regionen-in-der-schweiz\/bern\/\">Bern (BE)<\/a><\/li>\n<li><a href=\"https:\/\/www.gourmetclassic.de\/home\/regionen\/regionen-in-der-schweiz\/fribourg-freiburg\/\">Freiburg &#8211; Fribourg (FR)<\/a><\/li>\n<li><a href=\"https:\/\/www.gourmetclassic.de\/home\/regionen\/regionen-in-der-schweiz\/solothurn\/\">Solothurn (SO)<\/a><\/li>\n<li><a href=\"https:\/\/www.gourmetclassic.de\/home\/regionen\/regionen-in-der-schweiz\/neuenburg\/\">Neuenburg &#8211; Neuch\u00e2tel (NE)<\/a><\/li>\n<li><a href=\"https:\/\/www.gourmetclassic.de\/home\/regionen\/regionen-in-der-schweiz\/jura\/\">Jura (JU)<\/a><\/li>\n<\/ul>\n<hr style=\"clear: both;\" \/>\n<h6>Nordwestschweiz<\/h6>\n<p><img loading=\"lazy\" decoding=\"async\" class=\"size-full wp-image-2238 alignright\" title=\"Nordwestschweiz\" src=\"https:\/\/www.gourmetclassic.de\/wp-content\/uploads\/2020\/06\/grossregion-nordwestschweiz.png\" alt=\"Nordwestschweiz\" width=\"400\" height=\"267\" \/><\/p>\n<ul>\n<li><a href=\"https:\/\/www.gourmetclassic.de\/home\/regionen\/regionen-in-der-schweiz\/basel-stadt\/\">Basel-Stadt (BS)<\/a><\/li>\n<li><a href=\"https:\/\/www.gourmetclassic.de\/home\/regionen\/regionen-in-der-schweiz\/basel-landschaft\/\">Basel-Landschaft (BL)<\/a><\/li>\n<li><a href=\"https:\/\/www.gourmetclassic.de\/home\/regionen\/regionen-in-der-schweiz\/aargau\/\">Aargau (AG)<\/a><\/li>\n<\/ul>\n<hr style=\"clear: both;\" \/>\n<h6>Z\u00fcrich<\/h6>\n<p><img loading=\"lazy\" decoding=\"async\" class=\"size-full wp-image-2242 alignright\" title=\"Z\u00fcrich\" src=\"https:\/\/www.gourmetclassic.de\/wp-content\/uploads\/2020\/06\/grossregion-zuerich.png\" alt=\"Z\u00fcrich\" width=\"400\" height=\"267\" \/><\/p>\n<ul>\n<li><a href=\"https:\/\/www.gourmetclassic.de\/home\/regionen\/regionen-in-der-schweiz\/zuerich\/\">Z\u00fcrich (ZH)<\/a><\/li>\n<\/ul>\n<hr style=\"clear: both;\" \/>\n<h6>Ostschweiz<\/h6>\n<p><img loading=\"lazy\" decoding=\"async\" class=\"size-full wp-image-2239 alignright\" title=\"Ostschweiz\" src=\"https:\/\/www.gourmetclassic.de\/wp-content\/uploads\/2020\/06\/grossregion-ostschweiz.png\" alt=\"Ostschweiz\" width=\"400\" height=\"267\" \/><\/p>\n<ul>\n<li><a href=\"https:\/\/www.gourmetclassic.de\/home\/regionen\/regionen-in-der-schweiz\/glarus\/\">Glarus (GL)<\/a><\/li>\n<li><a href=\"https:\/\/www.gourmetclassic.de\/home\/regionen\/regionen-in-der-schweiz\/schaffhausen\/\">Schaffhausen (SH)<\/a><\/li>\n<li><a href=\"https:\/\/www.gourmetclassic.de\/home\/regionen\/regionen-in-der-schweiz\/appenzell-ausserrhoden\/\">Appenzell-Ausserrhoden (AR)<\/a><\/li>\n<li><a href=\"https:\/\/www.gourmetclassic.de\/home\/regionen\/regionen-in-der-schweiz\/appenzell-innerrhoden\/\">Appenzell-Innerrhoden (AI)<\/a><\/li>\n<li><a href=\"https:\/\/www.gourmetclassic.de\/home\/regionen\/regionen-in-der-schweiz\/sankt-gallen\/\">Sankt Gallen (SG)<\/a><\/li>\n<li><a href=\"https:\/\/www.gourmetclassic.de\/home\/regionen\/regionen-in-der-schweiz\/graubuenden\/\">Graub\u00fcnden (GR)<\/a><\/li>\n<li><a href=\"https:\/\/www.gourmetclassic.de\/home\/regionen\/regionen-in-der-schweiz\/thurgau\/\">Thurgau (TG)<\/a><\/li>\n<\/ul>\n<hr style=\"clear: both;\" \/>\n<h6>Zentralschweiz<\/h6>\n<p><img loading=\"lazy\" decoding=\"async\" class=\"size-full wp-image-2241 alignright\" title=\"Zentralschweiz\" src=\"https:\/\/www.gourmetclassic.de\/wp-content\/uploads\/2020\/06\/grossregion-zentralschweiz-1.png\" alt=\"Zentralschweiz\" width=\"400\" height=\"267\" \/><\/p>\n<ul>\n<li><a href=\"https:\/\/www.gourmetclassic.de\/home\/regionen\/regionen-in-der-schweiz\/luzern\/\">Luzern (LU)<\/a><\/li>\n<li><a href=\"https:\/\/www.gourmetclassic.de\/home\/regionen\/regionen-in-der-schweiz\/uri\/\">Uri (UR)<\/a><\/li>\n<li><a href=\"https:\/\/www.gourmetclassic.de\/home\/regionen\/regionen-in-der-schweiz\/schwyz\/\">Schwyz (SZ)<\/a><\/li>\n<li><a href=\"https:\/\/www.gourmetclassic.de\/home\/regionen\/regionen-in-der-schweiz\/obwalden\/\">Obwalden (OW)<\/a><\/li>\n<li><a href=\"https:\/\/www.gourmetclassic.de\/home\/regionen\/regionen-in-der-schweiz\/nidwalden\/\">Nidwalden (NW)<\/a><\/li>\n<li><a href=\"https:\/\/www.gourmetclassic.de\/home\/regionen\/regionen-in-der-schweiz\/zug\/\">Zug (ZG)<\/a><\/li>\n<\/ul>\n<hr style=\"clear: both;\" \/>\n<h6>Tessin<\/h6>\n<p><img loading=\"lazy\" decoding=\"async\" class=\"size-full wp-image-2240 alignright\" title=\"Tessin\" src=\"https:\/\/www.gourmetclassic.de\/wp-content\/uploads\/2020\/06\/grossregion-tessin.png\" alt=\"Tessin\" width=\"400\" height=\"267\" \/><\/p>\n<ul>\n<li><a href=\"https:\/\/www.gourmetclassic.de\/home\/regionen\/regionen-in-der-schweiz\/tessin-ticino\/\">Tessin &#8211; Ticino (TI)<\/a><\/li>\n<\/ul>\n<hr style=\"clear: both;\" \/>\n","protected":false},"excerpt":{"rendered":"<p>Regionale Suche nach Restaurants\/Hotels in der Schweiz Hotels und Restaurants wurden f\u00fcr die schnelle Suche dem jeweiligen Kanton der Schweiz<\/p>\n","protected":false},"author":1,"featured_media":0,"parent":68,"menu_order":0,"comment_status":"closed","ping_status":"closed","template":"","meta":{"footnotes":""},"class_list":["post-155","page","type-page","status-publish","hentry"],"yoast_head":"<!-- This site is optimized with the Yoast SEO plugin v25.6 - https:\/\/yoast.com\/wordpress\/plugins\/seo\/ -->\n<title>Regionen in der Schweiz - Gourmet Classic<\/title>\n<meta name=\"robots\" content=\"index, follow, max-snippet:-1, max-image-preview:large, max-video-preview:-1\" \/>\n<link rel=\"canonical\" href=\"https:\/\/www.gourmetclassic.de\/home\/regionen\/regionen-in-der-schweiz\/\" \/>\n<meta property=\"og:locale\" content=\"de_DE\" \/>\n<meta property=\"og:type\" content=\"article\" \/>\n<meta property=\"og:title\" content=\"Regionen in der Schweiz - Gourmet Classic\" \/>\n<meta property=\"og:description\" content=\"Regionale Suche nach Restaurants\/Hotels in der Schweiz Hotels und Restaurants wurden f\u00fcr die schnelle Suche dem jeweiligen Kanton der Schweiz\" \/>\n<meta property=\"og:url\" content=\"https:\/\/www.gourmetclassic.de\/home\/regionen\/regionen-in-der-schweiz\/\" \/>\n<meta property=\"og:site_name\" content=\"Gourmet Classic\" \/>\n<meta property=\"article:modified_time\" content=\"2020-06-08T22:30:55+00:00\" \/>\n<meta property=\"og:image\" content=\"https:\/\/www.gourmetclassic.de\/wp-content\/uploads\/2020\/06\/grossregion-genferseeregion.png\" \/>\n<meta name=\"twitter:card\" content=\"summary_large_image\" \/>\n<meta name=\"twitter:label1\" content=\"Gesch\u00e4tzte Lesezeit\" \/>\n\t<meta name=\"twitter:data1\" content=\"1\u00a0Minute\" \/>\n<script type=\"application\/ld+json\" class=\"yoast-schema-graph\">{\"@context\":\"https:\/\/schema.org\",\"@graph\":[{\"@type\":\"WebPage\",\"@id\":\"https:\/\/www.gourmetclassic.de\/home\/regionen\/regionen-in-der-schweiz\/\",\"url\":\"https:\/\/www.gourmetclassic.de\/home\/regionen\/regionen-in-der-schweiz\/\",\"name\":\"Regionen in der Schweiz - Gourmet Classic\",\"isPartOf\":{\"@id\":\"https:\/\/www.gourmetclassic.de\/home\/#website\"},\"primaryImageOfPage\":{\"@id\":\"https:\/\/www.gourmetclassic.de\/home\/regionen\/regionen-in-der-schweiz\/#primaryimage\"},\"image\":{\"@id\":\"https:\/\/www.gourmetclassic.de\/home\/regionen\/regionen-in-der-schweiz\/#primaryimage\"},\"thumbnailUrl\":\"https:\/\/www.gourmetclassic.de\/wp-content\/uploads\/2020\/06\/grossregion-genferseeregion.png\",\"datePublished\":\"2019-04-11T10:10:03+00:00\",\"dateModified\":\"2020-06-08T22:30:55+00:00\",\"breadcrumb\":{\"@id\":\"https:\/\/www.gourmetclassic.de\/home\/regionen\/regionen-in-der-schweiz\/#breadcrumb\"},\"inLanguage\":\"de\",\"potentialAction\":[{\"@type\":\"ReadAction\",\"target\":[\"https:\/\/www.gourmetclassic.de\/home\/regionen\/regionen-in-der-schweiz\/\"]}]},{\"@type\":\"ImageObject\",\"inLanguage\":\"de\",\"@id\":\"https:\/\/www.gourmetclassic.de\/home\/regionen\/regionen-in-der-schweiz\/#primaryimage\",\"url\":\"https:\/\/www.gourmetclassic.de\/wp-content\/uploads\/2020\/06\/grossregion-genferseeregion.png\",\"contentUrl\":\"https:\/\/www.gourmetclassic.de\/wp-content\/uploads\/2020\/06\/grossregion-genferseeregion.png\"},{\"@type\":\"BreadcrumbList\",\"@id\":\"https:\/\/www.gourmetclassic.de\/home\/regionen\/regionen-in-der-schweiz\/#breadcrumb\",\"itemListElement\":[{\"@type\":\"ListItem\",\"position\":1,\"name\":\"Startseite\",\"item\":\"https:\/\/www.gourmetclassic.de\/home\/\"},{\"@type\":\"ListItem\",\"position\":2,\"name\":\"Suche nach Restaurants\/Hotels in Regionen\",\"item\":\"https:\/\/www.gourmetclassic.de\/home\/regionen\/\"},{\"@type\":\"ListItem\",\"position\":3,\"name\":\"Regionen in der Schweiz\"}]},{\"@type\":\"WebSite\",\"@id\":\"https:\/\/www.gourmetclassic.de\/home\/#website\",\"url\":\"https:\/\/www.gourmetclassic.de\/home\/\",\"name\":\"Gourmet Classic\",\"description\":\"Portal der gehobenen Gastlichkeit\",\"publisher\":{\"@id\":\"https:\/\/www.gourmetclassic.de\/home\/#organization\"},\"potentialAction\":[{\"@type\":\"SearchAction\",\"target\":{\"@type\":\"EntryPoint\",\"urlTemplate\":\"https:\/\/www.gourmetclassic.de\/home\/?s={search_term_string}\"},\"query-input\":{\"@type\":\"PropertyValueSpecification\",\"valueRequired\":true,\"valueName\":\"search_term_string\"}}],\"inLanguage\":\"de\"},{\"@type\":\"Organization\",\"@id\":\"https:\/\/www.gourmetclassic.de\/home\/#organization\",\"name\":\"Gourmet Classic\",\"url\":\"https:\/\/www.gourmetclassic.de\/home\/\",\"logo\":{\"@type\":\"ImageObject\",\"inLanguage\":\"de\",\"@id\":\"https:\/\/www.gourmetclassic.de\/home\/#\/schema\/logo\/image\/\",\"url\":\"https:\/\/www.gourmetclassic.de\/wp-content\/uploads\/2019\/04\/gourmet-classic-logo.jpg\",\"contentUrl\":\"https:\/\/www.gourmetclassic.de\/wp-content\/uploads\/2019\/04\/gourmet-classic-logo.jpg\",\"width\":253,\"height\":123,\"caption\":\"Gourmet Classic\"},\"image\":{\"@id\":\"https:\/\/www.gourmetclassic.de\/home\/#\/schema\/logo\/image\/\"}}]}<\/script>\n<!-- \/ Yoast SEO plugin. -->","yoast_head_json":{"title":"Regionen in der Schweiz - Gourmet Classic","robots":{"index":"index","follow":"follow","max-snippet":"max-snippet:-1","max-image-preview":"max-image-preview:large","max-video-preview":"max-video-preview:-1"},"canonical":"https:\/\/www.gourmetclassic.de\/home\/regionen\/regionen-in-der-schweiz\/","og_locale":"de_DE","og_type":"article","og_title":"Regionen in der Schweiz - Gourmet Classic","og_description":"Regionale Suche nach Restaurants\/Hotels in der Schweiz Hotels und Restaurants wurden f\u00fcr die schnelle Suche dem jeweiligen Kanton der Schweiz","og_url":"https:\/\/www.gourmetclassic.de\/home\/regionen\/regionen-in-der-schweiz\/","og_site_name":"Gourmet Classic","article_modified_time":"2020-06-08T22:30:55+00:00","og_image":[{"url":"https:\/\/www.gourmetclassic.de\/wp-content\/uploads\/2020\/06\/grossregion-genferseeregion.png","type":"","width":"","height":""}],"twitter_card":"summary_large_image","twitter_misc":{"Gesch\u00e4tzte Lesezeit":"1\u00a0Minute"},"schema":{"@context":"https:\/\/schema.org","@graph":[{"@type":"WebPage","@id":"https:\/\/www.gourmetclassic.de\/home\/regionen\/regionen-in-der-schweiz\/","url":"https:\/\/www.gourmetclassic.de\/home\/regionen\/regionen-in-der-schweiz\/","name":"Regionen in der Schweiz - Gourmet Classic","isPartOf":{"@id":"https:\/\/www.gourmetclassic.de\/home\/#website"},"primaryImageOfPage":{"@id":"https:\/\/www.gourmetclassic.de\/home\/regionen\/regionen-in-der-schweiz\/#primaryimage"},"image":{"@id":"https:\/\/www.gourmetclassic.de\/home\/regionen\/regionen-in-der-schweiz\/#primaryimage"},"thumbnailUrl":"https:\/\/www.gourmetclassic.de\/wp-content\/uploads\/2020\/06\/grossregion-genferseeregion.png","datePublished":"2019-04-11T10:10:03+00:00","dateModified":"2020-06-08T22:30:55+00:00","breadcrumb":{"@id":"https:\/\/www.gourmetclassic.de\/home\/regionen\/regionen-in-der-schweiz\/#breadcrumb"},"inLanguage":"de","potentialAction":[{"@type":"ReadAction","target":["https:\/\/www.gourmetclassic.de\/home\/regionen\/regionen-in-der-schweiz\/"]}]},{"@type":"ImageObject","inLanguage":"de","@id":"https:\/\/www.gourmetclassic.de\/home\/regionen\/regionen-in-der-schweiz\/#primaryimage","url":"https:\/\/www.gourmetclassic.de\/wp-content\/uploads\/2020\/06\/grossregion-genferseeregion.png","contentUrl":"https:\/\/www.gourmetclassic.de\/wp-content\/uploads\/2020\/06\/grossregion-genferseeregion.png"},{"@type":"BreadcrumbList","@id":"https:\/\/www.gourmetclassic.de\/home\/regionen\/regionen-in-der-schweiz\/#breadcrumb","itemListElement":[{"@type":"ListItem","position":1,"name":"Startseite","item":"https:\/\/www.gourmetclassic.de\/home\/"},{"@type":"ListItem","position":2,"name":"Suche nach Restaurants\/Hotels in Regionen","item":"https:\/\/www.gourmetclassic.de\/home\/regionen\/"},{"@type":"ListItem","position":3,"name":"Regionen in der Schweiz"}]},{"@type":"WebSite","@id":"https:\/\/www.gourmetclassic.de\/home\/#website","url":"https:\/\/www.gourmetclassic.de\/home\/","name":"Gourmet Classic","description":"Portal der gehobenen Gastlichkeit","publisher":{"@id":"https:\/\/www.gourmetclassic.de\/home\/#organization"},"potentialAction":[{"@type":"SearchAction","target":{"@type":"EntryPoint","urlTemplate":"https:\/\/www.gourmetclassic.de\/home\/?s={search_term_string}"},"query-input":{"@type":"PropertyValueSpecification","valueRequired":true,"valueName":"search_term_string"}}],"inLanguage":"de"},{"@type":"Organization","@id":"https:\/\/www.gourmetclassic.de\/home\/#organization","name":"Gourmet Classic","url":"https:\/\/www.gourmetclassic.de\/home\/","logo":{"@type":"ImageObject","inLanguage":"de","@id":"https:\/\/www.gourmetclassic.de\/home\/#\/schema\/logo\/image\/","url":"https:\/\/www.gourmetclassic.de\/wp-content\/uploads\/2019\/04\/gourmet-classic-logo.jpg","contentUrl":"https:\/\/www.gourmetclassic.de\/wp-content\/uploads\/2019\/04\/gourmet-classic-logo.jpg","width":253,"height":123,"caption":"Gourmet Classic"},"image":{"@id":"https:\/\/www.gourmetclassic.de\/home\/#\/schema\/logo\/image\/"}}]}},"_links":{"self":[{"href":"https:\/\/www.gourmetclassic.de\/home\/wp-json\/wp\/v2\/pages\/155"}],"collection":[{"href":"https:\/\/www.gourmetclassic.de\/home\/wp-json\/wp\/v2\/pages"}],"about":[{"href":"https:\/\/www.gourmetclassic.de\/home\/wp-json\/wp\/v2\/types\/page"}],"author":[{"embeddable":true,"href":"https:\/\/www.gourmetclassic.de\/home\/wp-json\/wp\/v2\/users\/1"}],"replies":[{"embeddable":true,"href":"https:\/\/www.gourmetclassic.de\/home\/wp-json\/wp\/v2\/comments?post=155"}],"version-history":[{"count":50,"href":"https:\/\/www.gourmetclassic.de\/home\/wp-json\/wp\/v2\/pages\/155\/revisions"}],"predecessor-version":[{"id":2259,"href":"https:\/\/www.gourmetclassic.de\/home\/wp-json\/wp\/v2\/pages\/155\/revisions\/2259"}],"up":[{"embeddable":true,"href":"https:\/\/www.gourmetclassic.de\/home\/wp-json\/wp\/v2\/pages\/68"}],"wp:attachment":[{"href":"https:\/\/www.gourmetclassic.de\/home\/wp-json\/wp\/v2\/media?parent=155"}],"curies":[{"name":"wp","href":"https:\/\/api.w.org\/{rel}","templated":true}]}}