{"id":1599,"date":"2020-05-28T20:28:06","date_gmt":"2020-05-28T18:28:06","guid":{"rendered":"https:\/\/www.gourmetclassic.de\/home\/?page_id=1599"},"modified":"2024-01-30T14:39:16","modified_gmt":"2024-01-30T13:39:16","slug":"fraenkisches-weinland","status":"publish","type":"page","link":"https:\/\/www.gourmetclassic.de\/home\/regionen\/regionen-in-deutschland\/fraenkisches-weinland\/","title":{"rendered":"Fr\u00e4nkisches Weinland &#8211; Weinanbaugebiet Franken"},"content":{"rendered":"<p><img loading=\"lazy\" decoding=\"async\" class=\"alignnone size-full wp-image-1597\" title=\"Fr\u00e4nkisches Weinland - W\u00fcrzburg\" src=\"https:\/\/www.gourmetclassic.de\/wp-content\/uploads\/2020\/05\/weinfranken-wuerzburg.jpg\" alt=\"Fr\u00e4nkisches Weinland - W\u00fcrzburg\" width=\"1920\" height=\"800\" srcset=\"https:\/\/www.gourmetclassic.de\/wp-content\/uploads\/2020\/05\/weinfranken-wuerzburg.jpg 1920w, https:\/\/www.gourmetclassic.de\/wp-content\/uploads\/2020\/05\/weinfranken-wuerzburg-768x320.jpg 768w, https:\/\/www.gourmetclassic.de\/wp-content\/uploads\/2020\/05\/weinfranken-wuerzburg-1536x640.jpg 1536w\" sizes=\"(max-width: 1920px) 100vw, 1920px\" \/><\/p>\n<p><img loading=\"lazy\" decoding=\"async\" class=\"size-full wp-image-1442 alignleft\" title=\"Fr\u00e4nkisches Weinland\" src=\"https:\/\/www.gourmetclassic.de\/wp-content\/uploads\/2020\/05\/fraenkisches-weinland_400.png\" alt=\"Fr\u00e4nkisches Weinland\" width=\"400\" height=\"400\" \/>Das Weinbaugebiet Franken (auch: Fr\u00e4nkisches Weinland oder Weinfranken) ist ein deutsches Weinbaugebiet und eine nach \u00a7 3 Abs. 1 Nr. 5 Weingesetz als bestimmtes Anbaugebiet (bA) ausgewiesene Region f\u00fcr Qualit\u00e4tswein. Das Weinbaugebiet liegt im Gegensatz zur Region Franken ausschlie\u00dflich innerhalb Bayerns in den drei Regierungsbezirken Unterfranken, Mittelfranken und Oberfranken mit Schwerpunkt in Unterfranken. Das Weinbaugebiet erstreckt sich \u00fcber den gr\u00f6\u00dften Teil des Tals des Mains, wurde aber im Gegensatz zu allen anderen deutschen Weinbaugebieten vergleichbarer Geografie nicht nach dem ma\u00dfgebenden Fluss benannt.<\/p>\n<p>Mit etwa 6250 ha Anbaufl\u00e4che (2017) geh\u00f6rt das Weinbaugebiet Franken in Folge der Verdreifachung der Rebfl\u00e4chen seit den 1970er Jahren zu den mittelgro\u00dfen Weinbaugebieten Deutschlands. Im Mittelalter war Franken mit fast 40.000 ha Rebfl\u00e4che das gr\u00f6\u00dfte Weinbaugebiet im Heiligen R\u00f6mischen Reich n\u00f6rdlich der Alpen. Der Anteil an Rotwein im einstmals klassischen Wei\u00dfweingebiet nahm in j\u00fcngerer Zeit stark zu und umfasst heute etwa 19 % der Rebfl\u00e4chen.<\/p>\n<p>Unter den deutschen bestimmten Weinbaugebieten hat Franken in mehrfacher Hinsicht eine Ausnahmestellung mit der Leitsorte Silvaner, dem meist recht trockenen Ausbau des Weins mit speziellen Geschmacksbezeichnungen (fr\u00e4nkisch trocken statt deutsch trocken) und dem \u00e4u\u00dferlich auff\u00e4lligsten Merkmal, dem Bocksbeutel als Flasche. Das Gebiet entlang des Steigerwaldtraufs mit seinen Gipskeuperb\u00f6den in Verbindung mit dem Kontinentalklima gilt als ein herausragendes Wei\u00dfweingebiet weltweit.<\/p>\n<p>Die Weinberge sind sehr unterschiedlich strukturiert. Das fr\u00e4nkische Weinland bildet eine in Deutschland au\u00dfergew\u00f6hnliche Kulturlandschaft in Verbindung mit der Lebensart der \u00f6rtlichen Bev\u00f6lkerung, Wein als Volksgetr\u00e4nk, unz\u00e4hligen Weinfesten jenseits vom Massentourismus und vielfach regional gepr\u00e4gter Gastronomie (zweitgr\u00f6\u00dfte Slow Food-Region Deutschlands). (Quelle: <a href=\"https:\/\/de.wikipedia.org\/wiki\/Franken_(Weinanbaugebiet)\" target=\"_blank\" rel=\"noopener noreferrer\">Wikipedia<\/a>)<\/p>\n<div id=\"footable_parent_3874\"\n         class=\" footable_parent ninja_table_wrapper loading_ninja_table wp_table_data_press_parent semantic_ui \">\n                <table data-ninja_table_instance=\"ninja_table_instance_0\" data-footable_id=\"3874\" data-filter-delay=\"1000\" aria-label=\"Rest-DE-kopie\"            id=\"footable_3874\"\n           data-unique_identifier=\"ninja_table_unique_id_1253006991_3874\"\n           class=\" foo-table ninja_footable foo_table_3874 ninja_table_unique_id_1253006991_3874 ui table  ninja_has_count_format ninja_search_right nt_type_ajax_table selectable striped vertical_centered  footable-paging-right ninja_table_pro ninja_table_afd_columns ninja_table_afcs_columns_2 ninja_table_afcl_new_line ninja_table_has_custom_filter\">\n                <colgroup>\n                            <col class=\"ninja_column_0 \">\n                            <col class=\"ninja_column_1 \">\n                            <col class=\"ninja_column_2 \">\n                            <col class=\"ninja_column_3 \">\n                            <col class=\"ninja_column_4 \">\n                            <col class=\"ninja_column_5 \">\n                            <col class=\"ninja_column_6 \">\n                            <col class=\"ninja_column_7 xs sm md lg\">\n                            <col class=\"ninja_column_8 \">\n                            <col class=\"ninja_column_9 xs sm md lg\">\n                            <col class=\"ninja_column_10 \">\n                            <col class=\"ninja_column_11 \">\n                            <col class=\"ninja_column_12 xs sm md lg\">\n                            <col class=\"ninja_column_13 xs sm md lg\">\n                    <\/colgroup>\n            <\/table>\n    \n    \n    \n<\/div>\n\n<p>&nbsp;<\/p>\n","protected":false},"excerpt":{"rendered":"<p>Das Weinbaugebiet Franken (auch: Fr\u00e4nkisches Weinland oder Weinfranken) ist ein deutsches Weinbaugebiet und eine nach \u00a7 3 Abs. 1 Nr.<\/p>\n","protected":false},"author":1,"featured_media":0,"parent":151,"menu_order":0,"comment_status":"closed","ping_status":"closed","template":"","meta":{"footnotes":""},"class_list":["post-1599","page","type-page","status-publish","hentry"],"yoast_head":"<!-- This site is optimized with the Yoast SEO plugin v25.6 - https:\/\/yoast.com\/wordpress\/plugins\/seo\/ -->\n<title>Fr\u00e4nkisches Weinland - Weinanbaugebiet Franken - Gourmet Classic<\/title>\n<meta name=\"robots\" content=\"index, follow, max-snippet:-1, max-image-preview:large, max-video-preview:-1\" \/>\n<link rel=\"canonical\" href=\"https:\/\/www.gourmetclassic.de\/home\/regionen\/regionen-in-deutschland\/fraenkisches-weinland\/\" \/>\n<meta property=\"og:locale\" content=\"de_DE\" \/>\n<meta property=\"og:type\" content=\"article\" \/>\n<meta property=\"og:title\" content=\"Fr\u00e4nkisches Weinland - Weinanbaugebiet Franken - Gourmet Classic\" \/>\n<meta property=\"og:description\" content=\"Das Weinbaugebiet Franken (auch: Fr\u00e4nkisches Weinland oder Weinfranken) ist ein deutsches Weinbaugebiet und eine nach \u00a7 3 Abs. 1 Nr.\" \/>\n<meta property=\"og:url\" content=\"https:\/\/www.gourmetclassic.de\/home\/regionen\/regionen-in-deutschland\/fraenkisches-weinland\/\" \/>\n<meta property=\"og:site_name\" content=\"Gourmet Classic\" \/>\n<meta property=\"article:modified_time\" content=\"2024-01-30T13:39:16+00:00\" \/>\n<meta property=\"og:image\" content=\"https:\/\/www.gourmetclassic.de\/wp-content\/uploads\/2020\/05\/weinfranken-wuerzburg.jpg\" \/>\n<meta name=\"twitter:card\" content=\"summary_large_image\" \/>\n<meta name=\"twitter:label1\" content=\"Gesch\u00e4tzte Lesezeit\" \/>\n\t<meta name=\"twitter:data1\" content=\"2\u00a0Minuten\" \/>\n<script type=\"application\/ld+json\" class=\"yoast-schema-graph\">{\"@context\":\"https:\/\/schema.org\",\"@graph\":[{\"@type\":\"WebPage\",\"@id\":\"https:\/\/www.gourmetclassic.de\/home\/regionen\/regionen-in-deutschland\/fraenkisches-weinland\/\",\"url\":\"https:\/\/www.gourmetclassic.de\/home\/regionen\/regionen-in-deutschland\/fraenkisches-weinland\/\",\"name\":\"Fr\u00e4nkisches Weinland - Weinanbaugebiet Franken - Gourmet Classic\",\"isPartOf\":{\"@id\":\"https:\/\/www.gourmetclassic.de\/home\/#website\"},\"primaryImageOfPage\":{\"@id\":\"https:\/\/www.gourmetclassic.de\/home\/regionen\/regionen-in-deutschland\/fraenkisches-weinland\/#primaryimage\"},\"image\":{\"@id\":\"https:\/\/www.gourmetclassic.de\/home\/regionen\/regionen-in-deutschland\/fraenkisches-weinland\/#primaryimage\"},\"thumbnailUrl\":\"https:\/\/www.gourmetclassic.de\/wp-content\/uploads\/2020\/05\/weinfranken-wuerzburg.jpg\",\"datePublished\":\"2020-05-28T18:28:06+00:00\",\"dateModified\":\"2024-01-30T13:39:16+00:00\",\"breadcrumb\":{\"@id\":\"https:\/\/www.gourmetclassic.de\/home\/regionen\/regionen-in-deutschland\/fraenkisches-weinland\/#breadcrumb\"},\"inLanguage\":\"de\",\"potentialAction\":[{\"@type\":\"ReadAction\",\"target\":[\"https:\/\/www.gourmetclassic.de\/home\/regionen\/regionen-in-deutschland\/fraenkisches-weinland\/\"]}]},{\"@type\":\"ImageObject\",\"inLanguage\":\"de\",\"@id\":\"https:\/\/www.gourmetclassic.de\/home\/regionen\/regionen-in-deutschland\/fraenkisches-weinland\/#primaryimage\",\"url\":\"https:\/\/www.gourmetclassic.de\/wp-content\/uploads\/2020\/05\/weinfranken-wuerzburg.jpg\",\"contentUrl\":\"https:\/\/www.gourmetclassic.de\/wp-content\/uploads\/2020\/05\/weinfranken-wuerzburg.jpg\"},{\"@type\":\"BreadcrumbList\",\"@id\":\"https:\/\/www.gourmetclassic.de\/home\/regionen\/regionen-in-deutschland\/fraenkisches-weinland\/#breadcrumb\",\"itemListElement\":[{\"@type\":\"ListItem\",\"position\":1,\"name\":\"Startseite\",\"item\":\"https:\/\/www.gourmetclassic.de\/home\/\"},{\"@type\":\"ListItem\",\"position\":2,\"name\":\"Suche nach Restaurants\/Hotels in Regionen\",\"item\":\"https:\/\/www.gourmetclassic.de\/home\/regionen\/\"},{\"@type\":\"ListItem\",\"position\":3,\"name\":\"Regionen in Deutschland\",\"item\":\"https:\/\/www.gourmetclassic.de\/home\/regionen\/regionen-in-deutschland\/\"},{\"@type\":\"ListItem\",\"position\":4,\"name\":\"Fr\u00e4nkisches Weinland &#8211; Weinanbaugebiet Franken\"}]},{\"@type\":\"WebSite\",\"@id\":\"https:\/\/www.gourmetclassic.de\/home\/#website\",\"url\":\"https:\/\/www.gourmetclassic.de\/home\/\",\"name\":\"Gourmet Classic\",\"description\":\"Portal der gehobenen Gastlichkeit\",\"publisher\":{\"@id\":\"https:\/\/www.gourmetclassic.de\/home\/#organization\"},\"potentialAction\":[{\"@type\":\"SearchAction\",\"target\":{\"@type\":\"EntryPoint\",\"urlTemplate\":\"https:\/\/www.gourmetclassic.de\/home\/?s={search_term_string}\"},\"query-input\":{\"@type\":\"PropertyValueSpecification\",\"valueRequired\":true,\"valueName\":\"search_term_string\"}}],\"inLanguage\":\"de\"},{\"@type\":\"Organization\",\"@id\":\"https:\/\/www.gourmetclassic.de\/home\/#organization\",\"name\":\"Gourmet Classic\",\"url\":\"https:\/\/www.gourmetclassic.de\/home\/\",\"logo\":{\"@type\":\"ImageObject\",\"inLanguage\":\"de\",\"@id\":\"https:\/\/www.gourmetclassic.de\/home\/#\/schema\/logo\/image\/\",\"url\":\"https:\/\/www.gourmetclassic.de\/wp-content\/uploads\/2019\/04\/gourmet-classic-logo.jpg\",\"contentUrl\":\"https:\/\/www.gourmetclassic.de\/wp-content\/uploads\/2019\/04\/gourmet-classic-logo.jpg\",\"width\":253,\"height\":123,\"caption\":\"Gourmet Classic\"},\"image\":{\"@id\":\"https:\/\/www.gourmetclassic.de\/home\/#\/schema\/logo\/image\/\"}}]}<\/script>\n<!-- \/ Yoast SEO plugin. -->","yoast_head_json":{"title":"Fr\u00e4nkisches Weinland - Weinanbaugebiet Franken - Gourmet Classic","robots":{"index":"index","follow":"follow","max-snippet":"max-snippet:-1","max-image-preview":"max-image-preview:large","max-video-preview":"max-video-preview:-1"},"canonical":"https:\/\/www.gourmetclassic.de\/home\/regionen\/regionen-in-deutschland\/fraenkisches-weinland\/","og_locale":"de_DE","og_type":"article","og_title":"Fr\u00e4nkisches Weinland - Weinanbaugebiet Franken - Gourmet Classic","og_description":"Das Weinbaugebiet Franken (auch: Fr\u00e4nkisches Weinland oder Weinfranken) ist ein deutsches Weinbaugebiet und eine nach \u00a7 3 Abs. 1 Nr.","og_url":"https:\/\/www.gourmetclassic.de\/home\/regionen\/regionen-in-deutschland\/fraenkisches-weinland\/","og_site_name":"Gourmet Classic","article_modified_time":"2024-01-30T13:39:16+00:00","og_image":[{"url":"https:\/\/www.gourmetclassic.de\/wp-content\/uploads\/2020\/05\/weinfranken-wuerzburg.jpg","type":"","width":"","height":""}],"twitter_card":"summary_large_image","twitter_misc":{"Gesch\u00e4tzte Lesezeit":"2\u00a0Minuten"},"schema":{"@context":"https:\/\/schema.org","@graph":[{"@type":"WebPage","@id":"https:\/\/www.gourmetclassic.de\/home\/regionen\/regionen-in-deutschland\/fraenkisches-weinland\/","url":"https:\/\/www.gourmetclassic.de\/home\/regionen\/regionen-in-deutschland\/fraenkisches-weinland\/","name":"Fr\u00e4nkisches Weinland - Weinanbaugebiet Franken - Gourmet Classic","isPartOf":{"@id":"https:\/\/www.gourmetclassic.de\/home\/#website"},"primaryImageOfPage":{"@id":"https:\/\/www.gourmetclassic.de\/home\/regionen\/regionen-in-deutschland\/fraenkisches-weinland\/#primaryimage"},"image":{"@id":"https:\/\/www.gourmetclassic.de\/home\/regionen\/regionen-in-deutschland\/fraenkisches-weinland\/#primaryimage"},"thumbnailUrl":"https:\/\/www.gourmetclassic.de\/wp-content\/uploads\/2020\/05\/weinfranken-wuerzburg.jpg","datePublished":"2020-05-28T18:28:06+00:00","dateModified":"2024-01-30T13:39:16+00:00","breadcrumb":{"@id":"https:\/\/www.gourmetclassic.de\/home\/regionen\/regionen-in-deutschland\/fraenkisches-weinland\/#breadcrumb"},"inLanguage":"de","potentialAction":[{"@type":"ReadAction","target":["https:\/\/www.gourmetclassic.de\/home\/regionen\/regionen-in-deutschland\/fraenkisches-weinland\/"]}]},{"@type":"ImageObject","inLanguage":"de","@id":"https:\/\/www.gourmetclassic.de\/home\/regionen\/regionen-in-deutschland\/fraenkisches-weinland\/#primaryimage","url":"https:\/\/www.gourmetclassic.de\/wp-content\/uploads\/2020\/05\/weinfranken-wuerzburg.jpg","contentUrl":"https:\/\/www.gourmetclassic.de\/wp-content\/uploads\/2020\/05\/weinfranken-wuerzburg.jpg"},{"@type":"BreadcrumbList","@id":"https:\/\/www.gourmetclassic.de\/home\/regionen\/regionen-in-deutschland\/fraenkisches-weinland\/#breadcrumb","itemListElement":[{"@type":"ListItem","position":1,"name":"Startseite","item":"https:\/\/www.gourmetclassic.de\/home\/"},{"@type":"ListItem","position":2,"name":"Suche nach Restaurants\/Hotels in Regionen","item":"https:\/\/www.gourmetclassic.de\/home\/regionen\/"},{"@type":"ListItem","position":3,"name":"Regionen in Deutschland","item":"https:\/\/www.gourmetclassic.de\/home\/regionen\/regionen-in-deutschland\/"},{"@type":"ListItem","position":4,"name":"Fr\u00e4nkisches Weinland &#8211; Weinanbaugebiet Franken"}]},{"@type":"WebSite","@id":"https:\/\/www.gourmetclassic.de\/home\/#website","url":"https:\/\/www.gourmetclassic.de\/home\/","name":"Gourmet Classic","description":"Portal der gehobenen Gastlichkeit","publisher":{"@id":"https:\/\/www.gourmetclassic.de\/home\/#organization"},"potentialAction":[{"@type":"SearchAction","target":{"@type":"EntryPoint","urlTemplate":"https:\/\/www.gourmetclassic.de\/home\/?s={search_term_string}"},"query-input":{"@type":"PropertyValueSpecification","valueRequired":true,"valueName":"search_term_string"}}],"inLanguage":"de"},{"@type":"Organization","@id":"https:\/\/www.gourmetclassic.de\/home\/#organization","name":"Gourmet Classic","url":"https:\/\/www.gourmetclassic.de\/home\/","logo":{"@type":"ImageObject","inLanguage":"de","@id":"https:\/\/www.gourmetclassic.de\/home\/#\/schema\/logo\/image\/","url":"https:\/\/www.gourmetclassic.de\/wp-content\/uploads\/2019\/04\/gourmet-classic-logo.jpg","contentUrl":"https:\/\/www.gourmetclassic.de\/wp-content\/uploads\/2019\/04\/gourmet-classic-logo.jpg","width":253,"height":123,"caption":"Gourmet Classic"},"image":{"@id":"https:\/\/www.gourmetclassic.de\/home\/#\/schema\/logo\/image\/"}}]}},"_links":{"self":[{"href":"https:\/\/www.gourmetclassic.de\/home\/wp-json\/wp\/v2\/pages\/1599"}],"collection":[{"href":"https:\/\/www.gourmetclassic.de\/home\/wp-json\/wp\/v2\/pages"}],"about":[{"href":"https:\/\/www.gourmetclassic.de\/home\/wp-json\/wp\/v2\/types\/page"}],"author":[{"embeddable":true,"href":"https:\/\/www.gourmetclassic.de\/home\/wp-json\/wp\/v2\/users\/1"}],"replies":[{"embeddable":true,"href":"https:\/\/www.gourmetclassic.de\/home\/wp-json\/wp\/v2\/comments?post=1599"}],"version-history":[{"count":3,"href":"https:\/\/www.gourmetclassic.de\/home\/wp-json\/wp\/v2\/pages\/1599\/revisions"}],"predecessor-version":[{"id":4485,"href":"https:\/\/www.gourmetclassic.de\/home\/wp-json\/wp\/v2\/pages\/1599\/revisions\/4485"}],"up":[{"embeddable":true,"href":"https:\/\/www.gourmetclassic.de\/home\/wp-json\/wp\/v2\/pages\/151"}],"wp:attachment":[{"href":"https:\/\/www.gourmetclassic.de\/home\/wp-json\/wp\/v2\/media?parent=1599"}],"curies":[{"name":"wp","href":"https:\/\/api.w.org\/{rel}","templated":true}]}}