{"id":1604,"date":"2020-05-28T20:35:37","date_gmt":"2020-05-28T18:35:37","guid":{"rendered":"https:\/\/www.gourmetclassic.de\/home\/?page_id=1604"},"modified":"2024-01-30T14:40:21","modified_gmt":"2024-01-30T13:40:21","slug":"hannover","status":"publish","type":"page","link":"https:\/\/www.gourmetclassic.de\/home\/regionen\/regionen-in-deutschland\/hannover\/","title":{"rendered":"Hannover"},"content":{"rendered":"<p><img loading=\"lazy\" decoding=\"async\" class=\"alignnone size-full wp-image-1603\" title=\"Hannover\" src=\"https:\/\/www.gourmetclassic.de\/wp-content\/uploads\/2020\/05\/hannover.jpg\" alt=\"Hannover\" width=\"1920\" height=\"800\" srcset=\"https:\/\/www.gourmetclassic.de\/wp-content\/uploads\/2020\/05\/hannover.jpg 1920w, https:\/\/www.gourmetclassic.de\/wp-content\/uploads\/2020\/05\/hannover-768x320.jpg 768w, https:\/\/www.gourmetclassic.de\/wp-content\/uploads\/2020\/05\/hannover-1536x640.jpg 1536w\" sizes=\"(max-width: 1920px) 100vw, 1920px\" \/><\/p>\n<p>Hannover ist die Hauptstadt des Landes Niedersachsen. Der am S\u00fcdrand des Norddeutschen Tieflandes an der Leine und der Ihme gelegene Ort wurde 1150 erstmals erw\u00e4hnt und erhielt 1241 das Stadtrecht. Hannover war ab 1636 welfische Residenzstadt, ab 1692 Residenz Kurhannovers, ab 1814 Hauptstadt des K\u00f6nigreichs Hannover, nach dessen Annexion durch Preu\u00dfen ab 1866 Provinzhauptstadt der Provinz Hannover, nach Aufl\u00f6sung Preu\u00dfens im August 1946 Hauptstadt des Landes Hannover und nach dessen Fusion mit den Freistaaten Braunschweig, Oldenburg und Schaumburg-Lippe im November 1946 nieders\u00e4chsische Landeshauptstadt. Seit 1875 Gro\u00dfstadt, z\u00e4hlt Hannover heute mit 538.068 Einwohnern (Ende 2018) zu den 15 einwohnerreichsten St\u00e4dten Deutschlands.<\/p>\n<p>Stadt und fr\u00fcherer Landkreis sind zu einem Kommunalverband besonderer Art, der Region Hannover, zusammengeschlossen, die der Metropolregion Hannover-Braunschweig-G\u00f6ttingen-Wolfsburg angeh\u00f6rt. Hannover ist ein europ\u00e4isches Verkehrsdrehkreuz, denn in und bei Hannover kreuzen sich wichtige Stra\u00dfen- und Schienenwege der Nord-S\u00fcd- und Ost-West-Richtung. N\u00f6rdlich der Stadt liegt der internationale Flughafen, und \u00fcber den Mittellandkanal ist die Stadt mit mehreren H\u00e4fen an das Binnenschifffahrtsnetz angebunden. Vom 13. Jahrhundert bis ca. 1620 war Hannover Hansestadt; seit Ende Juni 2019 ist die Stadt Mitglied im 1980 symbolisch wiedergegr\u00fcndeten Hansebund.[3] Im Rahmen des Wiederaufbaus nach dem Zweiten Weltkrieg als autogerechte Stadt entstanden der Cityring und die Schnellwege.<\/p>\n<p>Hannover ist Standort von elf Hochschulen und mehreren Bibliotheken. Der Briefwechsel von Gottfried Wilhelm Leibniz und der Goldene Brief, aufbewahrt in der Gottfried Wilhelm Leibniz Bibliothek, geh\u00f6ren zum Weltdokumentenerbe der UNESCO. Hannover ist ein wichtiger Wirtschaftsstandort und eine \u00fcberregional bedeutende Einkaufsstadt. Die Kulturszene gilt mit zahlreichen und zum Teil international renommierten Theatern und Museen als vielf\u00e4ltig. J\u00e4hrlich finden zahlreiche internationale Theater-, Musik- und Tanzfestivals statt. Seit 2014 ist Hannover eine UNESCO City of Music. Das Stadtbild ist gepr\u00e4gt durch zahlreiche \u00f6ffentliche Gr\u00fcnanlagen, eine hohe Dichte an Stra\u00dfenkunst und zahlreiche Baudenkmale, dazu geh\u00f6ren repr\u00e4sentative Bauten der Norddeutschen Backsteingotik, der Hannoverschen Architekturschule, des Backsteinexpressionismus, des Jugendstils und klassizistische Bauten von Georg Ludwig Friedrich Laves. W\u00e4hrend in der Innenstadt Nachkriegsbauten dominieren, haben viele Stadtviertel einen beachtlichen Altbaubestand und pflegen eigene Identit\u00e4ten. \u00dcberregional bekannt sind der Erlebnis-Zoo Hannover, der Maschsee und die Herrenh\u00e4user G\u00e4rten, eine weltweite Rarit\u00e4t ist der Bogenaufzug im Neuen Rathaus. Mit dem weltgr\u00f6\u00dften Messegel\u00e4nde und zahlreichen Weltleitmessen, allen voran die Hannover-Messe, ist Hannover eine der f\u00fchrenden Kongress- und Messest\u00e4dte Europas. J\u00e4hrlich findet das gr\u00f6\u00dfte Sch\u00fctzenfest der Welt statt und seit 1955 tr\u00e4gt Hannover den offiziellen Ehrentitel \u201eSch\u00fctzenstadt\u201c. Das j\u00e4hrliche Maschseefest ist das gr\u00f6\u00dfte Seefest Deutschlands. Seit Dezember 2019 ist Hannover offiziell auf der Shortlist um den Titel Kulturhauptstadt Europas 2025. (Quelle: <a href=\"https:\/\/de.wikipedia.org\/wiki\/Hannover\" target=\"_blank\" rel=\"noopener noreferrer\">Wikipedia<\/a>)<\/p>\n<div id=\"footable_parent_3874\"\n         class=\" footable_parent ninja_table_wrapper loading_ninja_table wp_table_data_press_parent semantic_ui \">\n                <table data-ninja_table_instance=\"ninja_table_instance_0\" data-footable_id=\"3874\" data-filter-delay=\"1000\" aria-label=\"Rest-DE-kopie\"            id=\"footable_3874\"\n           data-unique_identifier=\"ninja_table_unique_id_1163101134_3874\"\n           class=\" foo-table ninja_footable foo_table_3874 ninja_table_unique_id_1163101134_3874 ui table  ninja_has_count_format ninja_search_right nt_type_ajax_table selectable striped vertical_centered  footable-paging-right ninja_table_pro ninja_table_afd_columns ninja_table_afcs_columns_2 ninja_table_afcl_new_line ninja_table_has_custom_filter\">\n                <colgroup>\n                            <col class=\"ninja_column_0 \">\n                            <col class=\"ninja_column_1 \">\n                            <col class=\"ninja_column_2 \">\n                            <col class=\"ninja_column_3 \">\n                            <col class=\"ninja_column_4 \">\n                            <col class=\"ninja_column_5 \">\n                            <col class=\"ninja_column_6 \">\n                            <col class=\"ninja_column_7 xs sm md lg\">\n                            <col class=\"ninja_column_8 \">\n                            <col class=\"ninja_column_9 xs sm md lg\">\n                            <col class=\"ninja_column_10 \">\n                            <col class=\"ninja_column_11 \">\n                            <col class=\"ninja_column_12 xs sm md lg\">\n                            <col class=\"ninja_column_13 xs sm md lg\">\n                    <\/colgroup>\n            <\/table>\n    \n    \n    \n<\/div>\n\n","protected":false},"excerpt":{"rendered":"<p>Hannover ist die Hauptstadt des Landes Niedersachsen. Der am S\u00fcdrand des Norddeutschen Tieflandes an der Leine und der Ihme gelegene<\/p>\n","protected":false},"author":1,"featured_media":0,"parent":151,"menu_order":0,"comment_status":"closed","ping_status":"closed","template":"","meta":{"footnotes":""},"class_list":["post-1604","page","type-page","status-publish","hentry"],"yoast_head":"<!-- This site is optimized with the Yoast SEO plugin v25.6 - https:\/\/yoast.com\/wordpress\/plugins\/seo\/ -->\n<title>Hannover - Gourmet Classic<\/title>\n<meta name=\"robots\" content=\"index, follow, max-snippet:-1, max-image-preview:large, max-video-preview:-1\" \/>\n<link rel=\"canonical\" href=\"https:\/\/www.gourmetclassic.de\/home\/regionen\/regionen-in-deutschland\/hannover\/\" \/>\n<meta property=\"og:locale\" content=\"de_DE\" \/>\n<meta property=\"og:type\" content=\"article\" \/>\n<meta property=\"og:title\" content=\"Hannover - Gourmet Classic\" \/>\n<meta property=\"og:description\" content=\"Hannover ist die Hauptstadt des Landes Niedersachsen. Der am S\u00fcdrand des Norddeutschen Tieflandes an der Leine und der Ihme gelegene\" \/>\n<meta property=\"og:url\" content=\"https:\/\/www.gourmetclassic.de\/home\/regionen\/regionen-in-deutschland\/hannover\/\" \/>\n<meta property=\"og:site_name\" content=\"Gourmet Classic\" \/>\n<meta property=\"article:modified_time\" content=\"2024-01-30T13:40:21+00:00\" \/>\n<meta property=\"og:image\" content=\"https:\/\/www.gourmetclassic.de\/wp-content\/uploads\/2020\/05\/hannover.jpg\" \/>\n<meta name=\"twitter:card\" content=\"summary_large_image\" \/>\n<meta name=\"twitter:label1\" content=\"Gesch\u00e4tzte Lesezeit\" \/>\n\t<meta name=\"twitter:data1\" content=\"3\u00a0Minuten\" \/>\n<script type=\"application\/ld+json\" class=\"yoast-schema-graph\">{\"@context\":\"https:\/\/schema.org\",\"@graph\":[{\"@type\":\"WebPage\",\"@id\":\"https:\/\/www.gourmetclassic.de\/home\/regionen\/regionen-in-deutschland\/hannover\/\",\"url\":\"https:\/\/www.gourmetclassic.de\/home\/regionen\/regionen-in-deutschland\/hannover\/\",\"name\":\"Hannover - Gourmet Classic\",\"isPartOf\":{\"@id\":\"https:\/\/www.gourmetclassic.de\/home\/#website\"},\"primaryImageOfPage\":{\"@id\":\"https:\/\/www.gourmetclassic.de\/home\/regionen\/regionen-in-deutschland\/hannover\/#primaryimage\"},\"image\":{\"@id\":\"https:\/\/www.gourmetclassic.de\/home\/regionen\/regionen-in-deutschland\/hannover\/#primaryimage\"},\"thumbnailUrl\":\"https:\/\/www.gourmetclassic.de\/wp-content\/uploads\/2020\/05\/hannover.jpg\",\"datePublished\":\"2020-05-28T18:35:37+00:00\",\"dateModified\":\"2024-01-30T13:40:21+00:00\",\"breadcrumb\":{\"@id\":\"https:\/\/www.gourmetclassic.de\/home\/regionen\/regionen-in-deutschland\/hannover\/#breadcrumb\"},\"inLanguage\":\"de\",\"potentialAction\":[{\"@type\":\"ReadAction\",\"target\":[\"https:\/\/www.gourmetclassic.de\/home\/regionen\/regionen-in-deutschland\/hannover\/\"]}]},{\"@type\":\"ImageObject\",\"inLanguage\":\"de\",\"@id\":\"https:\/\/www.gourmetclassic.de\/home\/regionen\/regionen-in-deutschland\/hannover\/#primaryimage\",\"url\":\"https:\/\/www.gourmetclassic.de\/wp-content\/uploads\/2020\/05\/hannover.jpg\",\"contentUrl\":\"https:\/\/www.gourmetclassic.de\/wp-content\/uploads\/2020\/05\/hannover.jpg\"},{\"@type\":\"BreadcrumbList\",\"@id\":\"https:\/\/www.gourmetclassic.de\/home\/regionen\/regionen-in-deutschland\/hannover\/#breadcrumb\",\"itemListElement\":[{\"@type\":\"ListItem\",\"position\":1,\"name\":\"Startseite\",\"item\":\"https:\/\/www.gourmetclassic.de\/home\/\"},{\"@type\":\"ListItem\",\"position\":2,\"name\":\"Suche nach Restaurants\/Hotels in Regionen\",\"item\":\"https:\/\/www.gourmetclassic.de\/home\/regionen\/\"},{\"@type\":\"ListItem\",\"position\":3,\"name\":\"Regionen in Deutschland\",\"item\":\"https:\/\/www.gourmetclassic.de\/home\/regionen\/regionen-in-deutschland\/\"},{\"@type\":\"ListItem\",\"position\":4,\"name\":\"Hannover\"}]},{\"@type\":\"WebSite\",\"@id\":\"https:\/\/www.gourmetclassic.de\/home\/#website\",\"url\":\"https:\/\/www.gourmetclassic.de\/home\/\",\"name\":\"Gourmet Classic\",\"description\":\"Portal der gehobenen Gastlichkeit\",\"publisher\":{\"@id\":\"https:\/\/www.gourmetclassic.de\/home\/#organization\"},\"potentialAction\":[{\"@type\":\"SearchAction\",\"target\":{\"@type\":\"EntryPoint\",\"urlTemplate\":\"https:\/\/www.gourmetclassic.de\/home\/?s={search_term_string}\"},\"query-input\":{\"@type\":\"PropertyValueSpecification\",\"valueRequired\":true,\"valueName\":\"search_term_string\"}}],\"inLanguage\":\"de\"},{\"@type\":\"Organization\",\"@id\":\"https:\/\/www.gourmetclassic.de\/home\/#organization\",\"name\":\"Gourmet Classic\",\"url\":\"https:\/\/www.gourmetclassic.de\/home\/\",\"logo\":{\"@type\":\"ImageObject\",\"inLanguage\":\"de\",\"@id\":\"https:\/\/www.gourmetclassic.de\/home\/#\/schema\/logo\/image\/\",\"url\":\"https:\/\/www.gourmetclassic.de\/wp-content\/uploads\/2019\/04\/gourmet-classic-logo.jpg\",\"contentUrl\":\"https:\/\/www.gourmetclassic.de\/wp-content\/uploads\/2019\/04\/gourmet-classic-logo.jpg\",\"width\":253,\"height\":123,\"caption\":\"Gourmet Classic\"},\"image\":{\"@id\":\"https:\/\/www.gourmetclassic.de\/home\/#\/schema\/logo\/image\/\"}}]}<\/script>\n<!-- \/ Yoast SEO plugin. -->","yoast_head_json":{"title":"Hannover - Gourmet Classic","robots":{"index":"index","follow":"follow","max-snippet":"max-snippet:-1","max-image-preview":"max-image-preview:large","max-video-preview":"max-video-preview:-1"},"canonical":"https:\/\/www.gourmetclassic.de\/home\/regionen\/regionen-in-deutschland\/hannover\/","og_locale":"de_DE","og_type":"article","og_title":"Hannover - Gourmet Classic","og_description":"Hannover ist die Hauptstadt des Landes Niedersachsen. Der am S\u00fcdrand des Norddeutschen Tieflandes an der Leine und der Ihme gelegene","og_url":"https:\/\/www.gourmetclassic.de\/home\/regionen\/regionen-in-deutschland\/hannover\/","og_site_name":"Gourmet Classic","article_modified_time":"2024-01-30T13:40:21+00:00","og_image":[{"url":"https:\/\/www.gourmetclassic.de\/wp-content\/uploads\/2020\/05\/hannover.jpg","type":"","width":"","height":""}],"twitter_card":"summary_large_image","twitter_misc":{"Gesch\u00e4tzte Lesezeit":"3\u00a0Minuten"},"schema":{"@context":"https:\/\/schema.org","@graph":[{"@type":"WebPage","@id":"https:\/\/www.gourmetclassic.de\/home\/regionen\/regionen-in-deutschland\/hannover\/","url":"https:\/\/www.gourmetclassic.de\/home\/regionen\/regionen-in-deutschland\/hannover\/","name":"Hannover - Gourmet Classic","isPartOf":{"@id":"https:\/\/www.gourmetclassic.de\/home\/#website"},"primaryImageOfPage":{"@id":"https:\/\/www.gourmetclassic.de\/home\/regionen\/regionen-in-deutschland\/hannover\/#primaryimage"},"image":{"@id":"https:\/\/www.gourmetclassic.de\/home\/regionen\/regionen-in-deutschland\/hannover\/#primaryimage"},"thumbnailUrl":"https:\/\/www.gourmetclassic.de\/wp-content\/uploads\/2020\/05\/hannover.jpg","datePublished":"2020-05-28T18:35:37+00:00","dateModified":"2024-01-30T13:40:21+00:00","breadcrumb":{"@id":"https:\/\/www.gourmetclassic.de\/home\/regionen\/regionen-in-deutschland\/hannover\/#breadcrumb"},"inLanguage":"de","potentialAction":[{"@type":"ReadAction","target":["https:\/\/www.gourmetclassic.de\/home\/regionen\/regionen-in-deutschland\/hannover\/"]}]},{"@type":"ImageObject","inLanguage":"de","@id":"https:\/\/www.gourmetclassic.de\/home\/regionen\/regionen-in-deutschland\/hannover\/#primaryimage","url":"https:\/\/www.gourmetclassic.de\/wp-content\/uploads\/2020\/05\/hannover.jpg","contentUrl":"https:\/\/www.gourmetclassic.de\/wp-content\/uploads\/2020\/05\/hannover.jpg"},{"@type":"BreadcrumbList","@id":"https:\/\/www.gourmetclassic.de\/home\/regionen\/regionen-in-deutschland\/hannover\/#breadcrumb","itemListElement":[{"@type":"ListItem","position":1,"name":"Startseite","item":"https:\/\/www.gourmetclassic.de\/home\/"},{"@type":"ListItem","position":2,"name":"Suche nach Restaurants\/Hotels in Regionen","item":"https:\/\/www.gourmetclassic.de\/home\/regionen\/"},{"@type":"ListItem","position":3,"name":"Regionen in Deutschland","item":"https:\/\/www.gourmetclassic.de\/home\/regionen\/regionen-in-deutschland\/"},{"@type":"ListItem","position":4,"name":"Hannover"}]},{"@type":"WebSite","@id":"https:\/\/www.gourmetclassic.de\/home\/#website","url":"https:\/\/www.gourmetclassic.de\/home\/","name":"Gourmet Classic","description":"Portal der gehobenen Gastlichkeit","publisher":{"@id":"https:\/\/www.gourmetclassic.de\/home\/#organization"},"potentialAction":[{"@type":"SearchAction","target":{"@type":"EntryPoint","urlTemplate":"https:\/\/www.gourmetclassic.de\/home\/?s={search_term_string}"},"query-input":{"@type":"PropertyValueSpecification","valueRequired":true,"valueName":"search_term_string"}}],"inLanguage":"de"},{"@type":"Organization","@id":"https:\/\/www.gourmetclassic.de\/home\/#organization","name":"Gourmet Classic","url":"https:\/\/www.gourmetclassic.de\/home\/","logo":{"@type":"ImageObject","inLanguage":"de","@id":"https:\/\/www.gourmetclassic.de\/home\/#\/schema\/logo\/image\/","url":"https:\/\/www.gourmetclassic.de\/wp-content\/uploads\/2019\/04\/gourmet-classic-logo.jpg","contentUrl":"https:\/\/www.gourmetclassic.de\/wp-content\/uploads\/2019\/04\/gourmet-classic-logo.jpg","width":253,"height":123,"caption":"Gourmet Classic"},"image":{"@id":"https:\/\/www.gourmetclassic.de\/home\/#\/schema\/logo\/image\/"}}]}},"_links":{"self":[{"href":"https:\/\/www.gourmetclassic.de\/home\/wp-json\/wp\/v2\/pages\/1604"}],"collection":[{"href":"https:\/\/www.gourmetclassic.de\/home\/wp-json\/wp\/v2\/pages"}],"about":[{"href":"https:\/\/www.gourmetclassic.de\/home\/wp-json\/wp\/v2\/types\/page"}],"author":[{"embeddable":true,"href":"https:\/\/www.gourmetclassic.de\/home\/wp-json\/wp\/v2\/users\/1"}],"replies":[{"embeddable":true,"href":"https:\/\/www.gourmetclassic.de\/home\/wp-json\/wp\/v2\/comments?post=1604"}],"version-history":[{"count":2,"href":"https:\/\/www.gourmetclassic.de\/home\/wp-json\/wp\/v2\/pages\/1604\/revisions"}],"predecessor-version":[{"id":4488,"href":"https:\/\/www.gourmetclassic.de\/home\/wp-json\/wp\/v2\/pages\/1604\/revisions\/4488"}],"up":[{"embeddable":true,"href":"https:\/\/www.gourmetclassic.de\/home\/wp-json\/wp\/v2\/pages\/151"}],"wp:attachment":[{"href":"https:\/\/www.gourmetclassic.de\/home\/wp-json\/wp\/v2\/media?parent=1604"}],"curies":[{"name":"wp","href":"https:\/\/api.w.org\/{rel}","templated":true}]}}