{"id":1654,"date":"2020-05-29T14:34:21","date_gmt":"2020-05-29T12:34:21","guid":{"rendered":"https:\/\/www.gourmetclassic.de\/home\/?page_id=1654"},"modified":"2024-01-30T14:44:34","modified_gmt":"2024-01-30T13:44:34","slug":"koeln","status":"publish","type":"page","link":"https:\/\/www.gourmetclassic.de\/home\/regionen\/regionen-in-deutschland\/koeln\/","title":{"rendered":"K\u00f6ln und Umgebung"},"content":{"rendered":"<p><img loading=\"lazy\" decoding=\"async\" class=\"alignnone size-full wp-image-1653\" title=\"K\u00f6ln - Kranh\u00e4user im K\u00f6lner Rheinau-Hafen, im Hintergrund der K\u00f6lner Dom\" src=\"https:\/\/www.gourmetclassic.de\/wp-content\/uploads\/2020\/05\/koeln.jpg\" alt=\"K\u00f6ln - Kranh\u00e4user im K\u00f6lner Rheinau-Hafen, im Hintergrund der K\u00f6lner Dom\" width=\"1920\" height=\"800\" srcset=\"https:\/\/www.gourmetclassic.de\/wp-content\/uploads\/2020\/05\/koeln.jpg 1920w, https:\/\/www.gourmetclassic.de\/wp-content\/uploads\/2020\/05\/koeln-768x320.jpg 768w, https:\/\/www.gourmetclassic.de\/wp-content\/uploads\/2020\/05\/koeln-1536x640.jpg 1536w\" sizes=\"(max-width: 1920px) 100vw, 1920px\" \/><\/p>\n<p>K\u00f6ln ist mit rund 1,1 Millionen Einwohnern die bev\u00f6lkerungsreichste Kommune Nordrhein-Westfalens und \u2013 nach Berlin, Hamburg und M\u00fcnchen \u2013 die viertgr\u00f6\u00dfte Stadt Deutschlands.<\/p>\n<p>Die kreisfreie Stadt am Rhein geh\u00f6rt zum Regierungsbezirk K\u00f6ln, dessen Verwaltungssitz sie auch ist, und die Region K\u00f6ln\/Bonn ist das Zentrum des Ballungsraumes zwischen K\u00f6lner Bucht und Oberbergischem Land mit gut vier Millionen Einwohnern. K\u00f6ln ist zugleich das rheinische Bev\u00f6lkerungszentrum der Metropolregion Rhein-Ruhr mit etwa zehn Millionen Einwohnern und der Metropolregion Rheinland mit rund 9 Millionen Einwohnern.<\/p>\n<p>Die Stadt z\u00e4hlt vor allem wegen des bedeutenden K\u00f6lner Doms und ihrer romanischen Kirchen sowie weiterer mittelalterlicher Baudenkm\u00e4ler, einer \u00fcber 2000-j\u00e4hrigen Stadtgeschichte, bedeutsamer Veranstaltungen sowie ihres kulturellen und kulinarischen Erbes zu den wichtigsten Reisezielen in Europa.<\/p>\n<p>Die heutige Metropole und fr\u00fchere Reichsstadt wurde in r\u00f6mischer Zeit unter dem Namen Oppidum Ubiorum gegr\u00fcndet und im Jahr 50 n. Chr. als Colonia Claudia Ara Agrippinensium (kurz Colonia oder CCAA) zur Stadt erhoben. Die g\u00fcnstige Lage am Rhein mit der Querung bedeutender West-Ost-Handelsstra\u00dfen und dem Sitz weltlicher sowie insbesondere kirchlicher Macht trug im Heiligen R\u00f6mischen Reich zur \u00fcberregionalen Geltung K\u00f6lns bei. Sie ist heute Sitz des Erzbistums K\u00f6ln, der gr\u00f6\u00dften r\u00f6misch-katholischen Di\u00f6zese Deutschlands und war bis 1803 Sitz des Kurf\u00fcrstentums K\u00f6ln.<\/p>\n<p>Als Hansestadt wurde K\u00f6ln durch Freihandel zu einem wichtigen Handelsstandort. K\u00f6ln besitzt als Wirtschafts- und Kulturmetropole internationale Bedeutung. Die Stadt z\u00e4hlt zu den wichtigsten Standorten der Chemie- und Automobilindustrie und beherbergt, teilweise zusammen mit einigen ihrer Vororte, Firmensitze und Produktionsst\u00e4tten von Automobilmarken wie Ford und Toyota sowie Chemiekonzerne wie Lanxess. Die Karnevalshochburg ist au\u00dferdem Sitz vieler \u00f6ffentlicher Verb\u00e4nde und professioneller Sportvereine. Zahlreiche Fernseh- und Rundfunksender wie RTL und WDR sowie Filmstudios, Musikproduzenten, Verlagsh\u00e4user und andere Medienunternehmen haben hier ihren Standort. K\u00f6ln gilt ferner als eines der f\u00fchrenden Zentren des weltweiten Kunsthandels.<\/p>\n<p>Die Stadt ist ebenfalls ein bedeutender Kongress- und Messestandort: die Fototechnikmesse Photokina, die Fitness- und Gesundheitsmesse FIBO, die S\u00fc\u00dfwarenmesse und die Videospielmesse Gamescom gelten als Weltleitmessen, die Art Cologne als \u00e4lteste Kunstmesse der Welt. (Quelle: <a href=\"https:\/\/de.wikipedia.org\/wiki\/K\u00f6ln\" target=\"_blank\" rel=\"noopener noreferrer\">Wikipedia<\/a>)<\/p>\n<div id=\"footable_parent_3874\"\n         class=\" footable_parent ninja_table_wrapper loading_ninja_table wp_table_data_press_parent semantic_ui \">\n                <table data-ninja_table_instance=\"ninja_table_instance_0\" data-footable_id=\"3874\" data-filter-delay=\"1000\" aria-label=\"Rest-DE-kopie\"            id=\"footable_3874\"\n           data-unique_identifier=\"ninja_table_unique_id_1623879751_3874\"\n           class=\" foo-table ninja_footable foo_table_3874 ninja_table_unique_id_1623879751_3874 ui table  ninja_has_count_format ninja_search_right nt_type_ajax_table selectable striped vertical_centered  footable-paging-right ninja_table_pro ninja_table_afd_columns ninja_table_afcs_columns_2 ninja_table_afcl_new_line ninja_table_has_custom_filter\">\n                <colgroup>\n                            <col class=\"ninja_column_0 \">\n                            <col class=\"ninja_column_1 \">\n                            <col class=\"ninja_column_2 \">\n                            <col class=\"ninja_column_3 \">\n                            <col class=\"ninja_column_4 \">\n                            <col class=\"ninja_column_5 \">\n                            <col class=\"ninja_column_6 \">\n                            <col class=\"ninja_column_7 xs sm md lg\">\n                            <col class=\"ninja_column_8 \">\n                            <col class=\"ninja_column_9 xs sm md lg\">\n                            <col class=\"ninja_column_10 \">\n                            <col class=\"ninja_column_11 \">\n                            <col class=\"ninja_column_12 xs sm md lg\">\n                            <col class=\"ninja_column_13 xs sm md lg\">\n                    <\/colgroup>\n            <\/table>\n    \n    \n    \n<\/div>\n\n<p>&nbsp;<\/p>\n","protected":false},"excerpt":{"rendered":"<p>K\u00f6ln ist mit rund 1,1 Millionen Einwohnern die bev\u00f6lkerungsreichste Kommune Nordrhein-Westfalens und \u2013 nach Berlin, Hamburg und M\u00fcnchen \u2013 die<\/p>\n","protected":false},"author":1,"featured_media":0,"parent":151,"menu_order":0,"comment_status":"closed","ping_status":"closed","template":"","meta":{"footnotes":""},"class_list":["post-1654","page","type-page","status-publish","hentry"],"yoast_head":"<!-- This site is optimized with the Yoast SEO plugin v25.6 - https:\/\/yoast.com\/wordpress\/plugins\/seo\/ -->\n<title>K\u00f6ln und Umgebung - Gourmet Classic<\/title>\n<meta name=\"robots\" content=\"index, follow, max-snippet:-1, max-image-preview:large, max-video-preview:-1\" \/>\n<link rel=\"canonical\" href=\"https:\/\/www.gourmetclassic.de\/home\/regionen\/regionen-in-deutschland\/koeln\/\" \/>\n<meta property=\"og:locale\" content=\"de_DE\" \/>\n<meta property=\"og:type\" content=\"article\" \/>\n<meta property=\"og:title\" content=\"K\u00f6ln und Umgebung - Gourmet Classic\" \/>\n<meta property=\"og:description\" content=\"K\u00f6ln ist mit rund 1,1 Millionen Einwohnern die bev\u00f6lkerungsreichste Kommune Nordrhein-Westfalens und \u2013 nach Berlin, Hamburg und M\u00fcnchen \u2013 die\" \/>\n<meta property=\"og:url\" content=\"https:\/\/www.gourmetclassic.de\/home\/regionen\/regionen-in-deutschland\/koeln\/\" \/>\n<meta property=\"og:site_name\" content=\"Gourmet Classic\" \/>\n<meta property=\"article:modified_time\" content=\"2024-01-30T13:44:34+00:00\" \/>\n<meta property=\"og:image\" content=\"https:\/\/www.gourmetclassic.de\/wp-content\/uploads\/2020\/05\/koeln.jpg\" \/>\n<meta name=\"twitter:card\" content=\"summary_large_image\" \/>\n<meta name=\"twitter:label1\" content=\"Gesch\u00e4tzte Lesezeit\" \/>\n\t<meta name=\"twitter:data1\" content=\"3\u00a0Minuten\" \/>\n<script type=\"application\/ld+json\" class=\"yoast-schema-graph\">{\"@context\":\"https:\/\/schema.org\",\"@graph\":[{\"@type\":\"WebPage\",\"@id\":\"https:\/\/www.gourmetclassic.de\/home\/regionen\/regionen-in-deutschland\/koeln\/\",\"url\":\"https:\/\/www.gourmetclassic.de\/home\/regionen\/regionen-in-deutschland\/koeln\/\",\"name\":\"K\u00f6ln und Umgebung - Gourmet Classic\",\"isPartOf\":{\"@id\":\"https:\/\/www.gourmetclassic.de\/home\/#website\"},\"primaryImageOfPage\":{\"@id\":\"https:\/\/www.gourmetclassic.de\/home\/regionen\/regionen-in-deutschland\/koeln\/#primaryimage\"},\"image\":{\"@id\":\"https:\/\/www.gourmetclassic.de\/home\/regionen\/regionen-in-deutschland\/koeln\/#primaryimage\"},\"thumbnailUrl\":\"https:\/\/www.gourmetclassic.de\/wp-content\/uploads\/2020\/05\/koeln.jpg\",\"datePublished\":\"2020-05-29T12:34:21+00:00\",\"dateModified\":\"2024-01-30T13:44:34+00:00\",\"breadcrumb\":{\"@id\":\"https:\/\/www.gourmetclassic.de\/home\/regionen\/regionen-in-deutschland\/koeln\/#breadcrumb\"},\"inLanguage\":\"de\",\"potentialAction\":[{\"@type\":\"ReadAction\",\"target\":[\"https:\/\/www.gourmetclassic.de\/home\/regionen\/regionen-in-deutschland\/koeln\/\"]}]},{\"@type\":\"ImageObject\",\"inLanguage\":\"de\",\"@id\":\"https:\/\/www.gourmetclassic.de\/home\/regionen\/regionen-in-deutschland\/koeln\/#primaryimage\",\"url\":\"https:\/\/www.gourmetclassic.de\/wp-content\/uploads\/2020\/05\/koeln.jpg\",\"contentUrl\":\"https:\/\/www.gourmetclassic.de\/wp-content\/uploads\/2020\/05\/koeln.jpg\"},{\"@type\":\"BreadcrumbList\",\"@id\":\"https:\/\/www.gourmetclassic.de\/home\/regionen\/regionen-in-deutschland\/koeln\/#breadcrumb\",\"itemListElement\":[{\"@type\":\"ListItem\",\"position\":1,\"name\":\"Startseite\",\"item\":\"https:\/\/www.gourmetclassic.de\/home\/\"},{\"@type\":\"ListItem\",\"position\":2,\"name\":\"Suche nach Restaurants\/Hotels in Regionen\",\"item\":\"https:\/\/www.gourmetclassic.de\/home\/regionen\/\"},{\"@type\":\"ListItem\",\"position\":3,\"name\":\"Regionen in Deutschland\",\"item\":\"https:\/\/www.gourmetclassic.de\/home\/regionen\/regionen-in-deutschland\/\"},{\"@type\":\"ListItem\",\"position\":4,\"name\":\"K\u00f6ln und Umgebung\"}]},{\"@type\":\"WebSite\",\"@id\":\"https:\/\/www.gourmetclassic.de\/home\/#website\",\"url\":\"https:\/\/www.gourmetclassic.de\/home\/\",\"name\":\"Gourmet Classic\",\"description\":\"Portal der gehobenen Gastlichkeit\",\"publisher\":{\"@id\":\"https:\/\/www.gourmetclassic.de\/home\/#organization\"},\"potentialAction\":[{\"@type\":\"SearchAction\",\"target\":{\"@type\":\"EntryPoint\",\"urlTemplate\":\"https:\/\/www.gourmetclassic.de\/home\/?s={search_term_string}\"},\"query-input\":{\"@type\":\"PropertyValueSpecification\",\"valueRequired\":true,\"valueName\":\"search_term_string\"}}],\"inLanguage\":\"de\"},{\"@type\":\"Organization\",\"@id\":\"https:\/\/www.gourmetclassic.de\/home\/#organization\",\"name\":\"Gourmet Classic\",\"url\":\"https:\/\/www.gourmetclassic.de\/home\/\",\"logo\":{\"@type\":\"ImageObject\",\"inLanguage\":\"de\",\"@id\":\"https:\/\/www.gourmetclassic.de\/home\/#\/schema\/logo\/image\/\",\"url\":\"https:\/\/www.gourmetclassic.de\/wp-content\/uploads\/2019\/04\/gourmet-classic-logo.jpg\",\"contentUrl\":\"https:\/\/www.gourmetclassic.de\/wp-content\/uploads\/2019\/04\/gourmet-classic-logo.jpg\",\"width\":253,\"height\":123,\"caption\":\"Gourmet Classic\"},\"image\":{\"@id\":\"https:\/\/www.gourmetclassic.de\/home\/#\/schema\/logo\/image\/\"}}]}<\/script>\n<!-- \/ Yoast SEO plugin. -->","yoast_head_json":{"title":"K\u00f6ln und Umgebung - Gourmet Classic","robots":{"index":"index","follow":"follow","max-snippet":"max-snippet:-1","max-image-preview":"max-image-preview:large","max-video-preview":"max-video-preview:-1"},"canonical":"https:\/\/www.gourmetclassic.de\/home\/regionen\/regionen-in-deutschland\/koeln\/","og_locale":"de_DE","og_type":"article","og_title":"K\u00f6ln und Umgebung - Gourmet Classic","og_description":"K\u00f6ln ist mit rund 1,1 Millionen Einwohnern die bev\u00f6lkerungsreichste Kommune Nordrhein-Westfalens und \u2013 nach Berlin, Hamburg und M\u00fcnchen \u2013 die","og_url":"https:\/\/www.gourmetclassic.de\/home\/regionen\/regionen-in-deutschland\/koeln\/","og_site_name":"Gourmet Classic","article_modified_time":"2024-01-30T13:44:34+00:00","og_image":[{"url":"https:\/\/www.gourmetclassic.de\/wp-content\/uploads\/2020\/05\/koeln.jpg","type":"","width":"","height":""}],"twitter_card":"summary_large_image","twitter_misc":{"Gesch\u00e4tzte Lesezeit":"3\u00a0Minuten"},"schema":{"@context":"https:\/\/schema.org","@graph":[{"@type":"WebPage","@id":"https:\/\/www.gourmetclassic.de\/home\/regionen\/regionen-in-deutschland\/koeln\/","url":"https:\/\/www.gourmetclassic.de\/home\/regionen\/regionen-in-deutschland\/koeln\/","name":"K\u00f6ln und Umgebung - Gourmet Classic","isPartOf":{"@id":"https:\/\/www.gourmetclassic.de\/home\/#website"},"primaryImageOfPage":{"@id":"https:\/\/www.gourmetclassic.de\/home\/regionen\/regionen-in-deutschland\/koeln\/#primaryimage"},"image":{"@id":"https:\/\/www.gourmetclassic.de\/home\/regionen\/regionen-in-deutschland\/koeln\/#primaryimage"},"thumbnailUrl":"https:\/\/www.gourmetclassic.de\/wp-content\/uploads\/2020\/05\/koeln.jpg","datePublished":"2020-05-29T12:34:21+00:00","dateModified":"2024-01-30T13:44:34+00:00","breadcrumb":{"@id":"https:\/\/www.gourmetclassic.de\/home\/regionen\/regionen-in-deutschland\/koeln\/#breadcrumb"},"inLanguage":"de","potentialAction":[{"@type":"ReadAction","target":["https:\/\/www.gourmetclassic.de\/home\/regionen\/regionen-in-deutschland\/koeln\/"]}]},{"@type":"ImageObject","inLanguage":"de","@id":"https:\/\/www.gourmetclassic.de\/home\/regionen\/regionen-in-deutschland\/koeln\/#primaryimage","url":"https:\/\/www.gourmetclassic.de\/wp-content\/uploads\/2020\/05\/koeln.jpg","contentUrl":"https:\/\/www.gourmetclassic.de\/wp-content\/uploads\/2020\/05\/koeln.jpg"},{"@type":"BreadcrumbList","@id":"https:\/\/www.gourmetclassic.de\/home\/regionen\/regionen-in-deutschland\/koeln\/#breadcrumb","itemListElement":[{"@type":"ListItem","position":1,"name":"Startseite","item":"https:\/\/www.gourmetclassic.de\/home\/"},{"@type":"ListItem","position":2,"name":"Suche nach Restaurants\/Hotels in Regionen","item":"https:\/\/www.gourmetclassic.de\/home\/regionen\/"},{"@type":"ListItem","position":3,"name":"Regionen in Deutschland","item":"https:\/\/www.gourmetclassic.de\/home\/regionen\/regionen-in-deutschland\/"},{"@type":"ListItem","position":4,"name":"K\u00f6ln und Umgebung"}]},{"@type":"WebSite","@id":"https:\/\/www.gourmetclassic.de\/home\/#website","url":"https:\/\/www.gourmetclassic.de\/home\/","name":"Gourmet Classic","description":"Portal der gehobenen Gastlichkeit","publisher":{"@id":"https:\/\/www.gourmetclassic.de\/home\/#organization"},"potentialAction":[{"@type":"SearchAction","target":{"@type":"EntryPoint","urlTemplate":"https:\/\/www.gourmetclassic.de\/home\/?s={search_term_string}"},"query-input":{"@type":"PropertyValueSpecification","valueRequired":true,"valueName":"search_term_string"}}],"inLanguage":"de"},{"@type":"Organization","@id":"https:\/\/www.gourmetclassic.de\/home\/#organization","name":"Gourmet Classic","url":"https:\/\/www.gourmetclassic.de\/home\/","logo":{"@type":"ImageObject","inLanguage":"de","@id":"https:\/\/www.gourmetclassic.de\/home\/#\/schema\/logo\/image\/","url":"https:\/\/www.gourmetclassic.de\/wp-content\/uploads\/2019\/04\/gourmet-classic-logo.jpg","contentUrl":"https:\/\/www.gourmetclassic.de\/wp-content\/uploads\/2019\/04\/gourmet-classic-logo.jpg","width":253,"height":123,"caption":"Gourmet Classic"},"image":{"@id":"https:\/\/www.gourmetclassic.de\/home\/#\/schema\/logo\/image\/"}}]}},"_links":{"self":[{"href":"https:\/\/www.gourmetclassic.de\/home\/wp-json\/wp\/v2\/pages\/1654"}],"collection":[{"href":"https:\/\/www.gourmetclassic.de\/home\/wp-json\/wp\/v2\/pages"}],"about":[{"href":"https:\/\/www.gourmetclassic.de\/home\/wp-json\/wp\/v2\/types\/page"}],"author":[{"embeddable":true,"href":"https:\/\/www.gourmetclassic.de\/home\/wp-json\/wp\/v2\/users\/1"}],"replies":[{"embeddable":true,"href":"https:\/\/www.gourmetclassic.de\/home\/wp-json\/wp\/v2\/comments?post=1654"}],"version-history":[{"count":3,"href":"https:\/\/www.gourmetclassic.de\/home\/wp-json\/wp\/v2\/pages\/1654\/revisions"}],"predecessor-version":[{"id":4508,"href":"https:\/\/www.gourmetclassic.de\/home\/wp-json\/wp\/v2\/pages\/1654\/revisions\/4508"}],"up":[{"embeddable":true,"href":"https:\/\/www.gourmetclassic.de\/home\/wp-json\/wp\/v2\/pages\/151"}],"wp:attachment":[{"href":"https:\/\/www.gourmetclassic.de\/home\/wp-json\/wp\/v2\/media?parent=1654"}],"curies":[{"name":"wp","href":"https:\/\/api.w.org\/{rel}","templated":true}]}}