{"id":1683,"date":"2020-05-29T15:11:45","date_gmt":"2020-05-29T13:11:45","guid":{"rendered":"https:\/\/www.gourmetclassic.de\/home\/?page_id=1683"},"modified":"2024-01-30T14:45:55","modified_gmt":"2024-01-30T13:45:55","slug":"mecklenburger-bucht","status":"publish","type":"page","link":"https:\/\/www.gourmetclassic.de\/home\/regionen\/regionen-in-deutschland\/mecklenburger-bucht\/","title":{"rendered":"Mecklenburger Bucht &#8211; Mecklenburgische Ostseek\u00fcste"},"content":{"rendered":"<p><img loading=\"lazy\" decoding=\"async\" class=\"alignnone size-full wp-image-1682\" title=\"Mecklenburger Bucht - Warnem\u00fcnde Teepott\" src=\"https:\/\/www.gourmetclassic.de\/wp-content\/uploads\/2020\/05\/mecklenburger-bucht-warnemuende.jpg\" alt=\"Mecklenburger Bucht - Warnem\u00fcnde Teepott\" width=\"1920\" height=\"800\" srcset=\"https:\/\/www.gourmetclassic.de\/wp-content\/uploads\/2020\/05\/mecklenburger-bucht-warnemuende.jpg 1920w, https:\/\/www.gourmetclassic.de\/wp-content\/uploads\/2020\/05\/mecklenburger-bucht-warnemuende-768x320.jpg 768w, https:\/\/www.gourmetclassic.de\/wp-content\/uploads\/2020\/05\/mecklenburger-bucht-warnemuende-1536x640.jpg 1536w\" sizes=\"(max-width: 1920px) 100vw, 1920px\" \/><\/p>\n<p><img loading=\"lazy\" decoding=\"async\" class=\"size-full wp-image-1457 alignleft\" title=\"Mecklenburgische Ostseek\u00fcste\" src=\"https:\/\/www.gourmetclassic.de\/wp-content\/uploads\/2020\/05\/mecklenburger-bucht_400.png\" alt=\"Mecklenburgische Ostseek\u00fcste\" width=\"400\" height=\"400\" \/><br \/>\nDie Mecklenburgische Ostseek\u00fcste reicht von der Travef\u00f6rde an der Landesgrenze zu Schleswig-Holstein bis zum Beginn der Halbinsel Fischland-Dar\u00df-Zingst bei Ribnitz-Damgarten. Zu ihr geh\u00f6ren die \u00dcberseehafenstadt Rostock, die die gr\u00f6\u00dfte Stadt Mecklenburg-Vorpommerns ist, die Wismarer Bucht mit der Hansestadt Wismar und Insel Poel, das Salzhaff und der k\u00fcstennahe H\u00f6henzug K\u00fchlung.<br \/>\nZur Reiseregion Mecklenburgische Ostseek\u00fcste geh\u00f6ren folgende Teilregionen (von West nach Ost):<\/p>\n<div style=\"margin-left: 420px;\">\n<ul>\n<li>Kl\u00fctzer Winkel &#8211; der Ostseestreifen westlich von Wismar bis zur Travem\u00fcndung.<\/li>\n<li>Wismarer Bucht (mit Hinterland) &#8211; hier liegt die Hansestadt und kreisfreie Stadt Wismar sowie die Ferieninsel Poel.<\/li>\n<li>K\u00fchlung \u2013 k\u00fcstennaher Endmor\u00e4nenbogen (max. 130 m hoch) bei Bad Doberan, Heiligendamm und K\u00fchlungsborn<\/li>\n<li>Rostocker Heide \u2013 Wald- und Heidegebiet nord\u00f6stlich von Rostock<\/li>\n<\/ul>\n<\/div>\n<p>(Quelle: <a href=\"https:\/\/de.wikivoyage.org\/wiki\/Mecklenburgische_Ostseek\u00fcste\" target=\"_blank\" rel=\"noopener noreferrer\">Wikipedia<\/a>)<\/p>\n<div id=\"footable_parent_3874\"\n         class=\" footable_parent ninja_table_wrapper loading_ninja_table wp_table_data_press_parent semantic_ui \">\n                <table data-ninja_table_instance=\"ninja_table_instance_0\" data-footable_id=\"3874\" data-filter-delay=\"1000\" aria-label=\"Rest-DE-kopie\"            id=\"footable_3874\"\n           data-unique_identifier=\"ninja_table_unique_id_3417107811_3874\"\n           class=\" foo-table ninja_footable foo_table_3874 ninja_table_unique_id_3417107811_3874 ui table  ninja_has_count_format ninja_search_right nt_type_ajax_table selectable striped vertical_centered  footable-paging-right ninja_table_pro ninja_table_afd_columns ninja_table_afcs_columns_2 ninja_table_afcl_new_line ninja_table_has_custom_filter\">\n                <colgroup>\n                            <col class=\"ninja_column_0 \">\n                            <col class=\"ninja_column_1 \">\n                            <col class=\"ninja_column_2 \">\n                            <col class=\"ninja_column_3 \">\n                            <col class=\"ninja_column_4 \">\n                            <col class=\"ninja_column_5 \">\n                            <col class=\"ninja_column_6 \">\n                            <col class=\"ninja_column_7 xs sm md lg\">\n                            <col class=\"ninja_column_8 \">\n                            <col class=\"ninja_column_9 xs sm md lg\">\n                            <col class=\"ninja_column_10 \">\n                            <col class=\"ninja_column_11 \">\n                            <col class=\"ninja_column_12 xs sm md lg\">\n                            <col class=\"ninja_column_13 xs sm md lg\">\n                    <\/colgroup>\n            <\/table>\n    \n    \n    \n<\/div>\n\n","protected":false},"excerpt":{"rendered":"<p>Die Mecklenburgische Ostseek\u00fcste reicht von der Travef\u00f6rde an der Landesgrenze zu Schleswig-Holstein bis zum Beginn der Halbinsel Fischland-Dar\u00df-Zingst bei Ribnitz-Damgarten.<\/p>\n","protected":false},"author":1,"featured_media":0,"parent":151,"menu_order":0,"comment_status":"closed","ping_status":"closed","template":"","meta":{"footnotes":""},"class_list":["post-1683","page","type-page","status-publish","hentry"],"yoast_head":"<!-- This site is optimized with the Yoast SEO plugin v25.6 - https:\/\/yoast.com\/wordpress\/plugins\/seo\/ -->\n<title>Mecklenburger Bucht - Mecklenburgische Ostseek\u00fcste - Gourmet Classic<\/title>\n<meta name=\"robots\" content=\"index, follow, max-snippet:-1, max-image-preview:large, max-video-preview:-1\" \/>\n<link rel=\"canonical\" href=\"https:\/\/www.gourmetclassic.de\/home\/regionen\/regionen-in-deutschland\/mecklenburger-bucht\/\" \/>\n<meta property=\"og:locale\" content=\"de_DE\" \/>\n<meta property=\"og:type\" content=\"article\" \/>\n<meta property=\"og:title\" content=\"Mecklenburger Bucht - Mecklenburgische Ostseek\u00fcste - Gourmet Classic\" \/>\n<meta property=\"og:description\" content=\"Die Mecklenburgische Ostseek\u00fcste reicht von der Travef\u00f6rde an der Landesgrenze zu Schleswig-Holstein bis zum Beginn der Halbinsel Fischland-Dar\u00df-Zingst bei Ribnitz-Damgarten.\" \/>\n<meta property=\"og:url\" content=\"https:\/\/www.gourmetclassic.de\/home\/regionen\/regionen-in-deutschland\/mecklenburger-bucht\/\" \/>\n<meta property=\"og:site_name\" content=\"Gourmet Classic\" \/>\n<meta property=\"article:modified_time\" content=\"2024-01-30T13:45:55+00:00\" \/>\n<meta property=\"og:image\" content=\"https:\/\/www.gourmetclassic.de\/wp-content\/uploads\/2020\/05\/mecklenburger-bucht-warnemuende.jpg\" \/>\n<meta name=\"twitter:card\" content=\"summary_large_image\" \/>\n<meta name=\"twitter:label1\" content=\"Gesch\u00e4tzte Lesezeit\" \/>\n\t<meta name=\"twitter:data1\" content=\"2\u00a0Minuten\" \/>\n<script type=\"application\/ld+json\" class=\"yoast-schema-graph\">{\"@context\":\"https:\/\/schema.org\",\"@graph\":[{\"@type\":\"WebPage\",\"@id\":\"https:\/\/www.gourmetclassic.de\/home\/regionen\/regionen-in-deutschland\/mecklenburger-bucht\/\",\"url\":\"https:\/\/www.gourmetclassic.de\/home\/regionen\/regionen-in-deutschland\/mecklenburger-bucht\/\",\"name\":\"Mecklenburger Bucht - Mecklenburgische Ostseek\u00fcste - Gourmet Classic\",\"isPartOf\":{\"@id\":\"https:\/\/www.gourmetclassic.de\/home\/#website\"},\"primaryImageOfPage\":{\"@id\":\"https:\/\/www.gourmetclassic.de\/home\/regionen\/regionen-in-deutschland\/mecklenburger-bucht\/#primaryimage\"},\"image\":{\"@id\":\"https:\/\/www.gourmetclassic.de\/home\/regionen\/regionen-in-deutschland\/mecklenburger-bucht\/#primaryimage\"},\"thumbnailUrl\":\"https:\/\/www.gourmetclassic.de\/wp-content\/uploads\/2020\/05\/mecklenburger-bucht-warnemuende.jpg\",\"datePublished\":\"2020-05-29T13:11:45+00:00\",\"dateModified\":\"2024-01-30T13:45:55+00:00\",\"breadcrumb\":{\"@id\":\"https:\/\/www.gourmetclassic.de\/home\/regionen\/regionen-in-deutschland\/mecklenburger-bucht\/#breadcrumb\"},\"inLanguage\":\"de\",\"potentialAction\":[{\"@type\":\"ReadAction\",\"target\":[\"https:\/\/www.gourmetclassic.de\/home\/regionen\/regionen-in-deutschland\/mecklenburger-bucht\/\"]}]},{\"@type\":\"ImageObject\",\"inLanguage\":\"de\",\"@id\":\"https:\/\/www.gourmetclassic.de\/home\/regionen\/regionen-in-deutschland\/mecklenburger-bucht\/#primaryimage\",\"url\":\"https:\/\/www.gourmetclassic.de\/wp-content\/uploads\/2020\/05\/mecklenburger-bucht-warnemuende.jpg\",\"contentUrl\":\"https:\/\/www.gourmetclassic.de\/wp-content\/uploads\/2020\/05\/mecklenburger-bucht-warnemuende.jpg\"},{\"@type\":\"BreadcrumbList\",\"@id\":\"https:\/\/www.gourmetclassic.de\/home\/regionen\/regionen-in-deutschland\/mecklenburger-bucht\/#breadcrumb\",\"itemListElement\":[{\"@type\":\"ListItem\",\"position\":1,\"name\":\"Startseite\",\"item\":\"https:\/\/www.gourmetclassic.de\/home\/\"},{\"@type\":\"ListItem\",\"position\":2,\"name\":\"Suche nach Restaurants\/Hotels in Regionen\",\"item\":\"https:\/\/www.gourmetclassic.de\/home\/regionen\/\"},{\"@type\":\"ListItem\",\"position\":3,\"name\":\"Regionen in Deutschland\",\"item\":\"https:\/\/www.gourmetclassic.de\/home\/regionen\/regionen-in-deutschland\/\"},{\"@type\":\"ListItem\",\"position\":4,\"name\":\"Mecklenburger Bucht &#8211; Mecklenburgische Ostseek\u00fcste\"}]},{\"@type\":\"WebSite\",\"@id\":\"https:\/\/www.gourmetclassic.de\/home\/#website\",\"url\":\"https:\/\/www.gourmetclassic.de\/home\/\",\"name\":\"Gourmet Classic\",\"description\":\"Portal der gehobenen Gastlichkeit\",\"publisher\":{\"@id\":\"https:\/\/www.gourmetclassic.de\/home\/#organization\"},\"potentialAction\":[{\"@type\":\"SearchAction\",\"target\":{\"@type\":\"EntryPoint\",\"urlTemplate\":\"https:\/\/www.gourmetclassic.de\/home\/?s={search_term_string}\"},\"query-input\":{\"@type\":\"PropertyValueSpecification\",\"valueRequired\":true,\"valueName\":\"search_term_string\"}}],\"inLanguage\":\"de\"},{\"@type\":\"Organization\",\"@id\":\"https:\/\/www.gourmetclassic.de\/home\/#organization\",\"name\":\"Gourmet Classic\",\"url\":\"https:\/\/www.gourmetclassic.de\/home\/\",\"logo\":{\"@type\":\"ImageObject\",\"inLanguage\":\"de\",\"@id\":\"https:\/\/www.gourmetclassic.de\/home\/#\/schema\/logo\/image\/\",\"url\":\"https:\/\/www.gourmetclassic.de\/wp-content\/uploads\/2019\/04\/gourmet-classic-logo.jpg\",\"contentUrl\":\"https:\/\/www.gourmetclassic.de\/wp-content\/uploads\/2019\/04\/gourmet-classic-logo.jpg\",\"width\":253,\"height\":123,\"caption\":\"Gourmet Classic\"},\"image\":{\"@id\":\"https:\/\/www.gourmetclassic.de\/home\/#\/schema\/logo\/image\/\"}}]}<\/script>\n<!-- \/ Yoast SEO plugin. -->","yoast_head_json":{"title":"Mecklenburger Bucht - Mecklenburgische Ostseek\u00fcste - Gourmet Classic","robots":{"index":"index","follow":"follow","max-snippet":"max-snippet:-1","max-image-preview":"max-image-preview:large","max-video-preview":"max-video-preview:-1"},"canonical":"https:\/\/www.gourmetclassic.de\/home\/regionen\/regionen-in-deutschland\/mecklenburger-bucht\/","og_locale":"de_DE","og_type":"article","og_title":"Mecklenburger Bucht - Mecklenburgische Ostseek\u00fcste - Gourmet Classic","og_description":"Die Mecklenburgische Ostseek\u00fcste reicht von der Travef\u00f6rde an der Landesgrenze zu Schleswig-Holstein bis zum Beginn der Halbinsel Fischland-Dar\u00df-Zingst bei Ribnitz-Damgarten.","og_url":"https:\/\/www.gourmetclassic.de\/home\/regionen\/regionen-in-deutschland\/mecklenburger-bucht\/","og_site_name":"Gourmet Classic","article_modified_time":"2024-01-30T13:45:55+00:00","og_image":[{"url":"https:\/\/www.gourmetclassic.de\/wp-content\/uploads\/2020\/05\/mecklenburger-bucht-warnemuende.jpg","type":"","width":"","height":""}],"twitter_card":"summary_large_image","twitter_misc":{"Gesch\u00e4tzte Lesezeit":"2\u00a0Minuten"},"schema":{"@context":"https:\/\/schema.org","@graph":[{"@type":"WebPage","@id":"https:\/\/www.gourmetclassic.de\/home\/regionen\/regionen-in-deutschland\/mecklenburger-bucht\/","url":"https:\/\/www.gourmetclassic.de\/home\/regionen\/regionen-in-deutschland\/mecklenburger-bucht\/","name":"Mecklenburger Bucht - Mecklenburgische Ostseek\u00fcste - Gourmet Classic","isPartOf":{"@id":"https:\/\/www.gourmetclassic.de\/home\/#website"},"primaryImageOfPage":{"@id":"https:\/\/www.gourmetclassic.de\/home\/regionen\/regionen-in-deutschland\/mecklenburger-bucht\/#primaryimage"},"image":{"@id":"https:\/\/www.gourmetclassic.de\/home\/regionen\/regionen-in-deutschland\/mecklenburger-bucht\/#primaryimage"},"thumbnailUrl":"https:\/\/www.gourmetclassic.de\/wp-content\/uploads\/2020\/05\/mecklenburger-bucht-warnemuende.jpg","datePublished":"2020-05-29T13:11:45+00:00","dateModified":"2024-01-30T13:45:55+00:00","breadcrumb":{"@id":"https:\/\/www.gourmetclassic.de\/home\/regionen\/regionen-in-deutschland\/mecklenburger-bucht\/#breadcrumb"},"inLanguage":"de","potentialAction":[{"@type":"ReadAction","target":["https:\/\/www.gourmetclassic.de\/home\/regionen\/regionen-in-deutschland\/mecklenburger-bucht\/"]}]},{"@type":"ImageObject","inLanguage":"de","@id":"https:\/\/www.gourmetclassic.de\/home\/regionen\/regionen-in-deutschland\/mecklenburger-bucht\/#primaryimage","url":"https:\/\/www.gourmetclassic.de\/wp-content\/uploads\/2020\/05\/mecklenburger-bucht-warnemuende.jpg","contentUrl":"https:\/\/www.gourmetclassic.de\/wp-content\/uploads\/2020\/05\/mecklenburger-bucht-warnemuende.jpg"},{"@type":"BreadcrumbList","@id":"https:\/\/www.gourmetclassic.de\/home\/regionen\/regionen-in-deutschland\/mecklenburger-bucht\/#breadcrumb","itemListElement":[{"@type":"ListItem","position":1,"name":"Startseite","item":"https:\/\/www.gourmetclassic.de\/home\/"},{"@type":"ListItem","position":2,"name":"Suche nach Restaurants\/Hotels in Regionen","item":"https:\/\/www.gourmetclassic.de\/home\/regionen\/"},{"@type":"ListItem","position":3,"name":"Regionen in Deutschland","item":"https:\/\/www.gourmetclassic.de\/home\/regionen\/regionen-in-deutschland\/"},{"@type":"ListItem","position":4,"name":"Mecklenburger Bucht &#8211; Mecklenburgische Ostseek\u00fcste"}]},{"@type":"WebSite","@id":"https:\/\/www.gourmetclassic.de\/home\/#website","url":"https:\/\/www.gourmetclassic.de\/home\/","name":"Gourmet Classic","description":"Portal der gehobenen Gastlichkeit","publisher":{"@id":"https:\/\/www.gourmetclassic.de\/home\/#organization"},"potentialAction":[{"@type":"SearchAction","target":{"@type":"EntryPoint","urlTemplate":"https:\/\/www.gourmetclassic.de\/home\/?s={search_term_string}"},"query-input":{"@type":"PropertyValueSpecification","valueRequired":true,"valueName":"search_term_string"}}],"inLanguage":"de"},{"@type":"Organization","@id":"https:\/\/www.gourmetclassic.de\/home\/#organization","name":"Gourmet Classic","url":"https:\/\/www.gourmetclassic.de\/home\/","logo":{"@type":"ImageObject","inLanguage":"de","@id":"https:\/\/www.gourmetclassic.de\/home\/#\/schema\/logo\/image\/","url":"https:\/\/www.gourmetclassic.de\/wp-content\/uploads\/2019\/04\/gourmet-classic-logo.jpg","contentUrl":"https:\/\/www.gourmetclassic.de\/wp-content\/uploads\/2019\/04\/gourmet-classic-logo.jpg","width":253,"height":123,"caption":"Gourmet Classic"},"image":{"@id":"https:\/\/www.gourmetclassic.de\/home\/#\/schema\/logo\/image\/"}}]}},"_links":{"self":[{"href":"https:\/\/www.gourmetclassic.de\/home\/wp-json\/wp\/v2\/pages\/1683"}],"collection":[{"href":"https:\/\/www.gourmetclassic.de\/home\/wp-json\/wp\/v2\/pages"}],"about":[{"href":"https:\/\/www.gourmetclassic.de\/home\/wp-json\/wp\/v2\/types\/page"}],"author":[{"embeddable":true,"href":"https:\/\/www.gourmetclassic.de\/home\/wp-json\/wp\/v2\/users\/1"}],"replies":[{"embeddable":true,"href":"https:\/\/www.gourmetclassic.de\/home\/wp-json\/wp\/v2\/comments?post=1683"}],"version-history":[{"count":16,"href":"https:\/\/www.gourmetclassic.de\/home\/wp-json\/wp\/v2\/pages\/1683\/revisions"}],"predecessor-version":[{"id":4513,"href":"https:\/\/www.gourmetclassic.de\/home\/wp-json\/wp\/v2\/pages\/1683\/revisions\/4513"}],"up":[{"embeddable":true,"href":"https:\/\/www.gourmetclassic.de\/home\/wp-json\/wp\/v2\/pages\/151"}],"wp:attachment":[{"href":"https:\/\/www.gourmetclassic.de\/home\/wp-json\/wp\/v2\/media?parent=1683"}],"curies":[{"name":"wp","href":"https:\/\/api.w.org\/{rel}","templated":true}]}}