{"id":1804,"date":"2020-06-01T15:27:00","date_gmt":"2020-06-01T13:27:00","guid":{"rendered":"https:\/\/www.gourmetclassic.de\/home\/?page_id=1804"},"modified":"2024-01-30T14:42:45","modified_gmt":"2024-01-30T13:42:45","slug":"insel-sylt","status":"publish","type":"page","link":"https:\/\/www.gourmetclassic.de\/home\/regionen\/regionen-in-deutschland\/insel-sylt\/","title":{"rendered":"Insel Sylt"},"content":{"rendered":"<p><img loading=\"lazy\" decoding=\"async\" class=\"alignnone size-full wp-image-1803\" title=\"Insel Sylt - per Autozug \u00fcber den Hindenburgdamm erreichbar\" src=\"https:\/\/www.gourmetclassic.de\/wp-content\/uploads\/2020\/06\/sylt_hindenburgdamm.jpg\" alt=\"Insel Sylt - per Autozug \u00fcber den Hindenburgdamm erreichbar\" width=\"1920\" height=\"800\" srcset=\"https:\/\/www.gourmetclassic.de\/wp-content\/uploads\/2020\/06\/sylt_hindenburgdamm.jpg 1920w, https:\/\/www.gourmetclassic.de\/wp-content\/uploads\/2020\/06\/sylt_hindenburgdamm-768x320.jpg 768w, https:\/\/www.gourmetclassic.de\/wp-content\/uploads\/2020\/06\/sylt_hindenburgdamm-1536x640.jpg 1536w\" sizes=\"(max-width: 1920px) 100vw, 1920px\" \/><\/p>\n<p><img loading=\"lazy\" decoding=\"async\" class=\"size-full wp-image-1485 alignleft\" title=\"Insel Sylt\" src=\"https:\/\/www.gourmetclassic.de\/wp-content\/uploads\/2020\/05\/sylt_400.png\" alt=\"Insel Sylt\" width=\"400\" height=\"400\" \/>Sylt ist die gr\u00f6\u00dfte nordfriesische Insel. Sie erstreckt sich in Nord-S\u00fcd-Richtung vor der Nordseek\u00fcste Schleswig-Holsteins und D\u00e4nemarks. Bekannt ist die n\u00f6rdlichste deutsche Insel vor allem f\u00fcr ihre Kurorte Westerland, Kampen und Wenningstedt, f\u00fcr verbreitetes Nacktbaden und f\u00fcr den circa 40 Kilometer langen Weststrand.<\/p>\n<p>Sylt ist mit 99,14 km\u00b2 nach R\u00fcgen, Usedom und Fehmarn die viertgr\u00f6\u00dfte Insel Deutschlands und die gr\u00f6\u00dfte deutsche Nordseeinsel. Sylt liegt zwischen 9 und 16 Kilometer vor der K\u00fcste des Festlands, mit dem sie seit 1927 \u00fcber den 11 Kilometer langen Hindenburgdamm verbunden ist. S\u00fcd\u00f6stlich von Sylt befinden sich die Inseln Amrum und F\u00f6hr, n\u00f6rdlich liegt die d\u00e4nische Insel R\u00f8m\u00f8. In der N\u00e4he der Sylter Nordspitze liegt die Insel Uth\u00f6rn.<\/p>\n<p>Sylt erstreckt sich \u00fcber 38,0 Kilometer in Nord-S\u00fcd-Richtung und ist im Norden, am K\u00f6nigshafen bei List auf Sylt, nur etwa 320 Meter breit. An ihrer breitesten Stelle, von Westerland im Westen bis zur N\u00f6ssespitze bei Morsum im Osten, misst sie 12,6 Kilometer. Der s\u00fcdliche Teil der Insel ist ebenfalls schmal. An der West- und Nordwestseite Sylts erstreckt sich ein knapp 40 Kilometer langer Sandstrand, zur Ostseite liegt das Wattenmeer, das zum Nationalpark Schleswig-Holsteinisches Wattenmeer geh\u00f6rt und bei Niedrigwasser weitgehend trocken f\u00e4llt.<\/p>\n<p>Die Form der Insel ist fortgesetzten Ver\u00e4nderungen unterworfen. Wegen ihrer exponierten Lage in der Nordsee kommt es zu kontinuierlichen Landverlusten bei Sturmfluten. Der n\u00f6rdliche und der s\u00fcdliche Nehrungshaken der Insel bestehen ausschlie\u00dflich aus wenig fruchtbaren Sandablagerungen, w\u00e4hrend der Mittelteil der Insel im Bereich der ehemaligen Gemeinden Westerland, Wenningstedt und Sylt-Ost auf einem Geestkern ruht, der von See aus in Form des Roten Kliffs sichtbar ist. Der dem Wattenmeer zugewandte Teil des Geestkerns geht im Bereich der ehemaligen Gemeinde Sylt-Ost in relativ fruchtbares Marschland \u00fcber. Nach heute als gesichert angesehenen Quellen ist Sylt seit der Zweiten Marcellusflut von 1362 eine Insel. Ihre h\u00f6chste Erhebung ist die Uwe-D\u00fcne in Kampen mit 52,5 m \u00fc. NHN. (Quelle: <a href=\"https:\/\/de.wikipedia.org\/wiki\/Sylt\" target=\"_blank\" rel=\"noopener noreferrer\">Wikipedia<\/a>)<\/p>\n<div id=\"footable_parent_3874\"\n         class=\" footable_parent ninja_table_wrapper loading_ninja_table wp_table_data_press_parent semantic_ui \">\n                <table data-ninja_table_instance=\"ninja_table_instance_0\" data-footable_id=\"3874\" data-filter-delay=\"1000\" aria-label=\"Rest-DE-kopie\"            id=\"footable_3874\"\n           data-unique_identifier=\"ninja_table_unique_id_1308619108_3874\"\n           class=\" foo-table ninja_footable foo_table_3874 ninja_table_unique_id_1308619108_3874 ui table  ninja_has_count_format ninja_search_right nt_type_ajax_table selectable striped vertical_centered  footable-paging-right ninja_table_pro ninja_table_afd_columns ninja_table_afcs_columns_2 ninja_table_afcl_new_line ninja_table_has_custom_filter\">\n                <colgroup>\n                            <col class=\"ninja_column_0 \">\n                            <col class=\"ninja_column_1 \">\n                            <col class=\"ninja_column_2 \">\n                            <col class=\"ninja_column_3 \">\n                            <col class=\"ninja_column_4 \">\n                            <col class=\"ninja_column_5 \">\n                            <col class=\"ninja_column_6 \">\n                            <col class=\"ninja_column_7 xs sm md lg\">\n                            <col class=\"ninja_column_8 \">\n                            <col class=\"ninja_column_9 xs sm md lg\">\n                            <col class=\"ninja_column_10 \">\n                            <col class=\"ninja_column_11 \">\n                            <col class=\"ninja_column_12 xs sm md lg\">\n                            <col class=\"ninja_column_13 xs sm md lg\">\n                    <\/colgroup>\n            <\/table>\n    \n    \n    \n<\/div>\n\n","protected":false},"excerpt":{"rendered":"<p>Sylt ist die gr\u00f6\u00dfte nordfriesische Insel. Sie erstreckt sich in Nord-S\u00fcd-Richtung vor der Nordseek\u00fcste Schleswig-Holsteins und D\u00e4nemarks. Bekannt ist die<\/p>\n","protected":false},"author":1,"featured_media":0,"parent":151,"menu_order":0,"comment_status":"closed","ping_status":"closed","template":"","meta":{"footnotes":""},"class_list":["post-1804","page","type-page","status-publish","hentry"],"yoast_head":"<!-- This site is optimized with the Yoast SEO plugin v25.6 - https:\/\/yoast.com\/wordpress\/plugins\/seo\/ -->\n<title>Insel Sylt - Gourmet Classic<\/title>\n<meta name=\"robots\" content=\"index, follow, max-snippet:-1, max-image-preview:large, max-video-preview:-1\" \/>\n<link rel=\"canonical\" href=\"https:\/\/www.gourmetclassic.de\/home\/regionen\/regionen-in-deutschland\/insel-sylt\/\" \/>\n<meta property=\"og:locale\" content=\"de_DE\" \/>\n<meta property=\"og:type\" content=\"article\" \/>\n<meta property=\"og:title\" content=\"Insel Sylt - Gourmet Classic\" \/>\n<meta property=\"og:description\" content=\"Sylt ist die gr\u00f6\u00dfte nordfriesische Insel. Sie erstreckt sich in Nord-S\u00fcd-Richtung vor der Nordseek\u00fcste Schleswig-Holsteins und D\u00e4nemarks. Bekannt ist die\" \/>\n<meta property=\"og:url\" content=\"https:\/\/www.gourmetclassic.de\/home\/regionen\/regionen-in-deutschland\/insel-sylt\/\" \/>\n<meta property=\"og:site_name\" content=\"Gourmet Classic\" \/>\n<meta property=\"article:modified_time\" content=\"2024-01-30T13:42:45+00:00\" \/>\n<meta property=\"og:image\" content=\"https:\/\/www.gourmetclassic.de\/wp-content\/uploads\/2020\/06\/sylt_hindenburgdamm.jpg\" \/>\n<meta name=\"twitter:card\" content=\"summary_large_image\" \/>\n<meta name=\"twitter:label1\" content=\"Gesch\u00e4tzte Lesezeit\" \/>\n\t<meta name=\"twitter:data1\" content=\"3\u00a0Minuten\" \/>\n<script type=\"application\/ld+json\" class=\"yoast-schema-graph\">{\"@context\":\"https:\/\/schema.org\",\"@graph\":[{\"@type\":\"WebPage\",\"@id\":\"https:\/\/www.gourmetclassic.de\/home\/regionen\/regionen-in-deutschland\/insel-sylt\/\",\"url\":\"https:\/\/www.gourmetclassic.de\/home\/regionen\/regionen-in-deutschland\/insel-sylt\/\",\"name\":\"Insel Sylt - Gourmet Classic\",\"isPartOf\":{\"@id\":\"https:\/\/www.gourmetclassic.de\/home\/#website\"},\"primaryImageOfPage\":{\"@id\":\"https:\/\/www.gourmetclassic.de\/home\/regionen\/regionen-in-deutschland\/insel-sylt\/#primaryimage\"},\"image\":{\"@id\":\"https:\/\/www.gourmetclassic.de\/home\/regionen\/regionen-in-deutschland\/insel-sylt\/#primaryimage\"},\"thumbnailUrl\":\"https:\/\/www.gourmetclassic.de\/wp-content\/uploads\/2020\/06\/sylt_hindenburgdamm.jpg\",\"datePublished\":\"2020-06-01T13:27:00+00:00\",\"dateModified\":\"2024-01-30T13:42:45+00:00\",\"breadcrumb\":{\"@id\":\"https:\/\/www.gourmetclassic.de\/home\/regionen\/regionen-in-deutschland\/insel-sylt\/#breadcrumb\"},\"inLanguage\":\"de\",\"potentialAction\":[{\"@type\":\"ReadAction\",\"target\":[\"https:\/\/www.gourmetclassic.de\/home\/regionen\/regionen-in-deutschland\/insel-sylt\/\"]}]},{\"@type\":\"ImageObject\",\"inLanguage\":\"de\",\"@id\":\"https:\/\/www.gourmetclassic.de\/home\/regionen\/regionen-in-deutschland\/insel-sylt\/#primaryimage\",\"url\":\"https:\/\/www.gourmetclassic.de\/wp-content\/uploads\/2020\/06\/sylt_hindenburgdamm.jpg\",\"contentUrl\":\"https:\/\/www.gourmetclassic.de\/wp-content\/uploads\/2020\/06\/sylt_hindenburgdamm.jpg\"},{\"@type\":\"BreadcrumbList\",\"@id\":\"https:\/\/www.gourmetclassic.de\/home\/regionen\/regionen-in-deutschland\/insel-sylt\/#breadcrumb\",\"itemListElement\":[{\"@type\":\"ListItem\",\"position\":1,\"name\":\"Startseite\",\"item\":\"https:\/\/www.gourmetclassic.de\/home\/\"},{\"@type\":\"ListItem\",\"position\":2,\"name\":\"Suche nach Restaurants\/Hotels in Regionen\",\"item\":\"https:\/\/www.gourmetclassic.de\/home\/regionen\/\"},{\"@type\":\"ListItem\",\"position\":3,\"name\":\"Regionen in Deutschland\",\"item\":\"https:\/\/www.gourmetclassic.de\/home\/regionen\/regionen-in-deutschland\/\"},{\"@type\":\"ListItem\",\"position\":4,\"name\":\"Insel Sylt\"}]},{\"@type\":\"WebSite\",\"@id\":\"https:\/\/www.gourmetclassic.de\/home\/#website\",\"url\":\"https:\/\/www.gourmetclassic.de\/home\/\",\"name\":\"Gourmet Classic\",\"description\":\"Portal der gehobenen Gastlichkeit\",\"publisher\":{\"@id\":\"https:\/\/www.gourmetclassic.de\/home\/#organization\"},\"potentialAction\":[{\"@type\":\"SearchAction\",\"target\":{\"@type\":\"EntryPoint\",\"urlTemplate\":\"https:\/\/www.gourmetclassic.de\/home\/?s={search_term_string}\"},\"query-input\":{\"@type\":\"PropertyValueSpecification\",\"valueRequired\":true,\"valueName\":\"search_term_string\"}}],\"inLanguage\":\"de\"},{\"@type\":\"Organization\",\"@id\":\"https:\/\/www.gourmetclassic.de\/home\/#organization\",\"name\":\"Gourmet Classic\",\"url\":\"https:\/\/www.gourmetclassic.de\/home\/\",\"logo\":{\"@type\":\"ImageObject\",\"inLanguage\":\"de\",\"@id\":\"https:\/\/www.gourmetclassic.de\/home\/#\/schema\/logo\/image\/\",\"url\":\"https:\/\/www.gourmetclassic.de\/wp-content\/uploads\/2019\/04\/gourmet-classic-logo.jpg\",\"contentUrl\":\"https:\/\/www.gourmetclassic.de\/wp-content\/uploads\/2019\/04\/gourmet-classic-logo.jpg\",\"width\":253,\"height\":123,\"caption\":\"Gourmet Classic\"},\"image\":{\"@id\":\"https:\/\/www.gourmetclassic.de\/home\/#\/schema\/logo\/image\/\"}}]}<\/script>\n<!-- \/ Yoast SEO plugin. -->","yoast_head_json":{"title":"Insel Sylt - Gourmet Classic","robots":{"index":"index","follow":"follow","max-snippet":"max-snippet:-1","max-image-preview":"max-image-preview:large","max-video-preview":"max-video-preview:-1"},"canonical":"https:\/\/www.gourmetclassic.de\/home\/regionen\/regionen-in-deutschland\/insel-sylt\/","og_locale":"de_DE","og_type":"article","og_title":"Insel Sylt - Gourmet Classic","og_description":"Sylt ist die gr\u00f6\u00dfte nordfriesische Insel. Sie erstreckt sich in Nord-S\u00fcd-Richtung vor der Nordseek\u00fcste Schleswig-Holsteins und D\u00e4nemarks. Bekannt ist die","og_url":"https:\/\/www.gourmetclassic.de\/home\/regionen\/regionen-in-deutschland\/insel-sylt\/","og_site_name":"Gourmet Classic","article_modified_time":"2024-01-30T13:42:45+00:00","og_image":[{"url":"https:\/\/www.gourmetclassic.de\/wp-content\/uploads\/2020\/06\/sylt_hindenburgdamm.jpg","type":"","width":"","height":""}],"twitter_card":"summary_large_image","twitter_misc":{"Gesch\u00e4tzte Lesezeit":"3\u00a0Minuten"},"schema":{"@context":"https:\/\/schema.org","@graph":[{"@type":"WebPage","@id":"https:\/\/www.gourmetclassic.de\/home\/regionen\/regionen-in-deutschland\/insel-sylt\/","url":"https:\/\/www.gourmetclassic.de\/home\/regionen\/regionen-in-deutschland\/insel-sylt\/","name":"Insel Sylt - Gourmet Classic","isPartOf":{"@id":"https:\/\/www.gourmetclassic.de\/home\/#website"},"primaryImageOfPage":{"@id":"https:\/\/www.gourmetclassic.de\/home\/regionen\/regionen-in-deutschland\/insel-sylt\/#primaryimage"},"image":{"@id":"https:\/\/www.gourmetclassic.de\/home\/regionen\/regionen-in-deutschland\/insel-sylt\/#primaryimage"},"thumbnailUrl":"https:\/\/www.gourmetclassic.de\/wp-content\/uploads\/2020\/06\/sylt_hindenburgdamm.jpg","datePublished":"2020-06-01T13:27:00+00:00","dateModified":"2024-01-30T13:42:45+00:00","breadcrumb":{"@id":"https:\/\/www.gourmetclassic.de\/home\/regionen\/regionen-in-deutschland\/insel-sylt\/#breadcrumb"},"inLanguage":"de","potentialAction":[{"@type":"ReadAction","target":["https:\/\/www.gourmetclassic.de\/home\/regionen\/regionen-in-deutschland\/insel-sylt\/"]}]},{"@type":"ImageObject","inLanguage":"de","@id":"https:\/\/www.gourmetclassic.de\/home\/regionen\/regionen-in-deutschland\/insel-sylt\/#primaryimage","url":"https:\/\/www.gourmetclassic.de\/wp-content\/uploads\/2020\/06\/sylt_hindenburgdamm.jpg","contentUrl":"https:\/\/www.gourmetclassic.de\/wp-content\/uploads\/2020\/06\/sylt_hindenburgdamm.jpg"},{"@type":"BreadcrumbList","@id":"https:\/\/www.gourmetclassic.de\/home\/regionen\/regionen-in-deutschland\/insel-sylt\/#breadcrumb","itemListElement":[{"@type":"ListItem","position":1,"name":"Startseite","item":"https:\/\/www.gourmetclassic.de\/home\/"},{"@type":"ListItem","position":2,"name":"Suche nach Restaurants\/Hotels in Regionen","item":"https:\/\/www.gourmetclassic.de\/home\/regionen\/"},{"@type":"ListItem","position":3,"name":"Regionen in Deutschland","item":"https:\/\/www.gourmetclassic.de\/home\/regionen\/regionen-in-deutschland\/"},{"@type":"ListItem","position":4,"name":"Insel Sylt"}]},{"@type":"WebSite","@id":"https:\/\/www.gourmetclassic.de\/home\/#website","url":"https:\/\/www.gourmetclassic.de\/home\/","name":"Gourmet Classic","description":"Portal der gehobenen Gastlichkeit","publisher":{"@id":"https:\/\/www.gourmetclassic.de\/home\/#organization"},"potentialAction":[{"@type":"SearchAction","target":{"@type":"EntryPoint","urlTemplate":"https:\/\/www.gourmetclassic.de\/home\/?s={search_term_string}"},"query-input":{"@type":"PropertyValueSpecification","valueRequired":true,"valueName":"search_term_string"}}],"inLanguage":"de"},{"@type":"Organization","@id":"https:\/\/www.gourmetclassic.de\/home\/#organization","name":"Gourmet Classic","url":"https:\/\/www.gourmetclassic.de\/home\/","logo":{"@type":"ImageObject","inLanguage":"de","@id":"https:\/\/www.gourmetclassic.de\/home\/#\/schema\/logo\/image\/","url":"https:\/\/www.gourmetclassic.de\/wp-content\/uploads\/2019\/04\/gourmet-classic-logo.jpg","contentUrl":"https:\/\/www.gourmetclassic.de\/wp-content\/uploads\/2019\/04\/gourmet-classic-logo.jpg","width":253,"height":123,"caption":"Gourmet Classic"},"image":{"@id":"https:\/\/www.gourmetclassic.de\/home\/#\/schema\/logo\/image\/"}}]}},"_links":{"self":[{"href":"https:\/\/www.gourmetclassic.de\/home\/wp-json\/wp\/v2\/pages\/1804"}],"collection":[{"href":"https:\/\/www.gourmetclassic.de\/home\/wp-json\/wp\/v2\/pages"}],"about":[{"href":"https:\/\/www.gourmetclassic.de\/home\/wp-json\/wp\/v2\/types\/page"}],"author":[{"embeddable":true,"href":"https:\/\/www.gourmetclassic.de\/home\/wp-json\/wp\/v2\/users\/1"}],"replies":[{"embeddable":true,"href":"https:\/\/www.gourmetclassic.de\/home\/wp-json\/wp\/v2\/comments?post=1804"}],"version-history":[{"count":2,"href":"https:\/\/www.gourmetclassic.de\/home\/wp-json\/wp\/v2\/pages\/1804\/revisions"}],"predecessor-version":[{"id":4499,"href":"https:\/\/www.gourmetclassic.de\/home\/wp-json\/wp\/v2\/pages\/1804\/revisions\/4499"}],"up":[{"embeddable":true,"href":"https:\/\/www.gourmetclassic.de\/home\/wp-json\/wp\/v2\/pages\/151"}],"wp:attachment":[{"href":"https:\/\/www.gourmetclassic.de\/home\/wp-json\/wp\/v2\/media?parent=1804"}],"curies":[{"name":"wp","href":"https:\/\/api.w.org\/{rel}","templated":true}]}}