{"id":1943,"date":"2020-06-04T23:22:55","date_gmt":"2020-06-04T21:22:55","guid":{"rendered":"https:\/\/www.gourmetclassic.de\/home\/?page_id=1943"},"modified":"2020-06-04T23:28:04","modified_gmt":"2020-06-04T21:28:04","slug":"steiermark","status":"publish","type":"page","link":"https:\/\/www.gourmetclassic.de\/home\/regionen\/regionen-in-oesterreich\/steiermark\/","title":{"rendered":"Steiermark"},"content":{"rendered":"<p><img loading=\"lazy\" decoding=\"async\" class=\"alignnone size-full wp-image-1937\" title=\"Weinbau in der S\u00fcdsteiermark\" src=\"https:\/\/www.gourmetclassic.de\/wp-content\/uploads\/2020\/06\/suedsteiermark-weinbau.jpg\" alt=\"Weinbau in der S\u00fcdsteiermark\" width=\"1920\" height=\"800\" srcset=\"https:\/\/www.gourmetclassic.de\/wp-content\/uploads\/2020\/06\/suedsteiermark-weinbau.jpg 1920w, https:\/\/www.gourmetclassic.de\/wp-content\/uploads\/2020\/06\/suedsteiermark-weinbau-768x320.jpg 768w, https:\/\/www.gourmetclassic.de\/wp-content\/uploads\/2020\/06\/suedsteiermark-weinbau-1536x640.jpg 1536w\" sizes=\"(max-width: 1920px) 100vw, 1920px\" \/><\/p>\n<p><img loading=\"lazy\" decoding=\"async\" class=\"size-full wp-image-1929 alignleft\" title=\"Steiermark\" src=\"https:\/\/www.gourmetclassic.de\/wp-content\/uploads\/2020\/06\/steiermark-400.png\" alt=\"Steiermark\" width=\"400\" height=\"400\" \/>Die Steiermark ist eines der neun Bundesl\u00e4nder der Republik \u00d6sterreich. Ihre Hauptstadt ist Graz, welche gefolgt von Leoben, Kapfenberg, Bruck an der Mur und Feldbach nach Einwohnern auch mit Abstand die gr\u00f6\u00dfte Stadt der Steiermark ist. Die Bewohner werden als Steirer bezeichnet.<\/p>\n<p>Das Bundesland Steiermark ist das zweitgr\u00f6\u00dfte Bundesland \u00d6sterreichs. Es verf\u00fcgt \u00fcber eine 145 km lange Au\u00dfengrenze mit Slowenien, womit es \u2013 abgesehen vom Ausnahmefall Wien \u2013 das Bundesland mit der geringsten Grenzl\u00e4nge an das Ausland ist. Die Binnengrenze zu den angrenzenden Bundesl\u00e4ndern ist 870 km lang.<\/p>\n<p>Die Steiermark ist in mehrere Regionen gegliedert. Fl\u00e4chenm\u00e4\u00dfig am gr\u00f6\u00dften ist die Obersteiermark, die von den n\u00f6rdlichen Landesgrenzen bis zum Steirischen Randgebirge s\u00fcdlich der Mur-M\u00fcrz-Furche reicht. Die Weststeiermark liegt s\u00fcdlich davon und westlich der Mur. Die Oststeiermark liegt \u00f6stlich der Mur und s\u00fcdlich des Wechsels und der Fischbacher Alpen. Zwischen Ost- und Weststeiermark liegt die Landeshauptstadt Graz. Seit j\u00fcngerer Zeit wird das Gebiet der Landeshauptstadt Graz und des Bezirkes Graz-Umgebung als Mittelsteiermark bezeichnet. Dieses Gebiet ist geografisch weder der Ost- noch der Weststeiermark zuzuordnen. Diese Einteilung der Steiermark, der zufolge gro\u00dfe Teile der Obersteiermark westlicher als die Weststeiermark liegen, stiftet manchmal bei Nichtkundigen Verwirrung. Sie r\u00fchrt aus der Zeit vor dem Ersten Weltkrieg her, als Ost- und Weststeiermark zusammen die \u201eMittelsteiermark\u201c bildeten, w\u00e4hrend die Untersteiermark das gemischtsprachige deutsch-slowenische Gebiet mit der Hauptstadt Marburg an der Drau (slowenisch Maribor) war. Dieses kam nach dem Ende des Ersten Weltkrieges zum K\u00f6nigreich Jugoslawien und geh\u00f6rt heute zu Slowenien. Der s\u00fcdliche Landesteil ab etwa der Linie Deutschlandsberg \u2013 Leibnitz \u2013 Bad Radkersburg wird S\u00fcdsteiermark genannt und ist nicht mit der Untersteiermark zu verwechseln. Umgangssprachlich jedoch wird (zumindest in der Obersteiermark) heute noch oft die S\u00fcdsteiermark mit der Untersteiermark namentlich gleichgesetzt.<\/p>\n<p>Die Steiermark wird im Volksmund auch die \u201eGr\u00fcne Mark\u201c und \u2013 vorwiegend im Tourismus \u2013 das \u201eGr\u00fcne Herz \u00d6sterreichs\u201c genannt, da rund 61 Prozent ihrer Bodenfl\u00e4che bewaldet ist und ein weiteres Viertel von Wiesen, Weiden sowie Obst- und Weing\u00e4rten eingenommen wird.<\/p>\n<p>Das im Norden des Landes befindliche Ennstal mit seinen schroffen Felsen, vom Dachstein bis zum Nationalpark Ges\u00e4use, und die Gebirgsplateaus zwischen Hochschwab und Rax machten die Steiermark auch als alpines Bundesland bekannt. In diesem Gebiet befindet sich mit der Hochwildstelle (auch Hohe Wildstelle) mit 2747 m \u00fc. A. der h\u00f6chste Berg, der zur G\u00e4nze auf steirischem Landesgebiet liegt. Der S\u00fcden des Landes ist gr\u00f6\u00dftenteils h\u00fcgelig (Weinbaugebiet), das Grazer und Leibnitzer Feld entlang der Mur ist dagegen eben.<\/p>\n<p>Der Hauptfluss der Steiermark ist die Mur, die im Salzburger Lungau entspringt, bald danach in der westlichen Obersteiermark bei Predlitz die Landesgrenze passiert und bis Bruck an der Mur in vorwiegend \u00f6stliche Richtung flie\u00dft. Dort macht der Fluss eine Biegung und verl\u00e4uft bis an die slowenische Grenze bei Spielfeld in s\u00fcdliche Richtung. Ab dort flie\u00dft die Mur wieder in \u00f6stliche Richtung bis Bad Radkersburg und bildet dabei die Grenze zum s\u00fcdlichen Nachbarstaat. Die L\u00e4nge der Mur auf steirischem Gebiet betr\u00e4gt 290,9 km.<\/p>\n<p>Gr\u00f6\u00dfter See in der Steiermark ist der Grundlsee mit 4,3 km\u00b2. (Quelle: <a href=\"https:\/\/de.wikipedia.org\/wiki\/Steiermark\" target=\"_blank\" rel=\"noopener noreferrer\">Wikipedia<\/a>)<\/p>\n<div id=\"footable_parent_1246\"\n         class=\" footable_parent ninja_table_wrapper loading_ninja_table wp_table_data_press_parent semantic_ui \">\n                <table data-ninja_table_instance=\"ninja_table_instance_0\" data-footable_id=\"1246\" data-filter-delay=\"1000\" aria-label=\"Rest-AT\"            id=\"footable_1246\"\n           data-unique_identifier=\"ninja_table_unique_id_978216785_1246\"\n           class=\" foo-table ninja_footable foo_table_1246 ninja_table_unique_id_978216785_1246 ui table  ninja_has_count_format nt_type_ajax_table selectable striped vertical_centered  footable-paging-right ninja_table_pro ninja_table_afd_columns ninja_table_afcs_columns_2 ninja_table_afcl_new_line ninja_table_has_custom_filter\">\n                <colgroup>\n                            <col class=\"ninja_column_0 \">\n                            <col class=\"ninja_column_1 \">\n                            <col class=\"ninja_column_2 \">\n                            <col class=\"ninja_column_3 \">\n                            <col class=\"ninja_column_4 \">\n                            <col class=\"ninja_column_5 \">\n                            <col class=\"ninja_column_6 \">\n                            <col class=\"ninja_column_7 xs sm md lg\">\n                            <col class=\"ninja_column_8 xs sm md lg\">\n                            <col class=\"ninja_column_9 \">\n                            <col class=\"ninja_column_10 \">\n                            <col class=\"ninja_column_11 xs sm md lg\">\n                            <col class=\"ninja_column_12 xs sm md lg\">\n                    <\/colgroup>\n            <\/table>\n    \n    \n    \n<\/div>\n\n<p>&nbsp;<\/p>\n","protected":false},"excerpt":{"rendered":"<p>Die Steiermark ist eines der neun Bundesl\u00e4nder der Republik \u00d6sterreich. Ihre Hauptstadt ist Graz, welche gefolgt von Leoben, Kapfenberg, Bruck<\/p>\n","protected":false},"author":1,"featured_media":0,"parent":153,"menu_order":0,"comment_status":"closed","ping_status":"closed","template":"","meta":{"footnotes":""},"class_list":["post-1943","page","type-page","status-publish","hentry"],"yoast_head":"<!-- This site is optimized with the Yoast SEO plugin v25.6 - https:\/\/yoast.com\/wordpress\/plugins\/seo\/ -->\n<title>Steiermark - Gourmet Classic<\/title>\n<meta name=\"robots\" content=\"index, follow, max-snippet:-1, max-image-preview:large, max-video-preview:-1\" \/>\n<link rel=\"canonical\" href=\"https:\/\/www.gourmetclassic.de\/home\/regionen\/regionen-in-oesterreich\/steiermark\/\" \/>\n<meta property=\"og:locale\" content=\"de_DE\" \/>\n<meta property=\"og:type\" content=\"article\" \/>\n<meta property=\"og:title\" content=\"Steiermark - Gourmet Classic\" \/>\n<meta property=\"og:description\" content=\"Die Steiermark ist eines der neun Bundesl\u00e4nder der Republik \u00d6sterreich. Ihre Hauptstadt ist Graz, welche gefolgt von Leoben, Kapfenberg, Bruck\" \/>\n<meta property=\"og:url\" content=\"https:\/\/www.gourmetclassic.de\/home\/regionen\/regionen-in-oesterreich\/steiermark\/\" \/>\n<meta property=\"og:site_name\" content=\"Gourmet Classic\" \/>\n<meta property=\"article:modified_time\" content=\"2020-06-04T21:28:04+00:00\" \/>\n<meta property=\"og:image\" content=\"https:\/\/www.gourmetclassic.de\/wp-content\/uploads\/2020\/06\/suedsteiermark-weinbau.jpg\" \/>\n<meta name=\"twitter:card\" content=\"summary_large_image\" \/>\n<meta name=\"twitter:label1\" content=\"Gesch\u00e4tzte Lesezeit\" \/>\n\t<meta name=\"twitter:data1\" content=\"3\u00a0Minuten\" \/>\n<script type=\"application\/ld+json\" class=\"yoast-schema-graph\">{\"@context\":\"https:\/\/schema.org\",\"@graph\":[{\"@type\":\"WebPage\",\"@id\":\"https:\/\/www.gourmetclassic.de\/home\/regionen\/regionen-in-oesterreich\/steiermark\/\",\"url\":\"https:\/\/www.gourmetclassic.de\/home\/regionen\/regionen-in-oesterreich\/steiermark\/\",\"name\":\"Steiermark - Gourmet Classic\",\"isPartOf\":{\"@id\":\"https:\/\/www.gourmetclassic.de\/home\/#website\"},\"primaryImageOfPage\":{\"@id\":\"https:\/\/www.gourmetclassic.de\/home\/regionen\/regionen-in-oesterreich\/steiermark\/#primaryimage\"},\"image\":{\"@id\":\"https:\/\/www.gourmetclassic.de\/home\/regionen\/regionen-in-oesterreich\/steiermark\/#primaryimage\"},\"thumbnailUrl\":\"https:\/\/www.gourmetclassic.de\/wp-content\/uploads\/2020\/06\/suedsteiermark-weinbau.jpg\",\"datePublished\":\"2020-06-04T21:22:55+00:00\",\"dateModified\":\"2020-06-04T21:28:04+00:00\",\"breadcrumb\":{\"@id\":\"https:\/\/www.gourmetclassic.de\/home\/regionen\/regionen-in-oesterreich\/steiermark\/#breadcrumb\"},\"inLanguage\":\"de\",\"potentialAction\":[{\"@type\":\"ReadAction\",\"target\":[\"https:\/\/www.gourmetclassic.de\/home\/regionen\/regionen-in-oesterreich\/steiermark\/\"]}]},{\"@type\":\"ImageObject\",\"inLanguage\":\"de\",\"@id\":\"https:\/\/www.gourmetclassic.de\/home\/regionen\/regionen-in-oesterreich\/steiermark\/#primaryimage\",\"url\":\"https:\/\/www.gourmetclassic.de\/wp-content\/uploads\/2020\/06\/suedsteiermark-weinbau.jpg\",\"contentUrl\":\"https:\/\/www.gourmetclassic.de\/wp-content\/uploads\/2020\/06\/suedsteiermark-weinbau.jpg\"},{\"@type\":\"BreadcrumbList\",\"@id\":\"https:\/\/www.gourmetclassic.de\/home\/regionen\/regionen-in-oesterreich\/steiermark\/#breadcrumb\",\"itemListElement\":[{\"@type\":\"ListItem\",\"position\":1,\"name\":\"Startseite\",\"item\":\"https:\/\/www.gourmetclassic.de\/home\/\"},{\"@type\":\"ListItem\",\"position\":2,\"name\":\"Suche nach Restaurants\/Hotels in Regionen\",\"item\":\"https:\/\/www.gourmetclassic.de\/home\/regionen\/\"},{\"@type\":\"ListItem\",\"position\":3,\"name\":\"Regionen in \u00d6sterreich\",\"item\":\"https:\/\/www.gourmetclassic.de\/home\/regionen\/regionen-in-oesterreich\/\"},{\"@type\":\"ListItem\",\"position\":4,\"name\":\"Steiermark\"}]},{\"@type\":\"WebSite\",\"@id\":\"https:\/\/www.gourmetclassic.de\/home\/#website\",\"url\":\"https:\/\/www.gourmetclassic.de\/home\/\",\"name\":\"Gourmet Classic\",\"description\":\"Portal der gehobenen Gastlichkeit\",\"publisher\":{\"@id\":\"https:\/\/www.gourmetclassic.de\/home\/#organization\"},\"potentialAction\":[{\"@type\":\"SearchAction\",\"target\":{\"@type\":\"EntryPoint\",\"urlTemplate\":\"https:\/\/www.gourmetclassic.de\/home\/?s={search_term_string}\"},\"query-input\":{\"@type\":\"PropertyValueSpecification\",\"valueRequired\":true,\"valueName\":\"search_term_string\"}}],\"inLanguage\":\"de\"},{\"@type\":\"Organization\",\"@id\":\"https:\/\/www.gourmetclassic.de\/home\/#organization\",\"name\":\"Gourmet Classic\",\"url\":\"https:\/\/www.gourmetclassic.de\/home\/\",\"logo\":{\"@type\":\"ImageObject\",\"inLanguage\":\"de\",\"@id\":\"https:\/\/www.gourmetclassic.de\/home\/#\/schema\/logo\/image\/\",\"url\":\"https:\/\/www.gourmetclassic.de\/wp-content\/uploads\/2019\/04\/gourmet-classic-logo.jpg\",\"contentUrl\":\"https:\/\/www.gourmetclassic.de\/wp-content\/uploads\/2019\/04\/gourmet-classic-logo.jpg\",\"width\":253,\"height\":123,\"caption\":\"Gourmet Classic\"},\"image\":{\"@id\":\"https:\/\/www.gourmetclassic.de\/home\/#\/schema\/logo\/image\/\"}}]}<\/script>\n<!-- \/ Yoast SEO plugin. -->","yoast_head_json":{"title":"Steiermark - Gourmet Classic","robots":{"index":"index","follow":"follow","max-snippet":"max-snippet:-1","max-image-preview":"max-image-preview:large","max-video-preview":"max-video-preview:-1"},"canonical":"https:\/\/www.gourmetclassic.de\/home\/regionen\/regionen-in-oesterreich\/steiermark\/","og_locale":"de_DE","og_type":"article","og_title":"Steiermark - Gourmet Classic","og_description":"Die Steiermark ist eines der neun Bundesl\u00e4nder der Republik \u00d6sterreich. Ihre Hauptstadt ist Graz, welche gefolgt von Leoben, Kapfenberg, Bruck","og_url":"https:\/\/www.gourmetclassic.de\/home\/regionen\/regionen-in-oesterreich\/steiermark\/","og_site_name":"Gourmet Classic","article_modified_time":"2020-06-04T21:28:04+00:00","og_image":[{"url":"https:\/\/www.gourmetclassic.de\/wp-content\/uploads\/2020\/06\/suedsteiermark-weinbau.jpg","type":"","width":"","height":""}],"twitter_card":"summary_large_image","twitter_misc":{"Gesch\u00e4tzte Lesezeit":"3\u00a0Minuten"},"schema":{"@context":"https:\/\/schema.org","@graph":[{"@type":"WebPage","@id":"https:\/\/www.gourmetclassic.de\/home\/regionen\/regionen-in-oesterreich\/steiermark\/","url":"https:\/\/www.gourmetclassic.de\/home\/regionen\/regionen-in-oesterreich\/steiermark\/","name":"Steiermark - Gourmet Classic","isPartOf":{"@id":"https:\/\/www.gourmetclassic.de\/home\/#website"},"primaryImageOfPage":{"@id":"https:\/\/www.gourmetclassic.de\/home\/regionen\/regionen-in-oesterreich\/steiermark\/#primaryimage"},"image":{"@id":"https:\/\/www.gourmetclassic.de\/home\/regionen\/regionen-in-oesterreich\/steiermark\/#primaryimage"},"thumbnailUrl":"https:\/\/www.gourmetclassic.de\/wp-content\/uploads\/2020\/06\/suedsteiermark-weinbau.jpg","datePublished":"2020-06-04T21:22:55+00:00","dateModified":"2020-06-04T21:28:04+00:00","breadcrumb":{"@id":"https:\/\/www.gourmetclassic.de\/home\/regionen\/regionen-in-oesterreich\/steiermark\/#breadcrumb"},"inLanguage":"de","potentialAction":[{"@type":"ReadAction","target":["https:\/\/www.gourmetclassic.de\/home\/regionen\/regionen-in-oesterreich\/steiermark\/"]}]},{"@type":"ImageObject","inLanguage":"de","@id":"https:\/\/www.gourmetclassic.de\/home\/regionen\/regionen-in-oesterreich\/steiermark\/#primaryimage","url":"https:\/\/www.gourmetclassic.de\/wp-content\/uploads\/2020\/06\/suedsteiermark-weinbau.jpg","contentUrl":"https:\/\/www.gourmetclassic.de\/wp-content\/uploads\/2020\/06\/suedsteiermark-weinbau.jpg"},{"@type":"BreadcrumbList","@id":"https:\/\/www.gourmetclassic.de\/home\/regionen\/regionen-in-oesterreich\/steiermark\/#breadcrumb","itemListElement":[{"@type":"ListItem","position":1,"name":"Startseite","item":"https:\/\/www.gourmetclassic.de\/home\/"},{"@type":"ListItem","position":2,"name":"Suche nach Restaurants\/Hotels in Regionen","item":"https:\/\/www.gourmetclassic.de\/home\/regionen\/"},{"@type":"ListItem","position":3,"name":"Regionen in \u00d6sterreich","item":"https:\/\/www.gourmetclassic.de\/home\/regionen\/regionen-in-oesterreich\/"},{"@type":"ListItem","position":4,"name":"Steiermark"}]},{"@type":"WebSite","@id":"https:\/\/www.gourmetclassic.de\/home\/#website","url":"https:\/\/www.gourmetclassic.de\/home\/","name":"Gourmet Classic","description":"Portal der gehobenen Gastlichkeit","publisher":{"@id":"https:\/\/www.gourmetclassic.de\/home\/#organization"},"potentialAction":[{"@type":"SearchAction","target":{"@type":"EntryPoint","urlTemplate":"https:\/\/www.gourmetclassic.de\/home\/?s={search_term_string}"},"query-input":{"@type":"PropertyValueSpecification","valueRequired":true,"valueName":"search_term_string"}}],"inLanguage":"de"},{"@type":"Organization","@id":"https:\/\/www.gourmetclassic.de\/home\/#organization","name":"Gourmet Classic","url":"https:\/\/www.gourmetclassic.de\/home\/","logo":{"@type":"ImageObject","inLanguage":"de","@id":"https:\/\/www.gourmetclassic.de\/home\/#\/schema\/logo\/image\/","url":"https:\/\/www.gourmetclassic.de\/wp-content\/uploads\/2019\/04\/gourmet-classic-logo.jpg","contentUrl":"https:\/\/www.gourmetclassic.de\/wp-content\/uploads\/2019\/04\/gourmet-classic-logo.jpg","width":253,"height":123,"caption":"Gourmet Classic"},"image":{"@id":"https:\/\/www.gourmetclassic.de\/home\/#\/schema\/logo\/image\/"}}]}},"_links":{"self":[{"href":"https:\/\/www.gourmetclassic.de\/home\/wp-json\/wp\/v2\/pages\/1943"}],"collection":[{"href":"https:\/\/www.gourmetclassic.de\/home\/wp-json\/wp\/v2\/pages"}],"about":[{"href":"https:\/\/www.gourmetclassic.de\/home\/wp-json\/wp\/v2\/types\/page"}],"author":[{"embeddable":true,"href":"https:\/\/www.gourmetclassic.de\/home\/wp-json\/wp\/v2\/users\/1"}],"replies":[{"embeddable":true,"href":"https:\/\/www.gourmetclassic.de\/home\/wp-json\/wp\/v2\/comments?post=1943"}],"version-history":[{"count":3,"href":"https:\/\/www.gourmetclassic.de\/home\/wp-json\/wp\/v2\/pages\/1943\/revisions"}],"predecessor-version":[{"id":1947,"href":"https:\/\/www.gourmetclassic.de\/home\/wp-json\/wp\/v2\/pages\/1943\/revisions\/1947"}],"up":[{"embeddable":true,"href":"https:\/\/www.gourmetclassic.de\/home\/wp-json\/wp\/v2\/pages\/153"}],"wp:attachment":[{"href":"https:\/\/www.gourmetclassic.de\/home\/wp-json\/wp\/v2\/media?parent=1943"}],"curies":[{"name":"wp","href":"https:\/\/api.w.org\/{rel}","templated":true}]}}