{"id":1954,"date":"2020-06-05T10:37:36","date_gmt":"2020-06-05T08:37:36","guid":{"rendered":"https:\/\/www.gourmetclassic.de\/home\/?page_id=1954"},"modified":"2024-01-31T10:03:10","modified_gmt":"2024-01-31T09:03:10","slug":"restaurantsuche-oesterreich","status":"publish","type":"page","link":"https:\/\/www.gourmetclassic.de\/home\/gastronomie\/restaurantsuche-oesterreich\/","title":{"rendered":"Restaurantsuche \u00d6sterreich"},"content":{"rendered":"<h6><strong>F\u00fcnf Hauben f\u00fcr die Besten<\/strong><\/h6>\n<p>Finden Sie hier Restaurants und Hotels mit hervorragender Gastronomie in \u00d6sterreich<\/p>\n<p>Der Gault&amp;Millau 2024 f\u00fcr \u00d6sterreich wartet mit einer \u00dcberraschung auf: Erstmals in der Geschichte des Guide haben gleich zwei Restaurants den Sprung auf die fu\u0308nfte Haube geschafft. Es sind Andreas D\u00f6llerer in Golling und Juan Amador in Wien.<br \/>\nDie F\u00fcnf-Hauben-K\u00f6che mit 19 von 20 Punkten sind:<\/p>\n<ul>\n<li>Silvio Nickol Gourmet Restaurant, Wien, Silvio Nickol<\/li>\n<li>Konstantin Filippou, Wien, Konstantin Filippou<\/li>\n<li>Steirereck im Stadtpark, Wien, Heinz Reitbauer und Michael Baub\u00f6ck<\/li>\n<li>Amador, Wien, Juan Amador<\/li>\n<li>Ikarus, Salzburg, Martin Klein<\/li>\n<li>Obauer, Werfen, Karl und Rudi Obauer<\/li>\n<li>D\u00f6llerer, Golling, Andreas D\u00f6llerer<\/li>\n<li>St\u00fcva, Ischgl, Benjamin Parth<\/li>\n<\/ul>\n<h6><strong>Guide Michelin \u00d6sterreich 2023<\/strong><\/h6>\n<p>Der Guide MICHELIN 2023 pr\u00e4sentiert seine Restaurantauswahl f\u00fcr die Wiener und Salzburger Gastronomie, die weiterhin mit hohem Niveau \u00fcberzeugt.<\/p>\n<p><strong>Die Wiener Selektion<\/strong><br \/>\nMit viel Freude konnten die Inspektorinnen und Inspektoren des Guide MICHELIN feststellen, dass die Wiener Restaurants ihrem ausgezeichneten Ruf treu geblieben sind. In der Selektion 2023 beh\u00e4lt ein Restaurant seine Drei-Sterne-Auszeichnung, vier ihre zwei MICHELIN Sterne und f\u00fcnf ihren einen Stern.<\/p>\n<p><strong>Die Salzburger Selektion<\/strong><br \/>\nAuch in der Salzburger Gastronomie ist das kulinarische Niveau gleichbleibend hoch. Die Selektion 2023 umfasst insgesamt 20 Adressen, eingeschlossen auch Hof bei Salzburg. Unter den in diesem Jahr ausgezeichneten Restaurants behalten zwei Restaurants ihre zwei MICHELIN Sterne, drei ihren einen MICHELIN Stern<\/p>\n<p>&nbsp;<\/p>\n<div id=\"footable_parent_1246\"\n         class=\" footable_parent ninja_table_wrapper loading_ninja_table wp_table_data_press_parent semantic_ui \">\n                <table data-ninja_table_instance=\"ninja_table_instance_0\" data-footable_id=\"1246\" data-filter-delay=\"1000\" aria-label=\"Rest-AT\"            id=\"footable_1246\"\n           data-unique_identifier=\"ninja_table_unique_id_1979705581_1246\"\n           class=\" foo-table ninja_footable foo_table_1246 ninja_table_unique_id_1979705581_1246 ui table  ninja_has_count_format nt_type_ajax_table selectable striped vertical_centered  footable-paging-right ninja_table_pro ninja_table_afd_columns ninja_table_afcs_columns_2 ninja_table_afcl_new_line ninja_table_has_custom_filter\">\n                <colgroup>\n                            <col class=\"ninja_column_0 \">\n                            <col class=\"ninja_column_1 \">\n                            <col class=\"ninja_column_2 \">\n                            <col class=\"ninja_column_3 \">\n                            <col class=\"ninja_column_4 \">\n                            <col class=\"ninja_column_5 \">\n                            <col class=\"ninja_column_6 \">\n                            <col class=\"ninja_column_7 xs sm md lg\">\n                            <col class=\"ninja_column_8 xs sm md lg\">\n                            <col class=\"ninja_column_9 \">\n                            <col class=\"ninja_column_10 \">\n                            <col class=\"ninja_column_11 xs sm md lg\">\n                            <col class=\"ninja_column_12 xs sm md lg\">\n                    <\/colgroup>\n            <\/table>\n    \n    \n    \n<\/div>\n\n<p>&nbsp;<\/p>\n","protected":false},"excerpt":{"rendered":"<p>F\u00fcnf Hauben f\u00fcr die Besten Finden Sie hier Restaurants und Hotels mit hervorragender Gastronomie in \u00d6sterreich Der Gault&amp;Millau 2024 f\u00fcr<\/p>\n","protected":false},"author":1,"featured_media":0,"parent":1948,"menu_order":0,"comment_status":"closed","ping_status":"closed","template":"","meta":{"footnotes":""},"class_list":["post-1954","page","type-page","status-publish","hentry"],"yoast_head":"<!-- This site is optimized with the Yoast SEO plugin v25.6 - https:\/\/yoast.com\/wordpress\/plugins\/seo\/ -->\n<title>Restaurantsuche \u00d6sterreich - Gourmet Classic<\/title>\n<meta name=\"description\" content=\"Restaurants und Hotels mit hervorragender Gastronomie in \u00d6sterreich, f\u00fcnf Hauben f\u00fcr die f\u00fcnf Besten\" \/>\n<meta name=\"robots\" content=\"index, follow, max-snippet:-1, max-image-preview:large, max-video-preview:-1\" \/>\n<link rel=\"canonical\" href=\"https:\/\/www.gourmetclassic.de\/home\/gastronomie\/restaurantsuche-oesterreich\/\" \/>\n<meta property=\"og:locale\" content=\"de_DE\" \/>\n<meta property=\"og:type\" content=\"article\" \/>\n<meta property=\"og:title\" content=\"Restaurantsuche \u00d6sterreich - Gourmet Classic\" \/>\n<meta property=\"og:description\" content=\"Restaurants und Hotels mit hervorragender Gastronomie in \u00d6sterreich, f\u00fcnf Hauben f\u00fcr die f\u00fcnf Besten\" \/>\n<meta property=\"og:url\" content=\"https:\/\/www.gourmetclassic.de\/home\/gastronomie\/restaurantsuche-oesterreich\/\" \/>\n<meta property=\"og:site_name\" content=\"Gourmet Classic\" \/>\n<meta property=\"article:modified_time\" content=\"2024-01-31T09:03:10+00:00\" \/>\n<meta name=\"twitter:card\" content=\"summary_large_image\" \/>\n<meta name=\"twitter:label1\" content=\"Gesch\u00e4tzte Lesezeit\" \/>\n\t<meta name=\"twitter:data1\" content=\"2\u00a0Minuten\" \/>\n<script type=\"application\/ld+json\" class=\"yoast-schema-graph\">{\"@context\":\"https:\/\/schema.org\",\"@graph\":[{\"@type\":\"WebPage\",\"@id\":\"https:\/\/www.gourmetclassic.de\/home\/gastronomie\/restaurantsuche-oesterreich\/\",\"url\":\"https:\/\/www.gourmetclassic.de\/home\/gastronomie\/restaurantsuche-oesterreich\/\",\"name\":\"Restaurantsuche \u00d6sterreich - Gourmet Classic\",\"isPartOf\":{\"@id\":\"https:\/\/www.gourmetclassic.de\/home\/#website\"},\"datePublished\":\"2020-06-05T08:37:36+00:00\",\"dateModified\":\"2024-01-31T09:03:10+00:00\",\"description\":\"Restaurants und Hotels mit hervorragender Gastronomie in \u00d6sterreich, f\u00fcnf Hauben f\u00fcr die f\u00fcnf Besten\",\"breadcrumb\":{\"@id\":\"https:\/\/www.gourmetclassic.de\/home\/gastronomie\/restaurantsuche-oesterreich\/#breadcrumb\"},\"inLanguage\":\"de\",\"potentialAction\":[{\"@type\":\"ReadAction\",\"target\":[\"https:\/\/www.gourmetclassic.de\/home\/gastronomie\/restaurantsuche-oesterreich\/\"]}]},{\"@type\":\"BreadcrumbList\",\"@id\":\"https:\/\/www.gourmetclassic.de\/home\/gastronomie\/restaurantsuche-oesterreich\/#breadcrumb\",\"itemListElement\":[{\"@type\":\"ListItem\",\"position\":1,\"name\":\"Startseite\",\"item\":\"https:\/\/www.gourmetclassic.de\/home\/\"},{\"@type\":\"ListItem\",\"position\":2,\"name\":\"Gastronomie\",\"item\":\"https:\/\/www.gourmetclassic.de\/home\/gastronomie\/\"},{\"@type\":\"ListItem\",\"position\":3,\"name\":\"Restaurantsuche \u00d6sterreich\"}]},{\"@type\":\"WebSite\",\"@id\":\"https:\/\/www.gourmetclassic.de\/home\/#website\",\"url\":\"https:\/\/www.gourmetclassic.de\/home\/\",\"name\":\"Gourmet Classic\",\"description\":\"Portal der gehobenen Gastlichkeit\",\"publisher\":{\"@id\":\"https:\/\/www.gourmetclassic.de\/home\/#organization\"},\"potentialAction\":[{\"@type\":\"SearchAction\",\"target\":{\"@type\":\"EntryPoint\",\"urlTemplate\":\"https:\/\/www.gourmetclassic.de\/home\/?s={search_term_string}\"},\"query-input\":{\"@type\":\"PropertyValueSpecification\",\"valueRequired\":true,\"valueName\":\"search_term_string\"}}],\"inLanguage\":\"de\"},{\"@type\":\"Organization\",\"@id\":\"https:\/\/www.gourmetclassic.de\/home\/#organization\",\"name\":\"Gourmet Classic\",\"url\":\"https:\/\/www.gourmetclassic.de\/home\/\",\"logo\":{\"@type\":\"ImageObject\",\"inLanguage\":\"de\",\"@id\":\"https:\/\/www.gourmetclassic.de\/home\/#\/schema\/logo\/image\/\",\"url\":\"https:\/\/www.gourmetclassic.de\/wp-content\/uploads\/2019\/04\/gourmet-classic-logo.jpg\",\"contentUrl\":\"https:\/\/www.gourmetclassic.de\/wp-content\/uploads\/2019\/04\/gourmet-classic-logo.jpg\",\"width\":253,\"height\":123,\"caption\":\"Gourmet Classic\"},\"image\":{\"@id\":\"https:\/\/www.gourmetclassic.de\/home\/#\/schema\/logo\/image\/\"}}]}<\/script>\n<!-- \/ Yoast SEO plugin. -->","yoast_head_json":{"title":"Restaurantsuche \u00d6sterreich - Gourmet Classic","description":"Restaurants und Hotels mit hervorragender Gastronomie in \u00d6sterreich, f\u00fcnf Hauben f\u00fcr die f\u00fcnf Besten","robots":{"index":"index","follow":"follow","max-snippet":"max-snippet:-1","max-image-preview":"max-image-preview:large","max-video-preview":"max-video-preview:-1"},"canonical":"https:\/\/www.gourmetclassic.de\/home\/gastronomie\/restaurantsuche-oesterreich\/","og_locale":"de_DE","og_type":"article","og_title":"Restaurantsuche \u00d6sterreich - Gourmet Classic","og_description":"Restaurants und Hotels mit hervorragender Gastronomie in \u00d6sterreich, f\u00fcnf Hauben f\u00fcr die f\u00fcnf Besten","og_url":"https:\/\/www.gourmetclassic.de\/home\/gastronomie\/restaurantsuche-oesterreich\/","og_site_name":"Gourmet Classic","article_modified_time":"2024-01-31T09:03:10+00:00","twitter_card":"summary_large_image","twitter_misc":{"Gesch\u00e4tzte Lesezeit":"2\u00a0Minuten"},"schema":{"@context":"https:\/\/schema.org","@graph":[{"@type":"WebPage","@id":"https:\/\/www.gourmetclassic.de\/home\/gastronomie\/restaurantsuche-oesterreich\/","url":"https:\/\/www.gourmetclassic.de\/home\/gastronomie\/restaurantsuche-oesterreich\/","name":"Restaurantsuche \u00d6sterreich - Gourmet Classic","isPartOf":{"@id":"https:\/\/www.gourmetclassic.de\/home\/#website"},"datePublished":"2020-06-05T08:37:36+00:00","dateModified":"2024-01-31T09:03:10+00:00","description":"Restaurants und Hotels mit hervorragender Gastronomie in \u00d6sterreich, f\u00fcnf Hauben f\u00fcr die f\u00fcnf Besten","breadcrumb":{"@id":"https:\/\/www.gourmetclassic.de\/home\/gastronomie\/restaurantsuche-oesterreich\/#breadcrumb"},"inLanguage":"de","potentialAction":[{"@type":"ReadAction","target":["https:\/\/www.gourmetclassic.de\/home\/gastronomie\/restaurantsuche-oesterreich\/"]}]},{"@type":"BreadcrumbList","@id":"https:\/\/www.gourmetclassic.de\/home\/gastronomie\/restaurantsuche-oesterreich\/#breadcrumb","itemListElement":[{"@type":"ListItem","position":1,"name":"Startseite","item":"https:\/\/www.gourmetclassic.de\/home\/"},{"@type":"ListItem","position":2,"name":"Gastronomie","item":"https:\/\/www.gourmetclassic.de\/home\/gastronomie\/"},{"@type":"ListItem","position":3,"name":"Restaurantsuche \u00d6sterreich"}]},{"@type":"WebSite","@id":"https:\/\/www.gourmetclassic.de\/home\/#website","url":"https:\/\/www.gourmetclassic.de\/home\/","name":"Gourmet Classic","description":"Portal der gehobenen Gastlichkeit","publisher":{"@id":"https:\/\/www.gourmetclassic.de\/home\/#organization"},"potentialAction":[{"@type":"SearchAction","target":{"@type":"EntryPoint","urlTemplate":"https:\/\/www.gourmetclassic.de\/home\/?s={search_term_string}"},"query-input":{"@type":"PropertyValueSpecification","valueRequired":true,"valueName":"search_term_string"}}],"inLanguage":"de"},{"@type":"Organization","@id":"https:\/\/www.gourmetclassic.de\/home\/#organization","name":"Gourmet Classic","url":"https:\/\/www.gourmetclassic.de\/home\/","logo":{"@type":"ImageObject","inLanguage":"de","@id":"https:\/\/www.gourmetclassic.de\/home\/#\/schema\/logo\/image\/","url":"https:\/\/www.gourmetclassic.de\/wp-content\/uploads\/2019\/04\/gourmet-classic-logo.jpg","contentUrl":"https:\/\/www.gourmetclassic.de\/wp-content\/uploads\/2019\/04\/gourmet-classic-logo.jpg","width":253,"height":123,"caption":"Gourmet Classic"},"image":{"@id":"https:\/\/www.gourmetclassic.de\/home\/#\/schema\/logo\/image\/"}}]}},"_links":{"self":[{"href":"https:\/\/www.gourmetclassic.de\/home\/wp-json\/wp\/v2\/pages\/1954"}],"collection":[{"href":"https:\/\/www.gourmetclassic.de\/home\/wp-json\/wp\/v2\/pages"}],"about":[{"href":"https:\/\/www.gourmetclassic.de\/home\/wp-json\/wp\/v2\/types\/page"}],"author":[{"embeddable":true,"href":"https:\/\/www.gourmetclassic.de\/home\/wp-json\/wp\/v2\/users\/1"}],"replies":[{"embeddable":true,"href":"https:\/\/www.gourmetclassic.de\/home\/wp-json\/wp\/v2\/comments?post=1954"}],"version-history":[{"count":11,"href":"https:\/\/www.gourmetclassic.de\/home\/wp-json\/wp\/v2\/pages\/1954\/revisions"}],"predecessor-version":[{"id":4561,"href":"https:\/\/www.gourmetclassic.de\/home\/wp-json\/wp\/v2\/pages\/1954\/revisions\/4561"}],"up":[{"embeddable":true,"href":"https:\/\/www.gourmetclassic.de\/home\/wp-json\/wp\/v2\/pages\/1948"}],"wp:attachment":[{"href":"https:\/\/www.gourmetclassic.de\/home\/wp-json\/wp\/v2\/media?parent=1954"}],"curies":[{"name":"wp","href":"https:\/\/api.w.org\/{rel}","templated":true}]}}