{"id":2019,"date":"2020-06-05T19:32:22","date_gmt":"2020-06-05T17:32:22","guid":{"rendered":"https:\/\/www.gourmetclassic.de\/home\/?page_id=2019"},"modified":"2020-06-06T02:43:06","modified_gmt":"2020-06-06T00:43:06","slug":"kaernten","status":"publish","type":"page","link":"https:\/\/www.gourmetclassic.de\/home\/regionen\/regionen-in-oesterreich\/kaernten\/","title":{"rendered":"K\u00e4rnten"},"content":{"rendered":"<p><img loading=\"lazy\" decoding=\"async\" class=\"alignnone size-full wp-image-2034\" title=\"Maria W\u00f6rth - Halbinsel im W\u00f6rthersee in K\u00e4rnten\" src=\"https:\/\/www.gourmetclassic.de\/wp-content\/uploads\/2020\/06\/kaernten-mariawoerth.jpg\" alt=\"Maria W\u00f6rth - Halbinsel im W\u00f6rthersee in K\u00e4rnten\" width=\"1920\" height=\"800\" srcset=\"https:\/\/www.gourmetclassic.de\/wp-content\/uploads\/2020\/06\/kaernten-mariawoerth.jpg 1920w, https:\/\/www.gourmetclassic.de\/wp-content\/uploads\/2020\/06\/kaernten-mariawoerth-768x320.jpg 768w, https:\/\/www.gourmetclassic.de\/wp-content\/uploads\/2020\/06\/kaernten-mariawoerth-1536x640.jpg 1536w\" sizes=\"(max-width: 1920px) 100vw, 1920px\" \/><img loading=\"lazy\" decoding=\"async\" class=\"size-full wp-image-2004 alignleft\" title=\"Bundesland K\u00e4rnten \u00d6sterreich\" src=\"https:\/\/www.gourmetclassic.de\/wp-content\/uploads\/2020\/06\/kaernten-400.png\" alt=\"Bundesland K\u00e4rnten \u00d6sterreich\" width=\"400\" height=\"400\" \/>K\u00e4rnten ist das s\u00fcdlichste Bundesland der Republik \u00d6sterreich. Landeshauptstadt ist Klagenfurt am W\u00f6rthersee.<\/p>\n<p>K\u00e4rnten grenzt im Westen an Osttirol, im Nordwesten an Salzburg, im Nordosten an die Steiermark und im S\u00fcden an Slowenien sowie die italienischen Regionen Friaul und Venetien. Die Gesamtl\u00e4nge der Grenzen zu den Nachbarstaaten betr\u00e4gt 280 km. Die Einschn\u00fcrung des Landesgebietes ungef\u00e4hr in der Mitte auf nur 44 km ergibt zusammen mit den unterschiedlichen Gel\u00e4ndeformen die Unterteilung in Oberk\u00e4rnten (vom Hochgebirge gepr\u00e4gt) und Unterk\u00e4rnten (vom Klagenfurter Becken gepr\u00e4gt). Im Klagenfurter Becken, das von den \u00d6sterreichischen Zentralalpen im Norden und den Karawanken im S\u00fcden begrenzt wird, liegt die Landeshauptstadt Klagenfurt. Westlich davon liegt der W\u00f6rthersee. Zusammen mit vielen anderen Seen ist er Zentrum des Sommertourismus.<\/p>\n<p>Das Land wird von mehreren T\u00e4lern durchzogen, von denen die gr\u00f6\u00dften neben dem Drautal das M\u00f6ll-, das Gail-, das Rosen-, das Jaun- und das Lavanttal sind. Der bedeutendste Fluss K\u00e4rntens ist die Drau. Die Wasserkraftwerke der ehemaligen \u201eDraukraft\u201c liefern zw\u00f6lf Prozent des Stroms f\u00fcr ganz \u00d6sterreich. (Quelle: <a href=\"https:\/\/de.wikipedia.org\/wiki\/K\u00e4rnten\" target=\"_blank\" rel=\"noopener noreferrer\">Wikipedia<\/a>)<\/p>\n<div id=\"footable_parent_1246\"\n         class=\" footable_parent ninja_table_wrapper loading_ninja_table wp_table_data_press_parent semantic_ui \">\n                <table data-ninja_table_instance=\"ninja_table_instance_0\" data-footable_id=\"1246\" data-filter-delay=\"1000\" aria-label=\"Rest-AT\"            id=\"footable_1246\"\n           data-unique_identifier=\"ninja_table_unique_id_699484902_1246\"\n           class=\" foo-table ninja_footable foo_table_1246 ninja_table_unique_id_699484902_1246 ui table  ninja_has_count_format nt_type_ajax_table selectable striped vertical_centered  footable-paging-right ninja_table_pro ninja_table_afd_columns ninja_table_afcs_columns_2 ninja_table_afcl_new_line ninja_table_has_custom_filter\">\n                <colgroup>\n                            <col class=\"ninja_column_0 \">\n                            <col class=\"ninja_column_1 \">\n                            <col class=\"ninja_column_2 \">\n                            <col class=\"ninja_column_3 \">\n                            <col class=\"ninja_column_4 \">\n                            <col class=\"ninja_column_5 \">\n                            <col class=\"ninja_column_6 \">\n                            <col class=\"ninja_column_7 xs sm md lg\">\n                            <col class=\"ninja_column_8 xs sm md lg\">\n                            <col class=\"ninja_column_9 \">\n                            <col class=\"ninja_column_10 \">\n                            <col class=\"ninja_column_11 xs sm md lg\">\n                            <col class=\"ninja_column_12 xs sm md lg\">\n                    <\/colgroup>\n            <\/table>\n    \n    \n    \n<\/div>\n\n","protected":false},"excerpt":{"rendered":"<p>K\u00e4rnten ist das s\u00fcdlichste Bundesland der Republik \u00d6sterreich. Landeshauptstadt ist Klagenfurt am W\u00f6rthersee. K\u00e4rnten grenzt im Westen an Osttirol, im<\/p>\n","protected":false},"author":1,"featured_media":0,"parent":153,"menu_order":0,"comment_status":"closed","ping_status":"closed","template":"","meta":{"footnotes":""},"class_list":["post-2019","page","type-page","status-publish","hentry"],"yoast_head":"<!-- This site is optimized with the Yoast SEO plugin v25.6 - https:\/\/yoast.com\/wordpress\/plugins\/seo\/ -->\n<title>K\u00e4rnten - Gourmet Classic<\/title>\n<meta name=\"robots\" content=\"index, follow, max-snippet:-1, max-image-preview:large, max-video-preview:-1\" \/>\n<link rel=\"canonical\" href=\"https:\/\/www.gourmetclassic.de\/home\/regionen\/regionen-in-oesterreich\/kaernten\/\" \/>\n<meta property=\"og:locale\" content=\"de_DE\" \/>\n<meta property=\"og:type\" content=\"article\" \/>\n<meta property=\"og:title\" content=\"K\u00e4rnten - Gourmet Classic\" \/>\n<meta property=\"og:description\" content=\"K\u00e4rnten ist das s\u00fcdlichste Bundesland der Republik \u00d6sterreich. Landeshauptstadt ist Klagenfurt am W\u00f6rthersee. K\u00e4rnten grenzt im Westen an Osttirol, im\" \/>\n<meta property=\"og:url\" content=\"https:\/\/www.gourmetclassic.de\/home\/regionen\/regionen-in-oesterreich\/kaernten\/\" \/>\n<meta property=\"og:site_name\" content=\"Gourmet Classic\" \/>\n<meta property=\"article:modified_time\" content=\"2020-06-06T00:43:06+00:00\" \/>\n<meta property=\"og:image\" content=\"https:\/\/www.gourmetclassic.de\/wp-content\/uploads\/2020\/06\/kaernten-mariawoerth.jpg\" \/>\n<meta name=\"twitter:card\" content=\"summary_large_image\" \/>\n<meta name=\"twitter:label1\" content=\"Gesch\u00e4tzte Lesezeit\" \/>\n\t<meta name=\"twitter:data1\" content=\"1\u00a0Minute\" \/>\n<script type=\"application\/ld+json\" class=\"yoast-schema-graph\">{\"@context\":\"https:\/\/schema.org\",\"@graph\":[{\"@type\":\"WebPage\",\"@id\":\"https:\/\/www.gourmetclassic.de\/home\/regionen\/regionen-in-oesterreich\/kaernten\/\",\"url\":\"https:\/\/www.gourmetclassic.de\/home\/regionen\/regionen-in-oesterreich\/kaernten\/\",\"name\":\"K\u00e4rnten - Gourmet Classic\",\"isPartOf\":{\"@id\":\"https:\/\/www.gourmetclassic.de\/home\/#website\"},\"primaryImageOfPage\":{\"@id\":\"https:\/\/www.gourmetclassic.de\/home\/regionen\/regionen-in-oesterreich\/kaernten\/#primaryimage\"},\"image\":{\"@id\":\"https:\/\/www.gourmetclassic.de\/home\/regionen\/regionen-in-oesterreich\/kaernten\/#primaryimage\"},\"thumbnailUrl\":\"https:\/\/www.gourmetclassic.de\/wp-content\/uploads\/2020\/06\/kaernten-mariawoerth.jpg\",\"datePublished\":\"2020-06-05T17:32:22+00:00\",\"dateModified\":\"2020-06-06T00:43:06+00:00\",\"breadcrumb\":{\"@id\":\"https:\/\/www.gourmetclassic.de\/home\/regionen\/regionen-in-oesterreich\/kaernten\/#breadcrumb\"},\"inLanguage\":\"de\",\"potentialAction\":[{\"@type\":\"ReadAction\",\"target\":[\"https:\/\/www.gourmetclassic.de\/home\/regionen\/regionen-in-oesterreich\/kaernten\/\"]}]},{\"@type\":\"ImageObject\",\"inLanguage\":\"de\",\"@id\":\"https:\/\/www.gourmetclassic.de\/home\/regionen\/regionen-in-oesterreich\/kaernten\/#primaryimage\",\"url\":\"https:\/\/www.gourmetclassic.de\/wp-content\/uploads\/2020\/06\/kaernten-mariawoerth.jpg\",\"contentUrl\":\"https:\/\/www.gourmetclassic.de\/wp-content\/uploads\/2020\/06\/kaernten-mariawoerth.jpg\"},{\"@type\":\"BreadcrumbList\",\"@id\":\"https:\/\/www.gourmetclassic.de\/home\/regionen\/regionen-in-oesterreich\/kaernten\/#breadcrumb\",\"itemListElement\":[{\"@type\":\"ListItem\",\"position\":1,\"name\":\"Startseite\",\"item\":\"https:\/\/www.gourmetclassic.de\/home\/\"},{\"@type\":\"ListItem\",\"position\":2,\"name\":\"Suche nach Restaurants\/Hotels in Regionen\",\"item\":\"https:\/\/www.gourmetclassic.de\/home\/regionen\/\"},{\"@type\":\"ListItem\",\"position\":3,\"name\":\"Regionen in \u00d6sterreich\",\"item\":\"https:\/\/www.gourmetclassic.de\/home\/regionen\/regionen-in-oesterreich\/\"},{\"@type\":\"ListItem\",\"position\":4,\"name\":\"K\u00e4rnten\"}]},{\"@type\":\"WebSite\",\"@id\":\"https:\/\/www.gourmetclassic.de\/home\/#website\",\"url\":\"https:\/\/www.gourmetclassic.de\/home\/\",\"name\":\"Gourmet Classic\",\"description\":\"Portal der gehobenen Gastlichkeit\",\"publisher\":{\"@id\":\"https:\/\/www.gourmetclassic.de\/home\/#organization\"},\"potentialAction\":[{\"@type\":\"SearchAction\",\"target\":{\"@type\":\"EntryPoint\",\"urlTemplate\":\"https:\/\/www.gourmetclassic.de\/home\/?s={search_term_string}\"},\"query-input\":{\"@type\":\"PropertyValueSpecification\",\"valueRequired\":true,\"valueName\":\"search_term_string\"}}],\"inLanguage\":\"de\"},{\"@type\":\"Organization\",\"@id\":\"https:\/\/www.gourmetclassic.de\/home\/#organization\",\"name\":\"Gourmet Classic\",\"url\":\"https:\/\/www.gourmetclassic.de\/home\/\",\"logo\":{\"@type\":\"ImageObject\",\"inLanguage\":\"de\",\"@id\":\"https:\/\/www.gourmetclassic.de\/home\/#\/schema\/logo\/image\/\",\"url\":\"https:\/\/www.gourmetclassic.de\/wp-content\/uploads\/2019\/04\/gourmet-classic-logo.jpg\",\"contentUrl\":\"https:\/\/www.gourmetclassic.de\/wp-content\/uploads\/2019\/04\/gourmet-classic-logo.jpg\",\"width\":253,\"height\":123,\"caption\":\"Gourmet Classic\"},\"image\":{\"@id\":\"https:\/\/www.gourmetclassic.de\/home\/#\/schema\/logo\/image\/\"}}]}<\/script>\n<!-- \/ Yoast SEO plugin. -->","yoast_head_json":{"title":"K\u00e4rnten - Gourmet Classic","robots":{"index":"index","follow":"follow","max-snippet":"max-snippet:-1","max-image-preview":"max-image-preview:large","max-video-preview":"max-video-preview:-1"},"canonical":"https:\/\/www.gourmetclassic.de\/home\/regionen\/regionen-in-oesterreich\/kaernten\/","og_locale":"de_DE","og_type":"article","og_title":"K\u00e4rnten - Gourmet Classic","og_description":"K\u00e4rnten ist das s\u00fcdlichste Bundesland der Republik \u00d6sterreich. Landeshauptstadt ist Klagenfurt am W\u00f6rthersee. K\u00e4rnten grenzt im Westen an Osttirol, im","og_url":"https:\/\/www.gourmetclassic.de\/home\/regionen\/regionen-in-oesterreich\/kaernten\/","og_site_name":"Gourmet Classic","article_modified_time":"2020-06-06T00:43:06+00:00","og_image":[{"url":"https:\/\/www.gourmetclassic.de\/wp-content\/uploads\/2020\/06\/kaernten-mariawoerth.jpg","type":"","width":"","height":""}],"twitter_card":"summary_large_image","twitter_misc":{"Gesch\u00e4tzte Lesezeit":"1\u00a0Minute"},"schema":{"@context":"https:\/\/schema.org","@graph":[{"@type":"WebPage","@id":"https:\/\/www.gourmetclassic.de\/home\/regionen\/regionen-in-oesterreich\/kaernten\/","url":"https:\/\/www.gourmetclassic.de\/home\/regionen\/regionen-in-oesterreich\/kaernten\/","name":"K\u00e4rnten - Gourmet Classic","isPartOf":{"@id":"https:\/\/www.gourmetclassic.de\/home\/#website"},"primaryImageOfPage":{"@id":"https:\/\/www.gourmetclassic.de\/home\/regionen\/regionen-in-oesterreich\/kaernten\/#primaryimage"},"image":{"@id":"https:\/\/www.gourmetclassic.de\/home\/regionen\/regionen-in-oesterreich\/kaernten\/#primaryimage"},"thumbnailUrl":"https:\/\/www.gourmetclassic.de\/wp-content\/uploads\/2020\/06\/kaernten-mariawoerth.jpg","datePublished":"2020-06-05T17:32:22+00:00","dateModified":"2020-06-06T00:43:06+00:00","breadcrumb":{"@id":"https:\/\/www.gourmetclassic.de\/home\/regionen\/regionen-in-oesterreich\/kaernten\/#breadcrumb"},"inLanguage":"de","potentialAction":[{"@type":"ReadAction","target":["https:\/\/www.gourmetclassic.de\/home\/regionen\/regionen-in-oesterreich\/kaernten\/"]}]},{"@type":"ImageObject","inLanguage":"de","@id":"https:\/\/www.gourmetclassic.de\/home\/regionen\/regionen-in-oesterreich\/kaernten\/#primaryimage","url":"https:\/\/www.gourmetclassic.de\/wp-content\/uploads\/2020\/06\/kaernten-mariawoerth.jpg","contentUrl":"https:\/\/www.gourmetclassic.de\/wp-content\/uploads\/2020\/06\/kaernten-mariawoerth.jpg"},{"@type":"BreadcrumbList","@id":"https:\/\/www.gourmetclassic.de\/home\/regionen\/regionen-in-oesterreich\/kaernten\/#breadcrumb","itemListElement":[{"@type":"ListItem","position":1,"name":"Startseite","item":"https:\/\/www.gourmetclassic.de\/home\/"},{"@type":"ListItem","position":2,"name":"Suche nach Restaurants\/Hotels in Regionen","item":"https:\/\/www.gourmetclassic.de\/home\/regionen\/"},{"@type":"ListItem","position":3,"name":"Regionen in \u00d6sterreich","item":"https:\/\/www.gourmetclassic.de\/home\/regionen\/regionen-in-oesterreich\/"},{"@type":"ListItem","position":4,"name":"K\u00e4rnten"}]},{"@type":"WebSite","@id":"https:\/\/www.gourmetclassic.de\/home\/#website","url":"https:\/\/www.gourmetclassic.de\/home\/","name":"Gourmet Classic","description":"Portal der gehobenen Gastlichkeit","publisher":{"@id":"https:\/\/www.gourmetclassic.de\/home\/#organization"},"potentialAction":[{"@type":"SearchAction","target":{"@type":"EntryPoint","urlTemplate":"https:\/\/www.gourmetclassic.de\/home\/?s={search_term_string}"},"query-input":{"@type":"PropertyValueSpecification","valueRequired":true,"valueName":"search_term_string"}}],"inLanguage":"de"},{"@type":"Organization","@id":"https:\/\/www.gourmetclassic.de\/home\/#organization","name":"Gourmet Classic","url":"https:\/\/www.gourmetclassic.de\/home\/","logo":{"@type":"ImageObject","inLanguage":"de","@id":"https:\/\/www.gourmetclassic.de\/home\/#\/schema\/logo\/image\/","url":"https:\/\/www.gourmetclassic.de\/wp-content\/uploads\/2019\/04\/gourmet-classic-logo.jpg","contentUrl":"https:\/\/www.gourmetclassic.de\/wp-content\/uploads\/2019\/04\/gourmet-classic-logo.jpg","width":253,"height":123,"caption":"Gourmet Classic"},"image":{"@id":"https:\/\/www.gourmetclassic.de\/home\/#\/schema\/logo\/image\/"}}]}},"_links":{"self":[{"href":"https:\/\/www.gourmetclassic.de\/home\/wp-json\/wp\/v2\/pages\/2019"}],"collection":[{"href":"https:\/\/www.gourmetclassic.de\/home\/wp-json\/wp\/v2\/pages"}],"about":[{"href":"https:\/\/www.gourmetclassic.de\/home\/wp-json\/wp\/v2\/types\/page"}],"author":[{"embeddable":true,"href":"https:\/\/www.gourmetclassic.de\/home\/wp-json\/wp\/v2\/users\/1"}],"replies":[{"embeddable":true,"href":"https:\/\/www.gourmetclassic.de\/home\/wp-json\/wp\/v2\/comments?post=2019"}],"version-history":[{"count":2,"href":"https:\/\/www.gourmetclassic.de\/home\/wp-json\/wp\/v2\/pages\/2019\/revisions"}],"predecessor-version":[{"id":2035,"href":"https:\/\/www.gourmetclassic.de\/home\/wp-json\/wp\/v2\/pages\/2019\/revisions\/2035"}],"up":[{"embeddable":true,"href":"https:\/\/www.gourmetclassic.de\/home\/wp-json\/wp\/v2\/pages\/153"}],"wp:attachment":[{"href":"https:\/\/www.gourmetclassic.de\/home\/wp-json\/wp\/v2\/media?parent=2019"}],"curies":[{"name":"wp","href":"https:\/\/api.w.org\/{rel}","templated":true}]}}