{"id":2022,"date":"2020-06-05T19:37:16","date_gmt":"2020-06-05T17:37:16","guid":{"rendered":"https:\/\/www.gourmetclassic.de\/home\/?page_id=2022"},"modified":"2020-06-06T02:39:18","modified_gmt":"2020-06-06T00:39:18","slug":"burgenland","status":"publish","type":"page","link":"https:\/\/www.gourmetclassic.de\/home\/regionen\/regionen-in-oesterreich\/burgenland\/","title":{"rendered":"Burgenland"},"content":{"rendered":"<p><img loading=\"lazy\" decoding=\"async\" class=\"alignnone size-full wp-image-2028\" title=\"G\u00fcssing - die Perle des S\u00fcdburgenlandes\" src=\"https:\/\/www.gourmetclassic.de\/wp-content\/uploads\/2020\/06\/burgenland-guessing.jpg\" alt=\"G\u00fcssing - die Perle des S\u00fcdburgenlandes\" width=\"1920\" height=\"800\" srcset=\"https:\/\/www.gourmetclassic.de\/wp-content\/uploads\/2020\/06\/burgenland-guessing.jpg 1920w, https:\/\/www.gourmetclassic.de\/wp-content\/uploads\/2020\/06\/burgenland-guessing-768x320.jpg 768w, https:\/\/www.gourmetclassic.de\/wp-content\/uploads\/2020\/06\/burgenland-guessing-1536x640.jpg 1536w\" sizes=\"(max-width: 1920px) 100vw, 1920px\" \/><img loading=\"lazy\" decoding=\"async\" class=\"size-full wp-image-2003 alignleft\" title=\"Bundesland Burgenland \u00d6sterreich\" src=\"https:\/\/www.gourmetclassic.de\/wp-content\/uploads\/2020\/06\/burgenland-400.png\" alt=\"Bundesland Burgenland \u00d6sterreich\" width=\"400\" height=\"400\" \/>Das Burgenland ist ein Land der Republik \u00d6sterreich. Die Landeshauptstadt ist Eisenstadt. Von den neun L\u00e4ndern \u00d6sterreichs ist es das \u00f6stlichste und gemessen an seiner Einwohnerzahl kleinste. Das Gebiet geh\u00f6rte einst zum K\u00f6nigreich Ungarn, das im Vertrag von Trianon 1920 verpflichtet wurde, das damalige Deutsch-Westungarn an die neue Republik \u00d6sterreich abzutreten. 1921 kam die Landnahme des Burgenlandes zu einem Abschluss; das neu hinzugekommene Land wurde danach in Burgenland umbenannt.<\/p>\n<p>Das Burgenland grenzt im Norden an das Pressburger Land (Slowakei), im Osten an die Komitate Gy\u0151r-Moson-Sopron und Vas (beide Ungarn), im S\u00fcden f\u00fcr wenige Kilometer an die zwei Gemeinden Kuzma und Roga\u0161ovci (Slowenien) und im Westen an die \u00f6sterreichischen Bundesl\u00e4nder Steiermark und Nieder\u00f6sterreich.<\/p>\n<p>Das Burgenland ist gepr\u00e4gt vom Neusiedler See im Norden und den Ausl\u00e4ufern der Alpen im h\u00fcgeligen S\u00fcden, es ist langgezogen und verengt sich bei Sieggraben im \u00d6denburger Gebirge auf eine Breite von 4 km. Das Burgenland ist Mitglied der Europaregion Centrope.<\/p>\n<p>Das Burgenland weist eine Fl\u00e4che von ca. 4.000 km\u00b2 auf, und teilt eine 397 km lange Staatsgrenze zum Gro\u00dfteil mit Ungarn, zu kleinen Teilen auch mit Slowenien und der Slowakei.<\/p>\n<p>H\u00f6chste Erhebung des Burgenlandes ist der 884 m hohe Geschriebenstein, durch dessen Gipfelwarte die Staatsgrenze verl\u00e4uft. Tiefster Punkt ist der Hedwighof (Gemeinde Apetlon \u2013 Bezirk Neusiedl am See) mit 114 m. Tiefste Gemeinde ist Illmitz mit 116 m. (Quelle: <a href=\"https:\/\/de.wikipedia.org\/wiki\/Burgenland\" target=\"_blank\" rel=\"noopener noreferrer\">Wikipedia<\/a>)<\/p>\n<div id=\"footable_parent_1246\"\n         class=\" footable_parent ninja_table_wrapper loading_ninja_table wp_table_data_press_parent semantic_ui \">\n                <table data-ninja_table_instance=\"ninja_table_instance_0\" data-footable_id=\"1246\" data-filter-delay=\"1000\" aria-label=\"Rest-AT\"            id=\"footable_1246\"\n           data-unique_identifier=\"ninja_table_unique_id_156745286_1246\"\n           class=\" foo-table ninja_footable foo_table_1246 ninja_table_unique_id_156745286_1246 ui table  ninja_has_count_format nt_type_ajax_table selectable striped vertical_centered  footable-paging-right ninja_table_pro ninja_table_afd_columns ninja_table_afcs_columns_2 ninja_table_afcl_new_line ninja_table_has_custom_filter\">\n                <colgroup>\n                            <col class=\"ninja_column_0 \">\n                            <col class=\"ninja_column_1 \">\n                            <col class=\"ninja_column_2 \">\n                            <col class=\"ninja_column_3 \">\n                            <col class=\"ninja_column_4 \">\n                            <col class=\"ninja_column_5 \">\n                            <col class=\"ninja_column_6 \">\n                            <col class=\"ninja_column_7 xs sm md lg\">\n                            <col class=\"ninja_column_8 xs sm md lg\">\n                            <col class=\"ninja_column_9 \">\n                            <col class=\"ninja_column_10 \">\n                            <col class=\"ninja_column_11 xs sm md lg\">\n                            <col class=\"ninja_column_12 xs sm md lg\">\n                    <\/colgroup>\n            <\/table>\n    \n    \n    \n<\/div>\n\n","protected":false},"excerpt":{"rendered":"<p>Das Burgenland ist ein Land der Republik \u00d6sterreich. Die Landeshauptstadt ist Eisenstadt. Von den neun L\u00e4ndern \u00d6sterreichs ist es das<\/p>\n","protected":false},"author":1,"featured_media":0,"parent":153,"menu_order":0,"comment_status":"closed","ping_status":"closed","template":"","meta":{"footnotes":""},"class_list":["post-2022","page","type-page","status-publish","hentry"],"yoast_head":"<!-- This site is optimized with the Yoast SEO plugin v25.6 - https:\/\/yoast.com\/wordpress\/plugins\/seo\/ -->\n<title>Burgenland - Gourmet Classic<\/title>\n<meta name=\"robots\" content=\"index, follow, max-snippet:-1, max-image-preview:large, max-video-preview:-1\" \/>\n<link rel=\"canonical\" href=\"https:\/\/www.gourmetclassic.de\/home\/regionen\/regionen-in-oesterreich\/burgenland\/\" \/>\n<meta property=\"og:locale\" content=\"de_DE\" \/>\n<meta property=\"og:type\" content=\"article\" \/>\n<meta property=\"og:title\" content=\"Burgenland - Gourmet Classic\" \/>\n<meta property=\"og:description\" content=\"Das Burgenland ist ein Land der Republik \u00d6sterreich. Die Landeshauptstadt ist Eisenstadt. Von den neun L\u00e4ndern \u00d6sterreichs ist es das\" \/>\n<meta property=\"og:url\" content=\"https:\/\/www.gourmetclassic.de\/home\/regionen\/regionen-in-oesterreich\/burgenland\/\" \/>\n<meta property=\"og:site_name\" content=\"Gourmet Classic\" \/>\n<meta property=\"article:modified_time\" content=\"2020-06-06T00:39:18+00:00\" \/>\n<meta property=\"og:image\" content=\"https:\/\/www.gourmetclassic.de\/wp-content\/uploads\/2020\/06\/burgenland-guessing.jpg\" \/>\n<meta name=\"twitter:card\" content=\"summary_large_image\" \/>\n<meta name=\"twitter:label1\" content=\"Gesch\u00e4tzte Lesezeit\" \/>\n\t<meta name=\"twitter:data1\" content=\"1\u00a0Minute\" \/>\n<script type=\"application\/ld+json\" class=\"yoast-schema-graph\">{\"@context\":\"https:\/\/schema.org\",\"@graph\":[{\"@type\":\"WebPage\",\"@id\":\"https:\/\/www.gourmetclassic.de\/home\/regionen\/regionen-in-oesterreich\/burgenland\/\",\"url\":\"https:\/\/www.gourmetclassic.de\/home\/regionen\/regionen-in-oesterreich\/burgenland\/\",\"name\":\"Burgenland - Gourmet Classic\",\"isPartOf\":{\"@id\":\"https:\/\/www.gourmetclassic.de\/home\/#website\"},\"primaryImageOfPage\":{\"@id\":\"https:\/\/www.gourmetclassic.de\/home\/regionen\/regionen-in-oesterreich\/burgenland\/#primaryimage\"},\"image\":{\"@id\":\"https:\/\/www.gourmetclassic.de\/home\/regionen\/regionen-in-oesterreich\/burgenland\/#primaryimage\"},\"thumbnailUrl\":\"https:\/\/www.gourmetclassic.de\/wp-content\/uploads\/2020\/06\/burgenland-guessing.jpg\",\"datePublished\":\"2020-06-05T17:37:16+00:00\",\"dateModified\":\"2020-06-06T00:39:18+00:00\",\"breadcrumb\":{\"@id\":\"https:\/\/www.gourmetclassic.de\/home\/regionen\/regionen-in-oesterreich\/burgenland\/#breadcrumb\"},\"inLanguage\":\"de\",\"potentialAction\":[{\"@type\":\"ReadAction\",\"target\":[\"https:\/\/www.gourmetclassic.de\/home\/regionen\/regionen-in-oesterreich\/burgenland\/\"]}]},{\"@type\":\"ImageObject\",\"inLanguage\":\"de\",\"@id\":\"https:\/\/www.gourmetclassic.de\/home\/regionen\/regionen-in-oesterreich\/burgenland\/#primaryimage\",\"url\":\"https:\/\/www.gourmetclassic.de\/wp-content\/uploads\/2020\/06\/burgenland-guessing.jpg\",\"contentUrl\":\"https:\/\/www.gourmetclassic.de\/wp-content\/uploads\/2020\/06\/burgenland-guessing.jpg\"},{\"@type\":\"BreadcrumbList\",\"@id\":\"https:\/\/www.gourmetclassic.de\/home\/regionen\/regionen-in-oesterreich\/burgenland\/#breadcrumb\",\"itemListElement\":[{\"@type\":\"ListItem\",\"position\":1,\"name\":\"Startseite\",\"item\":\"https:\/\/www.gourmetclassic.de\/home\/\"},{\"@type\":\"ListItem\",\"position\":2,\"name\":\"Suche nach Restaurants\/Hotels in Regionen\",\"item\":\"https:\/\/www.gourmetclassic.de\/home\/regionen\/\"},{\"@type\":\"ListItem\",\"position\":3,\"name\":\"Regionen in \u00d6sterreich\",\"item\":\"https:\/\/www.gourmetclassic.de\/home\/regionen\/regionen-in-oesterreich\/\"},{\"@type\":\"ListItem\",\"position\":4,\"name\":\"Burgenland\"}]},{\"@type\":\"WebSite\",\"@id\":\"https:\/\/www.gourmetclassic.de\/home\/#website\",\"url\":\"https:\/\/www.gourmetclassic.de\/home\/\",\"name\":\"Gourmet Classic\",\"description\":\"Portal der gehobenen Gastlichkeit\",\"publisher\":{\"@id\":\"https:\/\/www.gourmetclassic.de\/home\/#organization\"},\"potentialAction\":[{\"@type\":\"SearchAction\",\"target\":{\"@type\":\"EntryPoint\",\"urlTemplate\":\"https:\/\/www.gourmetclassic.de\/home\/?s={search_term_string}\"},\"query-input\":{\"@type\":\"PropertyValueSpecification\",\"valueRequired\":true,\"valueName\":\"search_term_string\"}}],\"inLanguage\":\"de\"},{\"@type\":\"Organization\",\"@id\":\"https:\/\/www.gourmetclassic.de\/home\/#organization\",\"name\":\"Gourmet Classic\",\"url\":\"https:\/\/www.gourmetclassic.de\/home\/\",\"logo\":{\"@type\":\"ImageObject\",\"inLanguage\":\"de\",\"@id\":\"https:\/\/www.gourmetclassic.de\/home\/#\/schema\/logo\/image\/\",\"url\":\"https:\/\/www.gourmetclassic.de\/wp-content\/uploads\/2019\/04\/gourmet-classic-logo.jpg\",\"contentUrl\":\"https:\/\/www.gourmetclassic.de\/wp-content\/uploads\/2019\/04\/gourmet-classic-logo.jpg\",\"width\":253,\"height\":123,\"caption\":\"Gourmet Classic\"},\"image\":{\"@id\":\"https:\/\/www.gourmetclassic.de\/home\/#\/schema\/logo\/image\/\"}}]}<\/script>\n<!-- \/ Yoast SEO plugin. -->","yoast_head_json":{"title":"Burgenland - Gourmet Classic","robots":{"index":"index","follow":"follow","max-snippet":"max-snippet:-1","max-image-preview":"max-image-preview:large","max-video-preview":"max-video-preview:-1"},"canonical":"https:\/\/www.gourmetclassic.de\/home\/regionen\/regionen-in-oesterreich\/burgenland\/","og_locale":"de_DE","og_type":"article","og_title":"Burgenland - Gourmet Classic","og_description":"Das Burgenland ist ein Land der Republik \u00d6sterreich. Die Landeshauptstadt ist Eisenstadt. Von den neun L\u00e4ndern \u00d6sterreichs ist es das","og_url":"https:\/\/www.gourmetclassic.de\/home\/regionen\/regionen-in-oesterreich\/burgenland\/","og_site_name":"Gourmet Classic","article_modified_time":"2020-06-06T00:39:18+00:00","og_image":[{"url":"https:\/\/www.gourmetclassic.de\/wp-content\/uploads\/2020\/06\/burgenland-guessing.jpg","type":"","width":"","height":""}],"twitter_card":"summary_large_image","twitter_misc":{"Gesch\u00e4tzte Lesezeit":"1\u00a0Minute"},"schema":{"@context":"https:\/\/schema.org","@graph":[{"@type":"WebPage","@id":"https:\/\/www.gourmetclassic.de\/home\/regionen\/regionen-in-oesterreich\/burgenland\/","url":"https:\/\/www.gourmetclassic.de\/home\/regionen\/regionen-in-oesterreich\/burgenland\/","name":"Burgenland - Gourmet Classic","isPartOf":{"@id":"https:\/\/www.gourmetclassic.de\/home\/#website"},"primaryImageOfPage":{"@id":"https:\/\/www.gourmetclassic.de\/home\/regionen\/regionen-in-oesterreich\/burgenland\/#primaryimage"},"image":{"@id":"https:\/\/www.gourmetclassic.de\/home\/regionen\/regionen-in-oesterreich\/burgenland\/#primaryimage"},"thumbnailUrl":"https:\/\/www.gourmetclassic.de\/wp-content\/uploads\/2020\/06\/burgenland-guessing.jpg","datePublished":"2020-06-05T17:37:16+00:00","dateModified":"2020-06-06T00:39:18+00:00","breadcrumb":{"@id":"https:\/\/www.gourmetclassic.de\/home\/regionen\/regionen-in-oesterreich\/burgenland\/#breadcrumb"},"inLanguage":"de","potentialAction":[{"@type":"ReadAction","target":["https:\/\/www.gourmetclassic.de\/home\/regionen\/regionen-in-oesterreich\/burgenland\/"]}]},{"@type":"ImageObject","inLanguage":"de","@id":"https:\/\/www.gourmetclassic.de\/home\/regionen\/regionen-in-oesterreich\/burgenland\/#primaryimage","url":"https:\/\/www.gourmetclassic.de\/wp-content\/uploads\/2020\/06\/burgenland-guessing.jpg","contentUrl":"https:\/\/www.gourmetclassic.de\/wp-content\/uploads\/2020\/06\/burgenland-guessing.jpg"},{"@type":"BreadcrumbList","@id":"https:\/\/www.gourmetclassic.de\/home\/regionen\/regionen-in-oesterreich\/burgenland\/#breadcrumb","itemListElement":[{"@type":"ListItem","position":1,"name":"Startseite","item":"https:\/\/www.gourmetclassic.de\/home\/"},{"@type":"ListItem","position":2,"name":"Suche nach Restaurants\/Hotels in Regionen","item":"https:\/\/www.gourmetclassic.de\/home\/regionen\/"},{"@type":"ListItem","position":3,"name":"Regionen in \u00d6sterreich","item":"https:\/\/www.gourmetclassic.de\/home\/regionen\/regionen-in-oesterreich\/"},{"@type":"ListItem","position":4,"name":"Burgenland"}]},{"@type":"WebSite","@id":"https:\/\/www.gourmetclassic.de\/home\/#website","url":"https:\/\/www.gourmetclassic.de\/home\/","name":"Gourmet Classic","description":"Portal der gehobenen Gastlichkeit","publisher":{"@id":"https:\/\/www.gourmetclassic.de\/home\/#organization"},"potentialAction":[{"@type":"SearchAction","target":{"@type":"EntryPoint","urlTemplate":"https:\/\/www.gourmetclassic.de\/home\/?s={search_term_string}"},"query-input":{"@type":"PropertyValueSpecification","valueRequired":true,"valueName":"search_term_string"}}],"inLanguage":"de"},{"@type":"Organization","@id":"https:\/\/www.gourmetclassic.de\/home\/#organization","name":"Gourmet Classic","url":"https:\/\/www.gourmetclassic.de\/home\/","logo":{"@type":"ImageObject","inLanguage":"de","@id":"https:\/\/www.gourmetclassic.de\/home\/#\/schema\/logo\/image\/","url":"https:\/\/www.gourmetclassic.de\/wp-content\/uploads\/2019\/04\/gourmet-classic-logo.jpg","contentUrl":"https:\/\/www.gourmetclassic.de\/wp-content\/uploads\/2019\/04\/gourmet-classic-logo.jpg","width":253,"height":123,"caption":"Gourmet Classic"},"image":{"@id":"https:\/\/www.gourmetclassic.de\/home\/#\/schema\/logo\/image\/"}}]}},"_links":{"self":[{"href":"https:\/\/www.gourmetclassic.de\/home\/wp-json\/wp\/v2\/pages\/2022"}],"collection":[{"href":"https:\/\/www.gourmetclassic.de\/home\/wp-json\/wp\/v2\/pages"}],"about":[{"href":"https:\/\/www.gourmetclassic.de\/home\/wp-json\/wp\/v2\/types\/page"}],"author":[{"embeddable":true,"href":"https:\/\/www.gourmetclassic.de\/home\/wp-json\/wp\/v2\/users\/1"}],"replies":[{"embeddable":true,"href":"https:\/\/www.gourmetclassic.de\/home\/wp-json\/wp\/v2\/comments?post=2022"}],"version-history":[{"count":2,"href":"https:\/\/www.gourmetclassic.de\/home\/wp-json\/wp\/v2\/pages\/2022\/revisions"}],"predecessor-version":[{"id":2033,"href":"https:\/\/www.gourmetclassic.de\/home\/wp-json\/wp\/v2\/pages\/2022\/revisions\/2033"}],"up":[{"embeddable":true,"href":"https:\/\/www.gourmetclassic.de\/home\/wp-json\/wp\/v2\/pages\/153"}],"wp:attachment":[{"href":"https:\/\/www.gourmetclassic.de\/home\/wp-json\/wp\/v2\/media?parent=2022"}],"curies":[{"name":"wp","href":"https:\/\/api.w.org\/{rel}","templated":true}]}}