{"id":2025,"date":"2020-06-05T19:43:13","date_gmt":"2020-06-05T17:43:13","guid":{"rendered":"https:\/\/www.gourmetclassic.de\/home\/?page_id=2025"},"modified":"2020-06-08T14:42:59","modified_gmt":"2020-06-08T12:42:59","slug":"wien","status":"publish","type":"page","link":"https:\/\/www.gourmetclassic.de\/home\/regionen\/regionen-in-oesterreich\/wien\/","title":{"rendered":"Wien"},"content":{"rendered":"<p><img loading=\"lazy\" decoding=\"async\" class=\"alignnone size-full wp-image-2226\" title=\"Wien - Hofburg\" src=\"https:\/\/www.gourmetclassic.de\/wp-content\/uploads\/2020\/06\/wien-hofburg.jpg\" alt=\"Wien - Hofburg\" width=\"1920\" height=\"800\" srcset=\"https:\/\/www.gourmetclassic.de\/wp-content\/uploads\/2020\/06\/wien-hofburg.jpg 1920w, https:\/\/www.gourmetclassic.de\/wp-content\/uploads\/2020\/06\/wien-hofburg-768x320.jpg 768w, https:\/\/www.gourmetclassic.de\/wp-content\/uploads\/2020\/06\/wien-hofburg-1536x640.jpg 1536w\" sizes=\"(max-width: 1920px) 100vw, 1920px\" \/><\/p>\n<p><img loading=\"lazy\" decoding=\"async\" class=\"size-full wp-image-2008 alignleft\" title=\"Bundesland Wien \u00d6sterreich\" src=\"https:\/\/www.gourmetclassic.de\/wp-content\/uploads\/2020\/06\/wien-400.png\" alt=\"Bundesland Wien \u00d6sterreich\" width=\"400\" height=\"400\" \/>Wien ist die Bundeshauptstadt der Republik \u00d6sterreich und zugleich eines der neun \u00f6sterreichischen Bundesl\u00e4nder. Mit rund 1,9 Millionen Einwohnern (etwa ein F\u00fcnftel der \u00f6sterreichischen Gesamtbev\u00f6lkerung) ist das an der Donau gelegene Wien die bev\u00f6lkerungsreichste Gro\u00dfstadt und Primatstadt \u00d6sterreichs, die zweitgr\u00f6\u00dfte im deutschen Sprachraum sowie die f\u00fcnftgr\u00f6\u00dfte Stadt der Europ\u00e4ischen Union. Im Gro\u00dfraum Wien leben etwa 2,8 Millionen Menschen \u2013 das entspricht rund einem Drittel der \u00f6sterreichischen Gesamtbev\u00f6lkerung.<\/p>\n<p>Architektonisch ist Wien bis heute vor allem von den Bauwerken um die Wiener Ringstra\u00dfe aus der Gr\u00fcnderzeit, aber auch von Barock und Jugendstil gepr\u00e4gt. Durch seine Rolle als kaiserliche Reichshaupt- und Residenzstadt des Kaisertums \u00d6sterreich ab 1804 wurde Wien zu einem kulturellen und politischen Zentrum Europas. Um das Jahr 1910, als Wien noch Hauptstadt der Habsburgermonarchie war, z\u00e4hlte die Stadt \u00fcber zwei Millionen Einwohner. Das historische Zentrum von Wien sowie das Schloss Sch\u00f6nbrunn geh\u00f6ren heute zum UNESCO-Weltkulturerbe. Mit j\u00e4hrlich rund 7,5 Millionen Touristen und rund 16,5 Millionen G\u00e4ste\u00fcbernachtungen z\u00e4hlt Wien zu den meistbesuchten St\u00e4dten Europas.<\/p>\n<p>Wien liegt am Ostrand der Alpen, am \u00dcbergang zum Alpenvorland im Osten, das zur Pannonischen Tiefebene leitet. Der Stadtkern erstreckt sich schon in der Ebene an der Donau, die westlichen Stadtteile im Wienerwald, der \u00f6stlichsten Gebirgsgruppe der Nordalpen. Vom Wiener Stadtgebiet ist nur ein relativ kleiner Anteil verbaut. Etwa die H\u00e4lfte Wiens ist Gr\u00fcnland, gr\u00f6\u00dfere Teile werden auch landwirtschaftlich genutzt.<\/p>\n<p>Wien erhebt sich von 151 m \u00fc. A. in der Lobau bis zu einer H\u00f6he von 542 m \u00fc. A. auf dem Hermannskogel. Im Nordwesten, Westen und S\u00fcdwesten Wiens reicht der Wienerwald mit seinen H\u00f6hen (Leopoldsberg, Kahlenberg) und W\u00e4ldern bis ins Stadtgebiet hinein. Die Donau tritt durch die Wiener Pforte, eine Enge zwischen dem rechtsufrigen Leopoldsberg und dem linksufrigen Bisamberg, nach Wien ein. Aus dem Wienerwald flie\u00dfen au\u00dferdem zahlreiche kleine Fl\u00fcsse in die Stadt, der bekannteste davon ist der Wienfluss. Die Berge im Westen werden im S\u00fcden von eiszeitlichen Terrassen (Wienerberg und Laaer Berg) fortgesetzt. Dieses gesamte Gebiet wird zum Weinbau genutzt, es bildet die Weinbauregion Wien.<\/p>\n<p>Der Osten der Stadt ist gepr\u00e4gt vom Wiener Anteil am flachen Marchfeld, der der Landwirtschaft dient, aber zunehmend verbaut wird. Im S\u00fcdosten findet sich die Lobau als Wiener Anteil am Nationalpark Donauauen. Angesichts der (wie bei vielen europ\u00e4ischen St\u00e4dten) vorwiegenden Westwinde befinden sich die gehobenen Wohngegenden eher am westlichen Stadtrand, wo unter anderem die Luft noch sauberer ist, w\u00e4hrend die alten Industriegebiete eher am s\u00fcd\u00f6stlichen Rand der Stadt liegen.\u00a0 (Quelle: <a href=\"https:\/\/de.wikipedia.org\/wiki\/Wien\" target=\"_blank\" rel=\"noopener noreferrer\">Wikipedia<\/a>)<\/p>\n<div id=\"footable_parent_1246\"\n         class=\" footable_parent ninja_table_wrapper loading_ninja_table wp_table_data_press_parent semantic_ui \">\n                <table data-ninja_table_instance=\"ninja_table_instance_0\" data-footable_id=\"1246\" data-filter-delay=\"1000\" aria-label=\"Rest-AT\"            id=\"footable_1246\"\n           data-unique_identifier=\"ninja_table_unique_id_432477878_1246\"\n           class=\" foo-table ninja_footable foo_table_1246 ninja_table_unique_id_432477878_1246 ui table  ninja_has_count_format nt_type_ajax_table selectable striped vertical_centered  footable-paging-right ninja_table_pro ninja_table_afd_columns ninja_table_afcs_columns_2 ninja_table_afcl_new_line ninja_table_has_custom_filter\">\n                <colgroup>\n                            <col class=\"ninja_column_0 \">\n                            <col class=\"ninja_column_1 \">\n                            <col class=\"ninja_column_2 \">\n                            <col class=\"ninja_column_3 \">\n                            <col class=\"ninja_column_4 \">\n                            <col class=\"ninja_column_5 \">\n                            <col class=\"ninja_column_6 \">\n                            <col class=\"ninja_column_7 xs sm md lg\">\n                            <col class=\"ninja_column_8 xs sm md lg\">\n                            <col class=\"ninja_column_9 \">\n                            <col class=\"ninja_column_10 \">\n                            <col class=\"ninja_column_11 xs sm md lg\">\n                            <col class=\"ninja_column_12 xs sm md lg\">\n                    <\/colgroup>\n            <\/table>\n    \n    \n    \n<\/div>\n\n","protected":false},"excerpt":{"rendered":"<p>Wien ist die Bundeshauptstadt der Republik \u00d6sterreich und zugleich eines der neun \u00f6sterreichischen Bundesl\u00e4nder. Mit rund 1,9 Millionen Einwohnern (etwa<\/p>\n","protected":false},"author":1,"featured_media":0,"parent":153,"menu_order":0,"comment_status":"closed","ping_status":"closed","template":"","meta":{"footnotes":""},"class_list":["post-2025","page","type-page","status-publish","hentry"],"yoast_head":"<!-- This site is optimized with the Yoast SEO plugin v25.6 - https:\/\/yoast.com\/wordpress\/plugins\/seo\/ -->\n<title>Wien - Gourmet Classic<\/title>\n<meta name=\"robots\" content=\"index, follow, max-snippet:-1, max-image-preview:large, max-video-preview:-1\" \/>\n<link rel=\"canonical\" href=\"https:\/\/www.gourmetclassic.de\/home\/regionen\/regionen-in-oesterreich\/wien\/\" \/>\n<meta property=\"og:locale\" content=\"de_DE\" \/>\n<meta property=\"og:type\" content=\"article\" \/>\n<meta property=\"og:title\" content=\"Wien - Gourmet Classic\" \/>\n<meta property=\"og:description\" content=\"Wien ist die Bundeshauptstadt der Republik \u00d6sterreich und zugleich eines der neun \u00f6sterreichischen Bundesl\u00e4nder. Mit rund 1,9 Millionen Einwohnern (etwa\" \/>\n<meta property=\"og:url\" content=\"https:\/\/www.gourmetclassic.de\/home\/regionen\/regionen-in-oesterreich\/wien\/\" \/>\n<meta property=\"og:site_name\" content=\"Gourmet Classic\" \/>\n<meta property=\"article:modified_time\" content=\"2020-06-08T12:42:59+00:00\" \/>\n<meta property=\"og:image\" content=\"https:\/\/www.gourmetclassic.de\/wp-content\/uploads\/2020\/06\/wien-hofburg.jpg\" \/>\n<meta name=\"twitter:card\" content=\"summary_large_image\" \/>\n<meta name=\"twitter:label1\" content=\"Gesch\u00e4tzte Lesezeit\" \/>\n\t<meta name=\"twitter:data1\" content=\"2\u00a0Minuten\" \/>\n<script type=\"application\/ld+json\" class=\"yoast-schema-graph\">{\"@context\":\"https:\/\/schema.org\",\"@graph\":[{\"@type\":\"WebPage\",\"@id\":\"https:\/\/www.gourmetclassic.de\/home\/regionen\/regionen-in-oesterreich\/wien\/\",\"url\":\"https:\/\/www.gourmetclassic.de\/home\/regionen\/regionen-in-oesterreich\/wien\/\",\"name\":\"Wien - Gourmet Classic\",\"isPartOf\":{\"@id\":\"https:\/\/www.gourmetclassic.de\/home\/#website\"},\"primaryImageOfPage\":{\"@id\":\"https:\/\/www.gourmetclassic.de\/home\/regionen\/regionen-in-oesterreich\/wien\/#primaryimage\"},\"image\":{\"@id\":\"https:\/\/www.gourmetclassic.de\/home\/regionen\/regionen-in-oesterreich\/wien\/#primaryimage\"},\"thumbnailUrl\":\"https:\/\/www.gourmetclassic.de\/wp-content\/uploads\/2020\/06\/wien-hofburg.jpg\",\"datePublished\":\"2020-06-05T17:43:13+00:00\",\"dateModified\":\"2020-06-08T12:42:59+00:00\",\"breadcrumb\":{\"@id\":\"https:\/\/www.gourmetclassic.de\/home\/regionen\/regionen-in-oesterreich\/wien\/#breadcrumb\"},\"inLanguage\":\"de\",\"potentialAction\":[{\"@type\":\"ReadAction\",\"target\":[\"https:\/\/www.gourmetclassic.de\/home\/regionen\/regionen-in-oesterreich\/wien\/\"]}]},{\"@type\":\"ImageObject\",\"inLanguage\":\"de\",\"@id\":\"https:\/\/www.gourmetclassic.de\/home\/regionen\/regionen-in-oesterreich\/wien\/#primaryimage\",\"url\":\"https:\/\/www.gourmetclassic.de\/wp-content\/uploads\/2020\/06\/wien-hofburg.jpg\",\"contentUrl\":\"https:\/\/www.gourmetclassic.de\/wp-content\/uploads\/2020\/06\/wien-hofburg.jpg\"},{\"@type\":\"BreadcrumbList\",\"@id\":\"https:\/\/www.gourmetclassic.de\/home\/regionen\/regionen-in-oesterreich\/wien\/#breadcrumb\",\"itemListElement\":[{\"@type\":\"ListItem\",\"position\":1,\"name\":\"Startseite\",\"item\":\"https:\/\/www.gourmetclassic.de\/home\/\"},{\"@type\":\"ListItem\",\"position\":2,\"name\":\"Suche nach Restaurants\/Hotels in Regionen\",\"item\":\"https:\/\/www.gourmetclassic.de\/home\/regionen\/\"},{\"@type\":\"ListItem\",\"position\":3,\"name\":\"Regionen in \u00d6sterreich\",\"item\":\"https:\/\/www.gourmetclassic.de\/home\/regionen\/regionen-in-oesterreich\/\"},{\"@type\":\"ListItem\",\"position\":4,\"name\":\"Wien\"}]},{\"@type\":\"WebSite\",\"@id\":\"https:\/\/www.gourmetclassic.de\/home\/#website\",\"url\":\"https:\/\/www.gourmetclassic.de\/home\/\",\"name\":\"Gourmet Classic\",\"description\":\"Portal der gehobenen Gastlichkeit\",\"publisher\":{\"@id\":\"https:\/\/www.gourmetclassic.de\/home\/#organization\"},\"potentialAction\":[{\"@type\":\"SearchAction\",\"target\":{\"@type\":\"EntryPoint\",\"urlTemplate\":\"https:\/\/www.gourmetclassic.de\/home\/?s={search_term_string}\"},\"query-input\":{\"@type\":\"PropertyValueSpecification\",\"valueRequired\":true,\"valueName\":\"search_term_string\"}}],\"inLanguage\":\"de\"},{\"@type\":\"Organization\",\"@id\":\"https:\/\/www.gourmetclassic.de\/home\/#organization\",\"name\":\"Gourmet Classic\",\"url\":\"https:\/\/www.gourmetclassic.de\/home\/\",\"logo\":{\"@type\":\"ImageObject\",\"inLanguage\":\"de\",\"@id\":\"https:\/\/www.gourmetclassic.de\/home\/#\/schema\/logo\/image\/\",\"url\":\"https:\/\/www.gourmetclassic.de\/wp-content\/uploads\/2019\/04\/gourmet-classic-logo.jpg\",\"contentUrl\":\"https:\/\/www.gourmetclassic.de\/wp-content\/uploads\/2019\/04\/gourmet-classic-logo.jpg\",\"width\":253,\"height\":123,\"caption\":\"Gourmet Classic\"},\"image\":{\"@id\":\"https:\/\/www.gourmetclassic.de\/home\/#\/schema\/logo\/image\/\"}}]}<\/script>\n<!-- \/ Yoast SEO plugin. -->","yoast_head_json":{"title":"Wien - Gourmet Classic","robots":{"index":"index","follow":"follow","max-snippet":"max-snippet:-1","max-image-preview":"max-image-preview:large","max-video-preview":"max-video-preview:-1"},"canonical":"https:\/\/www.gourmetclassic.de\/home\/regionen\/regionen-in-oesterreich\/wien\/","og_locale":"de_DE","og_type":"article","og_title":"Wien - Gourmet Classic","og_description":"Wien ist die Bundeshauptstadt der Republik \u00d6sterreich und zugleich eines der neun \u00f6sterreichischen Bundesl\u00e4nder. Mit rund 1,9 Millionen Einwohnern (etwa","og_url":"https:\/\/www.gourmetclassic.de\/home\/regionen\/regionen-in-oesterreich\/wien\/","og_site_name":"Gourmet Classic","article_modified_time":"2020-06-08T12:42:59+00:00","og_image":[{"url":"https:\/\/www.gourmetclassic.de\/wp-content\/uploads\/2020\/06\/wien-hofburg.jpg","type":"","width":"","height":""}],"twitter_card":"summary_large_image","twitter_misc":{"Gesch\u00e4tzte Lesezeit":"2\u00a0Minuten"},"schema":{"@context":"https:\/\/schema.org","@graph":[{"@type":"WebPage","@id":"https:\/\/www.gourmetclassic.de\/home\/regionen\/regionen-in-oesterreich\/wien\/","url":"https:\/\/www.gourmetclassic.de\/home\/regionen\/regionen-in-oesterreich\/wien\/","name":"Wien - Gourmet Classic","isPartOf":{"@id":"https:\/\/www.gourmetclassic.de\/home\/#website"},"primaryImageOfPage":{"@id":"https:\/\/www.gourmetclassic.de\/home\/regionen\/regionen-in-oesterreich\/wien\/#primaryimage"},"image":{"@id":"https:\/\/www.gourmetclassic.de\/home\/regionen\/regionen-in-oesterreich\/wien\/#primaryimage"},"thumbnailUrl":"https:\/\/www.gourmetclassic.de\/wp-content\/uploads\/2020\/06\/wien-hofburg.jpg","datePublished":"2020-06-05T17:43:13+00:00","dateModified":"2020-06-08T12:42:59+00:00","breadcrumb":{"@id":"https:\/\/www.gourmetclassic.de\/home\/regionen\/regionen-in-oesterreich\/wien\/#breadcrumb"},"inLanguage":"de","potentialAction":[{"@type":"ReadAction","target":["https:\/\/www.gourmetclassic.de\/home\/regionen\/regionen-in-oesterreich\/wien\/"]}]},{"@type":"ImageObject","inLanguage":"de","@id":"https:\/\/www.gourmetclassic.de\/home\/regionen\/regionen-in-oesterreich\/wien\/#primaryimage","url":"https:\/\/www.gourmetclassic.de\/wp-content\/uploads\/2020\/06\/wien-hofburg.jpg","contentUrl":"https:\/\/www.gourmetclassic.de\/wp-content\/uploads\/2020\/06\/wien-hofburg.jpg"},{"@type":"BreadcrumbList","@id":"https:\/\/www.gourmetclassic.de\/home\/regionen\/regionen-in-oesterreich\/wien\/#breadcrumb","itemListElement":[{"@type":"ListItem","position":1,"name":"Startseite","item":"https:\/\/www.gourmetclassic.de\/home\/"},{"@type":"ListItem","position":2,"name":"Suche nach Restaurants\/Hotels in Regionen","item":"https:\/\/www.gourmetclassic.de\/home\/regionen\/"},{"@type":"ListItem","position":3,"name":"Regionen in \u00d6sterreich","item":"https:\/\/www.gourmetclassic.de\/home\/regionen\/regionen-in-oesterreich\/"},{"@type":"ListItem","position":4,"name":"Wien"}]},{"@type":"WebSite","@id":"https:\/\/www.gourmetclassic.de\/home\/#website","url":"https:\/\/www.gourmetclassic.de\/home\/","name":"Gourmet Classic","description":"Portal der gehobenen Gastlichkeit","publisher":{"@id":"https:\/\/www.gourmetclassic.de\/home\/#organization"},"potentialAction":[{"@type":"SearchAction","target":{"@type":"EntryPoint","urlTemplate":"https:\/\/www.gourmetclassic.de\/home\/?s={search_term_string}"},"query-input":{"@type":"PropertyValueSpecification","valueRequired":true,"valueName":"search_term_string"}}],"inLanguage":"de"},{"@type":"Organization","@id":"https:\/\/www.gourmetclassic.de\/home\/#organization","name":"Gourmet Classic","url":"https:\/\/www.gourmetclassic.de\/home\/","logo":{"@type":"ImageObject","inLanguage":"de","@id":"https:\/\/www.gourmetclassic.de\/home\/#\/schema\/logo\/image\/","url":"https:\/\/www.gourmetclassic.de\/wp-content\/uploads\/2019\/04\/gourmet-classic-logo.jpg","contentUrl":"https:\/\/www.gourmetclassic.de\/wp-content\/uploads\/2019\/04\/gourmet-classic-logo.jpg","width":253,"height":123,"caption":"Gourmet Classic"},"image":{"@id":"https:\/\/www.gourmetclassic.de\/home\/#\/schema\/logo\/image\/"}}]}},"_links":{"self":[{"href":"https:\/\/www.gourmetclassic.de\/home\/wp-json\/wp\/v2\/pages\/2025"}],"collection":[{"href":"https:\/\/www.gourmetclassic.de\/home\/wp-json\/wp\/v2\/pages"}],"about":[{"href":"https:\/\/www.gourmetclassic.de\/home\/wp-json\/wp\/v2\/types\/page"}],"author":[{"embeddable":true,"href":"https:\/\/www.gourmetclassic.de\/home\/wp-json\/wp\/v2\/users\/1"}],"replies":[{"embeddable":true,"href":"https:\/\/www.gourmetclassic.de\/home\/wp-json\/wp\/v2\/comments?post=2025"}],"version-history":[{"count":3,"href":"https:\/\/www.gourmetclassic.de\/home\/wp-json\/wp\/v2\/pages\/2025\/revisions"}],"predecessor-version":[{"id":2227,"href":"https:\/\/www.gourmetclassic.de\/home\/wp-json\/wp\/v2\/pages\/2025\/revisions\/2227"}],"up":[{"embeddable":true,"href":"https:\/\/www.gourmetclassic.de\/home\/wp-json\/wp\/v2\/pages\/153"}],"wp:attachment":[{"href":"https:\/\/www.gourmetclassic.de\/home\/wp-json\/wp\/v2\/media?parent=2025"}],"curies":[{"name":"wp","href":"https:\/\/api.w.org\/{rel}","templated":true}]}}