{"id":2130,"date":"2020-06-08T10:08:02","date_gmt":"2020-06-08T08:08:02","guid":{"rendered":"https:\/\/www.gourmetclassic.de\/home\/?page_id=2130"},"modified":"2020-06-08T11:51:31","modified_gmt":"2020-06-08T09:51:31","slug":"graubuenden","status":"publish","type":"page","link":"https:\/\/www.gourmetclassic.de\/home\/regionen\/regionen-in-der-schweiz\/graubuenden\/","title":{"rendered":"Graub\u00fcnden"},"content":{"rendered":"<p><img loading=\"lazy\" decoding=\"async\" class=\"alignnone size-full wp-image-2052\" title=\"Rheinschlucht des Vorderrheins in Graub\u00fcnden\" src=\"https:\/\/www.gourmetclassic.de\/wp-content\/uploads\/2020\/06\/graubuenden-vorderhein.jpg\" alt=\"Rheinschlucht des Vorderrheins in Graub\u00fcnden\" width=\"1920\" height=\"800\" srcset=\"https:\/\/www.gourmetclassic.de\/wp-content\/uploads\/2020\/06\/graubuenden-vorderhein.jpg 1920w, https:\/\/www.gourmetclassic.de\/wp-content\/uploads\/2020\/06\/graubuenden-vorderhein-768x320.jpg 768w, https:\/\/www.gourmetclassic.de\/wp-content\/uploads\/2020\/06\/graubuenden-vorderhein-1536x640.jpg 1536w\" sizes=\"(max-width: 1920px) 100vw, 1920px\" \/><\/p>\n<p><img loading=\"lazy\" decoding=\"async\" class=\"size-full wp-image-2075 alignleft\" title=\"Kanton Graub\u00fcnden (GR)\" src=\"https:\/\/www.gourmetclassic.de\/wp-content\/uploads\/2020\/06\/graubuenden-400.png\" alt=\"Kanton Graub\u00fcnden (GR)\" width=\"400\" height=\"400\" \/><\/p>\n<p>Graub\u00fcnden (K\u00fcrzel GR) ist ein Kanton der Schweiz und liegt vollst\u00e4ndig im Gebiet der Alpen. Die Amtssprachen Graub\u00fcndens sind Deutsch, R\u00e4toromanisch und Italienisch. Neben dem Tessin ist Graub\u00fcnden der einzige Schweizer Kanton mit Italienisch als Amtssprache. Graub\u00fcnden ist der einzige Kanton mit drei Amtssprachen. Der Kanton z\u00e4hlt zur Region S\u00fcdostschweiz und zur Grossregion Ostschweiz. Der Hauptort und zugleich gr\u00f6sste Ort ist Chur.<\/p>\n<p>Der Kanton bildet als fl\u00e4chengr\u00f6sster Kanton der Schweiz deren s\u00fcd\u00f6stlichen Teil und ist vor allem durch Berglandschaften gepr\u00e4gt. Aufgrund der geographischen Bedingungen ist er der am d\u00fcnnsten besiedelte Kanton der Schweiz und belegt trotz seiner Gr\u00f6sse von der Einwohnerzahl her den 14. Rang.<\/p>\n<p>Im Kanton Graub\u00fcnden gibt es ca. 150 T\u00e4ler, 615 (von gut 1&#8217;500 Schweizer) Seen sowie 937 Berggipfel bis hinauf zum Piz Bernina auf 4049 m. Graub\u00fcnden besitzt auch den gr\u00f6ssten pr\u00e4historischen Bergsturz der Welt, der bei Flims immer noch sichtbar ist. Den Gesamtkomplex der Berggruppen um Rhein- und Innquellgebiet nennt man B\u00fcndner Alpen.\u00a0 (Quelle: <a href=\"https:\/\/de.wikipedia.org\/wiki\/Kanton_Graub\u00fcnden\" target=\"_blank\" rel=\"noopener noreferrer\">Wikipedia<\/a>)<\/p>\n<div id=\"footable_parent_1273\"\n         class=\" footable_parent ninja_table_wrapper loading_ninja_table wp_table_data_press_parent semantic_ui \">\n                <table data-ninja_table_instance=\"ninja_table_instance_0\" data-footable_id=\"1273\" data-filter-delay=\"1000\" aria-label=\"Rest-CH\"            id=\"footable_1273\"\n           data-unique_identifier=\"ninja_table_unique_id_3202217880_1273\"\n           class=\" foo-table ninja_footable foo_table_1273 ninja_table_unique_id_3202217880_1273 ui table  ninja_has_count_format nt_type_ajax_table selectable striped vertical_centered  footable-paging-right ninja_table_pro ninja_table_afd_columns ninja_table_afcs_columns_2 ninja_table_afcl_new_line ninja_table_has_custom_filter\">\n                <colgroup>\n                            <col class=\"ninja_column_0 \">\n                            <col class=\"ninja_column_1 \">\n                            <col class=\"ninja_column_2 \">\n                            <col class=\"ninja_column_3 \">\n                            <col class=\"ninja_column_4 \">\n                            <col class=\"ninja_column_5 \">\n                            <col class=\"ninja_column_6 \">\n                            <col class=\"ninja_column_7 xs sm md lg\">\n                            <col class=\"ninja_column_8 xs sm md lg\">\n                            <col class=\"ninja_column_9 \">\n                            <col class=\"ninja_column_10 \">\n                            <col class=\"ninja_column_11 xs sm md lg\">\n                            <col class=\"ninja_column_12 xs sm md lg\">\n                    <\/colgroup>\n            <\/table>\n    \n    \n    \n<\/div>\n\n","protected":false},"excerpt":{"rendered":"<p>Graub\u00fcnden (K\u00fcrzel GR) ist ein Kanton der Schweiz und liegt vollst\u00e4ndig im Gebiet der Alpen. Die Amtssprachen Graub\u00fcndens sind Deutsch,<\/p>\n","protected":false},"author":1,"featured_media":0,"parent":155,"menu_order":0,"comment_status":"closed","ping_status":"closed","template":"","meta":{"footnotes":""},"class_list":["post-2130","page","type-page","status-publish","hentry"],"yoast_head":"<!-- This site is optimized with the Yoast SEO plugin v25.6 - https:\/\/yoast.com\/wordpress\/plugins\/seo\/ -->\n<title>Graub\u00fcnden - Gourmet Classic<\/title>\n<meta name=\"robots\" content=\"index, follow, max-snippet:-1, max-image-preview:large, max-video-preview:-1\" \/>\n<link rel=\"canonical\" href=\"https:\/\/www.gourmetclassic.de\/home\/regionen\/regionen-in-der-schweiz\/graubuenden\/\" \/>\n<meta property=\"og:locale\" content=\"de_DE\" \/>\n<meta property=\"og:type\" content=\"article\" \/>\n<meta property=\"og:title\" content=\"Graub\u00fcnden - Gourmet Classic\" \/>\n<meta property=\"og:description\" content=\"Graub\u00fcnden (K\u00fcrzel GR) ist ein Kanton der Schweiz und liegt vollst\u00e4ndig im Gebiet der Alpen. Die Amtssprachen Graub\u00fcndens sind Deutsch,\" \/>\n<meta property=\"og:url\" content=\"https:\/\/www.gourmetclassic.de\/home\/regionen\/regionen-in-der-schweiz\/graubuenden\/\" \/>\n<meta property=\"og:site_name\" content=\"Gourmet Classic\" \/>\n<meta property=\"article:modified_time\" content=\"2020-06-08T09:51:31+00:00\" \/>\n<meta property=\"og:image\" content=\"https:\/\/www.gourmetclassic.de\/wp-content\/uploads\/2020\/06\/graubuenden-vorderhein.jpg\" \/>\n<meta name=\"twitter:card\" content=\"summary_large_image\" \/>\n<meta name=\"twitter:label1\" content=\"Gesch\u00e4tzte Lesezeit\" \/>\n\t<meta name=\"twitter:data1\" content=\"1\u00a0Minute\" \/>\n<script type=\"application\/ld+json\" class=\"yoast-schema-graph\">{\"@context\":\"https:\/\/schema.org\",\"@graph\":[{\"@type\":\"WebPage\",\"@id\":\"https:\/\/www.gourmetclassic.de\/home\/regionen\/regionen-in-der-schweiz\/graubuenden\/\",\"url\":\"https:\/\/www.gourmetclassic.de\/home\/regionen\/regionen-in-der-schweiz\/graubuenden\/\",\"name\":\"Graub\u00fcnden - Gourmet Classic\",\"isPartOf\":{\"@id\":\"https:\/\/www.gourmetclassic.de\/home\/#website\"},\"primaryImageOfPage\":{\"@id\":\"https:\/\/www.gourmetclassic.de\/home\/regionen\/regionen-in-der-schweiz\/graubuenden\/#primaryimage\"},\"image\":{\"@id\":\"https:\/\/www.gourmetclassic.de\/home\/regionen\/regionen-in-der-schweiz\/graubuenden\/#primaryimage\"},\"thumbnailUrl\":\"https:\/\/www.gourmetclassic.de\/wp-content\/uploads\/2020\/06\/graubuenden-vorderhein.jpg\",\"datePublished\":\"2020-06-08T08:08:02+00:00\",\"dateModified\":\"2020-06-08T09:51:31+00:00\",\"breadcrumb\":{\"@id\":\"https:\/\/www.gourmetclassic.de\/home\/regionen\/regionen-in-der-schweiz\/graubuenden\/#breadcrumb\"},\"inLanguage\":\"de\",\"potentialAction\":[{\"@type\":\"ReadAction\",\"target\":[\"https:\/\/www.gourmetclassic.de\/home\/regionen\/regionen-in-der-schweiz\/graubuenden\/\"]}]},{\"@type\":\"ImageObject\",\"inLanguage\":\"de\",\"@id\":\"https:\/\/www.gourmetclassic.de\/home\/regionen\/regionen-in-der-schweiz\/graubuenden\/#primaryimage\",\"url\":\"https:\/\/www.gourmetclassic.de\/wp-content\/uploads\/2020\/06\/graubuenden-vorderhein.jpg\",\"contentUrl\":\"https:\/\/www.gourmetclassic.de\/wp-content\/uploads\/2020\/06\/graubuenden-vorderhein.jpg\"},{\"@type\":\"BreadcrumbList\",\"@id\":\"https:\/\/www.gourmetclassic.de\/home\/regionen\/regionen-in-der-schweiz\/graubuenden\/#breadcrumb\",\"itemListElement\":[{\"@type\":\"ListItem\",\"position\":1,\"name\":\"Startseite\",\"item\":\"https:\/\/www.gourmetclassic.de\/home\/\"},{\"@type\":\"ListItem\",\"position\":2,\"name\":\"Suche nach Restaurants\/Hotels in Regionen\",\"item\":\"https:\/\/www.gourmetclassic.de\/home\/regionen\/\"},{\"@type\":\"ListItem\",\"position\":3,\"name\":\"Regionen in der Schweiz\",\"item\":\"https:\/\/www.gourmetclassic.de\/home\/regionen\/regionen-in-der-schweiz\/\"},{\"@type\":\"ListItem\",\"position\":4,\"name\":\"Graub\u00fcnden\"}]},{\"@type\":\"WebSite\",\"@id\":\"https:\/\/www.gourmetclassic.de\/home\/#website\",\"url\":\"https:\/\/www.gourmetclassic.de\/home\/\",\"name\":\"Gourmet Classic\",\"description\":\"Portal der gehobenen Gastlichkeit\",\"publisher\":{\"@id\":\"https:\/\/www.gourmetclassic.de\/home\/#organization\"},\"potentialAction\":[{\"@type\":\"SearchAction\",\"target\":{\"@type\":\"EntryPoint\",\"urlTemplate\":\"https:\/\/www.gourmetclassic.de\/home\/?s={search_term_string}\"},\"query-input\":{\"@type\":\"PropertyValueSpecification\",\"valueRequired\":true,\"valueName\":\"search_term_string\"}}],\"inLanguage\":\"de\"},{\"@type\":\"Organization\",\"@id\":\"https:\/\/www.gourmetclassic.de\/home\/#organization\",\"name\":\"Gourmet Classic\",\"url\":\"https:\/\/www.gourmetclassic.de\/home\/\",\"logo\":{\"@type\":\"ImageObject\",\"inLanguage\":\"de\",\"@id\":\"https:\/\/www.gourmetclassic.de\/home\/#\/schema\/logo\/image\/\",\"url\":\"https:\/\/www.gourmetclassic.de\/wp-content\/uploads\/2019\/04\/gourmet-classic-logo.jpg\",\"contentUrl\":\"https:\/\/www.gourmetclassic.de\/wp-content\/uploads\/2019\/04\/gourmet-classic-logo.jpg\",\"width\":253,\"height\":123,\"caption\":\"Gourmet Classic\"},\"image\":{\"@id\":\"https:\/\/www.gourmetclassic.de\/home\/#\/schema\/logo\/image\/\"}}]}<\/script>\n<!-- \/ Yoast SEO plugin. -->","yoast_head_json":{"title":"Graub\u00fcnden - Gourmet Classic","robots":{"index":"index","follow":"follow","max-snippet":"max-snippet:-1","max-image-preview":"max-image-preview:large","max-video-preview":"max-video-preview:-1"},"canonical":"https:\/\/www.gourmetclassic.de\/home\/regionen\/regionen-in-der-schweiz\/graubuenden\/","og_locale":"de_DE","og_type":"article","og_title":"Graub\u00fcnden - Gourmet Classic","og_description":"Graub\u00fcnden (K\u00fcrzel GR) ist ein Kanton der Schweiz und liegt vollst\u00e4ndig im Gebiet der Alpen. Die Amtssprachen Graub\u00fcndens sind Deutsch,","og_url":"https:\/\/www.gourmetclassic.de\/home\/regionen\/regionen-in-der-schweiz\/graubuenden\/","og_site_name":"Gourmet Classic","article_modified_time":"2020-06-08T09:51:31+00:00","og_image":[{"url":"https:\/\/www.gourmetclassic.de\/wp-content\/uploads\/2020\/06\/graubuenden-vorderhein.jpg","type":"","width":"","height":""}],"twitter_card":"summary_large_image","twitter_misc":{"Gesch\u00e4tzte Lesezeit":"1\u00a0Minute"},"schema":{"@context":"https:\/\/schema.org","@graph":[{"@type":"WebPage","@id":"https:\/\/www.gourmetclassic.de\/home\/regionen\/regionen-in-der-schweiz\/graubuenden\/","url":"https:\/\/www.gourmetclassic.de\/home\/regionen\/regionen-in-der-schweiz\/graubuenden\/","name":"Graub\u00fcnden - Gourmet Classic","isPartOf":{"@id":"https:\/\/www.gourmetclassic.de\/home\/#website"},"primaryImageOfPage":{"@id":"https:\/\/www.gourmetclassic.de\/home\/regionen\/regionen-in-der-schweiz\/graubuenden\/#primaryimage"},"image":{"@id":"https:\/\/www.gourmetclassic.de\/home\/regionen\/regionen-in-der-schweiz\/graubuenden\/#primaryimage"},"thumbnailUrl":"https:\/\/www.gourmetclassic.de\/wp-content\/uploads\/2020\/06\/graubuenden-vorderhein.jpg","datePublished":"2020-06-08T08:08:02+00:00","dateModified":"2020-06-08T09:51:31+00:00","breadcrumb":{"@id":"https:\/\/www.gourmetclassic.de\/home\/regionen\/regionen-in-der-schweiz\/graubuenden\/#breadcrumb"},"inLanguage":"de","potentialAction":[{"@type":"ReadAction","target":["https:\/\/www.gourmetclassic.de\/home\/regionen\/regionen-in-der-schweiz\/graubuenden\/"]}]},{"@type":"ImageObject","inLanguage":"de","@id":"https:\/\/www.gourmetclassic.de\/home\/regionen\/regionen-in-der-schweiz\/graubuenden\/#primaryimage","url":"https:\/\/www.gourmetclassic.de\/wp-content\/uploads\/2020\/06\/graubuenden-vorderhein.jpg","contentUrl":"https:\/\/www.gourmetclassic.de\/wp-content\/uploads\/2020\/06\/graubuenden-vorderhein.jpg"},{"@type":"BreadcrumbList","@id":"https:\/\/www.gourmetclassic.de\/home\/regionen\/regionen-in-der-schweiz\/graubuenden\/#breadcrumb","itemListElement":[{"@type":"ListItem","position":1,"name":"Startseite","item":"https:\/\/www.gourmetclassic.de\/home\/"},{"@type":"ListItem","position":2,"name":"Suche nach Restaurants\/Hotels in Regionen","item":"https:\/\/www.gourmetclassic.de\/home\/regionen\/"},{"@type":"ListItem","position":3,"name":"Regionen in der Schweiz","item":"https:\/\/www.gourmetclassic.de\/home\/regionen\/regionen-in-der-schweiz\/"},{"@type":"ListItem","position":4,"name":"Graub\u00fcnden"}]},{"@type":"WebSite","@id":"https:\/\/www.gourmetclassic.de\/home\/#website","url":"https:\/\/www.gourmetclassic.de\/home\/","name":"Gourmet Classic","description":"Portal der gehobenen Gastlichkeit","publisher":{"@id":"https:\/\/www.gourmetclassic.de\/home\/#organization"},"potentialAction":[{"@type":"SearchAction","target":{"@type":"EntryPoint","urlTemplate":"https:\/\/www.gourmetclassic.de\/home\/?s={search_term_string}"},"query-input":{"@type":"PropertyValueSpecification","valueRequired":true,"valueName":"search_term_string"}}],"inLanguage":"de"},{"@type":"Organization","@id":"https:\/\/www.gourmetclassic.de\/home\/#organization","name":"Gourmet Classic","url":"https:\/\/www.gourmetclassic.de\/home\/","logo":{"@type":"ImageObject","inLanguage":"de","@id":"https:\/\/www.gourmetclassic.de\/home\/#\/schema\/logo\/image\/","url":"https:\/\/www.gourmetclassic.de\/wp-content\/uploads\/2019\/04\/gourmet-classic-logo.jpg","contentUrl":"https:\/\/www.gourmetclassic.de\/wp-content\/uploads\/2019\/04\/gourmet-classic-logo.jpg","width":253,"height":123,"caption":"Gourmet Classic"},"image":{"@id":"https:\/\/www.gourmetclassic.de\/home\/#\/schema\/logo\/image\/"}}]}},"_links":{"self":[{"href":"https:\/\/www.gourmetclassic.de\/home\/wp-json\/wp\/v2\/pages\/2130"}],"collection":[{"href":"https:\/\/www.gourmetclassic.de\/home\/wp-json\/wp\/v2\/pages"}],"about":[{"href":"https:\/\/www.gourmetclassic.de\/home\/wp-json\/wp\/v2\/types\/page"}],"author":[{"embeddable":true,"href":"https:\/\/www.gourmetclassic.de\/home\/wp-json\/wp\/v2\/users\/1"}],"replies":[{"embeddable":true,"href":"https:\/\/www.gourmetclassic.de\/home\/wp-json\/wp\/v2\/comments?post=2130"}],"version-history":[{"count":2,"href":"https:\/\/www.gourmetclassic.de\/home\/wp-json\/wp\/v2\/pages\/2130\/revisions"}],"predecessor-version":[{"id":2199,"href":"https:\/\/www.gourmetclassic.de\/home\/wp-json\/wp\/v2\/pages\/2130\/revisions\/2199"}],"up":[{"embeddable":true,"href":"https:\/\/www.gourmetclassic.de\/home\/wp-json\/wp\/v2\/pages\/155"}],"wp:attachment":[{"href":"https:\/\/www.gourmetclassic.de\/home\/wp-json\/wp\/v2\/media?parent=2130"}],"curies":[{"name":"wp","href":"https:\/\/api.w.org\/{rel}","templated":true}]}}