{"id":284,"date":"2019-04-16T12:04:25","date_gmt":"2019-04-16T10:04:25","guid":{"rendered":"https:\/\/www.gourmetclassic.de\/home\/?page_id=284"},"modified":"2020-06-25T15:45:41","modified_gmt":"2020-06-25T13:45:41","slug":"kochkurse","status":"publish","type":"page","link":"https:\/\/www.gourmetclassic.de\/home\/veranstaltungen\/kochkurse\/","title":{"rendered":"Kochkurse"},"content":{"rendered":"<p><strong>Kochkurse sind schon lange etabliert und nach wie vor beliebt. Viele Genie\u00dfer und Hobbyk\u00f6che wollen den Gro\u00dfen der Zunft gerne einmal \u00fcber die Schulter schauen. Die\u00a0 K\u00f6che demonstrieren dabei moderne Grundtechniken und geben professionelle Koch-Tipps zum Lernen und Nachkochen verschiedener Gerichte f\u00fcr zu Hause. Perfekte Voraussetzungen f\u00fcr einen unvergesslichen Tag! Ideal auch als Geschenk.<\/strong><\/p>\n<h6>Kochkurs-Angebote<\/h6>\n<div class=\"em em-view-container\" id=\"em-view-1538400137\" data-view=\"list\">\r\n\t<div class=\"em pixelbones em-list em-events-list\" id=\"em-events-list-1538400137\" data-view-id=\"1538400137\">\r\n\t<table class=\"events-table\" >\r\n    <thead>\r\n        <tr>\r\n\t\t\t<th class=\"event-time\" scope=\"col\">Datum<\/th>\r\n\t\t\t<th class=\"event-description\" scope=\"col\">Veranstaltung<\/th>\r\n\t\t<\/tr>\r\n   \t<\/thead>\r\n    <tbody><tr>\r\n\t\t\t<td style=\"padding-left: 10px; padding-top: 5px; padding-bottom: 5px;\">\r\n                28.02.2026 - 07.11.2026<br\/>\r\n                <!-- 0:00-->\r\n            <\/td>\r\n            <td style=\"padding-left: 10px;  padding-top: 5px;  padding-bottom: 5px;\">\r\n                <strong><a href=\"https:\/\/www.gourmetclassic.de\/home\/events\/kochschule-mit-detlef-schlegel\/\">Kochschule mit Detlef Schlegel<\/a><\/strong>\r\n                <br\/><i><a href=\"https:\/\/www.gourmetclassic.de\/home\/locations\/stadtpfeiffer-restaurant-im-gewandhaus-zu-leipzig\/\">Stadtpfeiffer - Restaurant im Gewandhaus zu Leipzig<\/a>, Leipzig, Sachsen<\/i>\r\n            <\/td>\r\n        <\/tr><tr>\r\n\t\t\t<td style=\"padding-left: 10px; padding-top: 5px; padding-bottom: 5px;\">\r\n                13.04.2026 - 31.12.2026<br\/>\r\n                <!-- 0:00-->\r\n            <\/td>\r\n            <td style=\"padding-left: 10px;  padding-top: 5px;  padding-bottom: 5px;\">\r\n                <strong><a href=\"https:\/\/www.gourmetclassic.de\/home\/events\/angebote-im-meisenheimer-hof\/\">Angebote im Meisenheimer Hof<\/a><\/strong>\r\n                <br\/><i><a href=\"https:\/\/www.gourmetclassic.de\/home\/locations\/weinhotel-restaurant-meisenheimer-hof\/\">Weinhotel &amp; Restaurant Meisenheimer Hof<\/a>, Meisenheim, Rheinland-Pfalz<\/i>\r\n            <\/td>\r\n        <\/tr><tr>\r\n\t\t\t<td style=\"padding-left: 10px; padding-top: 5px; padding-bottom: 5px;\">\r\n                13.04.2026 - 31.12.2026<br\/>\r\n                <!-- 0:00-->\r\n            <\/td>\r\n            <td style=\"padding-left: 10px;  padding-top: 5px;  padding-bottom: 5px;\">\r\n                <strong><a href=\"https:\/\/www.gourmetclassic.de\/home\/events\/angebote-im-villino\/\">Angebote im VILLINO<\/a><\/strong>\r\n                <br\/><i><a href=\"https:\/\/www.gourmetclassic.de\/home\/locations\/hotel-restaurant-villino\/\">Hotel Restaurant VILLINO<\/a>, Lindau (Bodensee), Bayern<\/i>\r\n            <\/td>\r\n        <\/tr><tr>\r\n\t\t\t<td style=\"padding-left: 10px; padding-top: 5px; padding-bottom: 5px;\">\r\n                13.04.2026 - 15.11.2026<br\/>\r\n                <!-- 0:00-->\r\n            <\/td>\r\n            <td style=\"padding-left: 10px;  padding-top: 5px;  padding-bottom: 5px;\">\r\n                <strong><a href=\"https:\/\/www.gourmetclassic.de\/home\/events\/kochkurse-events-im-hinterding\/\">Kochkurse und Events im Hinterding<\/a><\/strong>\r\n                <br\/><i><a href=\"https:\/\/www.gourmetclassic.de\/home\/locations\/restaurant-hotel-hinterding\/\">Restaurant Hotel Hinterding<\/a>, Lengerich, Nordrhein-Westfalen<\/i>\r\n            <\/td>\r\n        <\/tr><tr>\r\n\t\t\t<td style=\"padding-left: 10px; padding-top: 5px; padding-bottom: 5px;\">\r\n                14.04.2026 - 31.12.2026<br\/>\r\n                <!-- 0:00-->\r\n            <\/td>\r\n            <td style=\"padding-left: 10px;  padding-top: 5px;  padding-bottom: 5px;\">\r\n                <strong><a href=\"https:\/\/www.gourmetclassic.de\/home\/events\/angebote-im-gasthof-restaurant-hirsch\/\">Angebote im Gasthof Restaurant Hirsch<\/a><\/strong>\r\n                <br\/><i><a href=\"https:\/\/www.gourmetclassic.de\/home\/locations\/gasthof-restaurant-hirsch\/\">Gasthof-Restaurant Hirsch<\/a>, Bad Ditzenbach-Gosbach, Baden-W\u00fcrttemberg<\/i>\r\n            <\/td>\r\n        <\/tr><tr>\r\n\t\t\t<td style=\"padding-left: 10px; padding-top: 5px; padding-bottom: 5px;\">\r\n                14.04.2026 - 31.12.2026<br\/>\r\n                <!-- 0:00-->\r\n            <\/td>\r\n            <td style=\"padding-left: 10px;  padding-top: 5px;  padding-bottom: 5px;\">\r\n                <strong><a href=\"https:\/\/www.gourmetclassic.de\/home\/events\/kulinarischer-kalender\/\">Kulinarischer Kalender<\/a><\/strong>\r\n                <br\/><i><a href=\"https:\/\/www.gourmetclassic.de\/home\/locations\/hotel-sackmann\/\">Hotel Sackmann<\/a>, Baiersbronn, Baden-W\u00fcrttemberg<\/i>\r\n            <\/td>\r\n        <\/tr><tr>\r\n\t\t\t<td style=\"padding-left: 10px; padding-top: 5px; padding-bottom: 5px;\">\r\n                16.04.2026 - 31.12.2026<br\/>\r\n                <!-- 0:00-->\r\n            <\/td>\r\n            <td style=\"padding-left: 10px;  padding-top: 5px;  padding-bottom: 5px;\">\r\n                <strong><a href=\"https:\/\/www.gourmetclassic.de\/home\/events\/kochschule-steinheuer-heppingen\/\">Kochschule - Steinheuer Heppingen<\/a><\/strong>\r\n                <br\/><i><a href=\"https:\/\/www.gourmetclassic.de\/home\/locations\/steinheuers-restaurant-zur-alten-post\/\">Steinheuers Restaurant Zur Alten Post<\/a>, Bad Neuenahr-Ahrweiler, Rheinland-Pfalz<\/i>\r\n            <\/td>\r\n        <\/tr><\/tbody><\/table>\t<\/div>\r\n<\/div>\n","protected":false},"excerpt":{"rendered":"<p>Kochkurse sind schon lange etabliert und nach wie vor beliebt. Viele Genie\u00dfer und Hobbyk\u00f6che wollen den Gro\u00dfen der Zunft gerne<\/p>\n","protected":false},"author":1,"featured_media":0,"parent":47,"menu_order":0,"comment_status":"closed","ping_status":"closed","template":"","meta":{"footnotes":""},"class_list":["post-284","page","type-page","status-publish","hentry"],"yoast_head":"<!-- This site is optimized with the Yoast SEO plugin v25.6 - https:\/\/yoast.com\/wordpress\/plugins\/seo\/ -->\n<title>Kochkurse - Gourmet Classic<\/title>\n<meta name=\"robots\" content=\"index, follow, max-snippet:-1, max-image-preview:large, max-video-preview:-1\" \/>\n<link rel=\"canonical\" href=\"https:\/\/www.gourmetclassic.de\/home\/veranstaltungen\/kochkurse\/\" \/>\n<meta property=\"og:locale\" content=\"de_DE\" \/>\n<meta property=\"og:type\" content=\"article\" \/>\n<meta property=\"og:title\" content=\"Kochkurse - Gourmet Classic\" \/>\n<meta property=\"og:description\" content=\"Kochkurse sind schon lange etabliert und nach wie vor beliebt. Viele Genie\u00dfer und Hobbyk\u00f6che wollen den Gro\u00dfen der Zunft gerne\" \/>\n<meta property=\"og:url\" content=\"https:\/\/www.gourmetclassic.de\/home\/veranstaltungen\/kochkurse\/\" \/>\n<meta property=\"og:site_name\" content=\"Gourmet Classic\" \/>\n<meta property=\"article:modified_time\" content=\"2020-06-25T13:45:41+00:00\" \/>\n<meta name=\"twitter:card\" content=\"summary_large_image\" \/>\n<script type=\"application\/ld+json\" class=\"yoast-schema-graph\">{\"@context\":\"https:\/\/schema.org\",\"@graph\":[{\"@type\":\"WebPage\",\"@id\":\"https:\/\/www.gourmetclassic.de\/home\/veranstaltungen\/kochkurse\/\",\"url\":\"https:\/\/www.gourmetclassic.de\/home\/veranstaltungen\/kochkurse\/\",\"name\":\"Kochkurse - Gourmet Classic\",\"isPartOf\":{\"@id\":\"https:\/\/www.gourmetclassic.de\/home\/#website\"},\"datePublished\":\"2019-04-16T10:04:25+00:00\",\"dateModified\":\"2020-06-25T13:45:41+00:00\",\"breadcrumb\":{\"@id\":\"https:\/\/www.gourmetclassic.de\/home\/veranstaltungen\/kochkurse\/#breadcrumb\"},\"inLanguage\":\"de\",\"potentialAction\":[{\"@type\":\"ReadAction\",\"target\":[\"https:\/\/www.gourmetclassic.de\/home\/veranstaltungen\/kochkurse\/\"]}]},{\"@type\":\"BreadcrumbList\",\"@id\":\"https:\/\/www.gourmetclassic.de\/home\/veranstaltungen\/kochkurse\/#breadcrumb\",\"itemListElement\":[{\"@type\":\"ListItem\",\"position\":1,\"name\":\"Startseite\",\"item\":\"https:\/\/www.gourmetclassic.de\/home\/\"},{\"@type\":\"ListItem\",\"position\":2,\"name\":\"Events &#8211; Angebote &#8211; Veranstaltungen\",\"item\":\"https:\/\/www.gourmetclassic.de\/home\/veranstaltungen\/\"},{\"@type\":\"ListItem\",\"position\":3,\"name\":\"Kochkurse\"}]},{\"@type\":\"WebSite\",\"@id\":\"https:\/\/www.gourmetclassic.de\/home\/#website\",\"url\":\"https:\/\/www.gourmetclassic.de\/home\/\",\"name\":\"Gourmet Classic\",\"description\":\"Portal der gehobenen Gastlichkeit\",\"publisher\":{\"@id\":\"https:\/\/www.gourmetclassic.de\/home\/#organization\"},\"potentialAction\":[{\"@type\":\"SearchAction\",\"target\":{\"@type\":\"EntryPoint\",\"urlTemplate\":\"https:\/\/www.gourmetclassic.de\/home\/?s={search_term_string}\"},\"query-input\":{\"@type\":\"PropertyValueSpecification\",\"valueRequired\":true,\"valueName\":\"search_term_string\"}}],\"inLanguage\":\"de\"},{\"@type\":\"Organization\",\"@id\":\"https:\/\/www.gourmetclassic.de\/home\/#organization\",\"name\":\"Gourmet Classic\",\"url\":\"https:\/\/www.gourmetclassic.de\/home\/\",\"logo\":{\"@type\":\"ImageObject\",\"inLanguage\":\"de\",\"@id\":\"https:\/\/www.gourmetclassic.de\/home\/#\/schema\/logo\/image\/\",\"url\":\"https:\/\/www.gourmetclassic.de\/wp-content\/uploads\/2019\/04\/gourmet-classic-logo.jpg\",\"contentUrl\":\"https:\/\/www.gourmetclassic.de\/wp-content\/uploads\/2019\/04\/gourmet-classic-logo.jpg\",\"width\":253,\"height\":123,\"caption\":\"Gourmet Classic\"},\"image\":{\"@id\":\"https:\/\/www.gourmetclassic.de\/home\/#\/schema\/logo\/image\/\"}}]}<\/script>\n<!-- \/ Yoast SEO plugin. -->","yoast_head_json":{"title":"Kochkurse - Gourmet Classic","robots":{"index":"index","follow":"follow","max-snippet":"max-snippet:-1","max-image-preview":"max-image-preview:large","max-video-preview":"max-video-preview:-1"},"canonical":"https:\/\/www.gourmetclassic.de\/home\/veranstaltungen\/kochkurse\/","og_locale":"de_DE","og_type":"article","og_title":"Kochkurse - Gourmet Classic","og_description":"Kochkurse sind schon lange etabliert und nach wie vor beliebt. Viele Genie\u00dfer und Hobbyk\u00f6che wollen den Gro\u00dfen der Zunft gerne","og_url":"https:\/\/www.gourmetclassic.de\/home\/veranstaltungen\/kochkurse\/","og_site_name":"Gourmet Classic","article_modified_time":"2020-06-25T13:45:41+00:00","twitter_card":"summary_large_image","schema":{"@context":"https:\/\/schema.org","@graph":[{"@type":"WebPage","@id":"https:\/\/www.gourmetclassic.de\/home\/veranstaltungen\/kochkurse\/","url":"https:\/\/www.gourmetclassic.de\/home\/veranstaltungen\/kochkurse\/","name":"Kochkurse - Gourmet Classic","isPartOf":{"@id":"https:\/\/www.gourmetclassic.de\/home\/#website"},"datePublished":"2019-04-16T10:04:25+00:00","dateModified":"2020-06-25T13:45:41+00:00","breadcrumb":{"@id":"https:\/\/www.gourmetclassic.de\/home\/veranstaltungen\/kochkurse\/#breadcrumb"},"inLanguage":"de","potentialAction":[{"@type":"ReadAction","target":["https:\/\/www.gourmetclassic.de\/home\/veranstaltungen\/kochkurse\/"]}]},{"@type":"BreadcrumbList","@id":"https:\/\/www.gourmetclassic.de\/home\/veranstaltungen\/kochkurse\/#breadcrumb","itemListElement":[{"@type":"ListItem","position":1,"name":"Startseite","item":"https:\/\/www.gourmetclassic.de\/home\/"},{"@type":"ListItem","position":2,"name":"Events &#8211; Angebote &#8211; Veranstaltungen","item":"https:\/\/www.gourmetclassic.de\/home\/veranstaltungen\/"},{"@type":"ListItem","position":3,"name":"Kochkurse"}]},{"@type":"WebSite","@id":"https:\/\/www.gourmetclassic.de\/home\/#website","url":"https:\/\/www.gourmetclassic.de\/home\/","name":"Gourmet Classic","description":"Portal der gehobenen Gastlichkeit","publisher":{"@id":"https:\/\/www.gourmetclassic.de\/home\/#organization"},"potentialAction":[{"@type":"SearchAction","target":{"@type":"EntryPoint","urlTemplate":"https:\/\/www.gourmetclassic.de\/home\/?s={search_term_string}"},"query-input":{"@type":"PropertyValueSpecification","valueRequired":true,"valueName":"search_term_string"}}],"inLanguage":"de"},{"@type":"Organization","@id":"https:\/\/www.gourmetclassic.de\/home\/#organization","name":"Gourmet Classic","url":"https:\/\/www.gourmetclassic.de\/home\/","logo":{"@type":"ImageObject","inLanguage":"de","@id":"https:\/\/www.gourmetclassic.de\/home\/#\/schema\/logo\/image\/","url":"https:\/\/www.gourmetclassic.de\/wp-content\/uploads\/2019\/04\/gourmet-classic-logo.jpg","contentUrl":"https:\/\/www.gourmetclassic.de\/wp-content\/uploads\/2019\/04\/gourmet-classic-logo.jpg","width":253,"height":123,"caption":"Gourmet Classic"},"image":{"@id":"https:\/\/www.gourmetclassic.de\/home\/#\/schema\/logo\/image\/"}}]}},"_links":{"self":[{"href":"https:\/\/www.gourmetclassic.de\/home\/wp-json\/wp\/v2\/pages\/284"}],"collection":[{"href":"https:\/\/www.gourmetclassic.de\/home\/wp-json\/wp\/v2\/pages"}],"about":[{"href":"https:\/\/www.gourmetclassic.de\/home\/wp-json\/wp\/v2\/types\/page"}],"author":[{"embeddable":true,"href":"https:\/\/www.gourmetclassic.de\/home\/wp-json\/wp\/v2\/users\/1"}],"replies":[{"embeddable":true,"href":"https:\/\/www.gourmetclassic.de\/home\/wp-json\/wp\/v2\/comments?post=284"}],"version-history":[{"count":5,"href":"https:\/\/www.gourmetclassic.de\/home\/wp-json\/wp\/v2\/pages\/284\/revisions"}],"predecessor-version":[{"id":2801,"href":"https:\/\/www.gourmetclassic.de\/home\/wp-json\/wp\/v2\/pages\/284\/revisions\/2801"}],"up":[{"embeddable":true,"href":"https:\/\/www.gourmetclassic.de\/home\/wp-json\/wp\/v2\/pages\/47"}],"wp:attachment":[{"href":"https:\/\/www.gourmetclassic.de\/home\/wp-json\/wp\/v2\/media?parent=284"}],"curies":[{"name":"wp","href":"https:\/\/api.w.org\/{rel}","templated":true}]}}