{"id":3,"date":"2019-04-05T11:27:52","date_gmt":"2019-04-05T09:27:52","guid":{"rendered":"https:\/\/www.gourmetclassic.de\/?page_id=3"},"modified":"2020-07-01T14:41:08","modified_gmt":"2020-07-01T12:41:08","slug":"datenschutzerklaerung","status":"publish","type":"page","link":"https:\/\/www.gourmetclassic.de\/home\/datenschutzerklaerung\/","title":{"rendered":"Datenschutzerkl\u00e4rung"},"content":{"rendered":"<p><strong>Information \u00fcber die Erhebung personenbezogener Daten<\/strong><\/p>\n<p>1.<br \/>\nIm Folgenden informieren wir \u00fcber die Erhebung personenbezogener Daten bei Nutzung unserer Website. Personenbezogene Daten sind alle Daten, die auf Sie pers\u00f6nlich beziehbar sind, z. B. Name, Adresse, E-Mail-Adressen, Nutzerverhalten.<\/p>\n<p>2.<br \/>\nVerantwortlicher gem. Art. 4 Nr. 7 EU-Datenschutz-Grundverordnung (DS-GVO) ist<\/p>\n<p>CFG Fischer GmbH<br \/>\nGambrinusstra\u00dfe 16<br \/>\n01159 Dresden<br \/>\nDeutschland<\/p>\n<p>Fon: +49 351 49766390<br \/>\nFax: +49 351 49766392<br \/>\ne-Mail: info@gourmet-classic.de<\/p>\n<p>3.<br \/>\nBei Ihrer Kontaktaufnahme mit uns per E-Mail oder \u00fcber ein Kontaktformular werden die von Ihnen mitgeteilten Daten (Ihre E-Mail-Adresse, ggf. Ihr Name und Ihre Telefonnummer) von uns gespeichert, um Ihre Fragen zu beantworten. Die in diesem Zusammenhang anfallenden Daten l\u00f6schen wir, nachdem die Speicherung nicht mehr erforderlich ist, oder schr\u00e4nken die Verarbeitung ein, falls gesetzliche Aufbewahrungspflichten bestehen. Rechtsgrundlage hierf\u00fcr ist Art. 6 Abs. 1 S. 1 lit. b DS-GVO.<\/p>\n<p>4.<br \/>\nFalls wir f\u00fcr einzelne Funktionen unseres Angebots auf beauftragte Dienstleister zur\u00fcckgreifen oder Ihre Daten f\u00fcr werbliche Zwecke nutzen m\u00f6chten, werden wir Sie untenstehend im Detail \u00fcber die jeweiligen Vorg\u00e4nge informieren. Dabei nennen wir auch die festgelegten Kriterien der Speicherdauer.<\/p>\n<p><strong>Ihre Rechte<\/strong><\/p>\n<p>1.<br \/>\nSie haben gegen\u00fcber uns folgende Rechte hinsichtlich der Sie betreffenden personenbezogenen Daten:<\/p>\n<ul>\n<li>Recht auf Auskunft,<\/li>\n<li>Recht auf Berichtigung oder L\u00f6schung,<\/li>\n<li>Recht auf Einschr\u00e4nkung der Verarbeitung,<\/li>\n<li>Recht auf Widerspruch gegen die Verarbeitung,<\/li>\n<li>Recht auf Daten\u00fcbertragbarkeit.<\/li>\n<\/ul>\n<p>2.<br \/>\nSie haben zudem das Recht, sich bei einer Datenschutz-Aufsichtsbeh\u00f6rde \u00fcber die Verarbeitung Ihrer personenbezogenen Daten durch uns zu beschweren.<\/p>\n<p><strong>Erhebung personenbezogener Daten bei Besuch unserer Website<\/strong><\/p>\n<p>1.<br \/>\nBei der blo\u00df informatorischen Nutzung der Website, also wenn Sie sich nicht registrieren oder uns anderweitig Informationen \u00fcbermitteln, erheben wir nur die personenbezogenen Daten, die Ihr Browser an unseren Server \u00fcbermittelt. Wenn Sie unsere Website betrachten m\u00f6chten, erheben wir die folgenden Daten, die f\u00fcr uns technisch erforderlich sind, um Ihnen unsere Website anzuzeigen und die Stabilit\u00e4t und Sicherheit zu gew\u00e4hrleisten (Rechtsgrundlage ist Art. 6 Abs. 1 S. 1 lit. f DS-GVO):<\/p>\n<ul>\n<li>IP-Adresse<\/li>\n<li>Datum und Uhrzeit der Anfrage<\/li>\n<li>Zeitzonendifferenz zur Greenwich Mean Time (GMT)<\/li>\n<li>Inhalt der Anforderung (konkrete Seite)<\/li>\n<li>Zugriffsstatus\/HTTP-Statuscode<\/li>\n<li>jeweils \u00fcbertragene Datenmenge<\/li>\n<li>Website, von der die Anforderung kommt<\/li>\n<li>Browser<\/li>\n<li>Betriebssystem und dessen Oberfl\u00e4che<\/li>\n<li>Sprache und Version der Browsersoftware.<\/li>\n<\/ul>\n<p>2.<br \/>\nZus\u00e4tzlich zu den zuvor genannten Daten werden bei Ihrer Nutzung unserer Website Cookies auf Ihrem Rechner gespeichert. Bei Cookies handelt es sich um kleine Textdateien, die auf Ihrer Festplatte dem von Ihnen verwendeten Browser zugeordnet gespeichert werden und durch welche der Stelle, die den Cookie setzt (hier durch uns), bestimmte Informationen zuflie\u00dfen. Cookies k\u00f6nnen keine Programme ausf\u00fchren oder Viren auf Ihren Computer \u00fcbertragen. Sie dienen dazu, das Internetangebot insgesamt nutzerfreundlicher und effektiver zu machen.<\/p>\n<p>3. Einsatz von Cookies:<\/p>\n<p>a) Diese Website nutzt folgende Arten von Cookies, deren Umfang und Funktionsweise im Folgenden erl\u00e4utert werden:<\/p>\n<ul>\n<li>Transiente Cookies (dazu b)<\/li>\n<li>Persistente Cookies (dazu c).<\/li>\n<\/ul>\n<p>b) Transiente Cookies werden automatisiert gel\u00f6scht, wenn Sie den Browser schlie\u00dfen. Dazu z\u00e4hlen insbesondere die Session-Cookies. Diese speichern eine sogenannte Session-ID, mit welcher sich verschiedene Anfragen Ihres Browsers der gemeinsamen Sitzung zuordnen lassen. Dadurch kann Ihr Rechner wiedererkannt werden, wenn Sie auf unsere Website zur\u00fcckkehren. Die Session-Cookies werden gel\u00f6scht, wenn Sie sich ausloggen oder den Browser schlie\u00dfen.<\/p>\n<p>c) Persistente Cookies werden automatisiert nach einer vorgegebenen Dauer gel\u00f6scht, die sich je nach Cookie unterscheiden kann. Sie k\u00f6nnen die Cookies in den Sicherheitseinstellungen Ihres Browsers jederzeit l\u00f6schen.<\/p>\n<p>d) Sie k\u00f6nnen Ihre Browser-Einstellung entsprechend Ihren W\u00fcnschen konfigurieren und z. B. die Annahme von Third-Party-Cookies oder allen Cookies ablehnen. Wir weisen Sie darauf hin, dass Sie in diesem Fall eventuell nicht alle Funktionen dieser Website nutzen k\u00f6nnen.<\/p>\n<p>e) Wir setzen Cookies ein, um Sie f\u00fcr Folgebesuche identifizieren zu k\u00f6nnen, falls Sie \u00fcber einen Account bei uns verf\u00fcgen. Andernfalls m\u00fcssten Sie sich f\u00fcr jeden Besuch erneut einloggen.<\/p>\n<p><strong>Widerspruch oder Widerruf gegen die Verarbeitung Ihrer Daten<\/strong><\/p>\n<p>1.<br \/>\nFalls Sie eine Einwilligung zur Verarbeitung Ihrer Daten erteilt haben, k\u00f6nnen Sie diese jederzeit widerrufen. Ein solcher Widerruf beeinflusst die Zul\u00e4ssigkeit der Verarbeitung Ihrer personenbezogenen Daten, nachdem Sie ihn gegen\u00fcber uns ausgesprochen haben.<\/p>\n<p>2.<br \/>\nSoweit wir die Verarbeitung Ihrer personenbezogenen Daten auf die Interessenabw\u00e4gung st\u00fctzen, k\u00f6nnen Sie Widerspruch gegen die Verarbeitung einlegen. Dies ist der Fall, wenn die Verarbeitung insbesondere nicht zur Erf\u00fcllung eines Vertrags mit Ihnen erforderlich ist, was von uns jeweils bei der nachfolgenden Beschreibung der Funktionen dargestellt wird. Bei Aus\u00fcbung eines solchen Widerspruchs bitten wir um Darlegung der Gr\u00fcnde, weshalb wir Ihre personenbezogenen Daten nicht wie von uns durchgef\u00fchrt verarbeiten sollten. Im Falle Ihres begr\u00fcndeten Widerspruchs pr\u00fcfen wir die Sachlage und werden entweder die Datenverarbeitung einstellen bzw. anpassen oder Ihnen unsere zwingenden schutzw\u00fcrdigen Gr\u00fcnde aufzeigen, aufgrund derer wir die Verarbeitung fortf\u00fchren.<\/p>\n<p>3.<br \/>\nSelbstverst\u00e4ndlich k\u00f6nnen Sie der Verarbeitung Ihrer personenbezogenen Daten f\u00fcr Zwecke der Werbung und Datenanalyse jederzeit widersprechen. \u00dcber Ihren Werbewiderspruch k\u00f6nnen Sie uns unter oben genannten Kontaktdaten informieren.<\/p>\n<p><strong>Buchungen \u00fcber die Website<\/strong><\/p>\n<p>1.<br \/>\nWenn Sie \u00fcber unsere Website Dienstleistungen buchen m\u00f6chten, ist es f\u00fcr den Vertragsabschluss erforderlich, dass Sie Ihre pers\u00f6nlichen Daten angeben, die wir f\u00fcr die Abwicklung Ihrer Buchung ben\u00f6tigen. F\u00fcr die Abwicklung der Vertr\u00e4ge notwendige Pflichtangaben sind gesondert markiert, weitere Angaben sind freiwillig. Die von Ihnen angegebenen Daten verarbeiten wir zur Abwicklung Ihrer Bestellung. Rechtsgrundlage hierf\u00fcr ist Art. 6 Abs. 1 S. 1 lit. b DS-GVO.<\/p>\n<p>Sie k\u00f6nnen ein Kundenkonto anlegen, durch das wir Ihre Daten f\u00fcr sp\u00e4tere weitere Buchungen speichern k\u00f6nnen. Bei Anlegung eines Accounts werden die von Ihnen angegebenen Daten widerruflich gespeichert. Alle weiteren Daten, inklusive Ihres Kundenkontos, k\u00f6nnen stets l\u00f6schen. Die L\u00f6schung Ihres Kundenkontos ist jederzeit m\u00f6glich und kann durch eine Nachricht an die oben genannte Kontaktm\u00f6glichkeit erfolgen.<\/p>\n<p>2.<br \/>\nWir sind aufgrund handels- und steuerrechtlicher Vorgaben verpflichtet, Ihre Adress-, Zahlungs- und Bestelldaten f\u00fcr die Dauer von zehn Jahren zu speichern. Allerdings nehmen wir nach zwei Jahren eine Einschr\u00e4nkung der Verarbeitung vor, d. h. Ihre Daten werden nur zur Einhaltung der gesetzlichen Verpflichtungen eingesetzt.<\/p>\n<p>3.<br \/>\nZur Verhinderung unberechtigter Zugriffe Dritter auf Ihre pers\u00f6nlichen Daten, insbesondere Finanzdaten, wird der Bestellvorgang per TLS-Technik verschl\u00fcsselt.<\/p>\n<p><strong>Ihre Anfragen \u00fcber unsere Website<\/strong><\/p>\n<p>Wenn Sie \u00fcber unsere Website eine Anfrage f\u00fcr ein Angebot an einen Anbieter wie z.B. Hotels oder Restaurants senden, geben wir die von Ihnen mitgeteilten Daten (Ihre E-Mail-Adresse, ggf. Ihr Name und Ihre Telefonnummer) an den von Ihnen ausgew\u00e4hlten Anbieter weiter. Diese Daten werden bei uns nicht gespeichert. Rechtsgrundlage hierf\u00fcr ist Art. 6 Abs. 1 S. 1 lit. b DS-GVO.<\/p>\n<p><strong>Hostingdienstleistungen durch einen Drittanbieter<\/strong><\/p>\n<p>Im Rahmen einer Verarbeitung in unserem Auftrag erbringt ein Drittanbieter f\u00fcr uns die Dienste zum Hosting und zur Darstellung der Website. Dies dient der Wahrung unserer im Rahmen einer Interessensabw\u00e4gung \u00fcberwiegenden berechtigten Interessen an einer korrekten Darstellung unseres Angebots gem\u00e4\u00df Art. 6 Abs. 1 S. 1 lit. f DS-GVO. Alle Daten, die im Rahmen der Nutzung dieser Website oder in daf\u00fcr vorgesehenen Formularen dieser Website wie folgend beschrieben erhoben werden, werden auf seinen Servern verarbeitet. Eine Verarbeitung auf anderen Servern findet nur in dem hier erl\u00e4uterten Rahmen statt.<\/p>\n<p>Dieser Dienstleister sitzt innerhalb eines Landes der Europ\u00e4ischen Union oder des Europ\u00e4ischen Wirtschaftsraums.<\/p>\n<p><strong>Newsletter<\/strong><\/p>\n<p>1.<br \/>\nMit Ihrer Einwilligung k\u00f6nnen Sie unseren Newsletter abonnieren, mit dem wir Sie \u00fcber unsere aktuellen interessanten Angebote informieren. Die beworbenen Waren und Dienstleistungen sind in der Einwilligungserkl\u00e4rung benannt.<\/p>\n<p>2.<br \/>\nF\u00fcr die Anmeldung zu unserem Newsletter verwenden wir das sog. Double-opt-in-Verfahren. Das hei\u00dft, dass wir Ihnen nach Ihrer Anmeldung eine E-Mail an die angegebene E-Mail-Adresse senden, in welcher wir Sie um Best\u00e4tigung bitten, dass Sie den Versand des Newsletters w\u00fcnschen. Wenn Sie Ihre Anmeldung nicht innerhalb von 24 Stunden best\u00e4tigen, werden Ihre Informationen gesperrt und nach einem Monat automatisch gel\u00f6scht. Dar\u00fcber hinaus speichern wir jeweils Ihre eingesetzten IP-Adressen und Zeitpunkte der Anmeldung und Best\u00e4tigung. Zweck des Verfahrens ist, Ihre Anmeldung nachweisen und ggf. einen m\u00f6glichen Missbrauch Ihrer pers\u00f6nlichen Daten aufkl\u00e4ren zu k\u00f6nnen.<\/p>\n<p>3.<br \/>\nPflichtangabe f\u00fcr die \u00dcbersendung des Newsletters ist allein Ihre E-Mail-Adresse. Nach Ihrer Best\u00e4tigung speichern wir Ihre E-Mail-Adresse zum Zweck der Zusendung des Newsletters. Rechtsgrundlage ist Art. 6 Abs. 1 S. 1 lit. a DS-GVO.<\/p>\n<p>4.<br \/>\nIhre Einwilligung in die \u00dcbersendung des Newsletters k\u00f6nnen Sie jederzeit widerrufen und den Newsletter abbestellen. Den Widerruf k\u00f6nnen Sie durch Klick auf den in jeder Newsletter-E-Mail bereitgestellten Link oder durch eine Nachricht an oben angegebenen Kontaktdaten erkl\u00e4ren.<\/p>\n<p><strong>Einbindung von Google Maps<\/strong><\/p>\n<p>1.<br \/>\nAuf dieser Website nutzen wir das Angebot von Google Maps. Dadurch k\u00f6nnen wir Ihnen interaktive Karten direkt in der Website anzeigen und erm\u00f6glichen Ihnen die komfortable Nutzung der Karten-Funktion. Rechtsgrundlage f\u00fcr die Nutzung von Google Maps ist Art. 6 Abs. 1 S. 1 lit. f DS-GVO.<\/p>\n<p>2.<br \/>\nDurch den Besuch auf der Website erh\u00e4lt Google die Information, dass Sie die entsprechende Unterseite unserer Website aufgerufen haben. Zudem werden die unter \u00a7 3 dieser Erkl\u00e4rung genannten Daten \u00fcbermittelt. Dies erfolgt unabh\u00e4ngig davon, ob Google ein Nutzerkonto bereitstellt, \u00fcber das Sie eingeloggt sind, oder ob kein Nutzerkonto besteht. Wenn Sie bei Google eingeloggt sind, werden Ihre Daten direkt Ihrem Konto zugeordnet. Wenn Sie die Zuordnung mit Ihrem Profil bei Google nicht w\u00fcnschen, m\u00fcssen Sie sich vor Aktivierung des Buttons ausloggen. Google speichert Ihre Daten als Nutzungsprofile und nutzt sie f\u00fcr Zwecke der Werbung, Marktforschung und\/oder bedarfsgerechten Gestaltung seiner Website. Eine solche Auswertung erfolgt insbesondere (selbst f\u00fcr nicht eingeloggte Nutzer) zur Erbringung von bedarfsgerechter Werbung und um andere Nutzer des sozialen Netzwerks \u00fcber Ihre Aktivit\u00e4ten auf unserer Website zu informieren. Ihnen steht ein Widerspruchsrecht zu gegen die Bildung dieser Nutzerprofile, wobei Sie sich zur Aus\u00fcbung dessen an Google richten m\u00fcssen.<\/p>\n<p>3.<br \/>\nWeitere Informationen zu Zweck und Umfang der Datenerhebung und ihrer Verarbeitung durch den Plug-in-Anbieter erhalten Sie in den Datenschutzerkl\u00e4rungen des Anbieters. Dort erhalten Sie auch weitere Informationen zu Ihren diesbez\u00fcglichen Rechten und Einstellungsm\u00f6glichkeiten zum Schutze Ihrer Privatsph\u00e4re: http:\/\/www.google.de\/intl\/de\/policies\/privacy. Google verarbeitet Ihre personenbezogenen Daten auch in den USA und hat sich dem EU-US Privacy Shield unterworfen, https:\/\/www.privacyshield.gov\/EU-US-Framework.<\/p>\n","protected":false},"excerpt":{"rendered":"<p>Information \u00fcber die Erhebung personenbezogener Daten 1. Im Folgenden informieren wir \u00fcber die Erhebung personenbezogener Daten bei Nutzung unserer Website.<\/p>\n","protected":false},"author":1,"featured_media":0,"parent":0,"menu_order":0,"comment_status":"closed","ping_status":"open","template":"","meta":{"footnotes":""},"class_list":["post-3","page","type-page","status-publish","hentry"],"yoast_head":"<!-- This site is optimized with the Yoast SEO plugin v25.6 - https:\/\/yoast.com\/wordpress\/plugins\/seo\/ -->\n<title>Datenschutzerkl\u00e4rung - Gourmet Classic<\/title>\n<meta name=\"robots\" content=\"index, follow, max-snippet:-1, max-image-preview:large, max-video-preview:-1\" \/>\n<link rel=\"canonical\" href=\"https:\/\/www.gourmetclassic.de\/home\/datenschutzerklaerung\/\" \/>\n<meta property=\"og:locale\" content=\"de_DE\" \/>\n<meta property=\"og:type\" content=\"article\" \/>\n<meta property=\"og:title\" content=\"Datenschutzerkl\u00e4rung - Gourmet Classic\" \/>\n<meta property=\"og:description\" content=\"Information \u00fcber die Erhebung personenbezogener Daten 1. Im Folgenden informieren wir \u00fcber die Erhebung personenbezogener Daten bei Nutzung unserer Website.\" \/>\n<meta property=\"og:url\" content=\"https:\/\/www.gourmetclassic.de\/home\/datenschutzerklaerung\/\" \/>\n<meta property=\"og:site_name\" content=\"Gourmet Classic\" \/>\n<meta property=\"article:modified_time\" content=\"2020-07-01T12:41:08+00:00\" \/>\n<meta name=\"twitter:card\" content=\"summary_large_image\" \/>\n<meta name=\"twitter:label1\" content=\"Gesch\u00e4tzte Lesezeit\" \/>\n\t<meta name=\"twitter:data1\" content=\"8\u00a0Minuten\" \/>\n<script type=\"application\/ld+json\" class=\"yoast-schema-graph\">{\"@context\":\"https:\/\/schema.org\",\"@graph\":[{\"@type\":\"WebPage\",\"@id\":\"https:\/\/www.gourmetclassic.de\/home\/datenschutzerklaerung\/\",\"url\":\"https:\/\/www.gourmetclassic.de\/home\/datenschutzerklaerung\/\",\"name\":\"Datenschutzerkl\u00e4rung - Gourmet Classic\",\"isPartOf\":{\"@id\":\"https:\/\/www.gourmetclassic.de\/home\/#website\"},\"datePublished\":\"2019-04-05T09:27:52+00:00\",\"dateModified\":\"2020-07-01T12:41:08+00:00\",\"breadcrumb\":{\"@id\":\"https:\/\/www.gourmetclassic.de\/home\/datenschutzerklaerung\/#breadcrumb\"},\"inLanguage\":\"de\",\"potentialAction\":[{\"@type\":\"ReadAction\",\"target\":[\"https:\/\/www.gourmetclassic.de\/home\/datenschutzerklaerung\/\"]}]},{\"@type\":\"BreadcrumbList\",\"@id\":\"https:\/\/www.gourmetclassic.de\/home\/datenschutzerklaerung\/#breadcrumb\",\"itemListElement\":[{\"@type\":\"ListItem\",\"position\":1,\"name\":\"Startseite\",\"item\":\"https:\/\/www.gourmetclassic.de\/home\/\"},{\"@type\":\"ListItem\",\"position\":2,\"name\":\"Datenschutzerkl\u00e4rung\"}]},{\"@type\":\"WebSite\",\"@id\":\"https:\/\/www.gourmetclassic.de\/home\/#website\",\"url\":\"https:\/\/www.gourmetclassic.de\/home\/\",\"name\":\"Gourmet Classic\",\"description\":\"Portal der gehobenen Gastlichkeit\",\"publisher\":{\"@id\":\"https:\/\/www.gourmetclassic.de\/home\/#organization\"},\"potentialAction\":[{\"@type\":\"SearchAction\",\"target\":{\"@type\":\"EntryPoint\",\"urlTemplate\":\"https:\/\/www.gourmetclassic.de\/home\/?s={search_term_string}\"},\"query-input\":{\"@type\":\"PropertyValueSpecification\",\"valueRequired\":true,\"valueName\":\"search_term_string\"}}],\"inLanguage\":\"de\"},{\"@type\":\"Organization\",\"@id\":\"https:\/\/www.gourmetclassic.de\/home\/#organization\",\"name\":\"Gourmet Classic\",\"url\":\"https:\/\/www.gourmetclassic.de\/home\/\",\"logo\":{\"@type\":\"ImageObject\",\"inLanguage\":\"de\",\"@id\":\"https:\/\/www.gourmetclassic.de\/home\/#\/schema\/logo\/image\/\",\"url\":\"https:\/\/www.gourmetclassic.de\/wp-content\/uploads\/2019\/04\/gourmet-classic-logo.jpg\",\"contentUrl\":\"https:\/\/www.gourmetclassic.de\/wp-content\/uploads\/2019\/04\/gourmet-classic-logo.jpg\",\"width\":253,\"height\":123,\"caption\":\"Gourmet Classic\"},\"image\":{\"@id\":\"https:\/\/www.gourmetclassic.de\/home\/#\/schema\/logo\/image\/\"}}]}<\/script>\n<!-- \/ Yoast SEO plugin. -->","yoast_head_json":{"title":"Datenschutzerkl\u00e4rung - Gourmet Classic","robots":{"index":"index","follow":"follow","max-snippet":"max-snippet:-1","max-image-preview":"max-image-preview:large","max-video-preview":"max-video-preview:-1"},"canonical":"https:\/\/www.gourmetclassic.de\/home\/datenschutzerklaerung\/","og_locale":"de_DE","og_type":"article","og_title":"Datenschutzerkl\u00e4rung - Gourmet Classic","og_description":"Information \u00fcber die Erhebung personenbezogener Daten 1. Im Folgenden informieren wir \u00fcber die Erhebung personenbezogener Daten bei Nutzung unserer Website.","og_url":"https:\/\/www.gourmetclassic.de\/home\/datenschutzerklaerung\/","og_site_name":"Gourmet Classic","article_modified_time":"2020-07-01T12:41:08+00:00","twitter_card":"summary_large_image","twitter_misc":{"Gesch\u00e4tzte Lesezeit":"8\u00a0Minuten"},"schema":{"@context":"https:\/\/schema.org","@graph":[{"@type":"WebPage","@id":"https:\/\/www.gourmetclassic.de\/home\/datenschutzerklaerung\/","url":"https:\/\/www.gourmetclassic.de\/home\/datenschutzerklaerung\/","name":"Datenschutzerkl\u00e4rung - Gourmet Classic","isPartOf":{"@id":"https:\/\/www.gourmetclassic.de\/home\/#website"},"datePublished":"2019-04-05T09:27:52+00:00","dateModified":"2020-07-01T12:41:08+00:00","breadcrumb":{"@id":"https:\/\/www.gourmetclassic.de\/home\/datenschutzerklaerung\/#breadcrumb"},"inLanguage":"de","potentialAction":[{"@type":"ReadAction","target":["https:\/\/www.gourmetclassic.de\/home\/datenschutzerklaerung\/"]}]},{"@type":"BreadcrumbList","@id":"https:\/\/www.gourmetclassic.de\/home\/datenschutzerklaerung\/#breadcrumb","itemListElement":[{"@type":"ListItem","position":1,"name":"Startseite","item":"https:\/\/www.gourmetclassic.de\/home\/"},{"@type":"ListItem","position":2,"name":"Datenschutzerkl\u00e4rung"}]},{"@type":"WebSite","@id":"https:\/\/www.gourmetclassic.de\/home\/#website","url":"https:\/\/www.gourmetclassic.de\/home\/","name":"Gourmet Classic","description":"Portal der gehobenen Gastlichkeit","publisher":{"@id":"https:\/\/www.gourmetclassic.de\/home\/#organization"},"potentialAction":[{"@type":"SearchAction","target":{"@type":"EntryPoint","urlTemplate":"https:\/\/www.gourmetclassic.de\/home\/?s={search_term_string}"},"query-input":{"@type":"PropertyValueSpecification","valueRequired":true,"valueName":"search_term_string"}}],"inLanguage":"de"},{"@type":"Organization","@id":"https:\/\/www.gourmetclassic.de\/home\/#organization","name":"Gourmet Classic","url":"https:\/\/www.gourmetclassic.de\/home\/","logo":{"@type":"ImageObject","inLanguage":"de","@id":"https:\/\/www.gourmetclassic.de\/home\/#\/schema\/logo\/image\/","url":"https:\/\/www.gourmetclassic.de\/wp-content\/uploads\/2019\/04\/gourmet-classic-logo.jpg","contentUrl":"https:\/\/www.gourmetclassic.de\/wp-content\/uploads\/2019\/04\/gourmet-classic-logo.jpg","width":253,"height":123,"caption":"Gourmet Classic"},"image":{"@id":"https:\/\/www.gourmetclassic.de\/home\/#\/schema\/logo\/image\/"}}]}},"_links":{"self":[{"href":"https:\/\/www.gourmetclassic.de\/home\/wp-json\/wp\/v2\/pages\/3"}],"collection":[{"href":"https:\/\/www.gourmetclassic.de\/home\/wp-json\/wp\/v2\/pages"}],"about":[{"href":"https:\/\/www.gourmetclassic.de\/home\/wp-json\/wp\/v2\/types\/page"}],"author":[{"embeddable":true,"href":"https:\/\/www.gourmetclassic.de\/home\/wp-json\/wp\/v2\/users\/1"}],"replies":[{"embeddable":true,"href":"https:\/\/www.gourmetclassic.de\/home\/wp-json\/wp\/v2\/comments?post=3"}],"version-history":[{"count":4,"href":"https:\/\/www.gourmetclassic.de\/home\/wp-json\/wp\/v2\/pages\/3\/revisions"}],"predecessor-version":[{"id":2840,"href":"https:\/\/www.gourmetclassic.de\/home\/wp-json\/wp\/v2\/pages\/3\/revisions\/2840"}],"wp:attachment":[{"href":"https:\/\/www.gourmetclassic.de\/home\/wp-json\/wp\/v2\/media?parent=3"}],"curies":[{"name":"wp","href":"https:\/\/api.w.org\/{rel}","templated":true}]}}