{"id":3269,"date":"2021-05-31T12:20:36","date_gmt":"2021-05-31T10:20:36","guid":{"rendered":"https:\/\/www.gourmetclassic.de\/home\/?page_id=3269"},"modified":"2024-05-08T09:33:33","modified_gmt":"2024-05-08T07:33:33","slug":"winzer-deutschland","status":"publish","type":"page","link":"https:\/\/www.gourmetclassic.de\/home\/winzer\/winzer-deutschland\/","title":{"rendered":"Wir stellen vor &#8211; Winzer aus Deutschland"},"content":{"rendered":"<h6>Winzerportr\u00e4ts Deutschland<\/h6>\n<p>In unserem <a href=\"https:\/\/www.gourmetclassic.de\/home\/gourmet-classic-journal\/\">Gourmet Classic Journal<\/a> stellen wir in loser Folge Weing\u00fcter und Sektkellereien aus allen deutschen Anbaugebieten vor. Wir pr\u00e4sentieren hier die Portr\u00e4ts der letzten Jahre\u00a0 &#8211; zugeordnet den jeweiligen Anbaugebieten in Deutschland<\/p>\n<p><strong>Weinanbaugebiete und Weinregionen in Deutschland\u00a0<\/strong><\/p>\n<ul>\n<li><a href=\"https:\/\/www.gourmetclassic.de\/home\/winzer\/winzer-deutschland\/weinanbaugebiet-ahr\/\">Ahr<\/a><\/li>\n<li><a href=\"https:\/\/www.gourmetclassic.de\/home\/winzer\/winzer-deutschland\/weinanbaugebiet-baden\/\">Baden<\/a><\/li>\n<li><a href=\"https:\/\/www.gourmetclassic.de\/home\/winzer\/winzer-deutschland\/weinanbaugebiet-franken\/\">Franken<\/a><\/li>\n<li><a href=\"https:\/\/www.gourmetclassic.de\/home\/winzer\/winzer-deutschland\/weinanbaugebiet-hessische-bergstrasse\/\">Hessische Bergstra\u00dfe<\/a><\/li>\n<li>Mittelrhein<\/li>\n<li><a href=\"https:\/\/www.gourmetclassic.de\/home\/winzer\/winzer-deutschland\/weinanbaugebiet-mosel\/\">Mosel (bis 2006 Mosel-Saar-Ruwer)<\/a><\/li>\n<li><a href=\"https:\/\/www.gourmetclassic.de\/home\/winzer\/winzer-deutschland\/weinanbaugebiet-nahe\/\">Nahe<\/a><\/li>\n<li><a href=\"https:\/\/www.gourmetclassic.de\/home\/winzer\/winzer-deutschland\/weinanbaugebiet-pfalz\/\">Pfalz (bis 1993 Rheinpfalz)<\/a><\/li>\n<li><a href=\"https:\/\/www.gourmetclassic.de\/home\/winzer\/winzer-deutschland\/weinanbaugebiet-rheingau\/\">Rheingau<\/a><\/li>\n<li><a href=\"https:\/\/www.gourmetclassic.de\/home\/winzer\/winzer-deutschland\/weinanbaugebiet-rheinhessen\/\">Rheinhessen<\/a><\/li>\n<li><a href=\"https:\/\/www.gourmetclassic.de\/home\/winzer\/winzer-deutschland\/weinanbaugebiet-saale-unstrut\/\">Saale-Unstrut<\/a><\/li>\n<li><a href=\"https:\/\/www.gourmetclassic.de\/home\/winzer\/winzer-deutschland\/weinanbaugebiet-sachsen\/\">Sachsen<\/a><\/li>\n<li><a href=\"https:\/\/www.gourmetclassic.de\/home\/winzer\/winzer-deutschland\/weinanbaugebiet-wuerttemberg\/\">W\u00fcrttemberg<\/a><\/li>\n<\/ul>\n<hr \/>\n<div id=\"footable_parent_1257\"\n         class=\" footable_parent ninja_table_wrapper loading_ninja_table wp_table_data_press_parent semantic_ui \">\n                <table data-ninja_table_instance=\"ninja_table_instance_0\" data-footable_id=\"1257\" data-filter-delay=\"1000\" aria-label=\"Winzer-DE\"            id=\"footable_1257\"\n           data-unique_identifier=\"ninja_table_unique_id_2879547549_1257\"\n           class=\" foo-table ninja_footable foo_table_1257 ninja_table_unique_id_2879547549_1257 ui table  ninja_has_count_format ninja_search_right nt_type_ajax_table selectable striped vertical_centered  footable-paging-right ninja_table_pro ninja_table_afd_columns ninja_table_afcs_columns_2 ninja_table_afcl_new_line ninja_table_has_custom_filter\">\n                <colgroup>\n                            <col class=\"ninja_column_0 \">\n                            <col class=\"ninja_column_1 \">\n                            <col class=\"ninja_column_2 xs sm md lg\">\n                            <col class=\"ninja_column_3 \">\n                            <col class=\"ninja_column_4 xs sm md lg\">\n                            <col class=\"ninja_column_5 xs sm md lg\">\n                            <col class=\"ninja_column_6 xs sm md lg\">\n                            <col class=\"ninja_column_7 hidden\">\n                    <\/colgroup>\n            <\/table>\n    \n    \n    \n<\/div>\n\n<hr \/>\n<p><a title=\"Vignobles_allemagne-fr.svg: DalGobboM\u00bf!i? translation into German: \u05e2\u05d9\u05df \u05dc\u05e6\u05d9\u05d5\u05df, CC BY-SA 3.0 &lt;https:\/\/creativecommons.org\/licenses\/by-sa\/3.0&gt;, via Wikimedia Commons\" href=\"https:\/\/commons.wikimedia.org\/wiki\/File:WeinbaugebieteDeutschland.svg\" target=\"_blank\" rel=\"noopener noreferrer\"><img decoding=\"async\" src=\"https:\/\/upload.wikimedia.org\/wikipedia\/commons\/thumb\/8\/89\/WeinbaugebieteDeutschland.svg\/1024px-WeinbaugebieteDeutschland.svg.png\" alt=\"WeinbaugebieteDeutschland\" width=\"1024\" \/><\/a><br \/>\n<span style=\"font-size: 10pt;\">Quelle: <a href=\"https:\/\/commons.wikimedia.org\/w\/index.php?curid=15282172\" target=\"_blank\" rel=\"noopener noreferrer\">Wikimedia Commons<\/a><\/span><\/p>\n<p>&nbsp;<\/p>\n","protected":false},"excerpt":{"rendered":"<p>Winzerportr\u00e4ts Deutschland In unserem Gourmet Classic Journal stellen wir in loser Folge Weing\u00fcter und Sektkellereien aus allen deutschen Anbaugebieten vor.<\/p>\n","protected":false},"author":1,"featured_media":0,"parent":1121,"menu_order":0,"comment_status":"closed","ping_status":"closed","template":"","meta":{"footnotes":""},"class_list":["post-3269","page","type-page","status-publish","hentry"],"yoast_head":"<!-- This site is optimized with the Yoast SEO plugin v25.6 - https:\/\/yoast.com\/wordpress\/plugins\/seo\/ -->\n<title>Wir stellen vor - Winzer aus Deutschland - Gourmet Classic<\/title>\n<meta name=\"robots\" content=\"index, follow, max-snippet:-1, max-image-preview:large, max-video-preview:-1\" \/>\n<link rel=\"canonical\" href=\"https:\/\/www.gourmetclassic.de\/home\/winzer\/winzer-deutschland\/\" \/>\n<meta property=\"og:locale\" content=\"de_DE\" \/>\n<meta property=\"og:type\" content=\"article\" \/>\n<meta property=\"og:title\" content=\"Wir stellen vor - Winzer aus Deutschland - Gourmet Classic\" \/>\n<meta property=\"og:description\" content=\"Winzerportr\u00e4ts Deutschland In unserem Gourmet Classic Journal stellen wir in loser Folge Weing\u00fcter und Sektkellereien aus allen deutschen Anbaugebieten vor.\" \/>\n<meta property=\"og:url\" content=\"https:\/\/www.gourmetclassic.de\/home\/winzer\/winzer-deutschland\/\" \/>\n<meta property=\"og:site_name\" content=\"Gourmet Classic\" \/>\n<meta property=\"article:modified_time\" content=\"2024-05-08T07:33:33+00:00\" \/>\n<meta property=\"og:image\" content=\"https:\/\/upload.wikimedia.org\/wikipedia\/commons\/thumb\/8\/89\/WeinbaugebieteDeutschland.svg\/1024px-WeinbaugebieteDeutschland.svg.png\" \/>\n<meta name=\"twitter:card\" content=\"summary_large_image\" \/>\n<meta name=\"twitter:label1\" content=\"Gesch\u00e4tzte Lesezeit\" \/>\n\t<meta name=\"twitter:data1\" content=\"1\u00a0Minute\" \/>\n<script type=\"application\/ld+json\" class=\"yoast-schema-graph\">{\"@context\":\"https:\/\/schema.org\",\"@graph\":[{\"@type\":\"WebPage\",\"@id\":\"https:\/\/www.gourmetclassic.de\/home\/winzer\/winzer-deutschland\/\",\"url\":\"https:\/\/www.gourmetclassic.de\/home\/winzer\/winzer-deutschland\/\",\"name\":\"Wir stellen vor - Winzer aus Deutschland - Gourmet Classic\",\"isPartOf\":{\"@id\":\"https:\/\/www.gourmetclassic.de\/home\/#website\"},\"primaryImageOfPage\":{\"@id\":\"https:\/\/www.gourmetclassic.de\/home\/winzer\/winzer-deutschland\/#primaryimage\"},\"image\":{\"@id\":\"https:\/\/www.gourmetclassic.de\/home\/winzer\/winzer-deutschland\/#primaryimage\"},\"thumbnailUrl\":\"https:\/\/upload.wikimedia.org\/wikipedia\/commons\/thumb\/8\/89\/WeinbaugebieteDeutschland.svg\/1024px-WeinbaugebieteDeutschland.svg.png\",\"datePublished\":\"2021-05-31T10:20:36+00:00\",\"dateModified\":\"2024-05-08T07:33:33+00:00\",\"breadcrumb\":{\"@id\":\"https:\/\/www.gourmetclassic.de\/home\/winzer\/winzer-deutschland\/#breadcrumb\"},\"inLanguage\":\"de\",\"potentialAction\":[{\"@type\":\"ReadAction\",\"target\":[\"https:\/\/www.gourmetclassic.de\/home\/winzer\/winzer-deutschland\/\"]}]},{\"@type\":\"ImageObject\",\"inLanguage\":\"de\",\"@id\":\"https:\/\/www.gourmetclassic.de\/home\/winzer\/winzer-deutschland\/#primaryimage\",\"url\":\"https:\/\/upload.wikimedia.org\/wikipedia\/commons\/thumb\/8\/89\/WeinbaugebieteDeutschland.svg\/1024px-WeinbaugebieteDeutschland.svg.png\",\"contentUrl\":\"https:\/\/upload.wikimedia.org\/wikipedia\/commons\/thumb\/8\/89\/WeinbaugebieteDeutschland.svg\/1024px-WeinbaugebieteDeutschland.svg.png\"},{\"@type\":\"BreadcrumbList\",\"@id\":\"https:\/\/www.gourmetclassic.de\/home\/winzer\/winzer-deutschland\/#breadcrumb\",\"itemListElement\":[{\"@type\":\"ListItem\",\"position\":1,\"name\":\"Startseite\",\"item\":\"https:\/\/www.gourmetclassic.de\/home\/\"},{\"@type\":\"ListItem\",\"position\":2,\"name\":\"Winzer\",\"item\":\"https:\/\/www.gourmetclassic.de\/home\/winzer\/\"},{\"@type\":\"ListItem\",\"position\":3,\"name\":\"Wir stellen vor &#8211; Winzer aus Deutschland\"}]},{\"@type\":\"WebSite\",\"@id\":\"https:\/\/www.gourmetclassic.de\/home\/#website\",\"url\":\"https:\/\/www.gourmetclassic.de\/home\/\",\"name\":\"Gourmet Classic\",\"description\":\"Portal der gehobenen Gastlichkeit\",\"publisher\":{\"@id\":\"https:\/\/www.gourmetclassic.de\/home\/#organization\"},\"potentialAction\":[{\"@type\":\"SearchAction\",\"target\":{\"@type\":\"EntryPoint\",\"urlTemplate\":\"https:\/\/www.gourmetclassic.de\/home\/?s={search_term_string}\"},\"query-input\":{\"@type\":\"PropertyValueSpecification\",\"valueRequired\":true,\"valueName\":\"search_term_string\"}}],\"inLanguage\":\"de\"},{\"@type\":\"Organization\",\"@id\":\"https:\/\/www.gourmetclassic.de\/home\/#organization\",\"name\":\"Gourmet Classic\",\"url\":\"https:\/\/www.gourmetclassic.de\/home\/\",\"logo\":{\"@type\":\"ImageObject\",\"inLanguage\":\"de\",\"@id\":\"https:\/\/www.gourmetclassic.de\/home\/#\/schema\/logo\/image\/\",\"url\":\"https:\/\/www.gourmetclassic.de\/wp-content\/uploads\/2019\/04\/gourmet-classic-logo.jpg\",\"contentUrl\":\"https:\/\/www.gourmetclassic.de\/wp-content\/uploads\/2019\/04\/gourmet-classic-logo.jpg\",\"width\":253,\"height\":123,\"caption\":\"Gourmet Classic\"},\"image\":{\"@id\":\"https:\/\/www.gourmetclassic.de\/home\/#\/schema\/logo\/image\/\"}}]}<\/script>\n<!-- \/ Yoast SEO plugin. -->","yoast_head_json":{"title":"Wir stellen vor - Winzer aus Deutschland - Gourmet Classic","robots":{"index":"index","follow":"follow","max-snippet":"max-snippet:-1","max-image-preview":"max-image-preview:large","max-video-preview":"max-video-preview:-1"},"canonical":"https:\/\/www.gourmetclassic.de\/home\/winzer\/winzer-deutschland\/","og_locale":"de_DE","og_type":"article","og_title":"Wir stellen vor - Winzer aus Deutschland - Gourmet Classic","og_description":"Winzerportr\u00e4ts Deutschland In unserem Gourmet Classic Journal stellen wir in loser Folge Weing\u00fcter und Sektkellereien aus allen deutschen Anbaugebieten vor.","og_url":"https:\/\/www.gourmetclassic.de\/home\/winzer\/winzer-deutschland\/","og_site_name":"Gourmet Classic","article_modified_time":"2024-05-08T07:33:33+00:00","og_image":[{"url":"https:\/\/upload.wikimedia.org\/wikipedia\/commons\/thumb\/8\/89\/WeinbaugebieteDeutschland.svg\/1024px-WeinbaugebieteDeutschland.svg.png","type":"","width":"","height":""}],"twitter_card":"summary_large_image","twitter_misc":{"Gesch\u00e4tzte Lesezeit":"1\u00a0Minute"},"schema":{"@context":"https:\/\/schema.org","@graph":[{"@type":"WebPage","@id":"https:\/\/www.gourmetclassic.de\/home\/winzer\/winzer-deutschland\/","url":"https:\/\/www.gourmetclassic.de\/home\/winzer\/winzer-deutschland\/","name":"Wir stellen vor - Winzer aus Deutschland - Gourmet Classic","isPartOf":{"@id":"https:\/\/www.gourmetclassic.de\/home\/#website"},"primaryImageOfPage":{"@id":"https:\/\/www.gourmetclassic.de\/home\/winzer\/winzer-deutschland\/#primaryimage"},"image":{"@id":"https:\/\/www.gourmetclassic.de\/home\/winzer\/winzer-deutschland\/#primaryimage"},"thumbnailUrl":"https:\/\/upload.wikimedia.org\/wikipedia\/commons\/thumb\/8\/89\/WeinbaugebieteDeutschland.svg\/1024px-WeinbaugebieteDeutschland.svg.png","datePublished":"2021-05-31T10:20:36+00:00","dateModified":"2024-05-08T07:33:33+00:00","breadcrumb":{"@id":"https:\/\/www.gourmetclassic.de\/home\/winzer\/winzer-deutschland\/#breadcrumb"},"inLanguage":"de","potentialAction":[{"@type":"ReadAction","target":["https:\/\/www.gourmetclassic.de\/home\/winzer\/winzer-deutschland\/"]}]},{"@type":"ImageObject","inLanguage":"de","@id":"https:\/\/www.gourmetclassic.de\/home\/winzer\/winzer-deutschland\/#primaryimage","url":"https:\/\/upload.wikimedia.org\/wikipedia\/commons\/thumb\/8\/89\/WeinbaugebieteDeutschland.svg\/1024px-WeinbaugebieteDeutschland.svg.png","contentUrl":"https:\/\/upload.wikimedia.org\/wikipedia\/commons\/thumb\/8\/89\/WeinbaugebieteDeutschland.svg\/1024px-WeinbaugebieteDeutschland.svg.png"},{"@type":"BreadcrumbList","@id":"https:\/\/www.gourmetclassic.de\/home\/winzer\/winzer-deutschland\/#breadcrumb","itemListElement":[{"@type":"ListItem","position":1,"name":"Startseite","item":"https:\/\/www.gourmetclassic.de\/home\/"},{"@type":"ListItem","position":2,"name":"Winzer","item":"https:\/\/www.gourmetclassic.de\/home\/winzer\/"},{"@type":"ListItem","position":3,"name":"Wir stellen vor &#8211; Winzer aus Deutschland"}]},{"@type":"WebSite","@id":"https:\/\/www.gourmetclassic.de\/home\/#website","url":"https:\/\/www.gourmetclassic.de\/home\/","name":"Gourmet Classic","description":"Portal der gehobenen Gastlichkeit","publisher":{"@id":"https:\/\/www.gourmetclassic.de\/home\/#organization"},"potentialAction":[{"@type":"SearchAction","target":{"@type":"EntryPoint","urlTemplate":"https:\/\/www.gourmetclassic.de\/home\/?s={search_term_string}"},"query-input":{"@type":"PropertyValueSpecification","valueRequired":true,"valueName":"search_term_string"}}],"inLanguage":"de"},{"@type":"Organization","@id":"https:\/\/www.gourmetclassic.de\/home\/#organization","name":"Gourmet Classic","url":"https:\/\/www.gourmetclassic.de\/home\/","logo":{"@type":"ImageObject","inLanguage":"de","@id":"https:\/\/www.gourmetclassic.de\/home\/#\/schema\/logo\/image\/","url":"https:\/\/www.gourmetclassic.de\/wp-content\/uploads\/2019\/04\/gourmet-classic-logo.jpg","contentUrl":"https:\/\/www.gourmetclassic.de\/wp-content\/uploads\/2019\/04\/gourmet-classic-logo.jpg","width":253,"height":123,"caption":"Gourmet Classic"},"image":{"@id":"https:\/\/www.gourmetclassic.de\/home\/#\/schema\/logo\/image\/"}}]}},"_links":{"self":[{"href":"https:\/\/www.gourmetclassic.de\/home\/wp-json\/wp\/v2\/pages\/3269"}],"collection":[{"href":"https:\/\/www.gourmetclassic.de\/home\/wp-json\/wp\/v2\/pages"}],"about":[{"href":"https:\/\/www.gourmetclassic.de\/home\/wp-json\/wp\/v2\/types\/page"}],"author":[{"embeddable":true,"href":"https:\/\/www.gourmetclassic.de\/home\/wp-json\/wp\/v2\/users\/1"}],"replies":[{"embeddable":true,"href":"https:\/\/www.gourmetclassic.de\/home\/wp-json\/wp\/v2\/comments?post=3269"}],"version-history":[{"count":34,"href":"https:\/\/www.gourmetclassic.de\/home\/wp-json\/wp\/v2\/pages\/3269\/revisions"}],"predecessor-version":[{"id":3271,"href":"https:\/\/www.gourmetclassic.de\/home\/wp-json\/wp\/v2\/pages\/3269\/revisions\/3271"}],"up":[{"embeddable":true,"href":"https:\/\/www.gourmetclassic.de\/home\/wp-json\/wp\/v2\/pages\/1121"}],"wp:attachment":[{"href":"https:\/\/www.gourmetclassic.de\/home\/wp-json\/wp\/v2\/media?parent=3269"}],"curies":[{"name":"wp","href":"https:\/\/api.w.org\/{rel}","templated":true}]}}