{"id":3302,"date":"2021-05-31T16:23:51","date_gmt":"2021-05-31T14:23:51","guid":{"rendered":"https:\/\/www.gourmetclassic.de\/home\/?page_id=3302"},"modified":"2023-02-24T13:09:39","modified_gmt":"2023-02-24T12:09:39","slug":"weinanbaugebiet-rheinhessen","status":"publish","type":"page","link":"https:\/\/www.gourmetclassic.de\/home\/winzer\/winzer-deutschland\/weinanbaugebiet-rheinhessen\/","title":{"rendered":"Weinanbaugebiet Rheinhessen"},"content":{"rendered":"<div class=\"entry-content clearfix\">\n<h6>Unsere Winzerportr\u00e4ts aus dem Weinanbaugebiet Rheinhessen<\/h6>\n<p>In unserem Gourmet Classic Journal stellen wir in loser Folge Weing\u00fcter und Sektkellereien aus allen deutschen Anbaugebieten vor. Hier pr\u00e4sentieren wir die Portr\u00e4ts der letzten Jahre aus dem Gebiet von Rheinhessen<\/p>\n<ul>\n<li>Weingut Dr. Hinkel<\/li>\n<li>Weingut Prinz Salm<\/li>\n<li>AdamsWein in Ingelheim am Rhein<\/li>\n<li>Wein- und Sektgut Nikolaushof in Gau-Algesheim<\/li>\n<li>Weingut Dreissigacker in Bechtheim<\/li>\n<li>Weingut Pfannebecker in Pfeddersheim<\/li>\n<li>Weingut Gustavshof in Gau-Heppenheim<\/li>\n<\/ul>\n<\/div>\n<hr \/>\n<h5>Frischer Wind aus Rheinhessen \u2013 Weingut Dr. Hinkel<\/h5>\n<p><a href=\"https:\/\/www.gourmetclassic.de\/newsletter\/hinkel_800.jpg\" rel=\"journal\"><img decoding=\"async\" class=\"alignleft\" style=\"margin-top: 8px; margin-bottom: 0px;\" title=\"Frischer Wind aus Rheinhessen \u2013 Weingut Dr. Hinkel\" src=\"https:\/\/www.gourmetclassic.de\/newsletter\/hinkel_250.jpg\" alt=\"Frischer Wind aus Rheinhessen \u2013 Weingut Dr. Hinkel\" width=\"250\" \/><\/a><strong>Frischer Wind aus Rheinhessen:<\/strong> Das Weingut Dr. Hinkel bewirtschaftet rund 32 Hektar Weinberge im Herzen Rheinhessens. Hervorzuheben ist dabei der Zechberg, Framersheims \u00e4lteste und beste Weinbergslage. Dort wachsen Rebsorten wie Chardonnay, Riesling und Sp\u00e4tburgunder, die als Lagenweine ein hohes Entwicklungs- und Lagerpotential haben. Eine feine Kr\u00e4uternote begleitet elegant den jeweiligen Sortencharakter. Erg\u00e4nzt wird das Sortiment des Gutes mit internationalen Klassikern wie Sauvignon Blanc, Shiraz und Cabernet Sauvignon, ebenso mit regionalen Traditionsrebsorten wie Huxelrebe und Scheurebe. Der Weinbau hat in Framersheim Tradition und kann bis ins Jahr 775 n.Chr. zur\u00fcckverfolgt werden. Das Weingut Dr. Hinkel blickt zur\u00fcck auf \u00fcber 320 Jahre Familienweinbau &#8230;<\/p>\n<p><a href=\"https:\/\/www.gourmetclassic.de\/gourmet\/gourmet_post\/pdf\/GJ_2023_03_weingut_dr-hinkel.pdf\" target=\"_blank\" rel=\"noopener noreferrer\">Mehr Infos im Artikel des Gourmet Classic Journal Ausgabe M\u00e4rz 2023 (pdf)<\/a><\/p>\n<hr \/>\n<h5>Weinbau in Rheinhessen und an der Nahe \u2013 Weingut Prinz Salm<\/h5>\n<p><a href=\"https:\/\/www.gourmetclassic.de\/newsletter\/salm_800.jpg\" rel=\"journal\"><img decoding=\"async\" class=\"alignleft\" style=\"margin-top: 8px; margin-bottom: 0px;\" title=\"Weinbau in Rheinhessen und an der Nahe \u2013 Weingut Prinz Salm\" src=\"https:\/\/www.gourmetclassic.de\/newsletter\/salm_250.jpg\" alt=\"Weinbau in Rheinhessen und an der Nahe \u2013 Weingut Prinz Salm\" width=\"250\" \/><\/a><strong>Wir bereiten Menschen Freude:<\/strong> mit handgemachtem wertvollen Wein, aus \u00dcberzeugung im Einklang mit der Sch\u00f6pfung geschaffen. Das Weingut der Prinzen zu Salm-Salm in Wallhausen mit 18 Hektar Weinbergen in Rheinhessen und an der Nahe ist das \u00e4lteste deutscheWeingut in Familienbesitz. Seit \u00fcber 800 Jahren wird hier bereits Wein angebaut \u2013 ununterbrochen. Seit 2007 zeichnet sich Prinz Felix zu Salm-Salm verantwortlich f\u00fcr die Weinberge und den Keller. Neben der VDP Mitgliedschaft ist das Weingut auch mit dem Nachhaltigkeitssiegel FAIR\u2019NGREEN zertifiziert. Heute f\u00fchren Prinz Felix und Prinzessin Victoria das Weingut &#8230;<\/p>\n<p><a href=\"https:\/\/www.gourmetclassic.de\/gourmet\/gourmet_post\/pdf\/GJ_2021_07_weingut_salm.pdf\" target=\"_blank\" rel=\"noopener noreferrer\">Mehr Infos im Artikel des Gourmet Classic Journal Ausgabe Juli 2021 (pdf)<\/a><\/p>\n<hr \/>\n<h5>AdamsWein<\/h5>\n<p><a href=\"https:\/\/www.gourmetclassic.de\/newsletter\/adams_800.jpg\" rel=\"journal\"><img decoding=\"async\" class=\"alignleft\" style=\"margin-top: 8px; margin-bottom: 0px;\" title=\"Simone Adams - WeingutAdams Ingelheim (Rheinhessen)\" src=\"https:\/\/www.gourmetclassic.de\/newsletter\/adams_250.jpg\" alt=\"Simone Adams - WeingutAdams Ingelheim (Rheinhessen)\" width=\"250\" \/><\/a><strong>Simone Adams:<\/strong> &#8222;Wein ist meine Leidenschaft, mein Beruf!&#8220; Simone Adams ist eine Frau mit vielen Talenten. Sie hat ihren Master of Science in M\u00fcnchen gemacht und Weinbau sowie Oenologie in Geisenheim und Udine studiert. Auf vielen Reisen, um ihren Wissensdurst zu stillen, hat sie die unterschiedlichsten Ecken der Weinwelt kennen und lieben gelernt, doch ihre Heimatstadt Ingelheim hat sie nie ganz aus den Augen verloren. Dort ist sie geboren und aufgewachsen, hat ihr Vater Wein gemacht, solange sie sich erinnern kann.<\/p>\n<p><a href=\"https:\/\/www.gourmetclassic.de\/gourmet\/gourmet_post\/pdf\/GJ_2020_06_adamswein.pdf\" target=\"_blank\" rel=\"noopener noreferrer\">Mehr Infos im Artikel des Gourmet Classic Journal Ausgabe Juni 2020 (pdf)<\/a><\/p>\n<hr \/>\n<h5>Wein- und Sektgut Nikolaushof<\/h5>\n<p><a href=\"https:\/\/www.gourmetclassic.de\/newsletter\/nikolaushof_800.jpg\" rel=\"journal\"><img decoding=\"async\" class=\"alignleft\" style=\"margin-top: 8px; margin-bottom: 0px;\" title=\"Wein- und Sektgut Nikolaushof in Gau-Algesheim\" src=\"https:\/\/www.gourmetclassic.de\/newsletter\/nikolaushof_250.jpg\" alt=\"Wein- und Sektgut Nikolaushof in Gau-Algesheim\" width=\"250\" \/><\/a><strong>Prickelnder Genuss:<\/strong> Das Wein- &amp; Sektgut der Familie Hattemer bewirtschaftet 20 ha und liegt in Gau-Algesheim, im n\u00f6rdlichen Teil des dynamischen Anbaugebietes Rheinhessen. Weinbau ist f\u00fcr Familie Hattemer mehr als nur ein Beruf \u2013 er ist die Leidenschaft der ganzen Familie und mit genau diesem Antrieb sind sie auch bei jedem Arbeitsschritt akribisch dabei. Die Routine und Erfahrung der Betriebsleiter Anja und Klaus Hattemer im Zusammenspiel mit dem Tatendrang und neuen Ideen der jungen Oenologen, Anika und Ehemann Johannes, f\u00fchren zu authentischen Weinen und Sekten mit viel Charakter. Sekt ist f\u00fcr Familie Hattemer das edelste und spritzigste, was man aus Trauben herstellen kann &#8230;<\/p>\n<p><a href=\"https:\/\/www.gourmetclassic.de\/gourmet\/gourmet_post\/pdf\/GJ_2019_12_nikolaushof.pdf\" target=\"_blank\" rel=\"noopener noreferrer\">Mehr Infos im Artikel des Gourmet Classic Journal Ausgabe Dezember 2019 (pdf)<\/a><\/p>\n<hr \/>\n<h5>Weingut Dreissigacker in Bechtheim<\/h5>\n<p><a href=\"https:\/\/www.gourmetclassic.de\/newsletter\/dreissigacker_800.jpg\" rel=\"journal\"><img decoding=\"async\" class=\"alignleft\" style=\"margin-top: 8px; margin-bottom: 0px;\" title=\"Weingut Dreissigacker in Bechtheim\" src=\"https:\/\/www.gourmetclassic.de\/newsletter\/dreissigacker_250.jpg\" alt=\"Weingut Dreissigacker in Bechtheim\" width=\"250\" \/><\/a><strong>Riesling \u2013 wahrhaftig und einzigartig:<\/strong> Seit mehr als 15 Jahren bewirtschaftet Jochen Dreissigacker gemeinsam mit seiner Familie und seinem Team Weinberge in Bechtheim und Westhofen. In dieser Zeit gab es herausragende und herausfordernde Jahre \u2013 denn die Natur schreibt ihre eigenen Regeln. \u201cAls Winzer passt man sich diesen an und versucht, die Weinberge und Rebst\u00f6cke bestm\u00f6glich auf das vorzubereiten, was kommen kann\u201d, so Jochen Dreissigacker. 2001 kelterte er seinen ersten Wein. 2005 \u00fcbernahm Jochen Dreissigacker das inzwischen 38 Hektar umfassende und seit 2007 \u00d6ko-zertifizierte Familien-Weingut in Bechtheim &#8230;<\/p>\n<p><a href=\"https:\/\/www.gourmetclassic.de\/gourmet\/gourmet_post\/pdf\/GJ_2019_02_dreissigacker.pdf\" target=\"_blank\" rel=\"noopener noreferrer\">Mehr Infos im Artikel des Gourmet Classic Journal Ausgabe Februar 2019 (pdf)<\/a><\/p>\n<hr \/>\n<h5>Weingut Pfannebecker in Pfeddersheim<\/h5>\n<p><a href=\"https:\/\/www.gourmetclassic.de\/newsletter\/pfannebecker_800.jpg\" rel=\"journal\"><img decoding=\"async\" class=\"alignleft\" style=\"margin-top: 8px; margin-bottom: 0px;\" title=\"Weingut Pfannebecker in Pfeddersheim\" src=\"https:\/\/www.gourmetclassic.de\/newsletter\/pfannebecker_250.jpg\" alt=\"Weingut Pfannebecker in Pfeddersheim\" width=\"250\" \/><\/a><strong>Familie:<\/strong> Die Pfannebeckers betreiben seit Jahrhunderten im s\u00fcdlichen Rheinhessen Weinbau. Das Weingut hat sich mit eleganten trockenen Weinen aus Riesling sowie wei\u00dfen und roten Burgundersorten einen Namen gemacht. Hinzu kommen Spezialit\u00e4ten wie Goldmuskateller, Sauvignon Blanc, Cabernet Sauvignon und Syrah. Seit dem Jahrgang 2003 verantwortet Max Pfannebecker den Ausbau und die Stilistik der Weine.<br \/>\nUnd nach seiner Ausbildung zum Weinbautechniker in Bad Kreuznach \u00fcbernahm er 2006 die Verantwortung im Familienbetrieb. Seine Frau Susanne steht ihm seit 2004 zur Seite \u2013 sie sind die neue Generation &#8230;<\/p>\n<p><a href=\"https:\/\/www.gourmetclassic.de\/gourmet\/gourmet_post\/pdf\/GJ_2017_05_weingut_pfannebecker.pdf\" target=\"_blank\" rel=\"noopener noreferrer\">Mehr Infos im Artikel des Gourmet Classic Journal Ausgabe Mai 2017 (pdf)<\/a><\/p>\n<hr \/>\n<h5>Weingut Gustavshof in Gau-Heppenheim<\/h5>\n<p><img decoding=\"async\" class=\"alignleft\" style=\"margin-top: 8px; margin-bottom: 0px;\" title=\"Weingut Gustavshof in Gau-Heppenheim\" src=\"https:\/\/www.gourmetclassic.de\/newsletter\/gustavshof_250.jpg\" alt=\"Weingut Gustavshof in Gau-Heppenheim\" width=\"250\" \/><strong>Bioweine vom Gustavshof:<\/strong>\u00a0Familienunternehmen mit au\u00dfergew\u00f6hnlicher Tradition und individuellen, unverwechselbaren Weinen setzt auf \u00f6kologischen Weinbau. Im Oktober 2010 sorgte der Gustavshof f\u00fcr betr\u00e4chtliche Aufmerksamkeit. Im Beisein von Wirtschaftsminister Hering und der rheinhessischen Weink\u00f6nigin Annika Strebel wurde die neueste Erfindung erstmals der \u00d6ffentlichkeit vorgestellt: der alkoholfreie Holunder Secco \u2013 eine Weltneuheit! Dieser Secco ist die alkoholfreie Variante des seit 2006 etablierten Holunder Secco. Er ist wie sein gro\u00dfer Bruder einzigartig in Beschaffenheit, Geschmack und Genussgef\u00fchl. Er prickelt so intensiv und fein wie ein hochwertiger Sekt und duftet nach Holunderbl\u00fcten. Seinen langanhaltenden Geschmack und seinen fruchtig trockenen Akzent erg\u00e4nzt seine ansprechende Ros\u00e9farbe &#8230;<\/p>\n<p><a href=\"https:\/\/www.gourmetclassic.de\/gourmet\/gourmet_post\/pdf\/GJ_2011_02_gustavshof.pdf\" target=\"_blank\" rel=\"noopener noreferrer\">Mehr Infos im Artikel des Gourmet Classic Journal Ausgabe Februar 2011 (pdf)<\/a><\/p>\n","protected":false},"excerpt":{"rendered":"<p>Unsere Winzerportr\u00e4ts aus dem Weinanbaugebiet Rheinhessen In unserem Gourmet Classic Journal stellen wir in loser Folge Weing\u00fcter und Sektkellereien aus<\/p>\n","protected":false},"author":1,"featured_media":0,"parent":3269,"menu_order":0,"comment_status":"closed","ping_status":"closed","template":"","meta":{"footnotes":""},"class_list":["post-3302","page","type-page","status-publish","hentry"],"yoast_head":"<!-- This site is optimized with the Yoast SEO plugin v25.6 - https:\/\/yoast.com\/wordpress\/plugins\/seo\/ -->\n<title>Weinanbaugebiet Rheinhessen - Gourmet Classic<\/title>\n<meta name=\"robots\" content=\"index, follow, max-snippet:-1, max-image-preview:large, max-video-preview:-1\" \/>\n<link rel=\"canonical\" href=\"https:\/\/www.gourmetclassic.de\/home\/winzer\/winzer-deutschland\/weinanbaugebiet-rheinhessen\/\" \/>\n<meta property=\"og:locale\" content=\"de_DE\" \/>\n<meta property=\"og:type\" content=\"article\" \/>\n<meta property=\"og:title\" content=\"Weinanbaugebiet Rheinhessen - Gourmet Classic\" \/>\n<meta property=\"og:description\" content=\"Unsere Winzerportr\u00e4ts aus dem Weinanbaugebiet Rheinhessen In unserem Gourmet Classic Journal stellen wir in loser Folge Weing\u00fcter und Sektkellereien aus\" \/>\n<meta property=\"og:url\" content=\"https:\/\/www.gourmetclassic.de\/home\/winzer\/winzer-deutschland\/weinanbaugebiet-rheinhessen\/\" \/>\n<meta property=\"og:site_name\" content=\"Gourmet Classic\" \/>\n<meta property=\"article:modified_time\" content=\"2023-02-24T12:09:39+00:00\" \/>\n<meta property=\"og:image\" content=\"https:\/\/www.gourmetclassic.de\/newsletter\/hinkel_250.jpg\" \/>\n<meta name=\"twitter:card\" content=\"summary_large_image\" \/>\n<meta name=\"twitter:label1\" content=\"Gesch\u00e4tzte Lesezeit\" \/>\n\t<meta name=\"twitter:data1\" content=\"7\u00a0Minuten\" \/>\n<script type=\"application\/ld+json\" class=\"yoast-schema-graph\">{\"@context\":\"https:\/\/schema.org\",\"@graph\":[{\"@type\":\"WebPage\",\"@id\":\"https:\/\/www.gourmetclassic.de\/home\/winzer\/winzer-deutschland\/weinanbaugebiet-rheinhessen\/\",\"url\":\"https:\/\/www.gourmetclassic.de\/home\/winzer\/winzer-deutschland\/weinanbaugebiet-rheinhessen\/\",\"name\":\"Weinanbaugebiet Rheinhessen - Gourmet Classic\",\"isPartOf\":{\"@id\":\"https:\/\/www.gourmetclassic.de\/home\/#website\"},\"primaryImageOfPage\":{\"@id\":\"https:\/\/www.gourmetclassic.de\/home\/winzer\/winzer-deutschland\/weinanbaugebiet-rheinhessen\/#primaryimage\"},\"image\":{\"@id\":\"https:\/\/www.gourmetclassic.de\/home\/winzer\/winzer-deutschland\/weinanbaugebiet-rheinhessen\/#primaryimage\"},\"thumbnailUrl\":\"https:\/\/www.gourmetclassic.de\/newsletter\/hinkel_250.jpg\",\"datePublished\":\"2021-05-31T14:23:51+00:00\",\"dateModified\":\"2023-02-24T12:09:39+00:00\",\"breadcrumb\":{\"@id\":\"https:\/\/www.gourmetclassic.de\/home\/winzer\/winzer-deutschland\/weinanbaugebiet-rheinhessen\/#breadcrumb\"},\"inLanguage\":\"de\",\"potentialAction\":[{\"@type\":\"ReadAction\",\"target\":[\"https:\/\/www.gourmetclassic.de\/home\/winzer\/winzer-deutschland\/weinanbaugebiet-rheinhessen\/\"]}]},{\"@type\":\"ImageObject\",\"inLanguage\":\"de\",\"@id\":\"https:\/\/www.gourmetclassic.de\/home\/winzer\/winzer-deutschland\/weinanbaugebiet-rheinhessen\/#primaryimage\",\"url\":\"https:\/\/www.gourmetclassic.de\/newsletter\/hinkel_250.jpg\",\"contentUrl\":\"https:\/\/www.gourmetclassic.de\/newsletter\/hinkel_250.jpg\"},{\"@type\":\"BreadcrumbList\",\"@id\":\"https:\/\/www.gourmetclassic.de\/home\/winzer\/winzer-deutschland\/weinanbaugebiet-rheinhessen\/#breadcrumb\",\"itemListElement\":[{\"@type\":\"ListItem\",\"position\":1,\"name\":\"Startseite\",\"item\":\"https:\/\/www.gourmetclassic.de\/home\/\"},{\"@type\":\"ListItem\",\"position\":2,\"name\":\"Winzer\",\"item\":\"https:\/\/www.gourmetclassic.de\/home\/winzer\/\"},{\"@type\":\"ListItem\",\"position\":3,\"name\":\"Wir stellen vor &#8211; Winzer aus Deutschland\",\"item\":\"https:\/\/www.gourmetclassic.de\/home\/winzer\/winzer-deutschland\/\"},{\"@type\":\"ListItem\",\"position\":4,\"name\":\"Weinanbaugebiet Rheinhessen\"}]},{\"@type\":\"WebSite\",\"@id\":\"https:\/\/www.gourmetclassic.de\/home\/#website\",\"url\":\"https:\/\/www.gourmetclassic.de\/home\/\",\"name\":\"Gourmet Classic\",\"description\":\"Portal der gehobenen Gastlichkeit\",\"publisher\":{\"@id\":\"https:\/\/www.gourmetclassic.de\/home\/#organization\"},\"potentialAction\":[{\"@type\":\"SearchAction\",\"target\":{\"@type\":\"EntryPoint\",\"urlTemplate\":\"https:\/\/www.gourmetclassic.de\/home\/?s={search_term_string}\"},\"query-input\":{\"@type\":\"PropertyValueSpecification\",\"valueRequired\":true,\"valueName\":\"search_term_string\"}}],\"inLanguage\":\"de\"},{\"@type\":\"Organization\",\"@id\":\"https:\/\/www.gourmetclassic.de\/home\/#organization\",\"name\":\"Gourmet Classic\",\"url\":\"https:\/\/www.gourmetclassic.de\/home\/\",\"logo\":{\"@type\":\"ImageObject\",\"inLanguage\":\"de\",\"@id\":\"https:\/\/www.gourmetclassic.de\/home\/#\/schema\/logo\/image\/\",\"url\":\"https:\/\/www.gourmetclassic.de\/wp-content\/uploads\/2019\/04\/gourmet-classic-logo.jpg\",\"contentUrl\":\"https:\/\/www.gourmetclassic.de\/wp-content\/uploads\/2019\/04\/gourmet-classic-logo.jpg\",\"width\":253,\"height\":123,\"caption\":\"Gourmet Classic\"},\"image\":{\"@id\":\"https:\/\/www.gourmetclassic.de\/home\/#\/schema\/logo\/image\/\"}}]}<\/script>\n<!-- \/ Yoast SEO plugin. -->","yoast_head_json":{"title":"Weinanbaugebiet Rheinhessen - Gourmet Classic","robots":{"index":"index","follow":"follow","max-snippet":"max-snippet:-1","max-image-preview":"max-image-preview:large","max-video-preview":"max-video-preview:-1"},"canonical":"https:\/\/www.gourmetclassic.de\/home\/winzer\/winzer-deutschland\/weinanbaugebiet-rheinhessen\/","og_locale":"de_DE","og_type":"article","og_title":"Weinanbaugebiet Rheinhessen - Gourmet Classic","og_description":"Unsere Winzerportr\u00e4ts aus dem Weinanbaugebiet Rheinhessen In unserem Gourmet Classic Journal stellen wir in loser Folge Weing\u00fcter und Sektkellereien aus","og_url":"https:\/\/www.gourmetclassic.de\/home\/winzer\/winzer-deutschland\/weinanbaugebiet-rheinhessen\/","og_site_name":"Gourmet Classic","article_modified_time":"2023-02-24T12:09:39+00:00","og_image":[{"url":"https:\/\/www.gourmetclassic.de\/newsletter\/hinkel_250.jpg","type":"","width":"","height":""}],"twitter_card":"summary_large_image","twitter_misc":{"Gesch\u00e4tzte Lesezeit":"7\u00a0Minuten"},"schema":{"@context":"https:\/\/schema.org","@graph":[{"@type":"WebPage","@id":"https:\/\/www.gourmetclassic.de\/home\/winzer\/winzer-deutschland\/weinanbaugebiet-rheinhessen\/","url":"https:\/\/www.gourmetclassic.de\/home\/winzer\/winzer-deutschland\/weinanbaugebiet-rheinhessen\/","name":"Weinanbaugebiet Rheinhessen - Gourmet Classic","isPartOf":{"@id":"https:\/\/www.gourmetclassic.de\/home\/#website"},"primaryImageOfPage":{"@id":"https:\/\/www.gourmetclassic.de\/home\/winzer\/winzer-deutschland\/weinanbaugebiet-rheinhessen\/#primaryimage"},"image":{"@id":"https:\/\/www.gourmetclassic.de\/home\/winzer\/winzer-deutschland\/weinanbaugebiet-rheinhessen\/#primaryimage"},"thumbnailUrl":"https:\/\/www.gourmetclassic.de\/newsletter\/hinkel_250.jpg","datePublished":"2021-05-31T14:23:51+00:00","dateModified":"2023-02-24T12:09:39+00:00","breadcrumb":{"@id":"https:\/\/www.gourmetclassic.de\/home\/winzer\/winzer-deutschland\/weinanbaugebiet-rheinhessen\/#breadcrumb"},"inLanguage":"de","potentialAction":[{"@type":"ReadAction","target":["https:\/\/www.gourmetclassic.de\/home\/winzer\/winzer-deutschland\/weinanbaugebiet-rheinhessen\/"]}]},{"@type":"ImageObject","inLanguage":"de","@id":"https:\/\/www.gourmetclassic.de\/home\/winzer\/winzer-deutschland\/weinanbaugebiet-rheinhessen\/#primaryimage","url":"https:\/\/www.gourmetclassic.de\/newsletter\/hinkel_250.jpg","contentUrl":"https:\/\/www.gourmetclassic.de\/newsletter\/hinkel_250.jpg"},{"@type":"BreadcrumbList","@id":"https:\/\/www.gourmetclassic.de\/home\/winzer\/winzer-deutschland\/weinanbaugebiet-rheinhessen\/#breadcrumb","itemListElement":[{"@type":"ListItem","position":1,"name":"Startseite","item":"https:\/\/www.gourmetclassic.de\/home\/"},{"@type":"ListItem","position":2,"name":"Winzer","item":"https:\/\/www.gourmetclassic.de\/home\/winzer\/"},{"@type":"ListItem","position":3,"name":"Wir stellen vor &#8211; Winzer aus Deutschland","item":"https:\/\/www.gourmetclassic.de\/home\/winzer\/winzer-deutschland\/"},{"@type":"ListItem","position":4,"name":"Weinanbaugebiet Rheinhessen"}]},{"@type":"WebSite","@id":"https:\/\/www.gourmetclassic.de\/home\/#website","url":"https:\/\/www.gourmetclassic.de\/home\/","name":"Gourmet Classic","description":"Portal der gehobenen Gastlichkeit","publisher":{"@id":"https:\/\/www.gourmetclassic.de\/home\/#organization"},"potentialAction":[{"@type":"SearchAction","target":{"@type":"EntryPoint","urlTemplate":"https:\/\/www.gourmetclassic.de\/home\/?s={search_term_string}"},"query-input":{"@type":"PropertyValueSpecification","valueRequired":true,"valueName":"search_term_string"}}],"inLanguage":"de"},{"@type":"Organization","@id":"https:\/\/www.gourmetclassic.de\/home\/#organization","name":"Gourmet Classic","url":"https:\/\/www.gourmetclassic.de\/home\/","logo":{"@type":"ImageObject","inLanguage":"de","@id":"https:\/\/www.gourmetclassic.de\/home\/#\/schema\/logo\/image\/","url":"https:\/\/www.gourmetclassic.de\/wp-content\/uploads\/2019\/04\/gourmet-classic-logo.jpg","contentUrl":"https:\/\/www.gourmetclassic.de\/wp-content\/uploads\/2019\/04\/gourmet-classic-logo.jpg","width":253,"height":123,"caption":"Gourmet Classic"},"image":{"@id":"https:\/\/www.gourmetclassic.de\/home\/#\/schema\/logo\/image\/"}}]}},"_links":{"self":[{"href":"https:\/\/www.gourmetclassic.de\/home\/wp-json\/wp\/v2\/pages\/3302"}],"collection":[{"href":"https:\/\/www.gourmetclassic.de\/home\/wp-json\/wp\/v2\/pages"}],"about":[{"href":"https:\/\/www.gourmetclassic.de\/home\/wp-json\/wp\/v2\/types\/page"}],"author":[{"embeddable":true,"href":"https:\/\/www.gourmetclassic.de\/home\/wp-json\/wp\/v2\/users\/1"}],"replies":[{"embeddable":true,"href":"https:\/\/www.gourmetclassic.de\/home\/wp-json\/wp\/v2\/comments?post=3302"}],"version-history":[{"count":15,"href":"https:\/\/www.gourmetclassic.de\/home\/wp-json\/wp\/v2\/pages\/3302\/revisions"}],"predecessor-version":[{"id":4088,"href":"https:\/\/www.gourmetclassic.de\/home\/wp-json\/wp\/v2\/pages\/3302\/revisions\/4088"}],"up":[{"embeddable":true,"href":"https:\/\/www.gourmetclassic.de\/home\/wp-json\/wp\/v2\/pages\/3269"}],"wp:attachment":[{"href":"https:\/\/www.gourmetclassic.de\/home\/wp-json\/wp\/v2\/media?parent=3302"}],"curies":[{"name":"wp","href":"https:\/\/api.w.org\/{rel}","templated":true}]}}