{"id":3361,"date":"2021-06-01T16:07:17","date_gmt":"2021-06-01T14:07:17","guid":{"rendered":"https:\/\/www.gourmetclassic.de\/home\/?page_id=3361"},"modified":"2021-06-01T16:07:17","modified_gmt":"2021-06-01T14:07:17","slug":"weinanbaugebiet-saale-unstrut","status":"publish","type":"page","link":"https:\/\/www.gourmetclassic.de\/home\/winzer\/winzer-deutschland\/weinanbaugebiet-saale-unstrut\/","title":{"rendered":"Weinanbaugebiet Saale-Unstrut"},"content":{"rendered":"<h6>Unsere Winzerportr\u00e4ts aus dem Weinanbaugebiet Saale-Unstrut<\/h6>\n<p>In unserem Gourmet Classic Journal stellen wir in loser Folge Weing\u00fcter und Sektkellereien aus allen deutschen Anbaugebieten vor. Hier pr\u00e4sentieren wir die Portr\u00e4ts der letzten Jahre aus dem Weinanbaugebiet Saale-Unstrut<\/p>\n<ul>\n<li>Weingut L\u00fctzkendorf, Bad K\u00f6sen<\/li>\n<\/ul>\n<hr \/>\n<h5>Weingut L\u00fctzkendorf<\/h5>\n<p><a href=\"https:\/\/www.gourmetclassic.de\/newsletter\/luetzkendorf_800.jpg\" rel=\"journal\"><img decoding=\"async\" class=\"alignleft\" style=\"margin-top: 8px; margin-bottom: 0px;\" title=\"Weingut L\u00fctzkendorf\" src=\"https:\/\/www.gourmetclassic.de\/newsletter\/luetzkendorf_250.jpg\" alt=\"Weingut L\u00fctzkendorf\" width=\"250\" \/><\/a><strong>Zwischen Traditionen und Visionen:<\/strong>\u00a0\u201cWie der Winzer so der Wein\u201d, sagt man. Wenn es diese Redensart nicht l\u00e4ngst schon g\u00e4be \u2013 man m\u00fcsste sie f\u00fcr Uwe L\u00fctzkendorf erfinden. Seine Weine sind authentisch und vielschichtig. Sie haben Seele. Und sie haben Charakter. Das Familienweingut L\u00fctzkendorf erzeugt seit Jahrzehnten ausgezeichnete und pr\u00e4mierte Qualit\u00e4tsweine von unverwechselbarem Geschmack. Rebsorten wie Riesling, Wei\u00dfburgunder und Silvaner, Roter Traminer und Gutedel werden auf den Weinbergen der L\u00fctzkendorfs schonend und nachhaltig kultiviert. Uwe L\u00fctzkendorf, heute passionierter Winzer, damals nach der Wende frisch diplomierter Ingenieur f\u00fcr G\u00e4rungs- und Getr\u00e4nketechnologie, setzte alles daran, die einstige Familientradition wieder aufleben zu lassen &#8230;<\/p>\n<p><a href=\"https:\/\/www.gourmetclassic.de\/gourmet\/gourmet_post\/pdf\/GJ_2017_07_weingut_luetzkendorf.pdf\" target=\"_blank\" rel=\"noopener noreferrer\">Mehr Infos im Artikel des Gourmet Classic Journal Ausgabe Juli 2017 (pdf)<\/a><\/p>\n","protected":false},"excerpt":{"rendered":"<p>Unsere Winzerportr\u00e4ts aus dem Weinanbaugebiet Saale-Unstrut In unserem Gourmet Classic Journal stellen wir in loser Folge Weing\u00fcter und Sektkellereien aus<\/p>\n","protected":false},"author":1,"featured_media":0,"parent":3269,"menu_order":0,"comment_status":"closed","ping_status":"closed","template":"","meta":{"footnotes":""},"class_list":["post-3361","page","type-page","status-publish","hentry"],"yoast_head":"<!-- This site is optimized with the Yoast SEO plugin v25.6 - https:\/\/yoast.com\/wordpress\/plugins\/seo\/ -->\n<title>Weinanbaugebiet Saale-Unstrut - Gourmet Classic<\/title>\n<meta name=\"robots\" content=\"index, follow, max-snippet:-1, max-image-preview:large, max-video-preview:-1\" \/>\n<link rel=\"canonical\" href=\"https:\/\/www.gourmetclassic.de\/home\/winzer\/winzer-deutschland\/weinanbaugebiet-saale-unstrut\/\" \/>\n<meta property=\"og:locale\" content=\"de_DE\" \/>\n<meta property=\"og:type\" content=\"article\" \/>\n<meta property=\"og:title\" content=\"Weinanbaugebiet Saale-Unstrut - Gourmet Classic\" \/>\n<meta property=\"og:description\" content=\"Unsere Winzerportr\u00e4ts aus dem Weinanbaugebiet Saale-Unstrut In unserem Gourmet Classic Journal stellen wir in loser Folge Weing\u00fcter und Sektkellereien aus\" \/>\n<meta property=\"og:url\" content=\"https:\/\/www.gourmetclassic.de\/home\/winzer\/winzer-deutschland\/weinanbaugebiet-saale-unstrut\/\" \/>\n<meta property=\"og:site_name\" content=\"Gourmet Classic\" \/>\n<meta property=\"og:image\" content=\"https:\/\/www.gourmetclassic.de\/newsletter\/luetzkendorf_250.jpg\" \/>\n<meta name=\"twitter:card\" content=\"summary_large_image\" \/>\n<meta name=\"twitter:label1\" content=\"Gesch\u00e4tzte Lesezeit\" \/>\n\t<meta name=\"twitter:data1\" content=\"1\u00a0Minute\" \/>\n<script type=\"application\/ld+json\" class=\"yoast-schema-graph\">{\"@context\":\"https:\/\/schema.org\",\"@graph\":[{\"@type\":\"WebPage\",\"@id\":\"https:\/\/www.gourmetclassic.de\/home\/winzer\/winzer-deutschland\/weinanbaugebiet-saale-unstrut\/\",\"url\":\"https:\/\/www.gourmetclassic.de\/home\/winzer\/winzer-deutschland\/weinanbaugebiet-saale-unstrut\/\",\"name\":\"Weinanbaugebiet Saale-Unstrut - Gourmet Classic\",\"isPartOf\":{\"@id\":\"https:\/\/www.gourmetclassic.de\/home\/#website\"},\"primaryImageOfPage\":{\"@id\":\"https:\/\/www.gourmetclassic.de\/home\/winzer\/winzer-deutschland\/weinanbaugebiet-saale-unstrut\/#primaryimage\"},\"image\":{\"@id\":\"https:\/\/www.gourmetclassic.de\/home\/winzer\/winzer-deutschland\/weinanbaugebiet-saale-unstrut\/#primaryimage\"},\"thumbnailUrl\":\"https:\/\/www.gourmetclassic.de\/newsletter\/luetzkendorf_250.jpg\",\"datePublished\":\"2021-06-01T14:07:17+00:00\",\"breadcrumb\":{\"@id\":\"https:\/\/www.gourmetclassic.de\/home\/winzer\/winzer-deutschland\/weinanbaugebiet-saale-unstrut\/#breadcrumb\"},\"inLanguage\":\"de\",\"potentialAction\":[{\"@type\":\"ReadAction\",\"target\":[\"https:\/\/www.gourmetclassic.de\/home\/winzer\/winzer-deutschland\/weinanbaugebiet-saale-unstrut\/\"]}]},{\"@type\":\"ImageObject\",\"inLanguage\":\"de\",\"@id\":\"https:\/\/www.gourmetclassic.de\/home\/winzer\/winzer-deutschland\/weinanbaugebiet-saale-unstrut\/#primaryimage\",\"url\":\"https:\/\/www.gourmetclassic.de\/newsletter\/luetzkendorf_250.jpg\",\"contentUrl\":\"https:\/\/www.gourmetclassic.de\/newsletter\/luetzkendorf_250.jpg\"},{\"@type\":\"BreadcrumbList\",\"@id\":\"https:\/\/www.gourmetclassic.de\/home\/winzer\/winzer-deutschland\/weinanbaugebiet-saale-unstrut\/#breadcrumb\",\"itemListElement\":[{\"@type\":\"ListItem\",\"position\":1,\"name\":\"Startseite\",\"item\":\"https:\/\/www.gourmetclassic.de\/home\/\"},{\"@type\":\"ListItem\",\"position\":2,\"name\":\"Winzer\",\"item\":\"https:\/\/www.gourmetclassic.de\/home\/winzer\/\"},{\"@type\":\"ListItem\",\"position\":3,\"name\":\"Wir stellen vor &#8211; Winzer aus Deutschland\",\"item\":\"https:\/\/www.gourmetclassic.de\/home\/winzer\/winzer-deutschland\/\"},{\"@type\":\"ListItem\",\"position\":4,\"name\":\"Weinanbaugebiet Saale-Unstrut\"}]},{\"@type\":\"WebSite\",\"@id\":\"https:\/\/www.gourmetclassic.de\/home\/#website\",\"url\":\"https:\/\/www.gourmetclassic.de\/home\/\",\"name\":\"Gourmet Classic\",\"description\":\"Portal der gehobenen Gastlichkeit\",\"publisher\":{\"@id\":\"https:\/\/www.gourmetclassic.de\/home\/#organization\"},\"potentialAction\":[{\"@type\":\"SearchAction\",\"target\":{\"@type\":\"EntryPoint\",\"urlTemplate\":\"https:\/\/www.gourmetclassic.de\/home\/?s={search_term_string}\"},\"query-input\":{\"@type\":\"PropertyValueSpecification\",\"valueRequired\":true,\"valueName\":\"search_term_string\"}}],\"inLanguage\":\"de\"},{\"@type\":\"Organization\",\"@id\":\"https:\/\/www.gourmetclassic.de\/home\/#organization\",\"name\":\"Gourmet Classic\",\"url\":\"https:\/\/www.gourmetclassic.de\/home\/\",\"logo\":{\"@type\":\"ImageObject\",\"inLanguage\":\"de\",\"@id\":\"https:\/\/www.gourmetclassic.de\/home\/#\/schema\/logo\/image\/\",\"url\":\"https:\/\/www.gourmetclassic.de\/wp-content\/uploads\/2019\/04\/gourmet-classic-logo.jpg\",\"contentUrl\":\"https:\/\/www.gourmetclassic.de\/wp-content\/uploads\/2019\/04\/gourmet-classic-logo.jpg\",\"width\":253,\"height\":123,\"caption\":\"Gourmet Classic\"},\"image\":{\"@id\":\"https:\/\/www.gourmetclassic.de\/home\/#\/schema\/logo\/image\/\"}}]}<\/script>\n<!-- \/ Yoast SEO plugin. -->","yoast_head_json":{"title":"Weinanbaugebiet Saale-Unstrut - Gourmet Classic","robots":{"index":"index","follow":"follow","max-snippet":"max-snippet:-1","max-image-preview":"max-image-preview:large","max-video-preview":"max-video-preview:-1"},"canonical":"https:\/\/www.gourmetclassic.de\/home\/winzer\/winzer-deutschland\/weinanbaugebiet-saale-unstrut\/","og_locale":"de_DE","og_type":"article","og_title":"Weinanbaugebiet Saale-Unstrut - Gourmet Classic","og_description":"Unsere Winzerportr\u00e4ts aus dem Weinanbaugebiet Saale-Unstrut In unserem Gourmet Classic Journal stellen wir in loser Folge Weing\u00fcter und Sektkellereien aus","og_url":"https:\/\/www.gourmetclassic.de\/home\/winzer\/winzer-deutschland\/weinanbaugebiet-saale-unstrut\/","og_site_name":"Gourmet Classic","og_image":[{"url":"https:\/\/www.gourmetclassic.de\/newsletter\/luetzkendorf_250.jpg","type":"","width":"","height":""}],"twitter_card":"summary_large_image","twitter_misc":{"Gesch\u00e4tzte Lesezeit":"1\u00a0Minute"},"schema":{"@context":"https:\/\/schema.org","@graph":[{"@type":"WebPage","@id":"https:\/\/www.gourmetclassic.de\/home\/winzer\/winzer-deutschland\/weinanbaugebiet-saale-unstrut\/","url":"https:\/\/www.gourmetclassic.de\/home\/winzer\/winzer-deutschland\/weinanbaugebiet-saale-unstrut\/","name":"Weinanbaugebiet Saale-Unstrut - Gourmet Classic","isPartOf":{"@id":"https:\/\/www.gourmetclassic.de\/home\/#website"},"primaryImageOfPage":{"@id":"https:\/\/www.gourmetclassic.de\/home\/winzer\/winzer-deutschland\/weinanbaugebiet-saale-unstrut\/#primaryimage"},"image":{"@id":"https:\/\/www.gourmetclassic.de\/home\/winzer\/winzer-deutschland\/weinanbaugebiet-saale-unstrut\/#primaryimage"},"thumbnailUrl":"https:\/\/www.gourmetclassic.de\/newsletter\/luetzkendorf_250.jpg","datePublished":"2021-06-01T14:07:17+00:00","breadcrumb":{"@id":"https:\/\/www.gourmetclassic.de\/home\/winzer\/winzer-deutschland\/weinanbaugebiet-saale-unstrut\/#breadcrumb"},"inLanguage":"de","potentialAction":[{"@type":"ReadAction","target":["https:\/\/www.gourmetclassic.de\/home\/winzer\/winzer-deutschland\/weinanbaugebiet-saale-unstrut\/"]}]},{"@type":"ImageObject","inLanguage":"de","@id":"https:\/\/www.gourmetclassic.de\/home\/winzer\/winzer-deutschland\/weinanbaugebiet-saale-unstrut\/#primaryimage","url":"https:\/\/www.gourmetclassic.de\/newsletter\/luetzkendorf_250.jpg","contentUrl":"https:\/\/www.gourmetclassic.de\/newsletter\/luetzkendorf_250.jpg"},{"@type":"BreadcrumbList","@id":"https:\/\/www.gourmetclassic.de\/home\/winzer\/winzer-deutschland\/weinanbaugebiet-saale-unstrut\/#breadcrumb","itemListElement":[{"@type":"ListItem","position":1,"name":"Startseite","item":"https:\/\/www.gourmetclassic.de\/home\/"},{"@type":"ListItem","position":2,"name":"Winzer","item":"https:\/\/www.gourmetclassic.de\/home\/winzer\/"},{"@type":"ListItem","position":3,"name":"Wir stellen vor &#8211; Winzer aus Deutschland","item":"https:\/\/www.gourmetclassic.de\/home\/winzer\/winzer-deutschland\/"},{"@type":"ListItem","position":4,"name":"Weinanbaugebiet Saale-Unstrut"}]},{"@type":"WebSite","@id":"https:\/\/www.gourmetclassic.de\/home\/#website","url":"https:\/\/www.gourmetclassic.de\/home\/","name":"Gourmet Classic","description":"Portal der gehobenen Gastlichkeit","publisher":{"@id":"https:\/\/www.gourmetclassic.de\/home\/#organization"},"potentialAction":[{"@type":"SearchAction","target":{"@type":"EntryPoint","urlTemplate":"https:\/\/www.gourmetclassic.de\/home\/?s={search_term_string}"},"query-input":{"@type":"PropertyValueSpecification","valueRequired":true,"valueName":"search_term_string"}}],"inLanguage":"de"},{"@type":"Organization","@id":"https:\/\/www.gourmetclassic.de\/home\/#organization","name":"Gourmet Classic","url":"https:\/\/www.gourmetclassic.de\/home\/","logo":{"@type":"ImageObject","inLanguage":"de","@id":"https:\/\/www.gourmetclassic.de\/home\/#\/schema\/logo\/image\/","url":"https:\/\/www.gourmetclassic.de\/wp-content\/uploads\/2019\/04\/gourmet-classic-logo.jpg","contentUrl":"https:\/\/www.gourmetclassic.de\/wp-content\/uploads\/2019\/04\/gourmet-classic-logo.jpg","width":253,"height":123,"caption":"Gourmet Classic"},"image":{"@id":"https:\/\/www.gourmetclassic.de\/home\/#\/schema\/logo\/image\/"}}]}},"_links":{"self":[{"href":"https:\/\/www.gourmetclassic.de\/home\/wp-json\/wp\/v2\/pages\/3361"}],"collection":[{"href":"https:\/\/www.gourmetclassic.de\/home\/wp-json\/wp\/v2\/pages"}],"about":[{"href":"https:\/\/www.gourmetclassic.de\/home\/wp-json\/wp\/v2\/types\/page"}],"author":[{"embeddable":true,"href":"https:\/\/www.gourmetclassic.de\/home\/wp-json\/wp\/v2\/users\/1"}],"replies":[{"embeddable":true,"href":"https:\/\/www.gourmetclassic.de\/home\/wp-json\/wp\/v2\/comments?post=3361"}],"version-history":[{"count":2,"href":"https:\/\/www.gourmetclassic.de\/home\/wp-json\/wp\/v2\/pages\/3361\/revisions"}],"predecessor-version":[{"id":3699,"href":"https:\/\/www.gourmetclassic.de\/home\/wp-json\/wp\/v2\/pages\/3361\/revisions\/3699"}],"up":[{"embeddable":true,"href":"https:\/\/www.gourmetclassic.de\/home\/wp-json\/wp\/v2\/pages\/3269"}],"wp:attachment":[{"href":"https:\/\/www.gourmetclassic.de\/home\/wp-json\/wp\/v2\/media?parent=3361"}],"curies":[{"name":"wp","href":"https:\/\/api.w.org\/{rel}","templated":true}]}}