{"id":3392,"date":"2021-06-03T10:38:45","date_gmt":"2021-06-03T08:38:45","guid":{"rendered":"https:\/\/www.gourmetclassic.de\/home\/?page_id=3392"},"modified":"2021-06-03T10:40:48","modified_gmt":"2021-06-03T08:40:48","slug":"weinanbaugebiet-hessische-bergstrasse","status":"publish","type":"page","link":"https:\/\/www.gourmetclassic.de\/home\/winzer\/winzer-deutschland\/weinanbaugebiet-hessische-bergstrasse\/","title":{"rendered":"Weinanbaugebiet Hessische Bergstra\u00dfe"},"content":{"rendered":"<h6>Unsere Winzerportr\u00e4ts aus dem Weinanbaugebiet Hessische Bergstra\u00dfe<\/h6>\n<p>In unserem Gourmet Classic Journal stellen wir in loser Folge Weing\u00fcter und Sektkellereien aus allen deutschen Anbaugebieten vor. Hier pr\u00e4sentieren wir die Portr\u00e4ts der letzten Jahre aus dem Weinanbaugebiet Hessische Bergstra\u00dfe<\/p>\n<ul>\n<li>Weingut Kloster Eberbach<\/li>\n<\/ul>\n<hr \/>\n<h5>Weingut Kloster Eberbach<\/h5>\n<p><a href=\"https:\/\/www.gourmetclassic.de\/newsletter\/eberbach_800.jpg\" rel=\"journal\"><img decoding=\"async\" class=\"alignleft\" style=\"margin-top: 8px; margin-bottom: 0px;\" title=\"Weingut Kloster Eberbach\" src=\"https:\/\/www.gourmetclassic.de\/newsletter\/eberbach_250.jpg\" alt=\"Weingut Kloster Eberbach\" width=\"250\" \/><\/a><strong>Neun Jahrhunderte Weinkultur:<\/strong> Im Bewusstsein, dass die<br \/>\n\u201eGrundlage\u201c f\u00fcr h\u00f6chste Weinqualit\u00e4t im Weinberg liegt, haben<br \/>\ndie Zisterzienser, Nassauer und Preu\u00dfen beste Weinbergslagen<br \/>\nerworben, wodurch das Weingut \u00fcber einen beispiellos wertvollen<br \/>\nWeinbergsbesitz an der Hessischen Bergstra\u00dfe und im Rheingau<br \/>\nverf\u00fcgt. In den drei Weinkellern des Weingutes in Bensheim,<br \/>\nAssmannshausen und am Steinberg vor den Toren Eberbachs, entstehen Weine mit historischem Qualit\u00e4tsanspruch. Wie auch der in den 920er Jahren errichtete Pinot Noir-Keller in Assmannshausen wurde der 2008 er\u00f6ffnete Steinbergkeller mit einem dreist\u00f6ckigen Kelterhaus erbaut, das die schonendste Kelterung der wertvollen Trauben unter Ausnutzung der nat\u00fcrlichen Schwerkraft erm\u00f6glicht &#8230;<\/p>\n<p><a href=\"https:\/\/www.gourmetclassic.de\/gourmet\/gourmet_post\/pdf\/GJ_2011_06_eberbach.pdf\" target=\"_blank\" rel=\"noopener noreferrer\">Mehr Infos im Artikel des Gourmet Classic Journal Ausgabe Juni 2011 (pdf)<\/a><\/p>\n","protected":false},"excerpt":{"rendered":"<p>Unsere Winzerportr\u00e4ts aus dem Weinanbaugebiet Hessische Bergstra\u00dfe In unserem Gourmet Classic Journal stellen wir in loser Folge Weing\u00fcter und Sektkellereien<\/p>\n","protected":false},"author":1,"featured_media":0,"parent":3269,"menu_order":0,"comment_status":"closed","ping_status":"closed","template":"","meta":{"footnotes":""},"class_list":["post-3392","page","type-page","status-publish","hentry"],"yoast_head":"<!-- This site is optimized with the Yoast SEO plugin v25.6 - https:\/\/yoast.com\/wordpress\/plugins\/seo\/ -->\n<title>Weinanbaugebiet Hessische Bergstra\u00dfe - Gourmet Classic<\/title>\n<meta name=\"robots\" content=\"index, follow, max-snippet:-1, max-image-preview:large, max-video-preview:-1\" \/>\n<link rel=\"canonical\" href=\"https:\/\/www.gourmetclassic.de\/home\/winzer\/winzer-deutschland\/weinanbaugebiet-hessische-bergstrasse\/\" \/>\n<meta property=\"og:locale\" content=\"de_DE\" \/>\n<meta property=\"og:type\" content=\"article\" \/>\n<meta property=\"og:title\" content=\"Weinanbaugebiet Hessische Bergstra\u00dfe - Gourmet Classic\" \/>\n<meta property=\"og:description\" content=\"Unsere Winzerportr\u00e4ts aus dem Weinanbaugebiet Hessische Bergstra\u00dfe In unserem Gourmet Classic Journal stellen wir in loser Folge Weing\u00fcter und Sektkellereien\" \/>\n<meta property=\"og:url\" content=\"https:\/\/www.gourmetclassic.de\/home\/winzer\/winzer-deutschland\/weinanbaugebiet-hessische-bergstrasse\/\" \/>\n<meta property=\"og:site_name\" content=\"Gourmet Classic\" \/>\n<meta property=\"article:modified_time\" content=\"2021-06-03T08:40:48+00:00\" \/>\n<meta property=\"og:image\" content=\"https:\/\/www.gourmetclassic.de\/newsletter\/eberbach_250.jpg\" \/>\n<meta name=\"twitter:card\" content=\"summary_large_image\" \/>\n<meta name=\"twitter:label1\" content=\"Gesch\u00e4tzte Lesezeit\" \/>\n\t<meta name=\"twitter:data1\" content=\"1\u00a0Minute\" \/>\n<script type=\"application\/ld+json\" class=\"yoast-schema-graph\">{\"@context\":\"https:\/\/schema.org\",\"@graph\":[{\"@type\":\"WebPage\",\"@id\":\"https:\/\/www.gourmetclassic.de\/home\/winzer\/winzer-deutschland\/weinanbaugebiet-hessische-bergstrasse\/\",\"url\":\"https:\/\/www.gourmetclassic.de\/home\/winzer\/winzer-deutschland\/weinanbaugebiet-hessische-bergstrasse\/\",\"name\":\"Weinanbaugebiet Hessische Bergstra\u00dfe - Gourmet Classic\",\"isPartOf\":{\"@id\":\"https:\/\/www.gourmetclassic.de\/home\/#website\"},\"primaryImageOfPage\":{\"@id\":\"https:\/\/www.gourmetclassic.de\/home\/winzer\/winzer-deutschland\/weinanbaugebiet-hessische-bergstrasse\/#primaryimage\"},\"image\":{\"@id\":\"https:\/\/www.gourmetclassic.de\/home\/winzer\/winzer-deutschland\/weinanbaugebiet-hessische-bergstrasse\/#primaryimage\"},\"thumbnailUrl\":\"https:\/\/www.gourmetclassic.de\/newsletter\/eberbach_250.jpg\",\"datePublished\":\"2021-06-03T08:38:45+00:00\",\"dateModified\":\"2021-06-03T08:40:48+00:00\",\"breadcrumb\":{\"@id\":\"https:\/\/www.gourmetclassic.de\/home\/winzer\/winzer-deutschland\/weinanbaugebiet-hessische-bergstrasse\/#breadcrumb\"},\"inLanguage\":\"de\",\"potentialAction\":[{\"@type\":\"ReadAction\",\"target\":[\"https:\/\/www.gourmetclassic.de\/home\/winzer\/winzer-deutschland\/weinanbaugebiet-hessische-bergstrasse\/\"]}]},{\"@type\":\"ImageObject\",\"inLanguage\":\"de\",\"@id\":\"https:\/\/www.gourmetclassic.de\/home\/winzer\/winzer-deutschland\/weinanbaugebiet-hessische-bergstrasse\/#primaryimage\",\"url\":\"https:\/\/www.gourmetclassic.de\/newsletter\/eberbach_250.jpg\",\"contentUrl\":\"https:\/\/www.gourmetclassic.de\/newsletter\/eberbach_250.jpg\"},{\"@type\":\"BreadcrumbList\",\"@id\":\"https:\/\/www.gourmetclassic.de\/home\/winzer\/winzer-deutschland\/weinanbaugebiet-hessische-bergstrasse\/#breadcrumb\",\"itemListElement\":[{\"@type\":\"ListItem\",\"position\":1,\"name\":\"Startseite\",\"item\":\"https:\/\/www.gourmetclassic.de\/home\/\"},{\"@type\":\"ListItem\",\"position\":2,\"name\":\"Winzer\",\"item\":\"https:\/\/www.gourmetclassic.de\/home\/winzer\/\"},{\"@type\":\"ListItem\",\"position\":3,\"name\":\"Wir stellen vor &#8211; Winzer aus Deutschland\",\"item\":\"https:\/\/www.gourmetclassic.de\/home\/winzer\/winzer-deutschland\/\"},{\"@type\":\"ListItem\",\"position\":4,\"name\":\"Weinanbaugebiet Hessische Bergstra\u00dfe\"}]},{\"@type\":\"WebSite\",\"@id\":\"https:\/\/www.gourmetclassic.de\/home\/#website\",\"url\":\"https:\/\/www.gourmetclassic.de\/home\/\",\"name\":\"Gourmet Classic\",\"description\":\"Portal der gehobenen Gastlichkeit\",\"publisher\":{\"@id\":\"https:\/\/www.gourmetclassic.de\/home\/#organization\"},\"potentialAction\":[{\"@type\":\"SearchAction\",\"target\":{\"@type\":\"EntryPoint\",\"urlTemplate\":\"https:\/\/www.gourmetclassic.de\/home\/?s={search_term_string}\"},\"query-input\":{\"@type\":\"PropertyValueSpecification\",\"valueRequired\":true,\"valueName\":\"search_term_string\"}}],\"inLanguage\":\"de\"},{\"@type\":\"Organization\",\"@id\":\"https:\/\/www.gourmetclassic.de\/home\/#organization\",\"name\":\"Gourmet Classic\",\"url\":\"https:\/\/www.gourmetclassic.de\/home\/\",\"logo\":{\"@type\":\"ImageObject\",\"inLanguage\":\"de\",\"@id\":\"https:\/\/www.gourmetclassic.de\/home\/#\/schema\/logo\/image\/\",\"url\":\"https:\/\/www.gourmetclassic.de\/wp-content\/uploads\/2019\/04\/gourmet-classic-logo.jpg\",\"contentUrl\":\"https:\/\/www.gourmetclassic.de\/wp-content\/uploads\/2019\/04\/gourmet-classic-logo.jpg\",\"width\":253,\"height\":123,\"caption\":\"Gourmet Classic\"},\"image\":{\"@id\":\"https:\/\/www.gourmetclassic.de\/home\/#\/schema\/logo\/image\/\"}}]}<\/script>\n<!-- \/ Yoast SEO plugin. -->","yoast_head_json":{"title":"Weinanbaugebiet Hessische Bergstra\u00dfe - Gourmet Classic","robots":{"index":"index","follow":"follow","max-snippet":"max-snippet:-1","max-image-preview":"max-image-preview:large","max-video-preview":"max-video-preview:-1"},"canonical":"https:\/\/www.gourmetclassic.de\/home\/winzer\/winzer-deutschland\/weinanbaugebiet-hessische-bergstrasse\/","og_locale":"de_DE","og_type":"article","og_title":"Weinanbaugebiet Hessische Bergstra\u00dfe - Gourmet Classic","og_description":"Unsere Winzerportr\u00e4ts aus dem Weinanbaugebiet Hessische Bergstra\u00dfe In unserem Gourmet Classic Journal stellen wir in loser Folge Weing\u00fcter und Sektkellereien","og_url":"https:\/\/www.gourmetclassic.de\/home\/winzer\/winzer-deutschland\/weinanbaugebiet-hessische-bergstrasse\/","og_site_name":"Gourmet Classic","article_modified_time":"2021-06-03T08:40:48+00:00","og_image":[{"url":"https:\/\/www.gourmetclassic.de\/newsletter\/eberbach_250.jpg","type":"","width":"","height":""}],"twitter_card":"summary_large_image","twitter_misc":{"Gesch\u00e4tzte Lesezeit":"1\u00a0Minute"},"schema":{"@context":"https:\/\/schema.org","@graph":[{"@type":"WebPage","@id":"https:\/\/www.gourmetclassic.de\/home\/winzer\/winzer-deutschland\/weinanbaugebiet-hessische-bergstrasse\/","url":"https:\/\/www.gourmetclassic.de\/home\/winzer\/winzer-deutschland\/weinanbaugebiet-hessische-bergstrasse\/","name":"Weinanbaugebiet Hessische Bergstra\u00dfe - Gourmet Classic","isPartOf":{"@id":"https:\/\/www.gourmetclassic.de\/home\/#website"},"primaryImageOfPage":{"@id":"https:\/\/www.gourmetclassic.de\/home\/winzer\/winzer-deutschland\/weinanbaugebiet-hessische-bergstrasse\/#primaryimage"},"image":{"@id":"https:\/\/www.gourmetclassic.de\/home\/winzer\/winzer-deutschland\/weinanbaugebiet-hessische-bergstrasse\/#primaryimage"},"thumbnailUrl":"https:\/\/www.gourmetclassic.de\/newsletter\/eberbach_250.jpg","datePublished":"2021-06-03T08:38:45+00:00","dateModified":"2021-06-03T08:40:48+00:00","breadcrumb":{"@id":"https:\/\/www.gourmetclassic.de\/home\/winzer\/winzer-deutschland\/weinanbaugebiet-hessische-bergstrasse\/#breadcrumb"},"inLanguage":"de","potentialAction":[{"@type":"ReadAction","target":["https:\/\/www.gourmetclassic.de\/home\/winzer\/winzer-deutschland\/weinanbaugebiet-hessische-bergstrasse\/"]}]},{"@type":"ImageObject","inLanguage":"de","@id":"https:\/\/www.gourmetclassic.de\/home\/winzer\/winzer-deutschland\/weinanbaugebiet-hessische-bergstrasse\/#primaryimage","url":"https:\/\/www.gourmetclassic.de\/newsletter\/eberbach_250.jpg","contentUrl":"https:\/\/www.gourmetclassic.de\/newsletter\/eberbach_250.jpg"},{"@type":"BreadcrumbList","@id":"https:\/\/www.gourmetclassic.de\/home\/winzer\/winzer-deutschland\/weinanbaugebiet-hessische-bergstrasse\/#breadcrumb","itemListElement":[{"@type":"ListItem","position":1,"name":"Startseite","item":"https:\/\/www.gourmetclassic.de\/home\/"},{"@type":"ListItem","position":2,"name":"Winzer","item":"https:\/\/www.gourmetclassic.de\/home\/winzer\/"},{"@type":"ListItem","position":3,"name":"Wir stellen vor &#8211; Winzer aus Deutschland","item":"https:\/\/www.gourmetclassic.de\/home\/winzer\/winzer-deutschland\/"},{"@type":"ListItem","position":4,"name":"Weinanbaugebiet Hessische Bergstra\u00dfe"}]},{"@type":"WebSite","@id":"https:\/\/www.gourmetclassic.de\/home\/#website","url":"https:\/\/www.gourmetclassic.de\/home\/","name":"Gourmet Classic","description":"Portal der gehobenen Gastlichkeit","publisher":{"@id":"https:\/\/www.gourmetclassic.de\/home\/#organization"},"potentialAction":[{"@type":"SearchAction","target":{"@type":"EntryPoint","urlTemplate":"https:\/\/www.gourmetclassic.de\/home\/?s={search_term_string}"},"query-input":{"@type":"PropertyValueSpecification","valueRequired":true,"valueName":"search_term_string"}}],"inLanguage":"de"},{"@type":"Organization","@id":"https:\/\/www.gourmetclassic.de\/home\/#organization","name":"Gourmet Classic","url":"https:\/\/www.gourmetclassic.de\/home\/","logo":{"@type":"ImageObject","inLanguage":"de","@id":"https:\/\/www.gourmetclassic.de\/home\/#\/schema\/logo\/image\/","url":"https:\/\/www.gourmetclassic.de\/wp-content\/uploads\/2019\/04\/gourmet-classic-logo.jpg","contentUrl":"https:\/\/www.gourmetclassic.de\/wp-content\/uploads\/2019\/04\/gourmet-classic-logo.jpg","width":253,"height":123,"caption":"Gourmet Classic"},"image":{"@id":"https:\/\/www.gourmetclassic.de\/home\/#\/schema\/logo\/image\/"}}]}},"_links":{"self":[{"href":"https:\/\/www.gourmetclassic.de\/home\/wp-json\/wp\/v2\/pages\/3392"}],"collection":[{"href":"https:\/\/www.gourmetclassic.de\/home\/wp-json\/wp\/v2\/pages"}],"about":[{"href":"https:\/\/www.gourmetclassic.de\/home\/wp-json\/wp\/v2\/types\/page"}],"author":[{"embeddable":true,"href":"https:\/\/www.gourmetclassic.de\/home\/wp-json\/wp\/v2\/users\/1"}],"replies":[{"embeddable":true,"href":"https:\/\/www.gourmetclassic.de\/home\/wp-json\/wp\/v2\/comments?post=3392"}],"version-history":[{"count":2,"href":"https:\/\/www.gourmetclassic.de\/home\/wp-json\/wp\/v2\/pages\/3392\/revisions"}],"predecessor-version":[{"id":3395,"href":"https:\/\/www.gourmetclassic.de\/home\/wp-json\/wp\/v2\/pages\/3392\/revisions\/3395"}],"up":[{"embeddable":true,"href":"https:\/\/www.gourmetclassic.de\/home\/wp-json\/wp\/v2\/pages\/3269"}],"wp:attachment":[{"href":"https:\/\/www.gourmetclassic.de\/home\/wp-json\/wp\/v2\/media?parent=3392"}],"curies":[{"name":"wp","href":"https:\/\/api.w.org\/{rel}","templated":true}]}}