{"id":3405,"date":"2021-06-03T12:50:14","date_gmt":"2021-06-03T10:50:14","guid":{"rendered":"https:\/\/www.gourmetclassic.de\/home\/?page_id=3405"},"modified":"2025-08-05T12:12:40","modified_gmt":"2025-08-05T10:12:40","slug":"winzer-oesterreich","status":"publish","type":"page","link":"https:\/\/www.gourmetclassic.de\/home\/winzer\/winzer-oesterreich\/","title":{"rendered":"Wir stellen vor &#8211; Winzer aus \u00d6sterreich"},"content":{"rendered":"<h6>Winzerportr\u00e4ts \u00d6sterreich<\/h6>\n<p>In unserem <a href=\"https:\/\/www.gourmetclassic.de\/home\/gourmet-classic-journal\/\">Gourmet Classic Journal<\/a> stellen wir in loser Folge Weing\u00fcter und Sektkellereien aus allen \u00f6sterreichischen Anbaugebieten vor. Wir pr\u00e4sentieren hier die Portr\u00e4ts der letzten Jahre &#8211; zugeordnet den jeweiligen Anbaugebieten in \u00d6sterreich<\/p>\n<h6>Weinanbaugebiete und Weinregionen in \u00d6sterreich<\/h6>\n<ul>\n<li><strong>Weinbauregion Weinland (14 Anbaugebiete im Burgenland, Nieder\u00f6sterreich und Wien)<\/strong>\n<ul>\n<li><a href=\"https:\/\/www.gourmetclassic.de\/home\/winzer\/winzer-oesterreich\/weinanbaugebiet-eisenberg\/weinanbaugebiet-carnuntum\/\">Carnuntum<\/a><\/li>\n<li><a href=\"https:\/\/www.gourmetclassic.de\/home\/winzer\/winzer-oesterreich\/weinanbaugebiet-eisenberg\/\">Eisenberg<\/a><\/li>\n<li><a href=\"https:\/\/www.gourmetclassic.de\/home\/winzer\/winzer-oesterreich\/weinanbaugebiet-kamptal\/\">Kamptal<\/a><\/li>\n<li><a href=\"https:\/\/www.gourmetclassic.de\/home\/winzer\/winzer-oesterreich\/weinanbaugebiet-kremstal\/\">Kremstal<\/a><\/li>\n<li><a href=\"https:\/\/www.gourmetclassic.de\/home\/winzer\/winzer-oesterreich\/weinanbaugebiet-mittelburgenland\/\">Mittelburgenland<\/a><\/li>\n<li><a href=\"https:\/\/www.gourmetclassic.de\/home\/winzer\/winzer-oesterreich\/weinanbaugebiet-neusiedlersee\/\">Neusiedlersee<\/a><\/li>\n<li><a href=\"https:\/\/www.gourmetclassic.de\/home\/winzer\/winzer-oesterreich\/weinanbaugebiet-leithaberg\/\">Leithaberg<\/a><\/li>\n<li>Rosalia<\/li>\n<li><a href=\"https:\/\/www.gourmetclassic.de\/home\/winzer\/winzer-oesterreich\/weinanbaugebiet-thermenregion\/\">Thermenregion<\/a><\/li>\n<li>Traisental<\/li>\n<li>Wachau<\/li>\n<li>Wagram<\/li>\n<li><a href=\"https:\/\/www.gourmetclassic.de\/home\/winzer\/winzer-oesterreich\/weinanbaugebiet-weinviertel\/\">Weinviertel<\/a><\/li>\n<li><a href=\"https:\/\/www.gourmetclassic.de\/home\/winzer\/winzer-oesterreich\/weinanbaugebiet-wien\/\">Wien<\/a><\/li>\n<\/ul>\n<\/li>\n<li><strong>Weinbauregion Steirerland (3 Anbaugebiete in der Steiermark)<\/strong>\n<ul>\n<li><a href=\"https:\/\/www.gourmetclassic.de\/home\/winzer\/winzer-oesterreich\/vulkanland-steiermark\/\">Vulkanland Steiermark<\/a><\/li>\n<li><a href=\"https:\/\/www.gourmetclassic.de\/home\/winzer\/winzer-oesterreich\/weinanbaugebiet-suedsteiermark\/\">S\u00fcdsteiermark<\/a><\/li>\n<li>Weststeiermark<\/li>\n<\/ul>\n<\/li>\n<li><a href=\"https:\/\/www.gourmetclassic.de\/home\/winzer\/winzer-oesterreich\/weinanbaugebiet-bergland\/\"><strong>Weinbauregion Bergland<\/strong><\/a>\n<ul>\n<li>Anbaugebiete der f\u00fcnf Bundesl\u00e4nder K\u00e4rnten, Ober\u00f6sterreich, Salzburg, Tirol und Vorarlberg<\/li>\n<\/ul>\n<\/li>\n<\/ul>\n<ul>\n<li style=\"list-style-type: none;\"><\/li>\n<\/ul>\n<hr \/>\n<div id=\"footable_parent_3510\"\n         class=\" footable_parent ninja_table_wrapper loading_ninja_table wp_table_data_press_parent semantic_ui \">\n                <table data-ninja_table_instance=\"ninja_table_instance_0\" data-footable_id=\"3510\" data-filter-delay=\"1000\" aria-label=\"Winzer-AT\"            id=\"footable_3510\"\n           data-unique_identifier=\"ninja_table_unique_id_887624066_3510\"\n           class=\" foo-table ninja_footable foo_table_3510 ninja_table_unique_id_887624066_3510 ui table  ninja_has_count_format ninja_search_right nt_type_ajax_table selectable striped vertical_centered  footable-paging-right ninja_table_pro ninja_table_afd_columns ninja_table_afcs_columns_2 ninja_table_afcl_new_line ninja_table_has_custom_filter\">\n                <colgroup>\n                            <col class=\"ninja_column_0 \">\n                            <col class=\"ninja_column_1 \">\n                            <col class=\"ninja_column_2 xs sm md lg\">\n                            <col class=\"ninja_column_3 \">\n                            <col class=\"ninja_column_4 xs sm md lg\">\n                            <col class=\"ninja_column_5 xs sm md lg\">\n                            <col class=\"ninja_column_6 xs sm md lg\">\n                            <col class=\"ninja_column_7 hidden\">\n                    <\/colgroup>\n            <\/table>\n    \n    \n    \n<\/div>\n\n","protected":false},"excerpt":{"rendered":"<p>Winzerportr\u00e4ts \u00d6sterreich In unserem Gourmet Classic Journal stellen wir in loser Folge Weing\u00fcter und Sektkellereien aus allen \u00f6sterreichischen Anbaugebieten vor.<\/p>\n","protected":false},"author":1,"featured_media":0,"parent":1121,"menu_order":0,"comment_status":"closed","ping_status":"closed","template":"","meta":{"footnotes":""},"class_list":["post-3405","page","type-page","status-publish","hentry"],"yoast_head":"<!-- This site is optimized with the Yoast SEO plugin v25.6 - https:\/\/yoast.com\/wordpress\/plugins\/seo\/ -->\n<title>Wir stellen vor - Winzer aus \u00d6sterreich - Gourmet Classic<\/title>\n<meta name=\"robots\" content=\"index, follow, max-snippet:-1, max-image-preview:large, max-video-preview:-1\" \/>\n<link rel=\"canonical\" href=\"https:\/\/www.gourmetclassic.de\/home\/winzer\/winzer-oesterreich\/\" \/>\n<meta property=\"og:locale\" content=\"de_DE\" \/>\n<meta property=\"og:type\" content=\"article\" \/>\n<meta property=\"og:title\" content=\"Wir stellen vor - Winzer aus \u00d6sterreich - Gourmet Classic\" \/>\n<meta property=\"og:description\" content=\"Winzerportr\u00e4ts \u00d6sterreich In unserem Gourmet Classic Journal stellen wir in loser Folge Weing\u00fcter und Sektkellereien aus allen \u00f6sterreichischen Anbaugebieten vor.\" \/>\n<meta property=\"og:url\" content=\"https:\/\/www.gourmetclassic.de\/home\/winzer\/winzer-oesterreich\/\" \/>\n<meta property=\"og:site_name\" content=\"Gourmet Classic\" \/>\n<meta property=\"article:modified_time\" content=\"2025-08-05T10:12:40+00:00\" \/>\n<meta name=\"twitter:card\" content=\"summary_large_image\" \/>\n<meta name=\"twitter:label1\" content=\"Gesch\u00e4tzte Lesezeit\" \/>\n\t<meta name=\"twitter:data1\" content=\"1\u00a0Minute\" \/>\n<script type=\"application\/ld+json\" class=\"yoast-schema-graph\">{\"@context\":\"https:\/\/schema.org\",\"@graph\":[{\"@type\":\"WebPage\",\"@id\":\"https:\/\/www.gourmetclassic.de\/home\/winzer\/winzer-oesterreich\/\",\"url\":\"https:\/\/www.gourmetclassic.de\/home\/winzer\/winzer-oesterreich\/\",\"name\":\"Wir stellen vor - Winzer aus \u00d6sterreich - Gourmet Classic\",\"isPartOf\":{\"@id\":\"https:\/\/www.gourmetclassic.de\/home\/#website\"},\"datePublished\":\"2021-06-03T10:50:14+00:00\",\"dateModified\":\"2025-08-05T10:12:40+00:00\",\"breadcrumb\":{\"@id\":\"https:\/\/www.gourmetclassic.de\/home\/winzer\/winzer-oesterreich\/#breadcrumb\"},\"inLanguage\":\"de\",\"potentialAction\":[{\"@type\":\"ReadAction\",\"target\":[\"https:\/\/www.gourmetclassic.de\/home\/winzer\/winzer-oesterreich\/\"]}]},{\"@type\":\"BreadcrumbList\",\"@id\":\"https:\/\/www.gourmetclassic.de\/home\/winzer\/winzer-oesterreich\/#breadcrumb\",\"itemListElement\":[{\"@type\":\"ListItem\",\"position\":1,\"name\":\"Startseite\",\"item\":\"https:\/\/www.gourmetclassic.de\/home\/\"},{\"@type\":\"ListItem\",\"position\":2,\"name\":\"Winzer\",\"item\":\"https:\/\/www.gourmetclassic.de\/home\/winzer\/\"},{\"@type\":\"ListItem\",\"position\":3,\"name\":\"Wir stellen vor &#8211; Winzer aus \u00d6sterreich\"}]},{\"@type\":\"WebSite\",\"@id\":\"https:\/\/www.gourmetclassic.de\/home\/#website\",\"url\":\"https:\/\/www.gourmetclassic.de\/home\/\",\"name\":\"Gourmet Classic\",\"description\":\"Portal der gehobenen Gastlichkeit\",\"publisher\":{\"@id\":\"https:\/\/www.gourmetclassic.de\/home\/#organization\"},\"potentialAction\":[{\"@type\":\"SearchAction\",\"target\":{\"@type\":\"EntryPoint\",\"urlTemplate\":\"https:\/\/www.gourmetclassic.de\/home\/?s={search_term_string}\"},\"query-input\":{\"@type\":\"PropertyValueSpecification\",\"valueRequired\":true,\"valueName\":\"search_term_string\"}}],\"inLanguage\":\"de\"},{\"@type\":\"Organization\",\"@id\":\"https:\/\/www.gourmetclassic.de\/home\/#organization\",\"name\":\"Gourmet Classic\",\"url\":\"https:\/\/www.gourmetclassic.de\/home\/\",\"logo\":{\"@type\":\"ImageObject\",\"inLanguage\":\"de\",\"@id\":\"https:\/\/www.gourmetclassic.de\/home\/#\/schema\/logo\/image\/\",\"url\":\"https:\/\/www.gourmetclassic.de\/wp-content\/uploads\/2019\/04\/gourmet-classic-logo.jpg\",\"contentUrl\":\"https:\/\/www.gourmetclassic.de\/wp-content\/uploads\/2019\/04\/gourmet-classic-logo.jpg\",\"width\":253,\"height\":123,\"caption\":\"Gourmet Classic\"},\"image\":{\"@id\":\"https:\/\/www.gourmetclassic.de\/home\/#\/schema\/logo\/image\/\"}}]}<\/script>\n<!-- \/ Yoast SEO plugin. -->","yoast_head_json":{"title":"Wir stellen vor - Winzer aus \u00d6sterreich - Gourmet Classic","robots":{"index":"index","follow":"follow","max-snippet":"max-snippet:-1","max-image-preview":"max-image-preview:large","max-video-preview":"max-video-preview:-1"},"canonical":"https:\/\/www.gourmetclassic.de\/home\/winzer\/winzer-oesterreich\/","og_locale":"de_DE","og_type":"article","og_title":"Wir stellen vor - Winzer aus \u00d6sterreich - Gourmet Classic","og_description":"Winzerportr\u00e4ts \u00d6sterreich In unserem Gourmet Classic Journal stellen wir in loser Folge Weing\u00fcter und Sektkellereien aus allen \u00f6sterreichischen Anbaugebieten vor.","og_url":"https:\/\/www.gourmetclassic.de\/home\/winzer\/winzer-oesterreich\/","og_site_name":"Gourmet Classic","article_modified_time":"2025-08-05T10:12:40+00:00","twitter_card":"summary_large_image","twitter_misc":{"Gesch\u00e4tzte Lesezeit":"1\u00a0Minute"},"schema":{"@context":"https:\/\/schema.org","@graph":[{"@type":"WebPage","@id":"https:\/\/www.gourmetclassic.de\/home\/winzer\/winzer-oesterreich\/","url":"https:\/\/www.gourmetclassic.de\/home\/winzer\/winzer-oesterreich\/","name":"Wir stellen vor - Winzer aus \u00d6sterreich - Gourmet Classic","isPartOf":{"@id":"https:\/\/www.gourmetclassic.de\/home\/#website"},"datePublished":"2021-06-03T10:50:14+00:00","dateModified":"2025-08-05T10:12:40+00:00","breadcrumb":{"@id":"https:\/\/www.gourmetclassic.de\/home\/winzer\/winzer-oesterreich\/#breadcrumb"},"inLanguage":"de","potentialAction":[{"@type":"ReadAction","target":["https:\/\/www.gourmetclassic.de\/home\/winzer\/winzer-oesterreich\/"]}]},{"@type":"BreadcrumbList","@id":"https:\/\/www.gourmetclassic.de\/home\/winzer\/winzer-oesterreich\/#breadcrumb","itemListElement":[{"@type":"ListItem","position":1,"name":"Startseite","item":"https:\/\/www.gourmetclassic.de\/home\/"},{"@type":"ListItem","position":2,"name":"Winzer","item":"https:\/\/www.gourmetclassic.de\/home\/winzer\/"},{"@type":"ListItem","position":3,"name":"Wir stellen vor &#8211; Winzer aus \u00d6sterreich"}]},{"@type":"WebSite","@id":"https:\/\/www.gourmetclassic.de\/home\/#website","url":"https:\/\/www.gourmetclassic.de\/home\/","name":"Gourmet Classic","description":"Portal der gehobenen Gastlichkeit","publisher":{"@id":"https:\/\/www.gourmetclassic.de\/home\/#organization"},"potentialAction":[{"@type":"SearchAction","target":{"@type":"EntryPoint","urlTemplate":"https:\/\/www.gourmetclassic.de\/home\/?s={search_term_string}"},"query-input":{"@type":"PropertyValueSpecification","valueRequired":true,"valueName":"search_term_string"}}],"inLanguage":"de"},{"@type":"Organization","@id":"https:\/\/www.gourmetclassic.de\/home\/#organization","name":"Gourmet Classic","url":"https:\/\/www.gourmetclassic.de\/home\/","logo":{"@type":"ImageObject","inLanguage":"de","@id":"https:\/\/www.gourmetclassic.de\/home\/#\/schema\/logo\/image\/","url":"https:\/\/www.gourmetclassic.de\/wp-content\/uploads\/2019\/04\/gourmet-classic-logo.jpg","contentUrl":"https:\/\/www.gourmetclassic.de\/wp-content\/uploads\/2019\/04\/gourmet-classic-logo.jpg","width":253,"height":123,"caption":"Gourmet Classic"},"image":{"@id":"https:\/\/www.gourmetclassic.de\/home\/#\/schema\/logo\/image\/"}}]}},"_links":{"self":[{"href":"https:\/\/www.gourmetclassic.de\/home\/wp-json\/wp\/v2\/pages\/3405"}],"collection":[{"href":"https:\/\/www.gourmetclassic.de\/home\/wp-json\/wp\/v2\/pages"}],"about":[{"href":"https:\/\/www.gourmetclassic.de\/home\/wp-json\/wp\/v2\/types\/page"}],"author":[{"embeddable":true,"href":"https:\/\/www.gourmetclassic.de\/home\/wp-json\/wp\/v2\/users\/1"}],"replies":[{"embeddable":true,"href":"https:\/\/www.gourmetclassic.de\/home\/wp-json\/wp\/v2\/comments?post=3405"}],"version-history":[{"count":19,"href":"https:\/\/www.gourmetclassic.de\/home\/wp-json\/wp\/v2\/pages\/3405\/revisions"}],"predecessor-version":[{"id":4984,"href":"https:\/\/www.gourmetclassic.de\/home\/wp-json\/wp\/v2\/pages\/3405\/revisions\/4984"}],"up":[{"embeddable":true,"href":"https:\/\/www.gourmetclassic.de\/home\/wp-json\/wp\/v2\/pages\/1121"}],"wp:attachment":[{"href":"https:\/\/www.gourmetclassic.de\/home\/wp-json\/wp\/v2\/media?parent=3405"}],"curies":[{"name":"wp","href":"https:\/\/api.w.org\/{rel}","templated":true}]}}