{"id":3435,"date":"2021-06-03T15:43:41","date_gmt":"2021-06-03T13:43:41","guid":{"rendered":"https:\/\/www.gourmetclassic.de\/home\/?page_id=3435"},"modified":"2025-01-21T11:37:42","modified_gmt":"2025-01-21T10:37:42","slug":"weinanbaugebiet-thermenregion","status":"publish","type":"page","link":"https:\/\/www.gourmetclassic.de\/home\/winzer\/winzer-oesterreich\/weinanbaugebiet-thermenregion\/","title":{"rendered":"Weinanbaugebiet Thermenregion"},"content":{"rendered":"<h6>Unsere Winzerportr\u00e4ts aus dem Weinanbaugebiet Thermenregion<\/h6>\n<p>In unserem Gourmet Classic Journal stellen wir in loser Folge Weing\u00fcter und Sektkellereien aus allen \u00f6sterreichischen Anbaugebieten vor. Hier pr\u00e4sentieren wir die Portr\u00e4ts der letzten Jahre aus dem Weinanbaugebiet Thermenregion<\/p>\n<ul>\n<li>Weingut Gebeshuber in Gumpoldskirchen<\/li>\n<li>Weingut Krug in Gumpoldskirchen<\/li>\n<\/ul>\n<hr \/>\n<h5>Weingut Gebeshuber in Gumpoldskirchen<\/h5>\n<p><a href=\"https:\/\/www.gourmetclassic.de\/newsletter\/weingut_gebeshuber_800.jpg\" rel=\"journal\"><img decoding=\"async\" class=\"alignleft\" style=\"margin-top: 8px; margin-bottom: 0px;\" title=\"Weingut Gebeshuber in Gumpoldskirchen\" src=\"https:\/\/www.gourmetclassic.de\/newsletter\/weingut_gebeshuber_250.jpg\" alt=\"Weingut Gebeshuber in Gumpoldskirchen\" width=\"250\" \/><\/a><strong>Das Weingut Gebeshuber in Gumpoldskirchen:<\/strong> Das Weingut wurde 1998 von Johannes Gebeshuber gegr\u00fcndet und befindet sich im geschichtstr\u00e4chtigen Ort Gumpoldskirchen, ca. 30 km s\u00fcdlich von Wien, im Weinbaugebiet Thermenregion. Das Hauptaugenmerk liegt genau bei jenen Rebsorten, f\u00fcr die Gumpoldskirchen bekannt und gesch\u00e4tzt ist: Zierfandler und Rotgipfler sowie St. Laurent und Pinot Noir. Johannes Gebeshuber startete sein Weingut mit zwei, drei Hektar als Familienbesitz, die Weinherstellung fand im Keller der Schwiegereltern statt. Schnell wuchs die Anbaufl\u00e4che auf acht Hektar mit insgesamt 25 Rebsorten, alle Sorten wurden separat ausgepflanzt &#8230;<\/p>\n<p><a href=\"https:\/\/www.gourmetclassic.de\/gourmet\/gourmet_post\/pdf\/GJ_2024_10_weingut_gebeshuber.pdf\" target=\"_blank\" rel=\"noopener noreferrer\">Mehr Infos im Artikel des Gourmet Classic Journal Ausgabe Oktober 2024 (pdf)<\/a><\/p>\n<hr \/>\n<h5>Weingut Krug in Gumpoldskirchen<\/h5>\n<p><a href=\"https:\/\/www.gourmetclassic.de\/newsletter\/krug_800.jpg\" rel=\"journal\"><img decoding=\"async\" class=\"alignleft\" style=\"margin-top: 8px; margin-bottom: 0px;\" title=\"Weingut Krug in Gumpoldskirchen\" src=\"https:\/\/www.gourmetclassic.de\/newsletter\/krug_250.jpg\" alt=\"Weingut Krug in Gumpoldskirchen\" width=\"250\" \/><\/a><strong>Vielfach ausgezeichnete Weine:<\/strong> Das Weingut Krug liegt in der Thermenregion, die auch als das \u201cBurgund \u00d6sterreichs\u201d gilt. Mit seinen besonderen klimatischen Bedingungen, den Lehm- und Kalkb\u00f6den ist sie eine wahre Goldader und bietet Traumbedingungen f\u00fcr die Kultivierung der Aromenvielfalt. Seit 1746 betreibt Familie Krug Weinbau in Gumpoldskirchen. Heute werden 35 Hektar bewirtschaftet in den besten Lagen Gumpoldskirchens. Es wird besonderes Augenmerk auf die sorgf\u00e4ltige Pflege in den Weing\u00e4rten, sowie auf die Auswahl gesunder und reifer Trauben gelegt. Das ist Gustav Krugs Devise: \u201cTut man was Gutes hinein, kommt was Gutes heraus.\u201d &#8230;<\/p>\n<p><a href=\"https:\/\/www.gourmetclassic.de\/gourmet\/gourmet_post\/pdf\/GJ_2019_05_weingut_krug.pdf\" target=\"_blank\" rel=\"noopener noreferrer\">Mehr Infos im Artikel des Gourmet Classic Journal Ausgabe Mai 2019 (pdf)<\/a><\/p>\n","protected":false},"excerpt":{"rendered":"<p>Unsere Winzerportr\u00e4ts aus dem Weinanbaugebiet Thermenregion In unserem Gourmet Classic Journal stellen wir in loser Folge Weing\u00fcter und Sektkellereien aus<\/p>\n","protected":false},"author":1,"featured_media":0,"parent":3405,"menu_order":0,"comment_status":"closed","ping_status":"closed","template":"","meta":{"footnotes":""},"class_list":["post-3435","page","type-page","status-publish","hentry"],"yoast_head":"<!-- This site is optimized with the Yoast SEO plugin v25.6 - https:\/\/yoast.com\/wordpress\/plugins\/seo\/ -->\n<title>Weinanbaugebiet Thermenregion - Gourmet Classic<\/title>\n<meta name=\"robots\" content=\"index, follow, max-snippet:-1, max-image-preview:large, max-video-preview:-1\" \/>\n<link rel=\"canonical\" href=\"https:\/\/www.gourmetclassic.de\/home\/winzer\/winzer-oesterreich\/weinanbaugebiet-thermenregion\/\" \/>\n<meta property=\"og:locale\" content=\"de_DE\" \/>\n<meta property=\"og:type\" content=\"article\" \/>\n<meta property=\"og:title\" content=\"Weinanbaugebiet Thermenregion - Gourmet Classic\" \/>\n<meta property=\"og:description\" content=\"Unsere Winzerportr\u00e4ts aus dem Weinanbaugebiet Thermenregion In unserem Gourmet Classic Journal stellen wir in loser Folge Weing\u00fcter und Sektkellereien aus\" \/>\n<meta property=\"og:url\" content=\"https:\/\/www.gourmetclassic.de\/home\/winzer\/winzer-oesterreich\/weinanbaugebiet-thermenregion\/\" \/>\n<meta property=\"og:site_name\" content=\"Gourmet Classic\" \/>\n<meta property=\"article:modified_time\" content=\"2025-01-21T10:37:42+00:00\" \/>\n<meta property=\"og:image\" content=\"https:\/\/www.gourmetclassic.de\/newsletter\/weingut_gebeshuber_250.jpg\" \/>\n<meta name=\"twitter:card\" content=\"summary_large_image\" \/>\n<meta name=\"twitter:label1\" content=\"Gesch\u00e4tzte Lesezeit\" \/>\n\t<meta name=\"twitter:data1\" content=\"2\u00a0Minuten\" \/>\n<script type=\"application\/ld+json\" class=\"yoast-schema-graph\">{\"@context\":\"https:\/\/schema.org\",\"@graph\":[{\"@type\":\"WebPage\",\"@id\":\"https:\/\/www.gourmetclassic.de\/home\/winzer\/winzer-oesterreich\/weinanbaugebiet-thermenregion\/\",\"url\":\"https:\/\/www.gourmetclassic.de\/home\/winzer\/winzer-oesterreich\/weinanbaugebiet-thermenregion\/\",\"name\":\"Weinanbaugebiet Thermenregion - Gourmet Classic\",\"isPartOf\":{\"@id\":\"https:\/\/www.gourmetclassic.de\/home\/#website\"},\"primaryImageOfPage\":{\"@id\":\"https:\/\/www.gourmetclassic.de\/home\/winzer\/winzer-oesterreich\/weinanbaugebiet-thermenregion\/#primaryimage\"},\"image\":{\"@id\":\"https:\/\/www.gourmetclassic.de\/home\/winzer\/winzer-oesterreich\/weinanbaugebiet-thermenregion\/#primaryimage\"},\"thumbnailUrl\":\"https:\/\/www.gourmetclassic.de\/newsletter\/weingut_gebeshuber_250.jpg\",\"datePublished\":\"2021-06-03T13:43:41+00:00\",\"dateModified\":\"2025-01-21T10:37:42+00:00\",\"breadcrumb\":{\"@id\":\"https:\/\/www.gourmetclassic.de\/home\/winzer\/winzer-oesterreich\/weinanbaugebiet-thermenregion\/#breadcrumb\"},\"inLanguage\":\"de\",\"potentialAction\":[{\"@type\":\"ReadAction\",\"target\":[\"https:\/\/www.gourmetclassic.de\/home\/winzer\/winzer-oesterreich\/weinanbaugebiet-thermenregion\/\"]}]},{\"@type\":\"ImageObject\",\"inLanguage\":\"de\",\"@id\":\"https:\/\/www.gourmetclassic.de\/home\/winzer\/winzer-oesterreich\/weinanbaugebiet-thermenregion\/#primaryimage\",\"url\":\"https:\/\/www.gourmetclassic.de\/newsletter\/weingut_gebeshuber_250.jpg\",\"contentUrl\":\"https:\/\/www.gourmetclassic.de\/newsletter\/weingut_gebeshuber_250.jpg\"},{\"@type\":\"BreadcrumbList\",\"@id\":\"https:\/\/www.gourmetclassic.de\/home\/winzer\/winzer-oesterreich\/weinanbaugebiet-thermenregion\/#breadcrumb\",\"itemListElement\":[{\"@type\":\"ListItem\",\"position\":1,\"name\":\"Startseite\",\"item\":\"https:\/\/www.gourmetclassic.de\/home\/\"},{\"@type\":\"ListItem\",\"position\":2,\"name\":\"Winzer\",\"item\":\"https:\/\/www.gourmetclassic.de\/home\/winzer\/\"},{\"@type\":\"ListItem\",\"position\":3,\"name\":\"Wir stellen vor &#8211; Winzer aus \u00d6sterreich\",\"item\":\"https:\/\/www.gourmetclassic.de\/home\/winzer\/winzer-oesterreich\/\"},{\"@type\":\"ListItem\",\"position\":4,\"name\":\"Weinanbaugebiet Thermenregion\"}]},{\"@type\":\"WebSite\",\"@id\":\"https:\/\/www.gourmetclassic.de\/home\/#website\",\"url\":\"https:\/\/www.gourmetclassic.de\/home\/\",\"name\":\"Gourmet Classic\",\"description\":\"Portal der gehobenen Gastlichkeit\",\"publisher\":{\"@id\":\"https:\/\/www.gourmetclassic.de\/home\/#organization\"},\"potentialAction\":[{\"@type\":\"SearchAction\",\"target\":{\"@type\":\"EntryPoint\",\"urlTemplate\":\"https:\/\/www.gourmetclassic.de\/home\/?s={search_term_string}\"},\"query-input\":{\"@type\":\"PropertyValueSpecification\",\"valueRequired\":true,\"valueName\":\"search_term_string\"}}],\"inLanguage\":\"de\"},{\"@type\":\"Organization\",\"@id\":\"https:\/\/www.gourmetclassic.de\/home\/#organization\",\"name\":\"Gourmet Classic\",\"url\":\"https:\/\/www.gourmetclassic.de\/home\/\",\"logo\":{\"@type\":\"ImageObject\",\"inLanguage\":\"de\",\"@id\":\"https:\/\/www.gourmetclassic.de\/home\/#\/schema\/logo\/image\/\",\"url\":\"https:\/\/www.gourmetclassic.de\/wp-content\/uploads\/2019\/04\/gourmet-classic-logo.jpg\",\"contentUrl\":\"https:\/\/www.gourmetclassic.de\/wp-content\/uploads\/2019\/04\/gourmet-classic-logo.jpg\",\"width\":253,\"height\":123,\"caption\":\"Gourmet Classic\"},\"image\":{\"@id\":\"https:\/\/www.gourmetclassic.de\/home\/#\/schema\/logo\/image\/\"}}]}<\/script>\n<!-- \/ Yoast SEO plugin. -->","yoast_head_json":{"title":"Weinanbaugebiet Thermenregion - Gourmet Classic","robots":{"index":"index","follow":"follow","max-snippet":"max-snippet:-1","max-image-preview":"max-image-preview:large","max-video-preview":"max-video-preview:-1"},"canonical":"https:\/\/www.gourmetclassic.de\/home\/winzer\/winzer-oesterreich\/weinanbaugebiet-thermenregion\/","og_locale":"de_DE","og_type":"article","og_title":"Weinanbaugebiet Thermenregion - Gourmet Classic","og_description":"Unsere Winzerportr\u00e4ts aus dem Weinanbaugebiet Thermenregion In unserem Gourmet Classic Journal stellen wir in loser Folge Weing\u00fcter und Sektkellereien aus","og_url":"https:\/\/www.gourmetclassic.de\/home\/winzer\/winzer-oesterreich\/weinanbaugebiet-thermenregion\/","og_site_name":"Gourmet Classic","article_modified_time":"2025-01-21T10:37:42+00:00","og_image":[{"url":"https:\/\/www.gourmetclassic.de\/newsletter\/weingut_gebeshuber_250.jpg","type":"","width":"","height":""}],"twitter_card":"summary_large_image","twitter_misc":{"Gesch\u00e4tzte Lesezeit":"2\u00a0Minuten"},"schema":{"@context":"https:\/\/schema.org","@graph":[{"@type":"WebPage","@id":"https:\/\/www.gourmetclassic.de\/home\/winzer\/winzer-oesterreich\/weinanbaugebiet-thermenregion\/","url":"https:\/\/www.gourmetclassic.de\/home\/winzer\/winzer-oesterreich\/weinanbaugebiet-thermenregion\/","name":"Weinanbaugebiet Thermenregion - Gourmet Classic","isPartOf":{"@id":"https:\/\/www.gourmetclassic.de\/home\/#website"},"primaryImageOfPage":{"@id":"https:\/\/www.gourmetclassic.de\/home\/winzer\/winzer-oesterreich\/weinanbaugebiet-thermenregion\/#primaryimage"},"image":{"@id":"https:\/\/www.gourmetclassic.de\/home\/winzer\/winzer-oesterreich\/weinanbaugebiet-thermenregion\/#primaryimage"},"thumbnailUrl":"https:\/\/www.gourmetclassic.de\/newsletter\/weingut_gebeshuber_250.jpg","datePublished":"2021-06-03T13:43:41+00:00","dateModified":"2025-01-21T10:37:42+00:00","breadcrumb":{"@id":"https:\/\/www.gourmetclassic.de\/home\/winzer\/winzer-oesterreich\/weinanbaugebiet-thermenregion\/#breadcrumb"},"inLanguage":"de","potentialAction":[{"@type":"ReadAction","target":["https:\/\/www.gourmetclassic.de\/home\/winzer\/winzer-oesterreich\/weinanbaugebiet-thermenregion\/"]}]},{"@type":"ImageObject","inLanguage":"de","@id":"https:\/\/www.gourmetclassic.de\/home\/winzer\/winzer-oesterreich\/weinanbaugebiet-thermenregion\/#primaryimage","url":"https:\/\/www.gourmetclassic.de\/newsletter\/weingut_gebeshuber_250.jpg","contentUrl":"https:\/\/www.gourmetclassic.de\/newsletter\/weingut_gebeshuber_250.jpg"},{"@type":"BreadcrumbList","@id":"https:\/\/www.gourmetclassic.de\/home\/winzer\/winzer-oesterreich\/weinanbaugebiet-thermenregion\/#breadcrumb","itemListElement":[{"@type":"ListItem","position":1,"name":"Startseite","item":"https:\/\/www.gourmetclassic.de\/home\/"},{"@type":"ListItem","position":2,"name":"Winzer","item":"https:\/\/www.gourmetclassic.de\/home\/winzer\/"},{"@type":"ListItem","position":3,"name":"Wir stellen vor &#8211; Winzer aus \u00d6sterreich","item":"https:\/\/www.gourmetclassic.de\/home\/winzer\/winzer-oesterreich\/"},{"@type":"ListItem","position":4,"name":"Weinanbaugebiet Thermenregion"}]},{"@type":"WebSite","@id":"https:\/\/www.gourmetclassic.de\/home\/#website","url":"https:\/\/www.gourmetclassic.de\/home\/","name":"Gourmet Classic","description":"Portal der gehobenen Gastlichkeit","publisher":{"@id":"https:\/\/www.gourmetclassic.de\/home\/#organization"},"potentialAction":[{"@type":"SearchAction","target":{"@type":"EntryPoint","urlTemplate":"https:\/\/www.gourmetclassic.de\/home\/?s={search_term_string}"},"query-input":{"@type":"PropertyValueSpecification","valueRequired":true,"valueName":"search_term_string"}}],"inLanguage":"de"},{"@type":"Organization","@id":"https:\/\/www.gourmetclassic.de\/home\/#organization","name":"Gourmet Classic","url":"https:\/\/www.gourmetclassic.de\/home\/","logo":{"@type":"ImageObject","inLanguage":"de","@id":"https:\/\/www.gourmetclassic.de\/home\/#\/schema\/logo\/image\/","url":"https:\/\/www.gourmetclassic.de\/wp-content\/uploads\/2019\/04\/gourmet-classic-logo.jpg","contentUrl":"https:\/\/www.gourmetclassic.de\/wp-content\/uploads\/2019\/04\/gourmet-classic-logo.jpg","width":253,"height":123,"caption":"Gourmet Classic"},"image":{"@id":"https:\/\/www.gourmetclassic.de\/home\/#\/schema\/logo\/image\/"}}]}},"_links":{"self":[{"href":"https:\/\/www.gourmetclassic.de\/home\/wp-json\/wp\/v2\/pages\/3435"}],"collection":[{"href":"https:\/\/www.gourmetclassic.de\/home\/wp-json\/wp\/v2\/pages"}],"about":[{"href":"https:\/\/www.gourmetclassic.de\/home\/wp-json\/wp\/v2\/types\/page"}],"author":[{"embeddable":true,"href":"https:\/\/www.gourmetclassic.de\/home\/wp-json\/wp\/v2\/users\/1"}],"replies":[{"embeddable":true,"href":"https:\/\/www.gourmetclassic.de\/home\/wp-json\/wp\/v2\/comments?post=3435"}],"version-history":[{"count":5,"href":"https:\/\/www.gourmetclassic.de\/home\/wp-json\/wp\/v2\/pages\/3435\/revisions"}],"predecessor-version":[{"id":4860,"href":"https:\/\/www.gourmetclassic.de\/home\/wp-json\/wp\/v2\/pages\/3435\/revisions\/4860"}],"up":[{"embeddable":true,"href":"https:\/\/www.gourmetclassic.de\/home\/wp-json\/wp\/v2\/pages\/3405"}],"wp:attachment":[{"href":"https:\/\/www.gourmetclassic.de\/home\/wp-json\/wp\/v2\/media?parent=3435"}],"curies":[{"name":"wp","href":"https:\/\/api.w.org\/{rel}","templated":true}]}}