{"id":3443,"date":"2021-06-03T16:10:27","date_gmt":"2021-06-03T14:10:27","guid":{"rendered":"https:\/\/www.gourmetclassic.de\/home\/?page_id=3443"},"modified":"2021-06-04T12:36:51","modified_gmt":"2021-06-04T10:36:51","slug":"weinanbaugebiet-kremstal","status":"publish","type":"page","link":"https:\/\/www.gourmetclassic.de\/home\/winzer\/winzer-oesterreich\/weinanbaugebiet-kremstal\/","title":{"rendered":"Weinanbaugebiet Kremstal"},"content":{"rendered":"<h6>Unsere Winzerportr\u00e4ts aus dem Weinanbaugebiet Kremstal<\/h6>\n<p>In unserem Gourmet Classic Journal stellen wir in loser Folge Weing\u00fcter und Sektkellereien aus allen \u00f6sterreichischen Anbaugebieten vor. Hier pr\u00e4sentieren wir die Portr\u00e4ts der letzten Jahre aus dem Weinanbaugebiet Kremstal<\/p>\n<ul>\n<li>Salomon Undhof in Stein, Kremstal<\/li>\n<li>Weingut Stadt Krems<\/li>\n<li>Weingut Malat in Palt<\/li>\n<li>Weingut Proidl in Senftenberg<\/li>\n<li>Familiengut Sepp Moser in Rohrendorf<\/li>\n<\/ul>\n<hr \/>\n<h5>Salomon Undhof in Stein, Kremstal<\/h5>\n<p><a href=\"https:\/\/www.gourmetclassic.de\/newsletter\/salomon_400.jpg\" rel=\"journal\"><img decoding=\"async\" class=\"alignleft\" style=\"margin-top: 8px; margin-bottom: 0px;\" title=\"Salomon Undhof in Stein, Kremstal\" src=\"https:\/\/www.gourmetclassic.de\/newsletter\/salomon_250.jpg\" alt=\"Salomon Undhof in Stein, Kremstal\" width=\"250\" \/><\/a><strong>Salomon Undhof \u2013 Aush\u00e4ngeschild \u00f6sterreichischer Weingeschichte:<\/strong> Hier befindet man sich auf einem der \u00e4ltesten privaten Weing\u00fcter \u00d6sterreichs, dessen Ruhm bereits in den fr\u00fchen 1930-er Jahren begr\u00fcndet wurde. Dieses Haus gilt als Pionier der naturbelassenen trockenen Weine in \u00d6sterreich, welches bereits in den sp\u00e4ten 30er Jahren in die USA exportierte. Durch Bert Salomon wurde es zum Synonym f\u00fcr exzellente trockene Rieslinge und Gr\u00fcne Veltliner. So reihte das renommierte New Yorker Magazin \u00bbWein &amp; Spirits\u00ab SALOMON UNDHOF im Oktober 2017 erneut unter die TOP 100 WINERIES IN THE WORLD &#8230;<\/p>\n<p><a href=\"https:\/\/www.gourmetclassic.de\/gourmet\/gourmet_post\/pdf\/GJ_2018_12_salomon.pdf\" target=\"_blank\" rel=\"noopener noreferrer\">Mehr Infos im Artikel des Gourmet Classic Journal Ausgabe Dezember 2018 (pdf)<\/a><\/p>\n<hr \/>\n<h5>Weingut Stadt Krems<\/h5>\n<p><a href=\"https:\/\/www.gourmetclassic.de\/newsletter\/krems_800.jpg\" rel=\"journal\"><img decoding=\"async\" class=\"alignleft\" style=\"margin-top: 8px; margin-bottom: 0px;\" title=\"Weingut Stadt Krems\" src=\"https:\/\/www.gourmetclassic.de\/newsletter\/krems_250.jpg\" alt=\"Weingut Stadt Krems\" width=\"250\" \/><\/a><strong>Krems rockt. Und zwar seit 1452. Nicht mit Musik, mit Wein!<\/strong> Da wurde die Stadt n\u00e4mlich von Ulrich von Dachsberg mit Weing\u00e4rten beschenkt, weshalb das mit \u00fcber 550 Jahren Geschichte behaftete Weingut Stadt Krems heute zu den \u00e4ltesten Weing\u00fctern \u00d6sterreichs und Europas z\u00e4hlt. Dass dessen Eigent\u00fcmer auch noch eine Stadt ist, beweist nur den Weitblick, den man damals schon hatte. Das Traditionsweingutwird seit 2003 von Fritz Miesbauer gef\u00fchrt, der gemeinsam mit einem jungen, ambitionierten Team aus dem grunds\u00e4tzlich sympathischen, aber etwas erstarrten Weingut einen Musterbetrieb entwickelte. Die volle Aufmerksamkeit gilt den beiden Sorten Gr\u00fcner Veltliner und Riesling (99%), die auf 31 Hektar Weing\u00e4rten in besten Rieden innerhalb der Stadtgrenze wachsen &#8230;<\/p>\n<p><a href=\"https:\/\/www.gourmetclassic.de\/gourmet\/gourmet_post\/pdf\/GJ_2018_11_krems.pdf\" target=\"_blank\" rel=\"noopener noreferrer\">Mehr Infos im Artikel des Gourmet Classic Journal Ausgabe November 2018 (pdf)<\/a><\/p>\n<hr \/>\n<h5>Weingut Malat in Palt<\/h5>\n<p><a href=\"https:\/\/www.gourmetclassic.de\/newsletter\/malat_800.jpg\" rel=\"journal\"><img decoding=\"async\" class=\"alignleft\" style=\"margin-top: 8px; margin-bottom: 0px;\" title=\"Weingut Malat in Palt\" src=\"https:\/\/www.gourmetclassic.de\/newsletter\/malat_250.jpg\" alt=\"Weingut Malat in Palt\" width=\"250\" \/><\/a><strong>Weingut Malat mit bestem Riesling Europas<\/strong> &#8211; <strong>Die bislang gr\u00f6\u00dfte internationale Auszeichnung f\u00fcr Winzer Michael Malat:<\/strong> Sein Riesling Silberbichl 2010 wurde beim Wettbewerb \u201cBest Of Riesling 2016\u201d in Deutschland zum \u201cBesten europ\u00e4ischen Riesling\u201d gek\u00fcrt. Rund 2.600 Proben aus 14 L\u00e4ndern und 3 Kontinenten waren zu diesemWettbewerb eingereicht worden, der damit die mit Abstand gr\u00f6\u00dfte Riesling-Verkostung der Welt darstellt. 100 Fach-Juroren hatten die Aufgabe, sich durch diesen gigantischen \u201cWein-Berg\u201d zu kosten und aus dieser Vielfalt die Besten der Besten zu ermitteln &#8230;<\/p>\n<p><a href=\"https:\/\/www.gourmetclassic.de\/gourmet\/gourmet_post\/pdf\/GJ_2016_09_weingut_malat.pdf\" target=\"_blank\" rel=\"noopener noreferrer\">Mehr Infos im Artikel des Gourmet Classic Journal Ausgabe September 2016 (pdf)<\/a><\/p>\n<hr \/>\n<h5>Weingut Proidl in Senftenberg<\/h5>\n<p><a href=\"https:\/\/www.gourmetclassic.de\/newsletter\/proidl_800.jpg\" rel=\"journal\"><img decoding=\"async\" class=\"alignleft\" style=\"margin-top: 8px; margin-bottom: 0px;\" title=\"Weingut Proidl in Senftenberg\" src=\"https:\/\/www.gourmetclassic.de\/newsletter\/proidl_250.jpg\" alt=\"Weingut Proidl in Senftenberg\" width=\"250\" \/><\/a><strong>Weingut zwischen Moderne und Tradition:<\/strong> Der Name Proidl wird erstmals 1650 in Senftenberg genannt. Zu dieser Zeit aus dem Bremer Raum zugewandert, betreibt die Familie Proidl seit 1738 auf dem jetzigen Standort Weinbau. Durch die lange Verwurzelung entstand in der Familie viel Wissen im Umgang mit den \u00f6rtlichen Steillagen. Dieses Wissen wird auch vom Verein der \u00f6sterreichischen Traditionsweing\u00fcter gesch\u00e4tzt, daher wurde das Weingut 2010 eingeladen, das Projekt der &#8222;Ersten Lagen&#8220; mitzugestalten. Die mit dem 1\u00d6WT-Logo ausgezeichneten Weine geben einen ersten Eindruck von dieser Mitarbeit. Die Proidls sind &#8222;Wein-Bauern&#8220; mit Leib und Seele und sind stete Beobachter der Natur &#8230;<\/p>\n<p><a href=\"https:\/\/www.gourmetclassic.de\/gourmet\/gourmet_post\/pdf\/GJ_2016_09_weingut_proidl.pdf\" target=\"_blank\" rel=\"noopener noreferrer\">Mehr Infos im Artikel des Gourmet Classic Journal Ausgabe September 2016 (pdf)<\/a><\/p>\n<hr \/>\n<h5>Familiengut Sepp Moser in Rohrendorf<\/h5>\n<p><a href=\"https:\/\/www.gourmetclassic.de\/newsletter\/moser_800.jpg\" rel=\"journal\"><img decoding=\"async\" class=\"alignleft\" style=\"margin-top: 8px; margin-bottom: 0px;\" title=\"Familiengut Sepp Moser in Rohrendorf\" src=\"https:\/\/www.gourmetclassic.de\/newsletter\/moser_250.jpg\" alt=\"Familiengut Sepp Moser in Rohrendorf\" width=\"250\" \/><\/a><strong>Kremstal und Neusiedlersee:<\/strong> Besucht man die sch\u00f6ne Stadt Krems an der Donau, so sollte man als vinophiler Mensch nicht nur die ausgetretenen touristischen Pfade westlich, sondern vor allem einmal das Kremstal \u00f6stlich der Stadt erkunden. Ein sehens- und entdeckenswertes Weingut dort ist das Familiengut Sepp Moser, nicht nur der einzigartigen Architektur des \u201cAtriumhauses\u201d, sondern besonders der Weine wegen. Passiert man auf der Bundesstra\u00dfe von Krems kommend das Ortsschild von Rohrendorf, f\u00e4llt nach ein paar hundert Metern das imposante, in Sch\u00f6nbrunner Gelb gehaltene schlossartige Geb\u00e4ude linkerhand am Berghang auf, in dem Kellerei, Verkostungsraum und vieles mehr untergebracht sind. Trauen Sie sich trotz der feudalen Ausstrahlung anzul\u00e4uten, denn was den Weinfreund hier erwartet sind keine distinguierten Schlossherren sondern ein herzlicher Empfang der \u201cg\u2019standenen\u201d Familie Moser &#8230;<\/p>\n<p><a href=\"https:\/\/www.gourmetclassic.de\/gourmet\/gourmet_post\/pdf\/GJ_2016_07_weingut_moser.pdf\" target=\"_blank\" rel=\"noopener noreferrer\">Mehr Infos im Artikel des Gourmet Classic Journal Ausgabe Juli 2016 (pdf)<\/a><\/p>\n","protected":false},"excerpt":{"rendered":"<p>Unsere Winzerportr\u00e4ts aus dem Weinanbaugebiet Kremstal In unserem Gourmet Classic Journal stellen wir in loser Folge Weing\u00fcter und Sektkellereien aus<\/p>\n","protected":false},"author":1,"featured_media":0,"parent":3405,"menu_order":0,"comment_status":"closed","ping_status":"closed","template":"","meta":{"footnotes":""},"class_list":["post-3443","page","type-page","status-publish","hentry"],"yoast_head":"<!-- This site is optimized with the Yoast SEO plugin v25.6 - https:\/\/yoast.com\/wordpress\/plugins\/seo\/ -->\n<title>Weinanbaugebiet Kremstal - Gourmet Classic<\/title>\n<meta name=\"robots\" content=\"index, follow, max-snippet:-1, max-image-preview:large, max-video-preview:-1\" \/>\n<link rel=\"canonical\" href=\"https:\/\/www.gourmetclassic.de\/home\/winzer\/winzer-oesterreich\/weinanbaugebiet-kremstal\/\" \/>\n<meta property=\"og:locale\" content=\"de_DE\" \/>\n<meta property=\"og:type\" content=\"article\" \/>\n<meta property=\"og:title\" content=\"Weinanbaugebiet Kremstal - Gourmet Classic\" \/>\n<meta property=\"og:description\" content=\"Unsere Winzerportr\u00e4ts aus dem Weinanbaugebiet Kremstal In unserem Gourmet Classic Journal stellen wir in loser Folge Weing\u00fcter und Sektkellereien aus\" \/>\n<meta property=\"og:url\" content=\"https:\/\/www.gourmetclassic.de\/home\/winzer\/winzer-oesterreich\/weinanbaugebiet-kremstal\/\" \/>\n<meta property=\"og:site_name\" content=\"Gourmet Classic\" \/>\n<meta property=\"article:modified_time\" content=\"2021-06-04T10:36:51+00:00\" \/>\n<meta property=\"og:image\" content=\"https:\/\/www.gourmetclassic.de\/newsletter\/salomon_250.jpg\" \/>\n<meta name=\"twitter:card\" content=\"summary_large_image\" \/>\n<meta name=\"twitter:label1\" content=\"Gesch\u00e4tzte Lesezeit\" \/>\n\t<meta name=\"twitter:data1\" content=\"3\u00a0Minuten\" \/>\n<script type=\"application\/ld+json\" class=\"yoast-schema-graph\">{\"@context\":\"https:\/\/schema.org\",\"@graph\":[{\"@type\":\"WebPage\",\"@id\":\"https:\/\/www.gourmetclassic.de\/home\/winzer\/winzer-oesterreich\/weinanbaugebiet-kremstal\/\",\"url\":\"https:\/\/www.gourmetclassic.de\/home\/winzer\/winzer-oesterreich\/weinanbaugebiet-kremstal\/\",\"name\":\"Weinanbaugebiet Kremstal - Gourmet Classic\",\"isPartOf\":{\"@id\":\"https:\/\/www.gourmetclassic.de\/home\/#website\"},\"primaryImageOfPage\":{\"@id\":\"https:\/\/www.gourmetclassic.de\/home\/winzer\/winzer-oesterreich\/weinanbaugebiet-kremstal\/#primaryimage\"},\"image\":{\"@id\":\"https:\/\/www.gourmetclassic.de\/home\/winzer\/winzer-oesterreich\/weinanbaugebiet-kremstal\/#primaryimage\"},\"thumbnailUrl\":\"https:\/\/www.gourmetclassic.de\/newsletter\/salomon_250.jpg\",\"datePublished\":\"2021-06-03T14:10:27+00:00\",\"dateModified\":\"2021-06-04T10:36:51+00:00\",\"breadcrumb\":{\"@id\":\"https:\/\/www.gourmetclassic.de\/home\/winzer\/winzer-oesterreich\/weinanbaugebiet-kremstal\/#breadcrumb\"},\"inLanguage\":\"de\",\"potentialAction\":[{\"@type\":\"ReadAction\",\"target\":[\"https:\/\/www.gourmetclassic.de\/home\/winzer\/winzer-oesterreich\/weinanbaugebiet-kremstal\/\"]}]},{\"@type\":\"ImageObject\",\"inLanguage\":\"de\",\"@id\":\"https:\/\/www.gourmetclassic.de\/home\/winzer\/winzer-oesterreich\/weinanbaugebiet-kremstal\/#primaryimage\",\"url\":\"https:\/\/www.gourmetclassic.de\/newsletter\/salomon_250.jpg\",\"contentUrl\":\"https:\/\/www.gourmetclassic.de\/newsletter\/salomon_250.jpg\"},{\"@type\":\"BreadcrumbList\",\"@id\":\"https:\/\/www.gourmetclassic.de\/home\/winzer\/winzer-oesterreich\/weinanbaugebiet-kremstal\/#breadcrumb\",\"itemListElement\":[{\"@type\":\"ListItem\",\"position\":1,\"name\":\"Startseite\",\"item\":\"https:\/\/www.gourmetclassic.de\/home\/\"},{\"@type\":\"ListItem\",\"position\":2,\"name\":\"Winzer\",\"item\":\"https:\/\/www.gourmetclassic.de\/home\/winzer\/\"},{\"@type\":\"ListItem\",\"position\":3,\"name\":\"Wir stellen vor &#8211; Winzer aus \u00d6sterreich\",\"item\":\"https:\/\/www.gourmetclassic.de\/home\/winzer\/winzer-oesterreich\/\"},{\"@type\":\"ListItem\",\"position\":4,\"name\":\"Weinanbaugebiet Kremstal\"}]},{\"@type\":\"WebSite\",\"@id\":\"https:\/\/www.gourmetclassic.de\/home\/#website\",\"url\":\"https:\/\/www.gourmetclassic.de\/home\/\",\"name\":\"Gourmet Classic\",\"description\":\"Portal der gehobenen Gastlichkeit\",\"publisher\":{\"@id\":\"https:\/\/www.gourmetclassic.de\/home\/#organization\"},\"potentialAction\":[{\"@type\":\"SearchAction\",\"target\":{\"@type\":\"EntryPoint\",\"urlTemplate\":\"https:\/\/www.gourmetclassic.de\/home\/?s={search_term_string}\"},\"query-input\":{\"@type\":\"PropertyValueSpecification\",\"valueRequired\":true,\"valueName\":\"search_term_string\"}}],\"inLanguage\":\"de\"},{\"@type\":\"Organization\",\"@id\":\"https:\/\/www.gourmetclassic.de\/home\/#organization\",\"name\":\"Gourmet Classic\",\"url\":\"https:\/\/www.gourmetclassic.de\/home\/\",\"logo\":{\"@type\":\"ImageObject\",\"inLanguage\":\"de\",\"@id\":\"https:\/\/www.gourmetclassic.de\/home\/#\/schema\/logo\/image\/\",\"url\":\"https:\/\/www.gourmetclassic.de\/wp-content\/uploads\/2019\/04\/gourmet-classic-logo.jpg\",\"contentUrl\":\"https:\/\/www.gourmetclassic.de\/wp-content\/uploads\/2019\/04\/gourmet-classic-logo.jpg\",\"width\":253,\"height\":123,\"caption\":\"Gourmet Classic\"},\"image\":{\"@id\":\"https:\/\/www.gourmetclassic.de\/home\/#\/schema\/logo\/image\/\"}}]}<\/script>\n<!-- \/ Yoast SEO plugin. -->","yoast_head_json":{"title":"Weinanbaugebiet Kremstal - Gourmet Classic","robots":{"index":"index","follow":"follow","max-snippet":"max-snippet:-1","max-image-preview":"max-image-preview:large","max-video-preview":"max-video-preview:-1"},"canonical":"https:\/\/www.gourmetclassic.de\/home\/winzer\/winzer-oesterreich\/weinanbaugebiet-kremstal\/","og_locale":"de_DE","og_type":"article","og_title":"Weinanbaugebiet Kremstal - Gourmet Classic","og_description":"Unsere Winzerportr\u00e4ts aus dem Weinanbaugebiet Kremstal In unserem Gourmet Classic Journal stellen wir in loser Folge Weing\u00fcter und Sektkellereien aus","og_url":"https:\/\/www.gourmetclassic.de\/home\/winzer\/winzer-oesterreich\/weinanbaugebiet-kremstal\/","og_site_name":"Gourmet Classic","article_modified_time":"2021-06-04T10:36:51+00:00","og_image":[{"url":"https:\/\/www.gourmetclassic.de\/newsletter\/salomon_250.jpg","type":"","width":"","height":""}],"twitter_card":"summary_large_image","twitter_misc":{"Gesch\u00e4tzte Lesezeit":"3\u00a0Minuten"},"schema":{"@context":"https:\/\/schema.org","@graph":[{"@type":"WebPage","@id":"https:\/\/www.gourmetclassic.de\/home\/winzer\/winzer-oesterreich\/weinanbaugebiet-kremstal\/","url":"https:\/\/www.gourmetclassic.de\/home\/winzer\/winzer-oesterreich\/weinanbaugebiet-kremstal\/","name":"Weinanbaugebiet Kremstal - Gourmet Classic","isPartOf":{"@id":"https:\/\/www.gourmetclassic.de\/home\/#website"},"primaryImageOfPage":{"@id":"https:\/\/www.gourmetclassic.de\/home\/winzer\/winzer-oesterreich\/weinanbaugebiet-kremstal\/#primaryimage"},"image":{"@id":"https:\/\/www.gourmetclassic.de\/home\/winzer\/winzer-oesterreich\/weinanbaugebiet-kremstal\/#primaryimage"},"thumbnailUrl":"https:\/\/www.gourmetclassic.de\/newsletter\/salomon_250.jpg","datePublished":"2021-06-03T14:10:27+00:00","dateModified":"2021-06-04T10:36:51+00:00","breadcrumb":{"@id":"https:\/\/www.gourmetclassic.de\/home\/winzer\/winzer-oesterreich\/weinanbaugebiet-kremstal\/#breadcrumb"},"inLanguage":"de","potentialAction":[{"@type":"ReadAction","target":["https:\/\/www.gourmetclassic.de\/home\/winzer\/winzer-oesterreich\/weinanbaugebiet-kremstal\/"]}]},{"@type":"ImageObject","inLanguage":"de","@id":"https:\/\/www.gourmetclassic.de\/home\/winzer\/winzer-oesterreich\/weinanbaugebiet-kremstal\/#primaryimage","url":"https:\/\/www.gourmetclassic.de\/newsletter\/salomon_250.jpg","contentUrl":"https:\/\/www.gourmetclassic.de\/newsletter\/salomon_250.jpg"},{"@type":"BreadcrumbList","@id":"https:\/\/www.gourmetclassic.de\/home\/winzer\/winzer-oesterreich\/weinanbaugebiet-kremstal\/#breadcrumb","itemListElement":[{"@type":"ListItem","position":1,"name":"Startseite","item":"https:\/\/www.gourmetclassic.de\/home\/"},{"@type":"ListItem","position":2,"name":"Winzer","item":"https:\/\/www.gourmetclassic.de\/home\/winzer\/"},{"@type":"ListItem","position":3,"name":"Wir stellen vor &#8211; Winzer aus \u00d6sterreich","item":"https:\/\/www.gourmetclassic.de\/home\/winzer\/winzer-oesterreich\/"},{"@type":"ListItem","position":4,"name":"Weinanbaugebiet Kremstal"}]},{"@type":"WebSite","@id":"https:\/\/www.gourmetclassic.de\/home\/#website","url":"https:\/\/www.gourmetclassic.de\/home\/","name":"Gourmet Classic","description":"Portal der gehobenen Gastlichkeit","publisher":{"@id":"https:\/\/www.gourmetclassic.de\/home\/#organization"},"potentialAction":[{"@type":"SearchAction","target":{"@type":"EntryPoint","urlTemplate":"https:\/\/www.gourmetclassic.de\/home\/?s={search_term_string}"},"query-input":{"@type":"PropertyValueSpecification","valueRequired":true,"valueName":"search_term_string"}}],"inLanguage":"de"},{"@type":"Organization","@id":"https:\/\/www.gourmetclassic.de\/home\/#organization","name":"Gourmet Classic","url":"https:\/\/www.gourmetclassic.de\/home\/","logo":{"@type":"ImageObject","inLanguage":"de","@id":"https:\/\/www.gourmetclassic.de\/home\/#\/schema\/logo\/image\/","url":"https:\/\/www.gourmetclassic.de\/wp-content\/uploads\/2019\/04\/gourmet-classic-logo.jpg","contentUrl":"https:\/\/www.gourmetclassic.de\/wp-content\/uploads\/2019\/04\/gourmet-classic-logo.jpg","width":253,"height":123,"caption":"Gourmet Classic"},"image":{"@id":"https:\/\/www.gourmetclassic.de\/home\/#\/schema\/logo\/image\/"}}]}},"_links":{"self":[{"href":"https:\/\/www.gourmetclassic.de\/home\/wp-json\/wp\/v2\/pages\/3443"}],"collection":[{"href":"https:\/\/www.gourmetclassic.de\/home\/wp-json\/wp\/v2\/pages"}],"about":[{"href":"https:\/\/www.gourmetclassic.de\/home\/wp-json\/wp\/v2\/types\/page"}],"author":[{"embeddable":true,"href":"https:\/\/www.gourmetclassic.de\/home\/wp-json\/wp\/v2\/users\/1"}],"replies":[{"embeddable":true,"href":"https:\/\/www.gourmetclassic.de\/home\/wp-json\/wp\/v2\/comments?post=3443"}],"version-history":[{"count":8,"href":"https:\/\/www.gourmetclassic.de\/home\/wp-json\/wp\/v2\/pages\/3443\/revisions"}],"predecessor-version":[{"id":3483,"href":"https:\/\/www.gourmetclassic.de\/home\/wp-json\/wp\/v2\/pages\/3443\/revisions\/3483"}],"up":[{"embeddable":true,"href":"https:\/\/www.gourmetclassic.de\/home\/wp-json\/wp\/v2\/pages\/3405"}],"wp:attachment":[{"href":"https:\/\/www.gourmetclassic.de\/home\/wp-json\/wp\/v2\/media?parent=3443"}],"curies":[{"name":"wp","href":"https:\/\/api.w.org\/{rel}","templated":true}]}}