{"id":3468,"date":"2021-06-04T11:27:54","date_gmt":"2021-06-04T09:27:54","guid":{"rendered":"https:\/\/www.gourmetclassic.de\/home\/?page_id=3468"},"modified":"2024-02-29T11:04:22","modified_gmt":"2024-02-29T10:04:22","slug":"weinanbaugebiet-mittelburgenland","status":"publish","type":"page","link":"https:\/\/www.gourmetclassic.de\/home\/winzer\/winzer-oesterreich\/weinanbaugebiet-mittelburgenland\/","title":{"rendered":"Weinanbaugebiet Mittelburgenland"},"content":{"rendered":"<h6>Unsere Winzerportr\u00e4ts aus dem Weinanbaugebiet Mittelburgenland<\/h6>\n<p>In unserem Gourmet Classic Journal stellen wir in loser Folge Weing\u00fcter und Sektkellereien aus allen \u00f6sterreichischen Anbaugebieten vor. Hier pr\u00e4sentieren wir die Portr\u00e4ts der letzten Jahre aus dem Weinanbaugebiet Mittelburgenland.<\/p>\n<ul>\n<li>Weingut NECKENMARKT die Winzer (NDW) in Neckenmarkt<\/li>\n<li>Weingut Tesch in Neckenmarkt 2024<\/li>\n<li>Weingut Tesch in Neckenmarkt 2017<\/li>\n<li>Weingut Wellanschitz in Neckenmarkt<\/li>\n<li>Weingut Hans Igler in Deutschkreutz<\/li>\n<\/ul>\n<hr \/>\n<h5>Weingut NECKENMARKT die Winzer in Neckenmarkt<\/h5>\n<p><a href=\"https:\/\/www.gourmetclassic.de\/newsletter\/ndw_800.jpg\" rel=\"journal\"><img decoding=\"async\" class=\"alignleft\" style=\"margin-top: 8px; margin-bottom: 0px;\" title=\"Weingut NECKENMARKT die Winzer in Neckenmarkt\" src=\"https:\/\/www.gourmetclassic.de\/newsletter\/ndw_250.jpg\" alt=\"Weingut NECKENMARKT die Winzer in Neckenmarkt\" width=\"250\" \/><\/a><strong>Wein aus gutem Grund und Boden:<\/strong> Was es braucht, um guten Wein zu machen? Einen wirklich guten Grund und<br \/>\neinen hervorragenden Boden! Das Mittelburgenland, und ganz<br \/>\nbesonders Neckenmarkt, bietet dieses Terroir auf dem sich nicht nur der Blaufr\u00e4nkisch besonders wohlf\u00fchlt. Neckenmarkt dieWinzer blickt auf eine lange Erfolgsgeschichte zur\u00fcck. Gegr\u00fcndet wurde die Genossenschaft im Jahr 1968. Als eines der modernsten Weing\u00fcter \u00d6sterreichs bewirtschaftet sie mit rund 70 Mitgliedern insgesamt 280 Hektar Weing\u00e4rten. Modernste Produktionsverfahren sorgen f\u00fcr die<br \/>\nhohe Qualit\u00e4t, Innovation und Zusammenhalt f\u00fcr die nachhaltige Entwicklung des Weinguts &#8230;<\/p>\n<p><a href=\"https:\/\/www.gourmetclassic.de\/gourmet\/gourmet_post\/pdf\/GJ_2024_03_neckenmarkt_die_winzer.pdf\" target=\"_blank\" rel=\"noopener noreferrer\">Mehr Infos im Artikel des Gourmet Classic Journal Ausgabe M\u00e4rz 2024 (pdf)<\/a><\/p>\n<hr \/>\n<h5>Weingut Tesch in Neckenmarkt 2024<\/h5>\n<p><a href=\"https:\/\/www.gourmetclassic.de\/newsletter\/tesch_2_800.jpg\" rel=\"journal\"><img decoding=\"async\" class=\"alignleft\" style=\"margin-top: 8px; margin-bottom: 0px;\" title=\"Weingut Tesch in Neckenmarkt\" src=\"https:\/\/www.gourmetclassic.de\/newsletter\/tesch_2_250.jpg\" alt=\"Weingut Tesch in Neckenmarkt\" width=\"250\" \/><\/a><strong>Alles ausser gew\u00f6hnlich:<\/strong> Mein Name ist Joe Tesch. Eigentlich Josef, aber alle nennen mich &#8222;Joe&#8220;. Seit ich denken kann, dreht sich in unserer Familie und bei mir alles um Wein und dessen Geschmack. Das wollte ich auch lernen, k\u00f6nnen, weiterentwickeln. Als ich unseren Betrieb \u00fcbernahm, war Wein schon l\u00e4nger mehr als &#8222;nur&#8220; Geschmack. Wein war &#8222;Bling Bling&#8220;, &#8222;Seitenblicke&#8220;, &#8222;Bussi Bussi&#8220; und so weiter &#8211; ein tolles Lifestyle Produkt f\u00fcr Kenner, Liebhaber und Genie\u00dfer ist er immer noch, aber ICH war schon immer etwas anders. Statt Society-Parkett liebe ich den Boden im Weingarten. Statt genagelten Schuhen stehe ich auf den Duft der nassen Erde zwischen den Reben. Statt Kamera-Spots am Abend liebe ich die Sonnenstrahlen am Morgen inmitten meiner Riede &#8230;<\/p>\n<p><a href=\"https:\/\/www.gourmetclassic.de\/gourmet\/gourmet_post\/pdf\/GJ_2024_02_weingut_tesch.pdf\" target=\"_blank\" rel=\"noopener noreferrer\">Mehr Infos im Artikel des Gourmet Classic Journal Ausgabe Februar 2024 (pdf)<\/a><\/p>\n<hr \/>\n<h5>Weingut Tesch in Neckenmarkt 2017<\/h5>\n<p><a href=\"https:\/\/www.gourmetclassic.de\/newsletter\/tesch_800.jpg\" rel=\"journal\"><img decoding=\"async\" class=\"alignleft\" style=\"margin-top: 8px; margin-bottom: 0px;\" title=\"Weingut Tesch in Neckenmarkt\" src=\"https:\/\/www.gourmetclassic.de\/newsletter\/tesch_250.jpg\" alt=\"Weingut Tesch in Neckenmarkt\" width=\"250\" \/><\/a><strong>Wein als Beruf und Berufung:<\/strong> Die Familie Tesch hat es sich zum Beruf und zur Berufung gemacht, exzellente Weine zu vinifizieren. In der Gemeinde Neckenmarkt im Mittelburgenland mit ihren tiefgr\u00fcndigen, lehmhaltigen B\u00f6den findet sie daf\u00fcr die besten nat\u00fcrlichen Voraussetzungen. Und dennochbestimmen nicht nur Terroir und Klima die Qualit\u00e4t eines Weines. Dar\u00fcber hinaus braucht es ein harmonisches Zusammenspiel von handwerklichem Wissen, Erfahrung und intensiver Arbeit, um Weine h\u00f6chster G\u00fcte zu erzeugen. Diese \u201cWinzerkunst\u201d ist f\u00fcr Familie Tesch mehr als \u201cnur\u201d Arbeit. F\u00fcr sie ist es Ausdruck von Lebensfreude und Lebenskultur \u2013 und das schmeckt man auch: in exzellenten Weinen, die den Charakter von Region und Traube verfl\u00fcssigen &#8230;<\/p>\n<p><a href=\"https:\/\/www.gourmetclassic.de\/gourmet\/gourmet_post\/pdf\/GJ_2017_03_weingut_tesch.pdf\" target=\"_blank\" rel=\"noopener noreferrer\">Mehr Infos im Artikel des Gourmet Classic Journal Ausgabe M\u00e4rz 2017 (pdf)<\/a><\/p>\n<hr \/>\n<h5>Weingut Wellanschitz in Neckenmarkt<\/h5>\n<p><a href=\"https:\/\/www.gourmetclassic.de\/newsletter\/wellanschitz_800.jpg\" rel=\"journal\"><img decoding=\"async\" class=\"alignleft\" style=\"margin-top: 8px; margin-bottom: 0px;\" title=\"Weingut Wellanschitz in Neckenmarkt\" src=\"https:\/\/www.gourmetclassic.de\/newsletter\/wellanschitz_250.jpg\" alt=\"Weingut Wellanschitz in Neckenmarkt\" width=\"250\" \/><\/a><strong>Familientradition:<\/strong> Als traditionelles Familienweingut sehen wir uns verpflichtet, die Werte unserer vorangegangenen Generationen zu erhalten. Unserer Meinung nach kann Wein nicht st\u00e4ndig neu erfunden werden, es ist Jahrtausend altes Kulturgut, das in Ehrfurcht und Besonnenheit entstanden ist und immer den Charakter der Winzer, auch \u00fcber Generationen hinweg, tr\u00e4gt. Schon vor \u00fcber 50 Jahren f\u00fcllten wir unseren ersten Blaufr\u00e4nkisch in Flaschen, ein pr\u00e4ziser, eigenst\u00e4ndiger Wein, autochthon und unverwechselbar. Auch heute gehen wir diesen Weg weiter und wollen uns nach wie vor einer Leidenschaft hingeben \u2013 dem Blaufr\u00e4nkisch &#8230;<\/p>\n<p><a href=\"https:\/\/www.gourmetclassic.de\/gourmet\/gourmet_post\/pdf\/GJ_2017_02_wellanschitz.pdf\" target=\"_blank\" rel=\"noopener noreferrer\">Mehr Infos im Artikel des Gourmet Classic Journal Ausgabe Februar 2017 (pdf)<\/a><\/p>\n<hr \/>\n<h5>Weingut Hans Igler in Deutschkreutz<\/h5>\n<p><a href=\"https:\/\/www.gourmetclassic.de\/newsletter\/igler_800.jpg\" rel=\"journal\"><img decoding=\"async\" class=\"alignleft\" style=\"margin-top: 8px; margin-bottom: 0px;\" title=\"Weingut Igler in Deutschkreutz\" src=\"https:\/\/www.gourmetclassic.de\/newsletter\/igler_250.jpg\" alt=\"Weingut Igler in Deutschkreutz\" width=\"250\" \/><\/a><strong>Stillstand bedeutet R\u00fcckschritt:<\/strong> Die Erfolgsgeschichte des Weingutes Hans Igler beginnt mit nur einem Hektar in den 1960er Jahren mit der Gr\u00fcndung durch Hans Igler und seiner Frau Maria. Mittlerweile ist der Betrieb auf 40 ha Fl\u00e4che angewachsen. Bereits Ende der 1970er, Anfang der 1980er Jahre setzt der Rotweinpionier verst\u00e4rkt auf die Qualit\u00e4t seiner Weine; zu einem Zeitpunkt, als sich noch bei vielen Masse vor Klasse stellte. Besonders die einheimischen Rebsorten, die hier schon seit Jahrhunderten angebaut werden, lagen ihm am Herzen. Auch heute noch sind es vor allem die Rotweinsorten \u2013 allen voran der Blaufr\u00e4nkisch \u2013 auf die man sich spezialisiert &#8230;<\/p>\n<p><a href=\"https:\/\/www.gourmetclassic.de\/gourmet\/gourmet_post\/pdf\/GJ_2016_07_weingut_igler.pdf\" target=\"_blank\" rel=\"noopener noreferrer\">Mehr Infos im Artikel des Gourmet Classic Journal Ausgabe Juli 2016 (pdf)<\/a><\/p>\n","protected":false},"excerpt":{"rendered":"<p>Unsere Winzerportr\u00e4ts aus dem Weinanbaugebiet Mittelburgenland In unserem Gourmet Classic Journal stellen wir in loser Folge Weing\u00fcter und Sektkellereien aus<\/p>\n","protected":false},"author":1,"featured_media":0,"parent":3405,"menu_order":0,"comment_status":"closed","ping_status":"closed","template":"","meta":{"footnotes":""},"class_list":["post-3468","page","type-page","status-publish","hentry"],"yoast_head":"<!-- This site is optimized with the Yoast SEO plugin v25.6 - https:\/\/yoast.com\/wordpress\/plugins\/seo\/ -->\n<title>Weinanbaugebiet Mittelburgenland - Gourmet Classic<\/title>\n<meta name=\"robots\" content=\"index, follow, max-snippet:-1, max-image-preview:large, max-video-preview:-1\" \/>\n<link rel=\"canonical\" href=\"https:\/\/www.gourmetclassic.de\/home\/winzer\/winzer-oesterreich\/weinanbaugebiet-mittelburgenland\/\" \/>\n<meta property=\"og:locale\" content=\"de_DE\" \/>\n<meta property=\"og:type\" content=\"article\" \/>\n<meta property=\"og:title\" content=\"Weinanbaugebiet Mittelburgenland - Gourmet Classic\" \/>\n<meta property=\"og:description\" content=\"Unsere Winzerportr\u00e4ts aus dem Weinanbaugebiet Mittelburgenland In unserem Gourmet Classic Journal stellen wir in loser Folge Weing\u00fcter und Sektkellereien aus\" \/>\n<meta property=\"og:url\" content=\"https:\/\/www.gourmetclassic.de\/home\/winzer\/winzer-oesterreich\/weinanbaugebiet-mittelburgenland\/\" \/>\n<meta property=\"og:site_name\" content=\"Gourmet Classic\" \/>\n<meta property=\"article:modified_time\" content=\"2024-02-29T10:04:22+00:00\" \/>\n<meta property=\"og:image\" content=\"https:\/\/www.gourmetclassic.de\/newsletter\/ndw_250.jpg\" \/>\n<meta name=\"twitter:card\" content=\"summary_large_image\" \/>\n<meta name=\"twitter:label1\" content=\"Gesch\u00e4tzte Lesezeit\" \/>\n\t<meta name=\"twitter:data1\" content=\"5\u00a0Minuten\" \/>\n<script type=\"application\/ld+json\" class=\"yoast-schema-graph\">{\"@context\":\"https:\/\/schema.org\",\"@graph\":[{\"@type\":\"WebPage\",\"@id\":\"https:\/\/www.gourmetclassic.de\/home\/winzer\/winzer-oesterreich\/weinanbaugebiet-mittelburgenland\/\",\"url\":\"https:\/\/www.gourmetclassic.de\/home\/winzer\/winzer-oesterreich\/weinanbaugebiet-mittelburgenland\/\",\"name\":\"Weinanbaugebiet Mittelburgenland - Gourmet Classic\",\"isPartOf\":{\"@id\":\"https:\/\/www.gourmetclassic.de\/home\/#website\"},\"primaryImageOfPage\":{\"@id\":\"https:\/\/www.gourmetclassic.de\/home\/winzer\/winzer-oesterreich\/weinanbaugebiet-mittelburgenland\/#primaryimage\"},\"image\":{\"@id\":\"https:\/\/www.gourmetclassic.de\/home\/winzer\/winzer-oesterreich\/weinanbaugebiet-mittelburgenland\/#primaryimage\"},\"thumbnailUrl\":\"https:\/\/www.gourmetclassic.de\/newsletter\/ndw_250.jpg\",\"datePublished\":\"2021-06-04T09:27:54+00:00\",\"dateModified\":\"2024-02-29T10:04:22+00:00\",\"breadcrumb\":{\"@id\":\"https:\/\/www.gourmetclassic.de\/home\/winzer\/winzer-oesterreich\/weinanbaugebiet-mittelburgenland\/#breadcrumb\"},\"inLanguage\":\"de\",\"potentialAction\":[{\"@type\":\"ReadAction\",\"target\":[\"https:\/\/www.gourmetclassic.de\/home\/winzer\/winzer-oesterreich\/weinanbaugebiet-mittelburgenland\/\"]}]},{\"@type\":\"ImageObject\",\"inLanguage\":\"de\",\"@id\":\"https:\/\/www.gourmetclassic.de\/home\/winzer\/winzer-oesterreich\/weinanbaugebiet-mittelburgenland\/#primaryimage\",\"url\":\"https:\/\/www.gourmetclassic.de\/newsletter\/ndw_250.jpg\",\"contentUrl\":\"https:\/\/www.gourmetclassic.de\/newsletter\/ndw_250.jpg\"},{\"@type\":\"BreadcrumbList\",\"@id\":\"https:\/\/www.gourmetclassic.de\/home\/winzer\/winzer-oesterreich\/weinanbaugebiet-mittelburgenland\/#breadcrumb\",\"itemListElement\":[{\"@type\":\"ListItem\",\"position\":1,\"name\":\"Startseite\",\"item\":\"https:\/\/www.gourmetclassic.de\/home\/\"},{\"@type\":\"ListItem\",\"position\":2,\"name\":\"Winzer\",\"item\":\"https:\/\/www.gourmetclassic.de\/home\/winzer\/\"},{\"@type\":\"ListItem\",\"position\":3,\"name\":\"Wir stellen vor &#8211; Winzer aus \u00d6sterreich\",\"item\":\"https:\/\/www.gourmetclassic.de\/home\/winzer\/winzer-oesterreich\/\"},{\"@type\":\"ListItem\",\"position\":4,\"name\":\"Weinanbaugebiet Mittelburgenland\"}]},{\"@type\":\"WebSite\",\"@id\":\"https:\/\/www.gourmetclassic.de\/home\/#website\",\"url\":\"https:\/\/www.gourmetclassic.de\/home\/\",\"name\":\"Gourmet Classic\",\"description\":\"Portal der gehobenen Gastlichkeit\",\"publisher\":{\"@id\":\"https:\/\/www.gourmetclassic.de\/home\/#organization\"},\"potentialAction\":[{\"@type\":\"SearchAction\",\"target\":{\"@type\":\"EntryPoint\",\"urlTemplate\":\"https:\/\/www.gourmetclassic.de\/home\/?s={search_term_string}\"},\"query-input\":{\"@type\":\"PropertyValueSpecification\",\"valueRequired\":true,\"valueName\":\"search_term_string\"}}],\"inLanguage\":\"de\"},{\"@type\":\"Organization\",\"@id\":\"https:\/\/www.gourmetclassic.de\/home\/#organization\",\"name\":\"Gourmet Classic\",\"url\":\"https:\/\/www.gourmetclassic.de\/home\/\",\"logo\":{\"@type\":\"ImageObject\",\"inLanguage\":\"de\",\"@id\":\"https:\/\/www.gourmetclassic.de\/home\/#\/schema\/logo\/image\/\",\"url\":\"https:\/\/www.gourmetclassic.de\/wp-content\/uploads\/2019\/04\/gourmet-classic-logo.jpg\",\"contentUrl\":\"https:\/\/www.gourmetclassic.de\/wp-content\/uploads\/2019\/04\/gourmet-classic-logo.jpg\",\"width\":253,\"height\":123,\"caption\":\"Gourmet Classic\"},\"image\":{\"@id\":\"https:\/\/www.gourmetclassic.de\/home\/#\/schema\/logo\/image\/\"}}]}<\/script>\n<!-- \/ Yoast SEO plugin. -->","yoast_head_json":{"title":"Weinanbaugebiet Mittelburgenland - Gourmet Classic","robots":{"index":"index","follow":"follow","max-snippet":"max-snippet:-1","max-image-preview":"max-image-preview:large","max-video-preview":"max-video-preview:-1"},"canonical":"https:\/\/www.gourmetclassic.de\/home\/winzer\/winzer-oesterreich\/weinanbaugebiet-mittelburgenland\/","og_locale":"de_DE","og_type":"article","og_title":"Weinanbaugebiet Mittelburgenland - Gourmet Classic","og_description":"Unsere Winzerportr\u00e4ts aus dem Weinanbaugebiet Mittelburgenland In unserem Gourmet Classic Journal stellen wir in loser Folge Weing\u00fcter und Sektkellereien aus","og_url":"https:\/\/www.gourmetclassic.de\/home\/winzer\/winzer-oesterreich\/weinanbaugebiet-mittelburgenland\/","og_site_name":"Gourmet Classic","article_modified_time":"2024-02-29T10:04:22+00:00","og_image":[{"url":"https:\/\/www.gourmetclassic.de\/newsletter\/ndw_250.jpg","type":"","width":"","height":""}],"twitter_card":"summary_large_image","twitter_misc":{"Gesch\u00e4tzte Lesezeit":"5\u00a0Minuten"},"schema":{"@context":"https:\/\/schema.org","@graph":[{"@type":"WebPage","@id":"https:\/\/www.gourmetclassic.de\/home\/winzer\/winzer-oesterreich\/weinanbaugebiet-mittelburgenland\/","url":"https:\/\/www.gourmetclassic.de\/home\/winzer\/winzer-oesterreich\/weinanbaugebiet-mittelburgenland\/","name":"Weinanbaugebiet Mittelburgenland - Gourmet Classic","isPartOf":{"@id":"https:\/\/www.gourmetclassic.de\/home\/#website"},"primaryImageOfPage":{"@id":"https:\/\/www.gourmetclassic.de\/home\/winzer\/winzer-oesterreich\/weinanbaugebiet-mittelburgenland\/#primaryimage"},"image":{"@id":"https:\/\/www.gourmetclassic.de\/home\/winzer\/winzer-oesterreich\/weinanbaugebiet-mittelburgenland\/#primaryimage"},"thumbnailUrl":"https:\/\/www.gourmetclassic.de\/newsletter\/ndw_250.jpg","datePublished":"2021-06-04T09:27:54+00:00","dateModified":"2024-02-29T10:04:22+00:00","breadcrumb":{"@id":"https:\/\/www.gourmetclassic.de\/home\/winzer\/winzer-oesterreich\/weinanbaugebiet-mittelburgenland\/#breadcrumb"},"inLanguage":"de","potentialAction":[{"@type":"ReadAction","target":["https:\/\/www.gourmetclassic.de\/home\/winzer\/winzer-oesterreich\/weinanbaugebiet-mittelburgenland\/"]}]},{"@type":"ImageObject","inLanguage":"de","@id":"https:\/\/www.gourmetclassic.de\/home\/winzer\/winzer-oesterreich\/weinanbaugebiet-mittelburgenland\/#primaryimage","url":"https:\/\/www.gourmetclassic.de\/newsletter\/ndw_250.jpg","contentUrl":"https:\/\/www.gourmetclassic.de\/newsletter\/ndw_250.jpg"},{"@type":"BreadcrumbList","@id":"https:\/\/www.gourmetclassic.de\/home\/winzer\/winzer-oesterreich\/weinanbaugebiet-mittelburgenland\/#breadcrumb","itemListElement":[{"@type":"ListItem","position":1,"name":"Startseite","item":"https:\/\/www.gourmetclassic.de\/home\/"},{"@type":"ListItem","position":2,"name":"Winzer","item":"https:\/\/www.gourmetclassic.de\/home\/winzer\/"},{"@type":"ListItem","position":3,"name":"Wir stellen vor &#8211; Winzer aus \u00d6sterreich","item":"https:\/\/www.gourmetclassic.de\/home\/winzer\/winzer-oesterreich\/"},{"@type":"ListItem","position":4,"name":"Weinanbaugebiet Mittelburgenland"}]},{"@type":"WebSite","@id":"https:\/\/www.gourmetclassic.de\/home\/#website","url":"https:\/\/www.gourmetclassic.de\/home\/","name":"Gourmet Classic","description":"Portal der gehobenen Gastlichkeit","publisher":{"@id":"https:\/\/www.gourmetclassic.de\/home\/#organization"},"potentialAction":[{"@type":"SearchAction","target":{"@type":"EntryPoint","urlTemplate":"https:\/\/www.gourmetclassic.de\/home\/?s={search_term_string}"},"query-input":{"@type":"PropertyValueSpecification","valueRequired":true,"valueName":"search_term_string"}}],"inLanguage":"de"},{"@type":"Organization","@id":"https:\/\/www.gourmetclassic.de\/home\/#organization","name":"Gourmet Classic","url":"https:\/\/www.gourmetclassic.de\/home\/","logo":{"@type":"ImageObject","inLanguage":"de","@id":"https:\/\/www.gourmetclassic.de\/home\/#\/schema\/logo\/image\/","url":"https:\/\/www.gourmetclassic.de\/wp-content\/uploads\/2019\/04\/gourmet-classic-logo.jpg","contentUrl":"https:\/\/www.gourmetclassic.de\/wp-content\/uploads\/2019\/04\/gourmet-classic-logo.jpg","width":253,"height":123,"caption":"Gourmet Classic"},"image":{"@id":"https:\/\/www.gourmetclassic.de\/home\/#\/schema\/logo\/image\/"}}]}},"_links":{"self":[{"href":"https:\/\/www.gourmetclassic.de\/home\/wp-json\/wp\/v2\/pages\/3468"}],"collection":[{"href":"https:\/\/www.gourmetclassic.de\/home\/wp-json\/wp\/v2\/pages"}],"about":[{"href":"https:\/\/www.gourmetclassic.de\/home\/wp-json\/wp\/v2\/types\/page"}],"author":[{"embeddable":true,"href":"https:\/\/www.gourmetclassic.de\/home\/wp-json\/wp\/v2\/users\/1"}],"replies":[{"embeddable":true,"href":"https:\/\/www.gourmetclassic.de\/home\/wp-json\/wp\/v2\/comments?post=3468"}],"version-history":[{"count":7,"href":"https:\/\/www.gourmetclassic.de\/home\/wp-json\/wp\/v2\/pages\/3468\/revisions"}],"predecessor-version":[{"id":4663,"href":"https:\/\/www.gourmetclassic.de\/home\/wp-json\/wp\/v2\/pages\/3468\/revisions\/4663"}],"up":[{"embeddable":true,"href":"https:\/\/www.gourmetclassic.de\/home\/wp-json\/wp\/v2\/pages\/3405"}],"wp:attachment":[{"href":"https:\/\/www.gourmetclassic.de\/home\/wp-json\/wp\/v2\/media?parent=3468"}],"curies":[{"name":"wp","href":"https:\/\/api.w.org\/{rel}","templated":true}]}}