{"id":3495,"date":"2021-06-04T14:48:54","date_gmt":"2021-06-04T12:48:54","guid":{"rendered":"https:\/\/www.gourmetclassic.de\/home\/?page_id=3495"},"modified":"2024-08-30T13:12:29","modified_gmt":"2024-08-30T11:12:29","slug":"weinanbaugebiet-suedsteiermark","status":"publish","type":"page","link":"https:\/\/www.gourmetclassic.de\/home\/winzer\/winzer-oesterreich\/weinanbaugebiet-suedsteiermark\/","title":{"rendered":"Weinanbaugebiet S\u00fcdsteiermark"},"content":{"rendered":"<h6>Unsere Winzerportr\u00e4ts aus dem Weinanbaugebiet S\u00fcdsteiermark<\/h6>\n<p>In unserem Gourmet Classic Journal stellen wir in loser Folge Weing\u00fcter und Sektkellereien aus allen \u00f6sterreichischen Anbaugebieten vor. Hier pr\u00e4sentieren wir die Portr\u00e4ts der letzten Jahre aus dem Weinanbaugebiet S\u00fcdsteiermark.<\/p>\n<ul>\n<li>Weingut HERRENHOF LAMPRECHT im steirischen Vulkanland<\/li>\n<li>Weingut Sattlerhof in Gamlitz<\/li>\n<li>Weingut Hannes Sabathi in Gamlitz<\/li>\n<li>Weingut Tscheppe in Leutschach<\/li>\n<\/ul>\n<hr \/>\n<h5>Weingut HERRENHOF LAMPRECHT im steirischen Vulkanland<\/h5>\n<p><a href=\"https:\/\/www.gourmetclassic.de\/newsletter\/weingut_herrenhof_800.jpg\" rel=\"journal\"><img decoding=\"async\" class=\"alignleft\" style=\"margin-top: 8px; margin-bottom: 0px;\" title=\"Weingut HERRENHOF LAMPRECHT im steirischen Vulkanland\" src=\"https:\/\/www.gourmetclassic.de\/newsletter\/weingut_herrenhof_250.jpg\" alt=\"Weingut HERRENHOF LAMPRECHT im steirischen Vulkanland\" width=\"250\" \/><\/a> <strong>Weinbau mit Blick auf die Alpen: <\/strong>Der Weinbau und die Weinbereitung wird heutzutage oft von Uniformit\u00e4t und Ausdruckslosigkeit gepr\u00e4gt, daher kam Gottfried Lamprecht vom HERRENHOF LAMPRECHT zum Entschluss, sich ein eigenes Qualit\u00e4tskonzept aufzuerlegen. Danach wird der Naturwein und die Herkunft in den Vordergrund gestellt. Er nennt es HERRENHOF Charta \u2013 das bedeutet im \u00fcbertragenen Sinne, eigens auferlegte Satzungen und Selbstverpflichtungen einzuhalten. Dieses Qualit\u00e4tskonzept dient dazu, mehr Transparenz in die Weingartenarbeit und Kelterung zu bringen \u2013 im Sinne der Qualit\u00e4t \u2013im Sinne der Vielschichtigkeit. Sie als Kunde sollen n\u00e4mlich wissen, wie und wo Wein vom HERRENHOF entsteht. Daf\u00fcr steht Gottfried Lamprecht mit seinem Namen &#8230;<\/p>\n<p><a href=\"https:\/\/www.gourmetclassic.de\/gourmet\/gourmet_post\/pdf\/GJ_2024_09_weingut_herrenhof.pdf\" target=\"_blank\" rel=\"noopener noreferrer\">Mehr Infos im Artikel des Gourmet Classic Journal Ausgabe September 2024 (pdf)<\/a><\/p>\n<hr \/>\n<h5>Das Weingut Sattlerhof in Gamlitz in der S\u00fcdsteiermark<\/h5>\n<p><a href=\"https:\/\/www.gourmetclassic.de\/newsletter\/sattlerhof_800.jpg\" rel=\"journal\"><img decoding=\"async\" class=\"alignleft\" style=\"margin-top: 8px; margin-bottom: 0px;\" title=\"Das Weingut Sattlerhof in Gamlitz in der S\u00fcdsteiermark\" src=\"https:\/\/www.gourmetclassic.de\/newsletter\/sattlerhof_250.jpg\" alt=\"Das Weingut Sattlerhof in Gamlitz in der S\u00fcdsteiermark\" width=\"250\" \/><\/a> <strong>Weinbau mit Blick auf die Alpen: <\/strong>Umgeben von steilen H\u00e4ngen sitzt das Familienweingut seit 1886 auf einem kargen H\u00fcgel in Gamlitz. Seit vielen Jahren z\u00e4hlt der 35 ha bewirtschaftende Hof zu den besten Weing\u00fctern der Welt. Diese Auszeichnungen sind nicht nur auf die biodynamische Arbeitsweise in den bl\u00fchenden Weing\u00e4rten zur\u00fcckzuf\u00fchren, die von Andreas und Alexander Sattler eingef\u00fchrt wurde, sondern auch auf die langj\u00e4hrigen Erfahrungen ihrer Eltern Maria und Willi Sattler. Mit bis zu 55j\u00e4hrigen Rebst\u00f6cken auf extrem steilen H\u00e4ngen sind die Weing\u00e4rten von Quarz, Kalk und Kiesel gepr\u00e4gt. Perfekte physiologische Reife der Trauben, selektive Handlese und ein puristischer Ausbau mit texturgebendem Maischekontakt sind einige der handwerklichen Schritte, mit denen die Familie die Qualit\u00e4t ihrer Weine seit Jahrzehnten hochh\u00e4lt. Ziel der von Zeit und Ruhe gepr\u00e4gten Arbeitsweise ist es, dem Charakter der ausgezeichneten Rieden Trinkaus, Alter Kranachberg, Pfarrweingarten und Kapellenweingarten Raum zu geben, um sich zu entfalten &#8230;<\/p>\n<p><a href=\"https:\/\/www.gourmetclassic.de\/gourmet\/gourmet_post\/pdf\/GJ_2023_09_weingut_sattler.pdf\" target=\"_blank\" rel=\"noopener noreferrer\">Mehr Infos im Artikel des Gourmet Classic Journal Ausgabe September 2023 (pdf)<\/a><\/p>\n<hr \/>\n<h5>Weingut Hannes Sabathi in Gamlitz<\/h5>\n<p><a href=\"https:\/\/www.gourmetclassic.de\/newsletter\/sabathi_800.jpg\" rel=\"journal\"><img decoding=\"async\" class=\"alignleft\" style=\"margin-top: 8px; margin-bottom: 0px;\" title=\"Weingut Hannes Sabathi in Gamlitz\" src=\"https:\/\/www.gourmetclassic.de\/newsletter\/sabathi_250.jpg\" alt=\"Weingut Hannes Sabathi in Gamlitz\" width=\"250\" \/><\/a><strong>Edle Tropfen aus dem \u201dS\u00fcdsteirischen Weinland\u201d:<\/strong> Steile H\u00e4nge mit langen Rebzeilen, sanfte H\u00fcgel, eng gewundene Stra\u00dfen mit hohen Pappelalleen \u2013 die S\u00fcdsteiermark ist ein Weinbaugebiet wie aus dem Bilderbuch. Schmucke H\u00f6fe schmiegen sich an die H\u00fcgelkuppen, von den Terrassen der Steinh\u00e4user f\u00e4llt der Blick auf Obstg\u00e4rten und kleine W\u00e4lder. Insgesamt 2.000 ha umfasst das \u201eS\u00fcdsteirische Weinland\u201c. Die steilen Lagen und der Boden aus Sand, Schiefer, Mergel und Muschelkalk bieten g\u00fcnstige Bedingungen f\u00fcr knackig-frischen Welschriesling, feinnervigen Wei\u00dfburgunder, tiefgr\u00fcndigen Morillon (Chardonnay), duftenden Traminer und Gew\u00fcrztraminer, aber auch f\u00fcr Rotweinsorten wie Zweigelt, Pinot Noir und Blauer Wildbacher. Es sind aber vor allem die steirischen Sauvignon Blancs, die international f\u00fcr Aufsehen sorgen und zweifellos zu den besten der Welt geh\u00f6ren &#8230;<\/p>\n<p><a href=\"https:\/\/www.gourmetclassic.de\/gourmet\/gourmet_post\/pdf\/GJ_2011_11_sabathi.pdf\" target=\"_blank\" rel=\"noopener noreferrer\">Mehr Infos im Artikel des Gourmet Classic Journal Ausgabe November 2011 (pdf)<\/a><\/p>\n<hr \/>\n<h5>Weingut Tscheppe in Leutschach<\/h5>\n<p><img decoding=\"async\" class=\"alignleft\" style=\"margin-top: 8px; margin-bottom: 0px;\" title=\"Weingut Tscheppe in Leutschach\" src=\"https:\/\/www.gourmetclassic.de\/newsletter\/tscheppe_250.jpg\" alt=\"Weingut Tscheppe in Leutschach\" width=\"250\" \/><strong>Das Weingut Tscheppe am P\u00f6ssnitzberg z\u00e4hlt zu den traditionsreichsten in der S\u00fcdsteiermark:<\/strong> In den letzten Jahren wurde es mit viel Engagement zu einer h\u00f6chst zeitgem\u00e4\u00dfen Destination f\u00fcr Weingeniesser ausgestaltet und bietet gemeinsam mit dem Wein \u2022 Genuss \u2022 Hotel P\u00f6ssnitzberg und dem Kreuzwirt am P\u00f6ssnitzberg die Grundlage f\u00fcr ganz hervorragende genusskulturelle Erlebnisse an einem besonders stimmungsvollen Ort im Naturpark S\u00fcdsteirisches Weinland. Das Weingut Tscheppe am P\u00f6ssnitzberg bewirtschaftet Weing\u00e4rten in den Premium-Lagen Czamillonberg und P\u00f6ssnitzberg. Neben Gelbem Muskateller, Welschriesling, Sauvignon Blanc, Chardonnay und Wei\u00dfburgunder wird am Weingut Tscheppe auch Zweigelt kultiviert &#8230;<\/p>\n<p><a href=\"https:\/\/www.gourmetclassic.de\/gourmet\/gourmet_post\/pdf\/GJ_2010_08_weingut_tscheppe.pdf\" target=\"_blank\" rel=\"noopener noreferrer\">Mehr Infos im Artikel des Gourmet Classic Journal Ausgabe August 2010 (pdf)<\/a><\/p>\n","protected":false},"excerpt":{"rendered":"<p>Unsere Winzerportr\u00e4ts aus dem Weinanbaugebiet S\u00fcdsteiermark In unserem Gourmet Classic Journal stellen wir in loser Folge Weing\u00fcter und Sektkellereien aus<\/p>\n","protected":false},"author":1,"featured_media":0,"parent":3405,"menu_order":0,"comment_status":"closed","ping_status":"closed","template":"","meta":{"footnotes":""},"class_list":["post-3495","page","type-page","status-publish","hentry"],"yoast_head":"<!-- This site is optimized with the Yoast SEO plugin v25.6 - https:\/\/yoast.com\/wordpress\/plugins\/seo\/ -->\n<title>Weinanbaugebiet S\u00fcdsteiermark - Gourmet Classic<\/title>\n<meta name=\"robots\" content=\"index, follow, max-snippet:-1, max-image-preview:large, max-video-preview:-1\" \/>\n<link rel=\"canonical\" href=\"https:\/\/www.gourmetclassic.de\/home\/winzer\/winzer-oesterreich\/weinanbaugebiet-suedsteiermark\/\" \/>\n<meta property=\"og:locale\" content=\"de_DE\" \/>\n<meta property=\"og:type\" content=\"article\" \/>\n<meta property=\"og:title\" content=\"Weinanbaugebiet S\u00fcdsteiermark - Gourmet Classic\" \/>\n<meta property=\"og:description\" content=\"Unsere Winzerportr\u00e4ts aus dem Weinanbaugebiet S\u00fcdsteiermark In unserem Gourmet Classic Journal stellen wir in loser Folge Weing\u00fcter und Sektkellereien aus\" \/>\n<meta property=\"og:url\" content=\"https:\/\/www.gourmetclassic.de\/home\/winzer\/winzer-oesterreich\/weinanbaugebiet-suedsteiermark\/\" \/>\n<meta property=\"og:site_name\" content=\"Gourmet Classic\" \/>\n<meta property=\"article:modified_time\" content=\"2024-08-30T11:12:29+00:00\" \/>\n<meta property=\"og:image\" content=\"https:\/\/www.gourmetclassic.de\/newsletter\/weingut_herrenhof_250.jpg\" \/>\n<meta name=\"twitter:card\" content=\"summary_large_image\" \/>\n<meta name=\"twitter:label1\" content=\"Gesch\u00e4tzte Lesezeit\" \/>\n\t<meta name=\"twitter:data1\" content=\"4\u00a0Minuten\" \/>\n<script type=\"application\/ld+json\" class=\"yoast-schema-graph\">{\"@context\":\"https:\/\/schema.org\",\"@graph\":[{\"@type\":\"WebPage\",\"@id\":\"https:\/\/www.gourmetclassic.de\/home\/winzer\/winzer-oesterreich\/weinanbaugebiet-suedsteiermark\/\",\"url\":\"https:\/\/www.gourmetclassic.de\/home\/winzer\/winzer-oesterreich\/weinanbaugebiet-suedsteiermark\/\",\"name\":\"Weinanbaugebiet S\u00fcdsteiermark - Gourmet Classic\",\"isPartOf\":{\"@id\":\"https:\/\/www.gourmetclassic.de\/home\/#website\"},\"primaryImageOfPage\":{\"@id\":\"https:\/\/www.gourmetclassic.de\/home\/winzer\/winzer-oesterreich\/weinanbaugebiet-suedsteiermark\/#primaryimage\"},\"image\":{\"@id\":\"https:\/\/www.gourmetclassic.de\/home\/winzer\/winzer-oesterreich\/weinanbaugebiet-suedsteiermark\/#primaryimage\"},\"thumbnailUrl\":\"https:\/\/www.gourmetclassic.de\/newsletter\/weingut_herrenhof_250.jpg\",\"datePublished\":\"2021-06-04T12:48:54+00:00\",\"dateModified\":\"2024-08-30T11:12:29+00:00\",\"breadcrumb\":{\"@id\":\"https:\/\/www.gourmetclassic.de\/home\/winzer\/winzer-oesterreich\/weinanbaugebiet-suedsteiermark\/#breadcrumb\"},\"inLanguage\":\"de\",\"potentialAction\":[{\"@type\":\"ReadAction\",\"target\":[\"https:\/\/www.gourmetclassic.de\/home\/winzer\/winzer-oesterreich\/weinanbaugebiet-suedsteiermark\/\"]}]},{\"@type\":\"ImageObject\",\"inLanguage\":\"de\",\"@id\":\"https:\/\/www.gourmetclassic.de\/home\/winzer\/winzer-oesterreich\/weinanbaugebiet-suedsteiermark\/#primaryimage\",\"url\":\"https:\/\/www.gourmetclassic.de\/newsletter\/weingut_herrenhof_250.jpg\",\"contentUrl\":\"https:\/\/www.gourmetclassic.de\/newsletter\/weingut_herrenhof_250.jpg\"},{\"@type\":\"BreadcrumbList\",\"@id\":\"https:\/\/www.gourmetclassic.de\/home\/winzer\/winzer-oesterreich\/weinanbaugebiet-suedsteiermark\/#breadcrumb\",\"itemListElement\":[{\"@type\":\"ListItem\",\"position\":1,\"name\":\"Startseite\",\"item\":\"https:\/\/www.gourmetclassic.de\/home\/\"},{\"@type\":\"ListItem\",\"position\":2,\"name\":\"Winzer\",\"item\":\"https:\/\/www.gourmetclassic.de\/home\/winzer\/\"},{\"@type\":\"ListItem\",\"position\":3,\"name\":\"Wir stellen vor &#8211; Winzer aus \u00d6sterreich\",\"item\":\"https:\/\/www.gourmetclassic.de\/home\/winzer\/winzer-oesterreich\/\"},{\"@type\":\"ListItem\",\"position\":4,\"name\":\"Weinanbaugebiet S\u00fcdsteiermark\"}]},{\"@type\":\"WebSite\",\"@id\":\"https:\/\/www.gourmetclassic.de\/home\/#website\",\"url\":\"https:\/\/www.gourmetclassic.de\/home\/\",\"name\":\"Gourmet Classic\",\"description\":\"Portal der gehobenen Gastlichkeit\",\"publisher\":{\"@id\":\"https:\/\/www.gourmetclassic.de\/home\/#organization\"},\"potentialAction\":[{\"@type\":\"SearchAction\",\"target\":{\"@type\":\"EntryPoint\",\"urlTemplate\":\"https:\/\/www.gourmetclassic.de\/home\/?s={search_term_string}\"},\"query-input\":{\"@type\":\"PropertyValueSpecification\",\"valueRequired\":true,\"valueName\":\"search_term_string\"}}],\"inLanguage\":\"de\"},{\"@type\":\"Organization\",\"@id\":\"https:\/\/www.gourmetclassic.de\/home\/#organization\",\"name\":\"Gourmet Classic\",\"url\":\"https:\/\/www.gourmetclassic.de\/home\/\",\"logo\":{\"@type\":\"ImageObject\",\"inLanguage\":\"de\",\"@id\":\"https:\/\/www.gourmetclassic.de\/home\/#\/schema\/logo\/image\/\",\"url\":\"https:\/\/www.gourmetclassic.de\/wp-content\/uploads\/2019\/04\/gourmet-classic-logo.jpg\",\"contentUrl\":\"https:\/\/www.gourmetclassic.de\/wp-content\/uploads\/2019\/04\/gourmet-classic-logo.jpg\",\"width\":253,\"height\":123,\"caption\":\"Gourmet Classic\"},\"image\":{\"@id\":\"https:\/\/www.gourmetclassic.de\/home\/#\/schema\/logo\/image\/\"}}]}<\/script>\n<!-- \/ Yoast SEO plugin. -->","yoast_head_json":{"title":"Weinanbaugebiet S\u00fcdsteiermark - Gourmet Classic","robots":{"index":"index","follow":"follow","max-snippet":"max-snippet:-1","max-image-preview":"max-image-preview:large","max-video-preview":"max-video-preview:-1"},"canonical":"https:\/\/www.gourmetclassic.de\/home\/winzer\/winzer-oesterreich\/weinanbaugebiet-suedsteiermark\/","og_locale":"de_DE","og_type":"article","og_title":"Weinanbaugebiet S\u00fcdsteiermark - Gourmet Classic","og_description":"Unsere Winzerportr\u00e4ts aus dem Weinanbaugebiet S\u00fcdsteiermark In unserem Gourmet Classic Journal stellen wir in loser Folge Weing\u00fcter und Sektkellereien aus","og_url":"https:\/\/www.gourmetclassic.de\/home\/winzer\/winzer-oesterreich\/weinanbaugebiet-suedsteiermark\/","og_site_name":"Gourmet Classic","article_modified_time":"2024-08-30T11:12:29+00:00","og_image":[{"url":"https:\/\/www.gourmetclassic.de\/newsletter\/weingut_herrenhof_250.jpg","type":"","width":"","height":""}],"twitter_card":"summary_large_image","twitter_misc":{"Gesch\u00e4tzte Lesezeit":"4\u00a0Minuten"},"schema":{"@context":"https:\/\/schema.org","@graph":[{"@type":"WebPage","@id":"https:\/\/www.gourmetclassic.de\/home\/winzer\/winzer-oesterreich\/weinanbaugebiet-suedsteiermark\/","url":"https:\/\/www.gourmetclassic.de\/home\/winzer\/winzer-oesterreich\/weinanbaugebiet-suedsteiermark\/","name":"Weinanbaugebiet S\u00fcdsteiermark - Gourmet Classic","isPartOf":{"@id":"https:\/\/www.gourmetclassic.de\/home\/#website"},"primaryImageOfPage":{"@id":"https:\/\/www.gourmetclassic.de\/home\/winzer\/winzer-oesterreich\/weinanbaugebiet-suedsteiermark\/#primaryimage"},"image":{"@id":"https:\/\/www.gourmetclassic.de\/home\/winzer\/winzer-oesterreich\/weinanbaugebiet-suedsteiermark\/#primaryimage"},"thumbnailUrl":"https:\/\/www.gourmetclassic.de\/newsletter\/weingut_herrenhof_250.jpg","datePublished":"2021-06-04T12:48:54+00:00","dateModified":"2024-08-30T11:12:29+00:00","breadcrumb":{"@id":"https:\/\/www.gourmetclassic.de\/home\/winzer\/winzer-oesterreich\/weinanbaugebiet-suedsteiermark\/#breadcrumb"},"inLanguage":"de","potentialAction":[{"@type":"ReadAction","target":["https:\/\/www.gourmetclassic.de\/home\/winzer\/winzer-oesterreich\/weinanbaugebiet-suedsteiermark\/"]}]},{"@type":"ImageObject","inLanguage":"de","@id":"https:\/\/www.gourmetclassic.de\/home\/winzer\/winzer-oesterreich\/weinanbaugebiet-suedsteiermark\/#primaryimage","url":"https:\/\/www.gourmetclassic.de\/newsletter\/weingut_herrenhof_250.jpg","contentUrl":"https:\/\/www.gourmetclassic.de\/newsletter\/weingut_herrenhof_250.jpg"},{"@type":"BreadcrumbList","@id":"https:\/\/www.gourmetclassic.de\/home\/winzer\/winzer-oesterreich\/weinanbaugebiet-suedsteiermark\/#breadcrumb","itemListElement":[{"@type":"ListItem","position":1,"name":"Startseite","item":"https:\/\/www.gourmetclassic.de\/home\/"},{"@type":"ListItem","position":2,"name":"Winzer","item":"https:\/\/www.gourmetclassic.de\/home\/winzer\/"},{"@type":"ListItem","position":3,"name":"Wir stellen vor &#8211; Winzer aus \u00d6sterreich","item":"https:\/\/www.gourmetclassic.de\/home\/winzer\/winzer-oesterreich\/"},{"@type":"ListItem","position":4,"name":"Weinanbaugebiet S\u00fcdsteiermark"}]},{"@type":"WebSite","@id":"https:\/\/www.gourmetclassic.de\/home\/#website","url":"https:\/\/www.gourmetclassic.de\/home\/","name":"Gourmet Classic","description":"Portal der gehobenen Gastlichkeit","publisher":{"@id":"https:\/\/www.gourmetclassic.de\/home\/#organization"},"potentialAction":[{"@type":"SearchAction","target":{"@type":"EntryPoint","urlTemplate":"https:\/\/www.gourmetclassic.de\/home\/?s={search_term_string}"},"query-input":{"@type":"PropertyValueSpecification","valueRequired":true,"valueName":"search_term_string"}}],"inLanguage":"de"},{"@type":"Organization","@id":"https:\/\/www.gourmetclassic.de\/home\/#organization","name":"Gourmet Classic","url":"https:\/\/www.gourmetclassic.de\/home\/","logo":{"@type":"ImageObject","inLanguage":"de","@id":"https:\/\/www.gourmetclassic.de\/home\/#\/schema\/logo\/image\/","url":"https:\/\/www.gourmetclassic.de\/wp-content\/uploads\/2019\/04\/gourmet-classic-logo.jpg","contentUrl":"https:\/\/www.gourmetclassic.de\/wp-content\/uploads\/2019\/04\/gourmet-classic-logo.jpg","width":253,"height":123,"caption":"Gourmet Classic"},"image":{"@id":"https:\/\/www.gourmetclassic.de\/home\/#\/schema\/logo\/image\/"}}]}},"_links":{"self":[{"href":"https:\/\/www.gourmetclassic.de\/home\/wp-json\/wp\/v2\/pages\/3495"}],"collection":[{"href":"https:\/\/www.gourmetclassic.de\/home\/wp-json\/wp\/v2\/pages"}],"about":[{"href":"https:\/\/www.gourmetclassic.de\/home\/wp-json\/wp\/v2\/types\/page"}],"author":[{"embeddable":true,"href":"https:\/\/www.gourmetclassic.de\/home\/wp-json\/wp\/v2\/users\/1"}],"replies":[{"embeddable":true,"href":"https:\/\/www.gourmetclassic.de\/home\/wp-json\/wp\/v2\/comments?post=3495"}],"version-history":[{"count":6,"href":"https:\/\/www.gourmetclassic.de\/home\/wp-json\/wp\/v2\/pages\/3495\/revisions"}],"predecessor-version":[{"id":3499,"href":"https:\/\/www.gourmetclassic.de\/home\/wp-json\/wp\/v2\/pages\/3495\/revisions\/3499"}],"up":[{"embeddable":true,"href":"https:\/\/www.gourmetclassic.de\/home\/wp-json\/wp\/v2\/pages\/3405"}],"wp:attachment":[{"href":"https:\/\/www.gourmetclassic.de\/home\/wp-json\/wp\/v2\/media?parent=3495"}],"curies":[{"name":"wp","href":"https:\/\/api.w.org\/{rel}","templated":true}]}}