{"id":3698,"date":"2021-10-07T12:10:53","date_gmt":"2021-10-07T10:10:53","guid":{"rendered":"https:\/\/www.gourmetclassic.de\/home\/?page_id=3698"},"modified":"2021-10-07T12:10:53","modified_gmt":"2021-10-07T10:10:53","slug":"weinanbaugebiet-sachsen","status":"publish","type":"page","link":"https:\/\/www.gourmetclassic.de\/home\/winzer\/winzer-deutschland\/weinanbaugebiet-sachsen\/","title":{"rendered":"Weinanbaugebiet Sachsen"},"content":{"rendered":"<h6>Unsere Winzerportr\u00e4ts aus dem Weinanbaugebiet Sachsen<\/h6>\n<p>In unserem Gourmet Classic Journal stellen wir in loser Folge Weing\u00fcter und Sektkellereien aus allen deutschen Anbaugebieten vor. Hier pr\u00e4sentieren wir die Portr\u00e4ts der letzten Jahre aus dem Weinanbaugebiet Sachsen<\/p>\n<ul>\n<li>Weinkellerei Tim Strasser &#8211; ROTHES GUT, Mei\u00dfen<\/li>\n<\/ul>\n<hr \/>\n<h5>Wein ist Leidenschaft &#8211; ROTHES GUT MEISSEN<\/h5>\n<p><a href=\"https:\/\/www.gourmetclassic.de\/newsletter\/rothes_gut_800.jpg\" rel=\"journal\"><img decoding=\"async\" class=\"alignleft\" style=\"margin-top: 8px; margin-bottom: 0px;\" title=\"Wein ist Leidenschaft - ROTHES GUT MEISSEN\" src=\"https:\/\/www.gourmetclassic.de\/newsletter\/rothes_gut_250.jpg\" alt=\"Wein ist Leidenschaft - ROTHES GUT MEISSEN\" width=\"250\" \/><\/a><strong>Tradition trifft Moderne: <\/strong>Die beeindruckend hohen Ziegelmauern sind das Wahrzeichen des &#8222;Rothen Gutes&#8220; in Mei\u00dfen. Historisches Mauerwerk verziert mit altehrw\u00fcrdigen Steinrosetten. Sie schm\u00fccken auch das Etikett der Weinflaschen. Gleich neben der alten Scheune des Hofes, der erstmals 1765 Erw\u00e4hnung fand, steht das Produktionsgeb\u00e4ude des &#8222;Rothen Gutes&#8220;. In hochmodernen Tankanlagen reifen hier unter den H\u00e4nden des Winzers Tim Strasser die fruchtig-frischen Qualit\u00e4tsweine: M\u00fcller-Thurgau, Grauburgunder, Traminer und Scheurebe, der nur in Sachsen angebaute Goldriesling und Helios, eine Besonderheit, die es als Mei\u00dfner Wein nur hier gibt &#8230;<\/p>\n<p><a href=\"https:\/\/www.gourmetclassic.de\/gourmet\/gourmet_post\/pdf\/GJ_2021_10_rothes_gut.pdf\" target=\"_blank\" rel=\"noopener noreferrer\">Mehr Infos im Artikel des Gourmet Classic Journal Ausgabe Oktober 2021 (pdf)<\/a><\/p>\n","protected":false},"excerpt":{"rendered":"<p>Unsere Winzerportr\u00e4ts aus dem Weinanbaugebiet Sachsen In unserem Gourmet Classic Journal stellen wir in loser Folge Weing\u00fcter und Sektkellereien aus<\/p>\n","protected":false},"author":1,"featured_media":0,"parent":3269,"menu_order":0,"comment_status":"closed","ping_status":"closed","template":"","meta":{"footnotes":""},"class_list":["post-3698","page","type-page","status-publish","hentry"],"yoast_head":"<!-- This site is optimized with the Yoast SEO plugin v25.6 - https:\/\/yoast.com\/wordpress\/plugins\/seo\/ -->\n<title>Weinanbaugebiet Sachsen - Gourmet Classic<\/title>\n<meta name=\"robots\" content=\"index, follow, max-snippet:-1, max-image-preview:large, max-video-preview:-1\" \/>\n<link rel=\"canonical\" href=\"https:\/\/www.gourmetclassic.de\/home\/winzer\/winzer-deutschland\/weinanbaugebiet-sachsen\/\" \/>\n<meta property=\"og:locale\" content=\"de_DE\" \/>\n<meta property=\"og:type\" content=\"article\" \/>\n<meta property=\"og:title\" content=\"Weinanbaugebiet Sachsen - Gourmet Classic\" \/>\n<meta property=\"og:description\" content=\"Unsere Winzerportr\u00e4ts aus dem Weinanbaugebiet Sachsen In unserem Gourmet Classic Journal stellen wir in loser Folge Weing\u00fcter und Sektkellereien aus\" \/>\n<meta property=\"og:url\" content=\"https:\/\/www.gourmetclassic.de\/home\/winzer\/winzer-deutschland\/weinanbaugebiet-sachsen\/\" \/>\n<meta property=\"og:site_name\" content=\"Gourmet Classic\" \/>\n<meta property=\"og:image\" content=\"https:\/\/www.gourmetclassic.de\/newsletter\/rothes_gut_250.jpg\" \/>\n<meta name=\"twitter:card\" content=\"summary_large_image\" \/>\n<meta name=\"twitter:label1\" content=\"Gesch\u00e4tzte Lesezeit\" \/>\n\t<meta name=\"twitter:data1\" content=\"1\u00a0Minute\" \/>\n<script type=\"application\/ld+json\" class=\"yoast-schema-graph\">{\"@context\":\"https:\/\/schema.org\",\"@graph\":[{\"@type\":\"WebPage\",\"@id\":\"https:\/\/www.gourmetclassic.de\/home\/winzer\/winzer-deutschland\/weinanbaugebiet-sachsen\/\",\"url\":\"https:\/\/www.gourmetclassic.de\/home\/winzer\/winzer-deutschland\/weinanbaugebiet-sachsen\/\",\"name\":\"Weinanbaugebiet Sachsen - Gourmet Classic\",\"isPartOf\":{\"@id\":\"https:\/\/www.gourmetclassic.de\/home\/#website\"},\"primaryImageOfPage\":{\"@id\":\"https:\/\/www.gourmetclassic.de\/home\/winzer\/winzer-deutschland\/weinanbaugebiet-sachsen\/#primaryimage\"},\"image\":{\"@id\":\"https:\/\/www.gourmetclassic.de\/home\/winzer\/winzer-deutschland\/weinanbaugebiet-sachsen\/#primaryimage\"},\"thumbnailUrl\":\"https:\/\/www.gourmetclassic.de\/newsletter\/rothes_gut_250.jpg\",\"datePublished\":\"2021-10-07T10:10:53+00:00\",\"breadcrumb\":{\"@id\":\"https:\/\/www.gourmetclassic.de\/home\/winzer\/winzer-deutschland\/weinanbaugebiet-sachsen\/#breadcrumb\"},\"inLanguage\":\"de\",\"potentialAction\":[{\"@type\":\"ReadAction\",\"target\":[\"https:\/\/www.gourmetclassic.de\/home\/winzer\/winzer-deutschland\/weinanbaugebiet-sachsen\/\"]}]},{\"@type\":\"ImageObject\",\"inLanguage\":\"de\",\"@id\":\"https:\/\/www.gourmetclassic.de\/home\/winzer\/winzer-deutschland\/weinanbaugebiet-sachsen\/#primaryimage\",\"url\":\"https:\/\/www.gourmetclassic.de\/newsletter\/rothes_gut_250.jpg\",\"contentUrl\":\"https:\/\/www.gourmetclassic.de\/newsletter\/rothes_gut_250.jpg\"},{\"@type\":\"BreadcrumbList\",\"@id\":\"https:\/\/www.gourmetclassic.de\/home\/winzer\/winzer-deutschland\/weinanbaugebiet-sachsen\/#breadcrumb\",\"itemListElement\":[{\"@type\":\"ListItem\",\"position\":1,\"name\":\"Startseite\",\"item\":\"https:\/\/www.gourmetclassic.de\/home\/\"},{\"@type\":\"ListItem\",\"position\":2,\"name\":\"Winzer\",\"item\":\"https:\/\/www.gourmetclassic.de\/home\/winzer\/\"},{\"@type\":\"ListItem\",\"position\":3,\"name\":\"Wir stellen vor &#8211; Winzer aus Deutschland\",\"item\":\"https:\/\/www.gourmetclassic.de\/home\/winzer\/winzer-deutschland\/\"},{\"@type\":\"ListItem\",\"position\":4,\"name\":\"Weinanbaugebiet Sachsen\"}]},{\"@type\":\"WebSite\",\"@id\":\"https:\/\/www.gourmetclassic.de\/home\/#website\",\"url\":\"https:\/\/www.gourmetclassic.de\/home\/\",\"name\":\"Gourmet Classic\",\"description\":\"Portal der gehobenen Gastlichkeit\",\"publisher\":{\"@id\":\"https:\/\/www.gourmetclassic.de\/home\/#organization\"},\"potentialAction\":[{\"@type\":\"SearchAction\",\"target\":{\"@type\":\"EntryPoint\",\"urlTemplate\":\"https:\/\/www.gourmetclassic.de\/home\/?s={search_term_string}\"},\"query-input\":{\"@type\":\"PropertyValueSpecification\",\"valueRequired\":true,\"valueName\":\"search_term_string\"}}],\"inLanguage\":\"de\"},{\"@type\":\"Organization\",\"@id\":\"https:\/\/www.gourmetclassic.de\/home\/#organization\",\"name\":\"Gourmet Classic\",\"url\":\"https:\/\/www.gourmetclassic.de\/home\/\",\"logo\":{\"@type\":\"ImageObject\",\"inLanguage\":\"de\",\"@id\":\"https:\/\/www.gourmetclassic.de\/home\/#\/schema\/logo\/image\/\",\"url\":\"https:\/\/www.gourmetclassic.de\/wp-content\/uploads\/2019\/04\/gourmet-classic-logo.jpg\",\"contentUrl\":\"https:\/\/www.gourmetclassic.de\/wp-content\/uploads\/2019\/04\/gourmet-classic-logo.jpg\",\"width\":253,\"height\":123,\"caption\":\"Gourmet Classic\"},\"image\":{\"@id\":\"https:\/\/www.gourmetclassic.de\/home\/#\/schema\/logo\/image\/\"}}]}<\/script>\n<!-- \/ Yoast SEO plugin. -->","yoast_head_json":{"title":"Weinanbaugebiet Sachsen - Gourmet Classic","robots":{"index":"index","follow":"follow","max-snippet":"max-snippet:-1","max-image-preview":"max-image-preview:large","max-video-preview":"max-video-preview:-1"},"canonical":"https:\/\/www.gourmetclassic.de\/home\/winzer\/winzer-deutschland\/weinanbaugebiet-sachsen\/","og_locale":"de_DE","og_type":"article","og_title":"Weinanbaugebiet Sachsen - Gourmet Classic","og_description":"Unsere Winzerportr\u00e4ts aus dem Weinanbaugebiet Sachsen In unserem Gourmet Classic Journal stellen wir in loser Folge Weing\u00fcter und Sektkellereien aus","og_url":"https:\/\/www.gourmetclassic.de\/home\/winzer\/winzer-deutschland\/weinanbaugebiet-sachsen\/","og_site_name":"Gourmet Classic","og_image":[{"url":"https:\/\/www.gourmetclassic.de\/newsletter\/rothes_gut_250.jpg","type":"","width":"","height":""}],"twitter_card":"summary_large_image","twitter_misc":{"Gesch\u00e4tzte Lesezeit":"1\u00a0Minute"},"schema":{"@context":"https:\/\/schema.org","@graph":[{"@type":"WebPage","@id":"https:\/\/www.gourmetclassic.de\/home\/winzer\/winzer-deutschland\/weinanbaugebiet-sachsen\/","url":"https:\/\/www.gourmetclassic.de\/home\/winzer\/winzer-deutschland\/weinanbaugebiet-sachsen\/","name":"Weinanbaugebiet Sachsen - Gourmet Classic","isPartOf":{"@id":"https:\/\/www.gourmetclassic.de\/home\/#website"},"primaryImageOfPage":{"@id":"https:\/\/www.gourmetclassic.de\/home\/winzer\/winzer-deutschland\/weinanbaugebiet-sachsen\/#primaryimage"},"image":{"@id":"https:\/\/www.gourmetclassic.de\/home\/winzer\/winzer-deutschland\/weinanbaugebiet-sachsen\/#primaryimage"},"thumbnailUrl":"https:\/\/www.gourmetclassic.de\/newsletter\/rothes_gut_250.jpg","datePublished":"2021-10-07T10:10:53+00:00","breadcrumb":{"@id":"https:\/\/www.gourmetclassic.de\/home\/winzer\/winzer-deutschland\/weinanbaugebiet-sachsen\/#breadcrumb"},"inLanguage":"de","potentialAction":[{"@type":"ReadAction","target":["https:\/\/www.gourmetclassic.de\/home\/winzer\/winzer-deutschland\/weinanbaugebiet-sachsen\/"]}]},{"@type":"ImageObject","inLanguage":"de","@id":"https:\/\/www.gourmetclassic.de\/home\/winzer\/winzer-deutschland\/weinanbaugebiet-sachsen\/#primaryimage","url":"https:\/\/www.gourmetclassic.de\/newsletter\/rothes_gut_250.jpg","contentUrl":"https:\/\/www.gourmetclassic.de\/newsletter\/rothes_gut_250.jpg"},{"@type":"BreadcrumbList","@id":"https:\/\/www.gourmetclassic.de\/home\/winzer\/winzer-deutschland\/weinanbaugebiet-sachsen\/#breadcrumb","itemListElement":[{"@type":"ListItem","position":1,"name":"Startseite","item":"https:\/\/www.gourmetclassic.de\/home\/"},{"@type":"ListItem","position":2,"name":"Winzer","item":"https:\/\/www.gourmetclassic.de\/home\/winzer\/"},{"@type":"ListItem","position":3,"name":"Wir stellen vor &#8211; Winzer aus Deutschland","item":"https:\/\/www.gourmetclassic.de\/home\/winzer\/winzer-deutschland\/"},{"@type":"ListItem","position":4,"name":"Weinanbaugebiet Sachsen"}]},{"@type":"WebSite","@id":"https:\/\/www.gourmetclassic.de\/home\/#website","url":"https:\/\/www.gourmetclassic.de\/home\/","name":"Gourmet Classic","description":"Portal der gehobenen Gastlichkeit","publisher":{"@id":"https:\/\/www.gourmetclassic.de\/home\/#organization"},"potentialAction":[{"@type":"SearchAction","target":{"@type":"EntryPoint","urlTemplate":"https:\/\/www.gourmetclassic.de\/home\/?s={search_term_string}"},"query-input":{"@type":"PropertyValueSpecification","valueRequired":true,"valueName":"search_term_string"}}],"inLanguage":"de"},{"@type":"Organization","@id":"https:\/\/www.gourmetclassic.de\/home\/#organization","name":"Gourmet Classic","url":"https:\/\/www.gourmetclassic.de\/home\/","logo":{"@type":"ImageObject","inLanguage":"de","@id":"https:\/\/www.gourmetclassic.de\/home\/#\/schema\/logo\/image\/","url":"https:\/\/www.gourmetclassic.de\/wp-content\/uploads\/2019\/04\/gourmet-classic-logo.jpg","contentUrl":"https:\/\/www.gourmetclassic.de\/wp-content\/uploads\/2019\/04\/gourmet-classic-logo.jpg","width":253,"height":123,"caption":"Gourmet Classic"},"image":{"@id":"https:\/\/www.gourmetclassic.de\/home\/#\/schema\/logo\/image\/"}}]}},"_links":{"self":[{"href":"https:\/\/www.gourmetclassic.de\/home\/wp-json\/wp\/v2\/pages\/3698"}],"collection":[{"href":"https:\/\/www.gourmetclassic.de\/home\/wp-json\/wp\/v2\/pages"}],"about":[{"href":"https:\/\/www.gourmetclassic.de\/home\/wp-json\/wp\/v2\/types\/page"}],"author":[{"embeddable":true,"href":"https:\/\/www.gourmetclassic.de\/home\/wp-json\/wp\/v2\/users\/1"}],"replies":[{"embeddable":true,"href":"https:\/\/www.gourmetclassic.de\/home\/wp-json\/wp\/v2\/comments?post=3698"}],"version-history":[{"count":1,"href":"https:\/\/www.gourmetclassic.de\/home\/wp-json\/wp\/v2\/pages\/3698\/revisions"}],"predecessor-version":[{"id":3700,"href":"https:\/\/www.gourmetclassic.de\/home\/wp-json\/wp\/v2\/pages\/3698\/revisions\/3700"}],"up":[{"embeddable":true,"href":"https:\/\/www.gourmetclassic.de\/home\/wp-json\/wp\/v2\/pages\/3269"}],"wp:attachment":[{"href":"https:\/\/www.gourmetclassic.de\/home\/wp-json\/wp\/v2\/media?parent=3698"}],"curies":[{"name":"wp","href":"https:\/\/api.w.org\/{rel}","templated":true}]}}