{"id":4799,"date":"2024-09-02T17:42:19","date_gmt":"2024-09-02T15:42:19","guid":{"rendered":"https:\/\/www.gourmetclassic.de\/home\/?page_id=4799"},"modified":"2024-09-02T17:42:19","modified_gmt":"2024-09-02T15:42:19","slug":"vulkanland-steiermark","status":"publish","type":"page","link":"https:\/\/www.gourmetclassic.de\/home\/winzer\/winzer-oesterreich\/vulkanland-steiermark\/","title":{"rendered":"Vulkanland Steiermark"},"content":{"rendered":"<h6>Unsere Winzerportr\u00e4ts aus dem Weinanbaugebiet Vulkanland Steiermark<\/h6>\n<p>In unserem Gourmet Classic Journal stellen wir in loser Folge Weing\u00fcter und Sektkellereien aus allen \u00f6sterreichischen Anbaugebieten vor. Hier pr\u00e4sentieren wir die Portr\u00e4ts der letzten Jahre aus dem Weinanbaugebiet Vulkanland Steiermark.<\/p>\n<ul>\n<li>Weingut HERRENHOF LAMPRECHT im steirischen Vulkanland<\/li>\n<\/ul>\n<hr \/>\n<h5>Weingut HERRENHOF LAMPRECHT im steirischen Vulkanland<\/h5>\n<p><a href=\"https:\/\/www.gourmetclassic.de\/newsletter\/weingut_herrenhof_800.jpg\" rel=\"journal\"><img decoding=\"async\" class=\"alignleft\" style=\"margin-top: 8px; margin-bottom: 0px;\" title=\"Weingut HERRENHOF LAMPRECHT im steirischen Vulkanland\" src=\"https:\/\/www.gourmetclassic.de\/newsletter\/weingut_herrenhof_250.jpg\" alt=\"Weingut HERRENHOF LAMPRECHT im steirischen Vulkanland\" width=\"250\" \/><\/a> <strong>Weinbau mit Blick auf die Alpen: <\/strong>Der Weinbau und die Weinbereitung wird heutzutage oft von Uniformit\u00e4t und Ausdruckslosigkeit gepr\u00e4gt, daher kam Gottfried Lamprecht vom HERRENHOF LAMPRECHT zum Entschluss, sich ein eigenes Qualit\u00e4tskonzept aufzuerlegen. Danach wird der Naturwein und die Herkunft in den Vordergrund gestellt. Er nennt es HERRENHOF Charta \u2013 das bedeutet im \u00fcbertragenen Sinne, eigens auferlegte Satzungen und Selbstverpflichtungen einzuhalten. Dieses Qualit\u00e4tskonzept dient dazu, mehr Transparenz in die Weingartenarbeit und Kelterung zu bringen \u2013 im Sinne der Qualit\u00e4t \u2013im Sinne der Vielschichtigkeit. Sie als Kunde sollen n\u00e4mlich wissen, wie und wo Wein vom HERRENHOF entsteht. Daf\u00fcr steht Gottfried Lamprecht mit seinem Namen &#8230;<\/p>\n<p><a href=\"https:\/\/www.gourmetclassic.de\/gourmet\/gourmet_post\/pdf\/GJ_2024_09_weingut_herrenhof.pdf\" target=\"_blank\" rel=\"noopener noreferrer\">Mehr Infos im Artikel des Gourmet Classic Journal Ausgabe September 2024 (pdf)<\/a><\/p>\n","protected":false},"excerpt":{"rendered":"<p>Unsere Winzerportr\u00e4ts aus dem Weinanbaugebiet Vulkanland Steiermark In unserem Gourmet Classic Journal stellen wir in loser Folge Weing\u00fcter und Sektkellereien<\/p>\n","protected":false},"author":1,"featured_media":0,"parent":3405,"menu_order":0,"comment_status":"closed","ping_status":"closed","template":"","meta":{"footnotes":""},"class_list":["post-4799","page","type-page","status-publish","hentry"],"yoast_head":"<!-- This site is optimized with the Yoast SEO plugin v25.6 - https:\/\/yoast.com\/wordpress\/plugins\/seo\/ -->\n<title>Vulkanland Steiermark - Gourmet Classic<\/title>\n<meta name=\"robots\" content=\"index, follow, max-snippet:-1, max-image-preview:large, max-video-preview:-1\" \/>\n<link rel=\"canonical\" href=\"https:\/\/www.gourmetclassic.de\/home\/winzer\/winzer-oesterreich\/vulkanland-steiermark\/\" \/>\n<meta property=\"og:locale\" content=\"de_DE\" \/>\n<meta property=\"og:type\" content=\"article\" \/>\n<meta property=\"og:title\" content=\"Vulkanland Steiermark - Gourmet Classic\" \/>\n<meta property=\"og:description\" content=\"Unsere Winzerportr\u00e4ts aus dem Weinanbaugebiet Vulkanland Steiermark In unserem Gourmet Classic Journal stellen wir in loser Folge Weing\u00fcter und Sektkellereien\" \/>\n<meta property=\"og:url\" content=\"https:\/\/www.gourmetclassic.de\/home\/winzer\/winzer-oesterreich\/vulkanland-steiermark\/\" \/>\n<meta property=\"og:site_name\" content=\"Gourmet Classic\" \/>\n<meta property=\"og:image\" content=\"https:\/\/www.gourmetclassic.de\/newsletter\/weingut_herrenhof_250.jpg\" \/>\n<meta name=\"twitter:card\" content=\"summary_large_image\" \/>\n<meta name=\"twitter:label1\" content=\"Gesch\u00e4tzte Lesezeit\" \/>\n\t<meta name=\"twitter:data1\" content=\"4\u00a0Minuten\" \/>\n<script type=\"application\/ld+json\" class=\"yoast-schema-graph\">{\"@context\":\"https:\/\/schema.org\",\"@graph\":[{\"@type\":\"WebPage\",\"@id\":\"https:\/\/www.gourmetclassic.de\/home\/winzer\/winzer-oesterreich\/vulkanland-steiermark\/\",\"url\":\"https:\/\/www.gourmetclassic.de\/home\/winzer\/winzer-oesterreich\/vulkanland-steiermark\/\",\"name\":\"Vulkanland Steiermark - Gourmet Classic\",\"isPartOf\":{\"@id\":\"https:\/\/www.gourmetclassic.de\/home\/#website\"},\"primaryImageOfPage\":{\"@id\":\"https:\/\/www.gourmetclassic.de\/home\/winzer\/winzer-oesterreich\/vulkanland-steiermark\/#primaryimage\"},\"image\":{\"@id\":\"https:\/\/www.gourmetclassic.de\/home\/winzer\/winzer-oesterreich\/vulkanland-steiermark\/#primaryimage\"},\"thumbnailUrl\":\"https:\/\/www.gourmetclassic.de\/newsletter\/weingut_herrenhof_250.jpg\",\"datePublished\":\"2024-09-02T15:42:19+00:00\",\"breadcrumb\":{\"@id\":\"https:\/\/www.gourmetclassic.de\/home\/winzer\/winzer-oesterreich\/vulkanland-steiermark\/#breadcrumb\"},\"inLanguage\":\"de\",\"potentialAction\":[{\"@type\":\"ReadAction\",\"target\":[\"https:\/\/www.gourmetclassic.de\/home\/winzer\/winzer-oesterreich\/vulkanland-steiermark\/\"]}]},{\"@type\":\"ImageObject\",\"inLanguage\":\"de\",\"@id\":\"https:\/\/www.gourmetclassic.de\/home\/winzer\/winzer-oesterreich\/vulkanland-steiermark\/#primaryimage\",\"url\":\"https:\/\/www.gourmetclassic.de\/newsletter\/weingut_herrenhof_250.jpg\",\"contentUrl\":\"https:\/\/www.gourmetclassic.de\/newsletter\/weingut_herrenhof_250.jpg\"},{\"@type\":\"BreadcrumbList\",\"@id\":\"https:\/\/www.gourmetclassic.de\/home\/winzer\/winzer-oesterreich\/vulkanland-steiermark\/#breadcrumb\",\"itemListElement\":[{\"@type\":\"ListItem\",\"position\":1,\"name\":\"Startseite\",\"item\":\"https:\/\/www.gourmetclassic.de\/home\/\"},{\"@type\":\"ListItem\",\"position\":2,\"name\":\"Winzer\",\"item\":\"https:\/\/www.gourmetclassic.de\/home\/winzer\/\"},{\"@type\":\"ListItem\",\"position\":3,\"name\":\"Wir stellen vor &#8211; Winzer aus \u00d6sterreich\",\"item\":\"https:\/\/www.gourmetclassic.de\/home\/winzer\/winzer-oesterreich\/\"},{\"@type\":\"ListItem\",\"position\":4,\"name\":\"Vulkanland Steiermark\"}]},{\"@type\":\"WebSite\",\"@id\":\"https:\/\/www.gourmetclassic.de\/home\/#website\",\"url\":\"https:\/\/www.gourmetclassic.de\/home\/\",\"name\":\"Gourmet Classic\",\"description\":\"Portal der gehobenen Gastlichkeit\",\"publisher\":{\"@id\":\"https:\/\/www.gourmetclassic.de\/home\/#organization\"},\"potentialAction\":[{\"@type\":\"SearchAction\",\"target\":{\"@type\":\"EntryPoint\",\"urlTemplate\":\"https:\/\/www.gourmetclassic.de\/home\/?s={search_term_string}\"},\"query-input\":{\"@type\":\"PropertyValueSpecification\",\"valueRequired\":true,\"valueName\":\"search_term_string\"}}],\"inLanguage\":\"de\"},{\"@type\":\"Organization\",\"@id\":\"https:\/\/www.gourmetclassic.de\/home\/#organization\",\"name\":\"Gourmet Classic\",\"url\":\"https:\/\/www.gourmetclassic.de\/home\/\",\"logo\":{\"@type\":\"ImageObject\",\"inLanguage\":\"de\",\"@id\":\"https:\/\/www.gourmetclassic.de\/home\/#\/schema\/logo\/image\/\",\"url\":\"https:\/\/www.gourmetclassic.de\/wp-content\/uploads\/2019\/04\/gourmet-classic-logo.jpg\",\"contentUrl\":\"https:\/\/www.gourmetclassic.de\/wp-content\/uploads\/2019\/04\/gourmet-classic-logo.jpg\",\"width\":253,\"height\":123,\"caption\":\"Gourmet Classic\"},\"image\":{\"@id\":\"https:\/\/www.gourmetclassic.de\/home\/#\/schema\/logo\/image\/\"}}]}<\/script>\n<!-- \/ Yoast SEO plugin. -->","yoast_head_json":{"title":"Vulkanland Steiermark - Gourmet Classic","robots":{"index":"index","follow":"follow","max-snippet":"max-snippet:-1","max-image-preview":"max-image-preview:large","max-video-preview":"max-video-preview:-1"},"canonical":"https:\/\/www.gourmetclassic.de\/home\/winzer\/winzer-oesterreich\/vulkanland-steiermark\/","og_locale":"de_DE","og_type":"article","og_title":"Vulkanland Steiermark - Gourmet Classic","og_description":"Unsere Winzerportr\u00e4ts aus dem Weinanbaugebiet Vulkanland Steiermark In unserem Gourmet Classic Journal stellen wir in loser Folge Weing\u00fcter und Sektkellereien","og_url":"https:\/\/www.gourmetclassic.de\/home\/winzer\/winzer-oesterreich\/vulkanland-steiermark\/","og_site_name":"Gourmet Classic","og_image":[{"url":"https:\/\/www.gourmetclassic.de\/newsletter\/weingut_herrenhof_250.jpg","type":"","width":"","height":""}],"twitter_card":"summary_large_image","twitter_misc":{"Gesch\u00e4tzte Lesezeit":"4\u00a0Minuten"},"schema":{"@context":"https:\/\/schema.org","@graph":[{"@type":"WebPage","@id":"https:\/\/www.gourmetclassic.de\/home\/winzer\/winzer-oesterreich\/vulkanland-steiermark\/","url":"https:\/\/www.gourmetclassic.de\/home\/winzer\/winzer-oesterreich\/vulkanland-steiermark\/","name":"Vulkanland Steiermark - Gourmet Classic","isPartOf":{"@id":"https:\/\/www.gourmetclassic.de\/home\/#website"},"primaryImageOfPage":{"@id":"https:\/\/www.gourmetclassic.de\/home\/winzer\/winzer-oesterreich\/vulkanland-steiermark\/#primaryimage"},"image":{"@id":"https:\/\/www.gourmetclassic.de\/home\/winzer\/winzer-oesterreich\/vulkanland-steiermark\/#primaryimage"},"thumbnailUrl":"https:\/\/www.gourmetclassic.de\/newsletter\/weingut_herrenhof_250.jpg","datePublished":"2024-09-02T15:42:19+00:00","breadcrumb":{"@id":"https:\/\/www.gourmetclassic.de\/home\/winzer\/winzer-oesterreich\/vulkanland-steiermark\/#breadcrumb"},"inLanguage":"de","potentialAction":[{"@type":"ReadAction","target":["https:\/\/www.gourmetclassic.de\/home\/winzer\/winzer-oesterreich\/vulkanland-steiermark\/"]}]},{"@type":"ImageObject","inLanguage":"de","@id":"https:\/\/www.gourmetclassic.de\/home\/winzer\/winzer-oesterreich\/vulkanland-steiermark\/#primaryimage","url":"https:\/\/www.gourmetclassic.de\/newsletter\/weingut_herrenhof_250.jpg","contentUrl":"https:\/\/www.gourmetclassic.de\/newsletter\/weingut_herrenhof_250.jpg"},{"@type":"BreadcrumbList","@id":"https:\/\/www.gourmetclassic.de\/home\/winzer\/winzer-oesterreich\/vulkanland-steiermark\/#breadcrumb","itemListElement":[{"@type":"ListItem","position":1,"name":"Startseite","item":"https:\/\/www.gourmetclassic.de\/home\/"},{"@type":"ListItem","position":2,"name":"Winzer","item":"https:\/\/www.gourmetclassic.de\/home\/winzer\/"},{"@type":"ListItem","position":3,"name":"Wir stellen vor &#8211; Winzer aus \u00d6sterreich","item":"https:\/\/www.gourmetclassic.de\/home\/winzer\/winzer-oesterreich\/"},{"@type":"ListItem","position":4,"name":"Vulkanland Steiermark"}]},{"@type":"WebSite","@id":"https:\/\/www.gourmetclassic.de\/home\/#website","url":"https:\/\/www.gourmetclassic.de\/home\/","name":"Gourmet Classic","description":"Portal der gehobenen Gastlichkeit","publisher":{"@id":"https:\/\/www.gourmetclassic.de\/home\/#organization"},"potentialAction":[{"@type":"SearchAction","target":{"@type":"EntryPoint","urlTemplate":"https:\/\/www.gourmetclassic.de\/home\/?s={search_term_string}"},"query-input":{"@type":"PropertyValueSpecification","valueRequired":true,"valueName":"search_term_string"}}],"inLanguage":"de"},{"@type":"Organization","@id":"https:\/\/www.gourmetclassic.de\/home\/#organization","name":"Gourmet Classic","url":"https:\/\/www.gourmetclassic.de\/home\/","logo":{"@type":"ImageObject","inLanguage":"de","@id":"https:\/\/www.gourmetclassic.de\/home\/#\/schema\/logo\/image\/","url":"https:\/\/www.gourmetclassic.de\/wp-content\/uploads\/2019\/04\/gourmet-classic-logo.jpg","contentUrl":"https:\/\/www.gourmetclassic.de\/wp-content\/uploads\/2019\/04\/gourmet-classic-logo.jpg","width":253,"height":123,"caption":"Gourmet Classic"},"image":{"@id":"https:\/\/www.gourmetclassic.de\/home\/#\/schema\/logo\/image\/"}}]}},"_links":{"self":[{"href":"https:\/\/www.gourmetclassic.de\/home\/wp-json\/wp\/v2\/pages\/4799"}],"collection":[{"href":"https:\/\/www.gourmetclassic.de\/home\/wp-json\/wp\/v2\/pages"}],"about":[{"href":"https:\/\/www.gourmetclassic.de\/home\/wp-json\/wp\/v2\/types\/page"}],"author":[{"embeddable":true,"href":"https:\/\/www.gourmetclassic.de\/home\/wp-json\/wp\/v2\/users\/1"}],"replies":[{"embeddable":true,"href":"https:\/\/www.gourmetclassic.de\/home\/wp-json\/wp\/v2\/comments?post=4799"}],"version-history":[{"count":1,"href":"https:\/\/www.gourmetclassic.de\/home\/wp-json\/wp\/v2\/pages\/4799\/revisions"}],"predecessor-version":[{"id":4800,"href":"https:\/\/www.gourmetclassic.de\/home\/wp-json\/wp\/v2\/pages\/4799\/revisions\/4800"}],"up":[{"embeddable":true,"href":"https:\/\/www.gourmetclassic.de\/home\/wp-json\/wp\/v2\/pages\/3405"}],"wp:attachment":[{"href":"https:\/\/www.gourmetclassic.de\/home\/wp-json\/wp\/v2\/media?parent=4799"}],"curies":[{"name":"wp","href":"https:\/\/api.w.org\/{rel}","templated":true}]}}