{"id":519,"date":"2019-04-23T09:43:46","date_gmt":"2019-04-23T07:43:46","guid":{"rendered":"https:\/\/www.gourmetclassic.de\/home\/?page_id=519"},"modified":"2024-01-30T14:54:27","modified_gmt":"2024-01-30T13:54:27","slug":"suedschwarzwald","status":"publish","type":"page","link":"https:\/\/www.gourmetclassic.de\/home\/regionen\/regionen-in-deutschland\/suedschwarzwald\/","title":{"rendered":"S\u00fcdschwarzwald"},"content":{"rendered":"<p><img loading=\"lazy\" decoding=\"async\" class=\"alignnone size-full wp-image-1830\" title=\"S\u00fcdschwarzwald - Feldberg\" src=\"https:\/\/www.gourmetclassic.de\/wp-content\/uploads\/2020\/06\/schwarzwald-feldberg.jpg\" alt=\"S\u00fcdschwarzwald - Feldberg\" width=\"1920\" height=\"800\" srcset=\"https:\/\/www.gourmetclassic.de\/wp-content\/uploads\/2020\/06\/schwarzwald-feldberg.jpg 1920w, https:\/\/www.gourmetclassic.de\/wp-content\/uploads\/2020\/06\/schwarzwald-feldberg-768x320.jpg 768w, https:\/\/www.gourmetclassic.de\/wp-content\/uploads\/2020\/06\/schwarzwald-feldberg-1536x640.jpg 1536w\" sizes=\"(max-width: 1920px) 100vw, 1920px\" \/><\/p>\n<p><img loading=\"lazy\" decoding=\"async\" class=\"size-full wp-image-1480 alignleft\" title=\"S\u00fcdschwarzwald\" src=\"https:\/\/www.gourmetclassic.de\/wp-content\/uploads\/2020\/05\/schwarzwald-sued_400.png\" alt=\"S\u00fcdschwarzwald\" width=\"400\" height=\"400\" \/>Als S\u00fcdschwarzwald bezeichnet man den h\u00f6chsten Teil des Schwarzwaldes mit starker \u00dcberformung durch eiszeitliche Gletscher s\u00fcdlich einer ungef\u00e4hren Linie Freiburg im Breisgau\u2013Donaueschingen. Der Begriff Hochschwarzwald ist hiermit nicht ganz deckungsgleich; er umfasst \u00fcblicherweise zus\u00e4tzlich den h\u00f6chsten Teil des Mittleren Schwarzwaldes s\u00fcd\u00f6stlich des Elztales.<\/p>\n<p>Anders als der von fast parallelen Bergk\u00e4mmen und von Plateaus gepr\u00e4gte Nordschwarzwald und als der intensiv zertalte Mittlere Schwarzwald ist der S\u00fcdschwarzwald von einem zentralen Hochgebiet beherrscht, von dem aus die meisten gro\u00dfen T\u00e4ler ausgehen. Die beherrschenden Gipfel des zentralen Hochgebietes sind der Feldberg (1493 m) und das Herzogenhorn (1415 m). Die Rheinebene \u00fcberragen markant der Belchen (1414 m), der Schauinsland (1284 m) und der Blauen (1165 m). Weitere auffallende Gipfel sind im S\u00fcden der Bl\u00f6\u00dfling (1309 m) und der Hochkopf (1263 m), sowie im Osten der Hochfirst (1190 m). Ausgehend vom Feldberggebiet flie\u00dfen die Wiese Richtung S\u00fcdwesten, die Alb s\u00fcdw\u00e4rts, Schwarza\/Schl\u00fccht der S\u00fcdostabdachung folgend, die Wutach, noch als Seebach und Gutach, zun\u00e4chst nach Osten und die Quellfl\u00fcsse der Dreisam steil hinunter zur nordwestlich gelegenen \u201eSchwarzwaldhauptstadt\u201c Freiburg im Breisgau.<\/p>\n<p>Westlich einer Linie H\u00f6llental\u2013Wehraschlucht herrscht bewegtes, steilh\u00e4ngiges Relief mit H\u00f6henunterschieden zwischen 400 und 1000 Metern, \u00f6stlich davon \u00fcberwiegen wellige Hochgebiete mit breiten T\u00e4lern und H\u00f6henunterschieden zwischen 150 und 400 Metern.<\/p>\n<p>Von Bonndorf im Schwarzwald aus bildet das Tal der Steina den \u00dcbergang zum Klettgau. Der Hotzenwald ist Teil des S\u00fcdschwarzwaldes zwischen den Orten Wehr, St. Blasien und Waldshut, Bad S\u00e4ckingen und Laufenburg. Bei L\u00f6rrach und Schopfheim schlie\u00dft der Dinkelberg an den S\u00fcdschwarzwald an. Bei St\u00fchlingen und Blumberg bildet das Wutachtal die nat\u00fcrliche Trennlinie zum Randen.<\/p>\n<p>An Gesteinen herrschen Gneise vor mit einigen Granit-Intrusionen. Porphyrische Ganggesteine treten gelegentlich durch Felsbildungen hervor. Anders als im Nordschwarzwald ist die Buntsandstein-Decke mit ihren plateauartigen Bergformen nur geringm\u00e4chtig und wenig reliefwirksam.<\/p>\n<p>Der Waldanteil an der Vegetation liegt im S\u00fcdschwarzwald niedriger im Vergleich zum Mittleren und besonders zum N\u00f6rdlichen Schwarzwald. (Quelle: <a href=\"https:\/\/de.wikipedia.org\/wiki\/S\u00fcdschwarzwald\" target=\"_blank\" rel=\"noopener noreferrer\">Wikipedia<\/a>)<\/p>\n<div id=\"footable_parent_3874\"\n         class=\" footable_parent ninja_table_wrapper loading_ninja_table wp_table_data_press_parent semantic_ui \">\n                <table data-ninja_table_instance=\"ninja_table_instance_0\" data-footable_id=\"3874\" data-filter-delay=\"1000\" aria-label=\"Rest-DE-kopie\"            id=\"footable_3874\"\n           data-unique_identifier=\"ninja_table_unique_id_967963015_3874\"\n           class=\" foo-table ninja_footable foo_table_3874 ninja_table_unique_id_967963015_3874 ui table  ninja_has_count_format ninja_search_right nt_type_ajax_table selectable striped vertical_centered  footable-paging-right ninja_table_pro ninja_table_afd_columns ninja_table_afcs_columns_2 ninja_table_afcl_new_line ninja_table_has_custom_filter\">\n                <colgroup>\n                            <col class=\"ninja_column_0 \">\n                            <col class=\"ninja_column_1 \">\n                            <col class=\"ninja_column_2 \">\n                            <col class=\"ninja_column_3 \">\n                            <col class=\"ninja_column_4 \">\n                            <col class=\"ninja_column_5 \">\n                            <col class=\"ninja_column_6 \">\n                            <col class=\"ninja_column_7 xs sm md lg\">\n                            <col class=\"ninja_column_8 \">\n                            <col class=\"ninja_column_9 xs sm md lg\">\n                            <col class=\"ninja_column_10 \">\n                            <col class=\"ninja_column_11 \">\n                            <col class=\"ninja_column_12 xs sm md lg\">\n                            <col class=\"ninja_column_13 xs sm md lg\">\n                    <\/colgroup>\n            <\/table>\n    \n    \n    \n<\/div>\n\n","protected":false},"excerpt":{"rendered":"<p>Als S\u00fcdschwarzwald bezeichnet man den h\u00f6chsten Teil des Schwarzwaldes mit starker \u00dcberformung durch eiszeitliche Gletscher s\u00fcdlich einer ungef\u00e4hren Linie Freiburg<\/p>\n","protected":false},"author":1,"featured_media":0,"parent":151,"menu_order":0,"comment_status":"closed","ping_status":"closed","template":"","meta":{"footnotes":""},"class_list":["post-519","page","type-page","status-publish","hentry"],"yoast_head":"<!-- This site is optimized with the Yoast SEO plugin v25.6 - https:\/\/yoast.com\/wordpress\/plugins\/seo\/ -->\n<title>S\u00fcdschwarzwald - Gourmet Classic<\/title>\n<meta name=\"robots\" content=\"index, follow, max-snippet:-1, max-image-preview:large, max-video-preview:-1\" \/>\n<link rel=\"canonical\" href=\"https:\/\/www.gourmetclassic.de\/home\/regionen\/regionen-in-deutschland\/suedschwarzwald\/\" \/>\n<meta property=\"og:locale\" content=\"de_DE\" \/>\n<meta property=\"og:type\" content=\"article\" \/>\n<meta property=\"og:title\" content=\"S\u00fcdschwarzwald - Gourmet Classic\" \/>\n<meta property=\"og:description\" content=\"Als S\u00fcdschwarzwald bezeichnet man den h\u00f6chsten Teil des Schwarzwaldes mit starker \u00dcberformung durch eiszeitliche Gletscher s\u00fcdlich einer ungef\u00e4hren Linie Freiburg\" \/>\n<meta property=\"og:url\" content=\"https:\/\/www.gourmetclassic.de\/home\/regionen\/regionen-in-deutschland\/suedschwarzwald\/\" \/>\n<meta property=\"og:site_name\" content=\"Gourmet Classic\" \/>\n<meta property=\"article:modified_time\" content=\"2024-01-30T13:54:27+00:00\" \/>\n<meta property=\"og:image\" content=\"https:\/\/www.gourmetclassic.de\/wp-content\/uploads\/2020\/06\/schwarzwald-feldberg.jpg\" \/>\n<meta name=\"twitter:card\" content=\"summary_large_image\" \/>\n<meta name=\"twitter:label1\" content=\"Gesch\u00e4tzte Lesezeit\" \/>\n\t<meta name=\"twitter:data1\" content=\"3\u00a0Minuten\" \/>\n<script type=\"application\/ld+json\" class=\"yoast-schema-graph\">{\"@context\":\"https:\/\/schema.org\",\"@graph\":[{\"@type\":\"WebPage\",\"@id\":\"https:\/\/www.gourmetclassic.de\/home\/regionen\/regionen-in-deutschland\/suedschwarzwald\/\",\"url\":\"https:\/\/www.gourmetclassic.de\/home\/regionen\/regionen-in-deutschland\/suedschwarzwald\/\",\"name\":\"S\u00fcdschwarzwald - Gourmet Classic\",\"isPartOf\":{\"@id\":\"https:\/\/www.gourmetclassic.de\/home\/#website\"},\"primaryImageOfPage\":{\"@id\":\"https:\/\/www.gourmetclassic.de\/home\/regionen\/regionen-in-deutschland\/suedschwarzwald\/#primaryimage\"},\"image\":{\"@id\":\"https:\/\/www.gourmetclassic.de\/home\/regionen\/regionen-in-deutschland\/suedschwarzwald\/#primaryimage\"},\"thumbnailUrl\":\"https:\/\/www.gourmetclassic.de\/wp-content\/uploads\/2020\/06\/schwarzwald-feldberg.jpg\",\"datePublished\":\"2019-04-23T07:43:46+00:00\",\"dateModified\":\"2024-01-30T13:54:27+00:00\",\"breadcrumb\":{\"@id\":\"https:\/\/www.gourmetclassic.de\/home\/regionen\/regionen-in-deutschland\/suedschwarzwald\/#breadcrumb\"},\"inLanguage\":\"de\",\"potentialAction\":[{\"@type\":\"ReadAction\",\"target\":[\"https:\/\/www.gourmetclassic.de\/home\/regionen\/regionen-in-deutschland\/suedschwarzwald\/\"]}]},{\"@type\":\"ImageObject\",\"inLanguage\":\"de\",\"@id\":\"https:\/\/www.gourmetclassic.de\/home\/regionen\/regionen-in-deutschland\/suedschwarzwald\/#primaryimage\",\"url\":\"https:\/\/www.gourmetclassic.de\/wp-content\/uploads\/2020\/06\/schwarzwald-feldberg.jpg\",\"contentUrl\":\"https:\/\/www.gourmetclassic.de\/wp-content\/uploads\/2020\/06\/schwarzwald-feldberg.jpg\"},{\"@type\":\"BreadcrumbList\",\"@id\":\"https:\/\/www.gourmetclassic.de\/home\/regionen\/regionen-in-deutschland\/suedschwarzwald\/#breadcrumb\",\"itemListElement\":[{\"@type\":\"ListItem\",\"position\":1,\"name\":\"Startseite\",\"item\":\"https:\/\/www.gourmetclassic.de\/home\/\"},{\"@type\":\"ListItem\",\"position\":2,\"name\":\"Suche nach Restaurants\/Hotels in Regionen\",\"item\":\"https:\/\/www.gourmetclassic.de\/home\/regionen\/\"},{\"@type\":\"ListItem\",\"position\":3,\"name\":\"Regionen in Deutschland\",\"item\":\"https:\/\/www.gourmetclassic.de\/home\/regionen\/regionen-in-deutschland\/\"},{\"@type\":\"ListItem\",\"position\":4,\"name\":\"S\u00fcdschwarzwald\"}]},{\"@type\":\"WebSite\",\"@id\":\"https:\/\/www.gourmetclassic.de\/home\/#website\",\"url\":\"https:\/\/www.gourmetclassic.de\/home\/\",\"name\":\"Gourmet Classic\",\"description\":\"Portal der gehobenen Gastlichkeit\",\"publisher\":{\"@id\":\"https:\/\/www.gourmetclassic.de\/home\/#organization\"},\"potentialAction\":[{\"@type\":\"SearchAction\",\"target\":{\"@type\":\"EntryPoint\",\"urlTemplate\":\"https:\/\/www.gourmetclassic.de\/home\/?s={search_term_string}\"},\"query-input\":{\"@type\":\"PropertyValueSpecification\",\"valueRequired\":true,\"valueName\":\"search_term_string\"}}],\"inLanguage\":\"de\"},{\"@type\":\"Organization\",\"@id\":\"https:\/\/www.gourmetclassic.de\/home\/#organization\",\"name\":\"Gourmet Classic\",\"url\":\"https:\/\/www.gourmetclassic.de\/home\/\",\"logo\":{\"@type\":\"ImageObject\",\"inLanguage\":\"de\",\"@id\":\"https:\/\/www.gourmetclassic.de\/home\/#\/schema\/logo\/image\/\",\"url\":\"https:\/\/www.gourmetclassic.de\/wp-content\/uploads\/2019\/04\/gourmet-classic-logo.jpg\",\"contentUrl\":\"https:\/\/www.gourmetclassic.de\/wp-content\/uploads\/2019\/04\/gourmet-classic-logo.jpg\",\"width\":253,\"height\":123,\"caption\":\"Gourmet Classic\"},\"image\":{\"@id\":\"https:\/\/www.gourmetclassic.de\/home\/#\/schema\/logo\/image\/\"}}]}<\/script>\n<!-- \/ Yoast SEO plugin. -->","yoast_head_json":{"title":"S\u00fcdschwarzwald - Gourmet Classic","robots":{"index":"index","follow":"follow","max-snippet":"max-snippet:-1","max-image-preview":"max-image-preview:large","max-video-preview":"max-video-preview:-1"},"canonical":"https:\/\/www.gourmetclassic.de\/home\/regionen\/regionen-in-deutschland\/suedschwarzwald\/","og_locale":"de_DE","og_type":"article","og_title":"S\u00fcdschwarzwald - Gourmet Classic","og_description":"Als S\u00fcdschwarzwald bezeichnet man den h\u00f6chsten Teil des Schwarzwaldes mit starker \u00dcberformung durch eiszeitliche Gletscher s\u00fcdlich einer ungef\u00e4hren Linie Freiburg","og_url":"https:\/\/www.gourmetclassic.de\/home\/regionen\/regionen-in-deutschland\/suedschwarzwald\/","og_site_name":"Gourmet Classic","article_modified_time":"2024-01-30T13:54:27+00:00","og_image":[{"url":"https:\/\/www.gourmetclassic.de\/wp-content\/uploads\/2020\/06\/schwarzwald-feldberg.jpg","type":"","width":"","height":""}],"twitter_card":"summary_large_image","twitter_misc":{"Gesch\u00e4tzte Lesezeit":"3\u00a0Minuten"},"schema":{"@context":"https:\/\/schema.org","@graph":[{"@type":"WebPage","@id":"https:\/\/www.gourmetclassic.de\/home\/regionen\/regionen-in-deutschland\/suedschwarzwald\/","url":"https:\/\/www.gourmetclassic.de\/home\/regionen\/regionen-in-deutschland\/suedschwarzwald\/","name":"S\u00fcdschwarzwald - Gourmet Classic","isPartOf":{"@id":"https:\/\/www.gourmetclassic.de\/home\/#website"},"primaryImageOfPage":{"@id":"https:\/\/www.gourmetclassic.de\/home\/regionen\/regionen-in-deutschland\/suedschwarzwald\/#primaryimage"},"image":{"@id":"https:\/\/www.gourmetclassic.de\/home\/regionen\/regionen-in-deutschland\/suedschwarzwald\/#primaryimage"},"thumbnailUrl":"https:\/\/www.gourmetclassic.de\/wp-content\/uploads\/2020\/06\/schwarzwald-feldberg.jpg","datePublished":"2019-04-23T07:43:46+00:00","dateModified":"2024-01-30T13:54:27+00:00","breadcrumb":{"@id":"https:\/\/www.gourmetclassic.de\/home\/regionen\/regionen-in-deutschland\/suedschwarzwald\/#breadcrumb"},"inLanguage":"de","potentialAction":[{"@type":"ReadAction","target":["https:\/\/www.gourmetclassic.de\/home\/regionen\/regionen-in-deutschland\/suedschwarzwald\/"]}]},{"@type":"ImageObject","inLanguage":"de","@id":"https:\/\/www.gourmetclassic.de\/home\/regionen\/regionen-in-deutschland\/suedschwarzwald\/#primaryimage","url":"https:\/\/www.gourmetclassic.de\/wp-content\/uploads\/2020\/06\/schwarzwald-feldberg.jpg","contentUrl":"https:\/\/www.gourmetclassic.de\/wp-content\/uploads\/2020\/06\/schwarzwald-feldberg.jpg"},{"@type":"BreadcrumbList","@id":"https:\/\/www.gourmetclassic.de\/home\/regionen\/regionen-in-deutschland\/suedschwarzwald\/#breadcrumb","itemListElement":[{"@type":"ListItem","position":1,"name":"Startseite","item":"https:\/\/www.gourmetclassic.de\/home\/"},{"@type":"ListItem","position":2,"name":"Suche nach Restaurants\/Hotels in Regionen","item":"https:\/\/www.gourmetclassic.de\/home\/regionen\/"},{"@type":"ListItem","position":3,"name":"Regionen in Deutschland","item":"https:\/\/www.gourmetclassic.de\/home\/regionen\/regionen-in-deutschland\/"},{"@type":"ListItem","position":4,"name":"S\u00fcdschwarzwald"}]},{"@type":"WebSite","@id":"https:\/\/www.gourmetclassic.de\/home\/#website","url":"https:\/\/www.gourmetclassic.de\/home\/","name":"Gourmet Classic","description":"Portal der gehobenen Gastlichkeit","publisher":{"@id":"https:\/\/www.gourmetclassic.de\/home\/#organization"},"potentialAction":[{"@type":"SearchAction","target":{"@type":"EntryPoint","urlTemplate":"https:\/\/www.gourmetclassic.de\/home\/?s={search_term_string}"},"query-input":{"@type":"PropertyValueSpecification","valueRequired":true,"valueName":"search_term_string"}}],"inLanguage":"de"},{"@type":"Organization","@id":"https:\/\/www.gourmetclassic.de\/home\/#organization","name":"Gourmet Classic","url":"https:\/\/www.gourmetclassic.de\/home\/","logo":{"@type":"ImageObject","inLanguage":"de","@id":"https:\/\/www.gourmetclassic.de\/home\/#\/schema\/logo\/image\/","url":"https:\/\/www.gourmetclassic.de\/wp-content\/uploads\/2019\/04\/gourmet-classic-logo.jpg","contentUrl":"https:\/\/www.gourmetclassic.de\/wp-content\/uploads\/2019\/04\/gourmet-classic-logo.jpg","width":253,"height":123,"caption":"Gourmet Classic"},"image":{"@id":"https:\/\/www.gourmetclassic.de\/home\/#\/schema\/logo\/image\/"}}]}},"_links":{"self":[{"href":"https:\/\/www.gourmetclassic.de\/home\/wp-json\/wp\/v2\/pages\/519"}],"collection":[{"href":"https:\/\/www.gourmetclassic.de\/home\/wp-json\/wp\/v2\/pages"}],"about":[{"href":"https:\/\/www.gourmetclassic.de\/home\/wp-json\/wp\/v2\/types\/page"}],"author":[{"embeddable":true,"href":"https:\/\/www.gourmetclassic.de\/home\/wp-json\/wp\/v2\/users\/1"}],"replies":[{"embeddable":true,"href":"https:\/\/www.gourmetclassic.de\/home\/wp-json\/wp\/v2\/comments?post=519"}],"version-history":[{"count":5,"href":"https:\/\/www.gourmetclassic.de\/home\/wp-json\/wp\/v2\/pages\/519\/revisions"}],"predecessor-version":[{"id":4554,"href":"https:\/\/www.gourmetclassic.de\/home\/wp-json\/wp\/v2\/pages\/519\/revisions\/4554"}],"up":[{"embeddable":true,"href":"https:\/\/www.gourmetclassic.de\/home\/wp-json\/wp\/v2\/pages\/151"}],"wp:attachment":[{"href":"https:\/\/www.gourmetclassic.de\/home\/wp-json\/wp\/v2\/media?parent=519"}],"curies":[{"name":"wp","href":"https:\/\/api.w.org\/{rel}","templated":true}]}}