{"id":74,"date":"2019-04-10T11:01:11","date_gmt":"2019-04-10T09:01:11","guid":{"rendered":"https:\/\/www.gourmetclassic.de\/home\/?page_id=74"},"modified":"2020-06-25T15:11:52","modified_gmt":"2020-06-25T13:11:52","slug":"brunch","status":"publish","type":"page","link":"https:\/\/www.gourmetclassic.de\/home\/veranstaltungen\/brunch\/","title":{"rendered":"Brunch"},"content":{"rendered":"<p>Unter Brunch wird ein Mix aus Teilen des Fr\u00fchst\u00fccks und des Mittagessens verstanden. Das Wort Brunch stammt aus dem Englischen und setzt sich aus <strong>br<\/strong>eakfast (\u201eFr\u00fchst\u00fcck\u201c) und l<strong>unch<\/strong> (\u201eMittagessen\u201c) zusammen. Ein Brunch beginnt in der Regel am Vormittag und wird oft bis in den fr\u00fchen Nachmittag ausgedehnt. Restaurants und Hotels bieten den Bruch meist am Wochenende\u00a0 zu\u00a0 einem Pauschalpreis an.<\/p>\n<p>Die Buffetauswahl beim Brunch reicht beim Essen von Br\u00f6tchen, Brot, Croissants mit Marmeladen, Konfit\u00fcren, Honig, \u00fcber K\u00e4se und Wurst, Ei und Suppen bis hin zu Kuchen und Torten. In der Regel gibt es eine ausgewogene Mischung aus kalten und warmen Speisen. Als Getr\u00e4nke werden in der Regel Kaffee- und Tee, Milch, Mineralwasser sowie Fruchts\u00e4fte angeboten, in der gehobenen Gastronomie zumeist auch Sekt. Da der Brunch haupts\u00e4chlich am Sonntag stattfindet, hat sich in den letzten Jahren das Wort \u201eSonntagsbrunch\u201c verbreitet.\u00a0 Aber auch zu vielen Feiertagen wie Weihnachten, Ostern und Pfingsten werden Brunchveranstaltungen angeboten.<\/p>\n<h6>Brunchveranstaltungen in Deutschland:<\/h6>\n<div class=\"em em-view-container\" id=\"em-view-983470186\" data-view=\"list\">\r\n\t<div class=\"em pixelbones em-list em-events-list\" id=\"em-events-list-983470186\" data-view-id=\"983470186\">\r\n\t<table class=\"events-table\" >\r\n    <thead>\r\n        <tr>\r\n\t\t\t<th class=\"event-time\" scope=\"col\">Datum<\/th>\r\n\t\t\t<th class=\"event-description\" scope=\"col\">Veranstaltung<\/th>\r\n\t\t<\/tr>\r\n   \t<\/thead>\r\n    <tbody><tr>\r\n\t\t\t<td style=\"padding-left: 10px; padding-top: 5px; padding-bottom: 5px;\">\r\n                08.07.2025 - 08.07.2026<br\/>\r\n                <!-- 0:00-->\r\n            <\/td>\r\n            <td style=\"padding-left: 10px;  padding-top: 5px;  padding-bottom: 5px;\">\r\n                <strong><a href=\"https:\/\/www.gourmetclassic.de\/home\/events\/brunchbuffet-fuer-die-ganze-familie\/\">Brunchbuffet \u2013 f\u00fcr die ganze Familie<\/a><\/strong>\r\n                <br\/><i><a href=\"https:\/\/www.gourmetclassic.de\/home\/locations\/carolaschloesschen\/\">Carolaschl\u00f6sschen<\/a>, Dresden, Sachsen<\/i>\r\n            <\/td>\r\n        <\/tr><tr>\r\n\t\t\t<td style=\"padding-left: 10px; padding-top: 5px; padding-bottom: 5px;\">\r\n                13.04.2026 - 31.12.2026<br\/>\r\n                <!-- 0:00-->\r\n            <\/td>\r\n            <td style=\"padding-left: 10px;  padding-top: 5px;  padding-bottom: 5px;\">\r\n                <strong><a href=\"https:\/\/www.gourmetclassic.de\/home\/events\/angebote-im-meisenheimer-hof\/\">Angebote im Meisenheimer Hof<\/a><\/strong>\r\n                <br\/><i><a href=\"https:\/\/www.gourmetclassic.de\/home\/locations\/weinhotel-restaurant-meisenheimer-hof\/\">Weinhotel &amp; Restaurant Meisenheimer Hof<\/a>, Meisenheim, Rheinland-Pfalz<\/i>\r\n            <\/td>\r\n        <\/tr><tr>\r\n\t\t\t<td style=\"padding-left: 10px; padding-top: 5px; padding-bottom: 5px;\">\r\n                13.04.2026 - 31.12.2026<br\/>\r\n                <!-- 0:00-->\r\n            <\/td>\r\n            <td style=\"padding-left: 10px;  padding-top: 5px;  padding-bottom: 5px;\">\r\n                <strong><a href=\"https:\/\/www.gourmetclassic.de\/home\/events\/angebote-im-villino\/\">Angebote im VILLINO<\/a><\/strong>\r\n                <br\/><i><a href=\"https:\/\/www.gourmetclassic.de\/home\/locations\/hotel-restaurant-villino\/\">Hotel Restaurant VILLINO<\/a>, Lindau (Bodensee), Bayern<\/i>\r\n            <\/td>\r\n        <\/tr><tr>\r\n\t\t\t<td style=\"padding-left: 10px; padding-top: 5px; padding-bottom: 5px;\">\r\n                13.04.2026 - 15.11.2026<br\/>\r\n                <!-- 0:00-->\r\n            <\/td>\r\n            <td style=\"padding-left: 10px;  padding-top: 5px;  padding-bottom: 5px;\">\r\n                <strong><a href=\"https:\/\/www.gourmetclassic.de\/home\/events\/kochkurse-events-im-hinterding\/\">Kochkurse und Events im Hinterding<\/a><\/strong>\r\n                <br\/><i><a href=\"https:\/\/www.gourmetclassic.de\/home\/locations\/restaurant-hotel-hinterding\/\">Restaurant Hotel Hinterding<\/a>, Lengerich, Nordrhein-Westfalen<\/i>\r\n            <\/td>\r\n        <\/tr><tr>\r\n\t\t\t<td style=\"padding-left: 10px; padding-top: 5px; padding-bottom: 5px;\">\r\n                14.04.2026 - 31.12.2026<br\/>\r\n                <!-- 0:00-->\r\n            <\/td>\r\n            <td style=\"padding-left: 10px;  padding-top: 5px;  padding-bottom: 5px;\">\r\n                <strong><a href=\"https:\/\/www.gourmetclassic.de\/home\/events\/kulinarischer-kalender\/\">Kulinarischer Kalender<\/a><\/strong>\r\n                <br\/><i><a href=\"https:\/\/www.gourmetclassic.de\/home\/locations\/hotel-sackmann\/\">Hotel Sackmann<\/a>, Baiersbronn, Baden-W\u00fcrttemberg<\/i>\r\n            <\/td>\r\n        <\/tr><tr>\r\n\t\t\t<td style=\"padding-left: 10px; padding-top: 5px; padding-bottom: 5px;\">\r\n                16.04.2026 - 26.12.2026<br\/>\r\n                <!-- 0:00-->\r\n            <\/td>\r\n            <td style=\"padding-left: 10px;  padding-top: 5px;  padding-bottom: 5px;\">\r\n                <strong><a href=\"https:\/\/www.gourmetclassic.de\/home\/events\/brunch-sonderfahrt\/\">Brunch-Sonderfahrt<\/a><\/strong>\r\n                <br\/><i><a href=\"https:\/\/www.gourmetclassic.de\/home\/locations\/dresden-1900-museumsgastronomie\/\">DRESDEN 1900 Museumsgastronomie<\/a>, Dresden, Sachsen<\/i>\r\n            <\/td>\r\n        <\/tr><\/tbody><\/table>\t<\/div>\r\n<\/div>\n","protected":false},"excerpt":{"rendered":"<p>Unter Brunch wird ein Mix aus Teilen des Fr\u00fchst\u00fccks und des Mittagessens verstanden. Das Wort Brunch stammt aus dem Englischen<\/p>\n","protected":false},"author":1,"featured_media":0,"parent":47,"menu_order":0,"comment_status":"closed","ping_status":"closed","template":"","meta":{"footnotes":""},"class_list":["post-74","page","type-page","status-publish","hentry"],"yoast_head":"<!-- This site is optimized with the Yoast SEO plugin v25.6 - https:\/\/yoast.com\/wordpress\/plugins\/seo\/ -->\n<title>Brunch - Gourmet Classic<\/title>\n<meta name=\"robots\" content=\"index, follow, max-snippet:-1, max-image-preview:large, max-video-preview:-1\" \/>\n<link rel=\"canonical\" href=\"https:\/\/www.gourmetclassic.de\/home\/veranstaltungen\/brunch\/\" \/>\n<meta property=\"og:locale\" content=\"de_DE\" \/>\n<meta property=\"og:type\" content=\"article\" \/>\n<meta property=\"og:title\" content=\"Brunch - Gourmet Classic\" \/>\n<meta property=\"og:description\" content=\"Unter Brunch wird ein Mix aus Teilen des Fr\u00fchst\u00fccks und des Mittagessens verstanden. Das Wort Brunch stammt aus dem Englischen\" \/>\n<meta property=\"og:url\" content=\"https:\/\/www.gourmetclassic.de\/home\/veranstaltungen\/brunch\/\" \/>\n<meta property=\"og:site_name\" content=\"Gourmet Classic\" \/>\n<meta property=\"article:modified_time\" content=\"2020-06-25T13:11:52+00:00\" \/>\n<meta name=\"twitter:card\" content=\"summary_large_image\" \/>\n<meta name=\"twitter:label1\" content=\"Gesch\u00e4tzte Lesezeit\" \/>\n\t<meta name=\"twitter:data1\" content=\"1\u00a0Minute\" \/>\n<script type=\"application\/ld+json\" class=\"yoast-schema-graph\">{\"@context\":\"https:\/\/schema.org\",\"@graph\":[{\"@type\":\"WebPage\",\"@id\":\"https:\/\/www.gourmetclassic.de\/home\/veranstaltungen\/brunch\/\",\"url\":\"https:\/\/www.gourmetclassic.de\/home\/veranstaltungen\/brunch\/\",\"name\":\"Brunch - Gourmet Classic\",\"isPartOf\":{\"@id\":\"https:\/\/www.gourmetclassic.de\/home\/#website\"},\"datePublished\":\"2019-04-10T09:01:11+00:00\",\"dateModified\":\"2020-06-25T13:11:52+00:00\",\"breadcrumb\":{\"@id\":\"https:\/\/www.gourmetclassic.de\/home\/veranstaltungen\/brunch\/#breadcrumb\"},\"inLanguage\":\"de\",\"potentialAction\":[{\"@type\":\"ReadAction\",\"target\":[\"https:\/\/www.gourmetclassic.de\/home\/veranstaltungen\/brunch\/\"]}]},{\"@type\":\"BreadcrumbList\",\"@id\":\"https:\/\/www.gourmetclassic.de\/home\/veranstaltungen\/brunch\/#breadcrumb\",\"itemListElement\":[{\"@type\":\"ListItem\",\"position\":1,\"name\":\"Startseite\",\"item\":\"https:\/\/www.gourmetclassic.de\/home\/\"},{\"@type\":\"ListItem\",\"position\":2,\"name\":\"Events &#8211; Angebote &#8211; Veranstaltungen\",\"item\":\"https:\/\/www.gourmetclassic.de\/home\/veranstaltungen\/\"},{\"@type\":\"ListItem\",\"position\":3,\"name\":\"Brunch\"}]},{\"@type\":\"WebSite\",\"@id\":\"https:\/\/www.gourmetclassic.de\/home\/#website\",\"url\":\"https:\/\/www.gourmetclassic.de\/home\/\",\"name\":\"Gourmet Classic\",\"description\":\"Portal der gehobenen Gastlichkeit\",\"publisher\":{\"@id\":\"https:\/\/www.gourmetclassic.de\/home\/#organization\"},\"potentialAction\":[{\"@type\":\"SearchAction\",\"target\":{\"@type\":\"EntryPoint\",\"urlTemplate\":\"https:\/\/www.gourmetclassic.de\/home\/?s={search_term_string}\"},\"query-input\":{\"@type\":\"PropertyValueSpecification\",\"valueRequired\":true,\"valueName\":\"search_term_string\"}}],\"inLanguage\":\"de\"},{\"@type\":\"Organization\",\"@id\":\"https:\/\/www.gourmetclassic.de\/home\/#organization\",\"name\":\"Gourmet Classic\",\"url\":\"https:\/\/www.gourmetclassic.de\/home\/\",\"logo\":{\"@type\":\"ImageObject\",\"inLanguage\":\"de\",\"@id\":\"https:\/\/www.gourmetclassic.de\/home\/#\/schema\/logo\/image\/\",\"url\":\"https:\/\/www.gourmetclassic.de\/wp-content\/uploads\/2019\/04\/gourmet-classic-logo.jpg\",\"contentUrl\":\"https:\/\/www.gourmetclassic.de\/wp-content\/uploads\/2019\/04\/gourmet-classic-logo.jpg\",\"width\":253,\"height\":123,\"caption\":\"Gourmet Classic\"},\"image\":{\"@id\":\"https:\/\/www.gourmetclassic.de\/home\/#\/schema\/logo\/image\/\"}}]}<\/script>\n<!-- \/ Yoast SEO plugin. -->","yoast_head_json":{"title":"Brunch - Gourmet Classic","robots":{"index":"index","follow":"follow","max-snippet":"max-snippet:-1","max-image-preview":"max-image-preview:large","max-video-preview":"max-video-preview:-1"},"canonical":"https:\/\/www.gourmetclassic.de\/home\/veranstaltungen\/brunch\/","og_locale":"de_DE","og_type":"article","og_title":"Brunch - Gourmet Classic","og_description":"Unter Brunch wird ein Mix aus Teilen des Fr\u00fchst\u00fccks und des Mittagessens verstanden. Das Wort Brunch stammt aus dem Englischen","og_url":"https:\/\/www.gourmetclassic.de\/home\/veranstaltungen\/brunch\/","og_site_name":"Gourmet Classic","article_modified_time":"2020-06-25T13:11:52+00:00","twitter_card":"summary_large_image","twitter_misc":{"Gesch\u00e4tzte Lesezeit":"1\u00a0Minute"},"schema":{"@context":"https:\/\/schema.org","@graph":[{"@type":"WebPage","@id":"https:\/\/www.gourmetclassic.de\/home\/veranstaltungen\/brunch\/","url":"https:\/\/www.gourmetclassic.de\/home\/veranstaltungen\/brunch\/","name":"Brunch - Gourmet Classic","isPartOf":{"@id":"https:\/\/www.gourmetclassic.de\/home\/#website"},"datePublished":"2019-04-10T09:01:11+00:00","dateModified":"2020-06-25T13:11:52+00:00","breadcrumb":{"@id":"https:\/\/www.gourmetclassic.de\/home\/veranstaltungen\/brunch\/#breadcrumb"},"inLanguage":"de","potentialAction":[{"@type":"ReadAction","target":["https:\/\/www.gourmetclassic.de\/home\/veranstaltungen\/brunch\/"]}]},{"@type":"BreadcrumbList","@id":"https:\/\/www.gourmetclassic.de\/home\/veranstaltungen\/brunch\/#breadcrumb","itemListElement":[{"@type":"ListItem","position":1,"name":"Startseite","item":"https:\/\/www.gourmetclassic.de\/home\/"},{"@type":"ListItem","position":2,"name":"Events &#8211; Angebote &#8211; Veranstaltungen","item":"https:\/\/www.gourmetclassic.de\/home\/veranstaltungen\/"},{"@type":"ListItem","position":3,"name":"Brunch"}]},{"@type":"WebSite","@id":"https:\/\/www.gourmetclassic.de\/home\/#website","url":"https:\/\/www.gourmetclassic.de\/home\/","name":"Gourmet Classic","description":"Portal der gehobenen Gastlichkeit","publisher":{"@id":"https:\/\/www.gourmetclassic.de\/home\/#organization"},"potentialAction":[{"@type":"SearchAction","target":{"@type":"EntryPoint","urlTemplate":"https:\/\/www.gourmetclassic.de\/home\/?s={search_term_string}"},"query-input":{"@type":"PropertyValueSpecification","valueRequired":true,"valueName":"search_term_string"}}],"inLanguage":"de"},{"@type":"Organization","@id":"https:\/\/www.gourmetclassic.de\/home\/#organization","name":"Gourmet Classic","url":"https:\/\/www.gourmetclassic.de\/home\/","logo":{"@type":"ImageObject","inLanguage":"de","@id":"https:\/\/www.gourmetclassic.de\/home\/#\/schema\/logo\/image\/","url":"https:\/\/www.gourmetclassic.de\/wp-content\/uploads\/2019\/04\/gourmet-classic-logo.jpg","contentUrl":"https:\/\/www.gourmetclassic.de\/wp-content\/uploads\/2019\/04\/gourmet-classic-logo.jpg","width":253,"height":123,"caption":"Gourmet Classic"},"image":{"@id":"https:\/\/www.gourmetclassic.de\/home\/#\/schema\/logo\/image\/"}}]}},"_links":{"self":[{"href":"https:\/\/www.gourmetclassic.de\/home\/wp-json\/wp\/v2\/pages\/74"}],"collection":[{"href":"https:\/\/www.gourmetclassic.de\/home\/wp-json\/wp\/v2\/pages"}],"about":[{"href":"https:\/\/www.gourmetclassic.de\/home\/wp-json\/wp\/v2\/types\/page"}],"author":[{"embeddable":true,"href":"https:\/\/www.gourmetclassic.de\/home\/wp-json\/wp\/v2\/users\/1"}],"replies":[{"embeddable":true,"href":"https:\/\/www.gourmetclassic.de\/home\/wp-json\/wp\/v2\/comments?post=74"}],"version-history":[{"count":6,"href":"https:\/\/www.gourmetclassic.de\/home\/wp-json\/wp\/v2\/pages\/74\/revisions"}],"predecessor-version":[{"id":2798,"href":"https:\/\/www.gourmetclassic.de\/home\/wp-json\/wp\/v2\/pages\/74\/revisions\/2798"}],"up":[{"embeddable":true,"href":"https:\/\/www.gourmetclassic.de\/home\/wp-json\/wp\/v2\/pages\/47"}],"wp:attachment":[{"href":"https:\/\/www.gourmetclassic.de\/home\/wp-json\/wp\/v2\/media?parent=74"}],"curies":[{"name":"wp","href":"https:\/\/api.w.org\/{rel}","templated":true}]}}